{"id":11501,"date":"2020-08-06T14:34:38","date_gmt":"2020-08-06T12:34:38","guid":{"rendered":"https:\/\/agrement-qualite.fr\/boutique\/?page_id=11501"},"modified":"2022-02-07T03:25:09","modified_gmt":"2022-02-07T02:25:09","slug":"comment-installer-winrar-et-decompresser-une-archive-rar","status":"publish","type":"page","link":"https:\/\/agrement-qualite.fr\/boutique\/comment-installer-winrar-et-decompresser-une-archive-rar\/","title":{"rendered":"Comment installer WinRar et d\u00e9compresser une archive .Rar ?"},"content":{"rendered":"<div><strong>Vous avez t\u00e9l\u00e9charg\u00e9 un de nos <a href=\"http:\/\/agrement-qualite.fr\/boutique\/categorie-produit\/dossiers-complets\/\">dossiers complets<\/a>, mais vous ne savez pas comment l&rsquo;utiliser ? Pas de panique, nous allons vous expliquer les \u00e9tapes \u00e0 suivre.<\/strong><\/div>\n<hr>\n<h3>Qu&rsquo;est ce qu&rsquo;un dossier compress\u00e9 ? Une archive .rar ?<\/h3>\n<p>Pour simplifier et all\u00e9ger le t\u00e9l\u00e9chargement, nos <a href=\"http:\/\/agrement-qualite.fr\/boutique\/categorie-produit\/dossiers-complets\/\">dossiers complets<\/a> sont t\u00e9l\u00e9chargeables en format compress\u00e9, en .Rar.<\/p>\n<p>Pour afficher les fichiers qui le composent, il faudra utiliser un d\u00e9compresseur d&rsquo;archives .rar . Nous vous proposons d&rsquo;utiliser <a href=\"https:\/\/www.win-rar.com\/postdownload.html?&amp;L=10\">WinRar<\/a>, qui est gratuit.<\/p>\n<p>Vous pouvez en trouver d&rsquo;autres en effectuant une recherche sur internet.<\/p>\n<hr>\n<h2>Comment d\u00e9compresser un dossier d&rsquo;archive .rar ?<\/h2>\n<div>Apr\u00e8s avoir t\u00e9l\u00e9charg\u00e9 les diff\u00e9rents \u00ab\u00a0dossiers d&rsquo;archives .rar\u00a0\u00bb qui composent votre <a href=\"http:\/\/agrement-qualite.fr\/boutique\/categorie-produit\/dossiers-complets\/\">dossier complet<\/a>, vous allez devoir les d\u00e9compresser un a un pour afficher leur contenu. Cette \u00e9tape est indispensable pour pouvoir utiliser vos fichiers, les personnaliser et les enregistrer.<\/div>\n<div><\/div>\n<div>Nous allons vous expliquer pas \u00e0 pas a m\u00e9thode. Rassurez-vous, c&rsquo;est tr\u00e8s simple.<\/div>\n<div><\/div>\n<h3><b><u>Etape 1 : Installer le d\u00e9compresseur.<\/u><\/b><\/h3>\n<div><a href=\"https:\/\/www.win-rar.com\/postdownload.html?&amp;L=10\">T\u00e9l\u00e9chargez WinRar<\/a> et double-cliquez dessus. Suivez les instructions de l&rsquo;image ci-dessous.<\/div>\n<div><img fetchpriority=\"high\" decoding=\"async\" class=\"aligncenter size-large wp-image-11503\" src=\"https:\/\/agrement-qualite.fr\/boutique\/wp-content\/uploads\/2020\/08\/Comment-installer-Winrar-1024x263.png\" alt=\"Comment installer winrar pour d\u00e9compresser ses fichiers ?\" width=\"914\" height=\"235\" srcset=\"https:\/\/agrement-qualite.fr\/boutique\/wp-content\/uploads\/2020\/08\/Comment-installer-Winrar-1024x263.png 1024w, https:\/\/agrement-qualite.fr\/boutique\/wp-content\/uploads\/2020\/08\/Comment-installer-Winrar-300x77.png 300w, https:\/\/agrement-qualite.fr\/boutique\/wp-content\/uploads\/2020\/08\/Comment-installer-Winrar-768x197.png 768w, https:\/\/agrement-qualite.fr\/boutique\/wp-content\/uploads\/2020\/08\/Comment-installer-Winrar-1536x395.png 1536w, https:\/\/agrement-qualite.fr\/boutique\/wp-content\/uploads\/2020\/08\/Comment-installer-Winrar-720x185.png 720w, https:\/\/agrement-qualite.fr\/boutique\/wp-content\/uploads\/2020\/08\/Comment-installer-Winrar.png 1809w\" sizes=\"(max-width: 914px) 100vw, 914px\" \/><\/div>\n<div>Le d\u00e9compresseur est d\u00e9sormais install\u00e9.<\/div>\n<div><\/div>\n<h3><b><u>Etape 2 : D\u00e9compresser votre dossier.<\/u><\/b><\/h3>\n<div><b>Allez au r\u00e9pertoire o\u00f9 se trouve le fichier \u00e0 d\u00e9compresser (en g\u00e9n\u00e9ral,&nbsp; C:\/\/user\/telechargement\/ ).<\/b><\/div>\n<div>Faites un clic-droit (1)&nbsp;sur votre dossier \u00e0 d\u00e9compresser et s\u00e9lectionnez \u00ab\u00a0Extraire-ici\u00a0\u00bb (2). Les fichiers seront ainsi&nbsp;d\u00e9compress\u00e9s au m\u00eame endroit.<\/div>\n<div><\/div>\n<div><img decoding=\"async\" class=\"aligncenter size-large wp-image-11502\" src=\"https:\/\/agrement-qualite.fr\/boutique\/wp-content\/uploads\/2020\/08\/decompresser-1024x377.png\" alt=\"Comment d\u00e9compresser une archive .rar ?\" width=\"914\" height=\"337\" srcset=\"https:\/\/agrement-qualite.fr\/boutique\/wp-content\/uploads\/2020\/08\/decompresser-1024x377.png 1024w, https:\/\/agrement-qualite.fr\/boutique\/wp-content\/uploads\/2020\/08\/decompresser-300x111.png 300w, https:\/\/agrement-qualite.fr\/boutique\/wp-content\/uploads\/2020\/08\/decompresser-768x283.png 768w, https:\/\/agrement-qualite.fr\/boutique\/wp-content\/uploads\/2020\/08\/decompresser-720x265.png 720w, https:\/\/agrement-qualite.fr\/boutique\/wp-content\/uploads\/2020\/08\/decompresser.png 1235w\" sizes=\"(max-width: 914px) 100vw, 914px\" \/><\/p>\n<\/div>\n<div>A partir de maintenant, vos fichiers ont \u00e9t\u00e9 extraits du dossier et sont d\u00e9sormais utilisables avec votre logiciel de traitement de texte habituel.<\/div>\n<div><\/div>\n<div><span style=\"color: red;\"><b>Attention : <\/b><span style=\"color: #000000;\">Nos <a href=\"http:\/\/agrement-qualite.fr\/boutique\/categorie-produit\/dossiers-complets\/\">dossiers complets<\/a><\/span><\/span> contiennent plusieurs dossiers d&rsquo;archives .Rar . Veillez \u00e0 tous les d\u00e9compresser pour faire appara\u00eetre tout leur contenu.<\/div>\n<div>\n<hr>\n<\/div>\n<h4 style=\"text-align: center;\">Une question ? <a href=\"https:\/\/agrement-qualite.fr\/boutique\/contact-us\/\">Contactez-nous<\/a>.<\/h4>\n<div><\/div>\n","protected":false},"excerpt":{"rendered":"<p>&hellip; <a class=\"read-more-link\" href=\"https:\/\/agrement-qualite.fr\/boutique\/comment-installer-winrar-et-decompresser-une-archive-rar\/\">Read More<\/a><\/p>\n","protected":false},"author":2,"featured_media":0,"parent":0,"menu_order":0,"comment_status":"closed","ping_status":"closed","template":"","meta":{"footnotes":""},"class_list":["post-11501","page","type-page","status-publish","hentry"],"yoast_head":"<!-- This site is optimized with the Yoast SEO plugin v27.3 - https:\/\/yoast.com\/product\/yoast-seo-wordpress\/ -->\n<title>Comment installer WinRar et d\u00e9compresser une archive .Rar ? - Agrement-Qualite.fr<\/title>\n<meta name=\"description\" content=\"Vous souhaitez d\u00e9compresser une archive .rar ? Vous allez devoir installer gratuitement WinRar sur votre ordinateur cela. D\u00e9couvrez comment en cliquant ici.\" \/>\n<meta name=\"robots\" content=\"index, follow, max-snippet:-1, max-image-preview:large, max-video-preview:-1\" \/>\n<link rel=\"canonical\" href=\"https:\/\/agrement-qualite.fr\/boutique\/comment-installer-winrar-et-decompresser-une-archive-rar\/\" \/>\n<meta property=\"og:locale\" content=\"fr_FR\" \/>\n<meta property=\"og:type\" content=\"article\" \/>\n<meta property=\"og:title\" content=\"Comment installer WinRar et d\u00e9compresser une archive .Rar ? - Agrement-Qualite.fr\" \/>\n<meta property=\"og:description\" content=\"Vous souhaitez d\u00e9compresser une archive .rar ? Vous allez devoir installer gratuitement WinRar sur votre ordinateur cela. D\u00e9couvrez comment en cliquant ici.\" \/>\n<meta property=\"og:url\" content=\"https:\/\/agrement-qualite.fr\/boutique\/comment-installer-winrar-et-decompresser-une-archive-rar\/\" \/>\n<meta property=\"og:site_name\" content=\"Agrement-Qualite.fr\" \/>\n<meta property=\"article:modified_time\" content=\"2022-02-07T02:25:09+00:00\" \/>\n<meta property=\"og:image\" content=\"https:\/\/agrement-qualite.fr\/boutique\/wp-content\/uploads\/2020\/08\/Comment-installer-Winrar-1024x263.png\" \/>\n<meta name=\"twitter:card\" content=\"summary_large_image\" \/>\n<meta name=\"twitter:label1\" content=\"Dur\u00e9e de lecture estim\u00e9e\" \/>\n\t<meta name=\"twitter:data1\" content=\"2 minutes\" \/>\n<script type=\"application\/ld+json\" class=\"yoast-schema-graph\">{\"@context\":\"https:\\\/\\\/schema.org\",\"@graph\":[{\"@type\":\"WebPage\",\"@id\":\"https:\\\/\\\/agrement-qualite.fr\\\/boutique\\\/comment-installer-winrar-et-decompresser-une-archive-rar\\\/\",\"url\":\"https:\\\/\\\/agrement-qualite.fr\\\/boutique\\\/comment-installer-winrar-et-decompresser-une-archive-rar\\\/\",\"name\":\"Comment installer WinRar et d\u00e9compresser une archive .Rar ? - Agrement-Qualite.fr\",\"isPartOf\":{\"@id\":\"https:\\\/\\\/agrement-qualite.fr\\\/boutique\\\/#website\"},\"primaryImageOfPage\":{\"@id\":\"https:\\\/\\\/agrement-qualite.fr\\\/boutique\\\/comment-installer-winrar-et-decompresser-une-archive-rar\\\/#primaryimage\"},\"image\":{\"@id\":\"https:\\\/\\\/agrement-qualite.fr\\\/boutique\\\/comment-installer-winrar-et-decompresser-une-archive-rar\\\/#primaryimage\"},\"thumbnailUrl\":\"https:\\\/\\\/agrement-qualite.fr\\\/boutique\\\/wp-content\\\/uploads\\\/2020\\\/08\\\/Comment-installer-Winrar-1024x263.png\",\"datePublished\":\"2020-08-06T12:34:38+00:00\",\"dateModified\":\"2022-02-07T02:25:09+00:00\",\"description\":\"Vous souhaitez d\u00e9compresser une archive .rar ? Vous allez devoir installer gratuitement WinRar sur votre ordinateur cela. D\u00e9couvrez comment en cliquant ici.\",\"breadcrumb\":{\"@id\":\"https:\\\/\\\/agrement-qualite.fr\\\/boutique\\\/comment-installer-winrar-et-decompresser-une-archive-rar\\\/#breadcrumb\"},\"inLanguage\":\"fr-FR\",\"potentialAction\":[{\"@type\":\"ReadAction\",\"target\":[\"https:\\\/\\\/agrement-qualite.fr\\\/boutique\\\/comment-installer-winrar-et-decompresser-une-archive-rar\\\/\"]}]},{\"@type\":\"ImageObject\",\"inLanguage\":\"fr-FR\",\"@id\":\"https:\\\/\\\/agrement-qualite.fr\\\/boutique\\\/comment-installer-winrar-et-decompresser-une-archive-rar\\\/#primaryimage\",\"url\":\"https:\\\/\\\/agrement-qualite.fr\\\/boutique\\\/wp-content\\\/uploads\\\/2020\\\/08\\\/Comment-installer-Winrar.png\",\"contentUrl\":\"https:\\\/\\\/agrement-qualite.fr\\\/boutique\\\/wp-content\\\/uploads\\\/2020\\\/08\\\/Comment-installer-Winrar.png\",\"width\":1809,\"height\":465,\"caption\":\"Comment installer winrar pour d\u00e9compresser ses fichiers ?\"},{\"@type\":\"BreadcrumbList\",\"@id\":\"https:\\\/\\\/agrement-qualite.fr\\\/boutique\\\/comment-installer-winrar-et-decompresser-une-archive-rar\\\/#breadcrumb\",\"itemListElement\":[{\"@type\":\"ListItem\",\"position\":1,\"name\":\"Accueil\",\"item\":\"https:\\\/\\\/agrement-qualite.fr\\\/boutique\\\/\"},{\"@type\":\"ListItem\",\"position\":2,\"name\":\"Comment installer WinRar et d\u00e9compresser une archive .Rar ?\"}]},{\"@type\":\"WebSite\",\"@id\":\"https:\\\/\\\/agrement-qualite.fr\\\/boutique\\\/#website\",\"url\":\"https:\\\/\\\/agrement-qualite.fr\\\/boutique\\\/\",\"name\":\"Agrement-Qualite.fr\",\"description\":\"Toute l&#039;aide pour votre agr\u00e9ment de services \u00e0 la personne\",\"publisher\":{\"@id\":\"https:\\\/\\\/agrement-qualite.fr\\\/boutique\\\/#organization\"},\"alternateName\":\"Agrement-Qualite.fr\",\"potentialAction\":[{\"@type\":\"SearchAction\",\"target\":{\"@type\":\"EntryPoint\",\"urlTemplate\":\"https:\\\/\\\/agrement-qualite.fr\\\/boutique\\\/?s={search_term_string}\"},\"query-input\":{\"@type\":\"PropertyValueSpecification\",\"valueRequired\":true,\"valueName\":\"search_term_string\"}}],\"inLanguage\":\"fr-FR\"},{\"@type\":\"Organization\",\"@id\":\"https:\\\/\\\/agrement-qualite.fr\\\/boutique\\\/#organization\",\"name\":\"Agrement-Qualite.fr\",\"alternateName\":\"Agrement-Qualite.fr\",\"url\":\"https:\\\/\\\/agrement-qualite.fr\\\/boutique\\\/\",\"logo\":{\"@type\":\"ImageObject\",\"inLanguage\":\"fr-FR\",\"@id\":\"https:\\\/\\\/agrement-qualite.fr\\\/boutique\\\/#\\\/schema\\\/logo\\\/image\\\/\",\"url\":\"https:\\\/\\\/agrement-qualite.fr\\\/boutique\\\/wp-content\\\/uploads\\\/2020\\\/07\\\/AGREMENT-QUALITE-1.png\",\"contentUrl\":\"https:\\\/\\\/agrement-qualite.fr\\\/boutique\\\/wp-content\\\/uploads\\\/2020\\\/07\\\/AGREMENT-QUALITE-1.png\",\"width\":201,\"height\":37,\"caption\":\"Agrement-Qualite.fr\"},\"image\":{\"@id\":\"https:\\\/\\\/agrement-qualite.fr\\\/boutique\\\/#\\\/schema\\\/logo\\\/image\\\/\"}}]}<\/script>\n<!-- \/ Yoast SEO plugin. -->","yoast_head_json":{"title":"Comment installer WinRar et d\u00e9compresser une archive .Rar ? - Agrement-Qualite.fr","description":"Vous souhaitez d\u00e9compresser une archive .rar ? Vous allez devoir installer gratuitement WinRar sur votre ordinateur cela. D\u00e9couvrez comment en cliquant ici.","robots":{"index":"index","follow":"follow","max-snippet":"max-snippet:-1","max-image-preview":"max-image-preview:large","max-video-preview":"max-video-preview:-1"},"canonical":"https:\/\/agrement-qualite.fr\/boutique\/comment-installer-winrar-et-decompresser-une-archive-rar\/","og_locale":"fr_FR","og_type":"article","og_title":"Comment installer WinRar et d\u00e9compresser une archive .Rar ? - Agrement-Qualite.fr","og_description":"Vous souhaitez d\u00e9compresser une archive .rar ? Vous allez devoir installer gratuitement WinRar sur votre ordinateur cela. D\u00e9couvrez comment en cliquant ici.","og_url":"https:\/\/agrement-qualite.fr\/boutique\/comment-installer-winrar-et-decompresser-une-archive-rar\/","og_site_name":"Agrement-Qualite.fr","article_modified_time":"2022-02-07T02:25:09+00:00","og_image":[{"url":"https:\/\/agrement-qualite.fr\/boutique\/wp-content\/uploads\/2020\/08\/Comment-installer-Winrar-1024x263.png","type":"","width":"","height":""}],"twitter_card":"summary_large_image","twitter_misc":{"Dur\u00e9e de lecture estim\u00e9e":"2 minutes"},"schema":{"@context":"https:\/\/schema.org","@graph":[{"@type":"WebPage","@id":"https:\/\/agrement-qualite.fr\/boutique\/comment-installer-winrar-et-decompresser-une-archive-rar\/","url":"https:\/\/agrement-qualite.fr\/boutique\/comment-installer-winrar-et-decompresser-une-archive-rar\/","name":"Comment installer WinRar et d\u00e9compresser une archive .Rar ? - Agrement-Qualite.fr","isPartOf":{"@id":"https:\/\/agrement-qualite.fr\/boutique\/#website"},"primaryImageOfPage":{"@id":"https:\/\/agrement-qualite.fr\/boutique\/comment-installer-winrar-et-decompresser-une-archive-rar\/#primaryimage"},"image":{"@id":"https:\/\/agrement-qualite.fr\/boutique\/comment-installer-winrar-et-decompresser-une-archive-rar\/#primaryimage"},"thumbnailUrl":"https:\/\/agrement-qualite.fr\/boutique\/wp-content\/uploads\/2020\/08\/Comment-installer-Winrar-1024x263.png","datePublished":"2020-08-06T12:34:38+00:00","dateModified":"2022-02-07T02:25:09+00:00","description":"Vous souhaitez d\u00e9compresser une archive .rar ? Vous allez devoir installer gratuitement WinRar sur votre ordinateur cela. D\u00e9couvrez comment en cliquant ici.","breadcrumb":{"@id":"https:\/\/agrement-qualite.fr\/boutique\/comment-installer-winrar-et-decompresser-une-archive-rar\/#breadcrumb"},"inLanguage":"fr-FR","potentialAction":[{"@type":"ReadAction","target":["https:\/\/agrement-qualite.fr\/boutique\/comment-installer-winrar-et-decompresser-une-archive-rar\/"]}]},{"@type":"ImageObject","inLanguage":"fr-FR","@id":"https:\/\/agrement-qualite.fr\/boutique\/comment-installer-winrar-et-decompresser-une-archive-rar\/#primaryimage","url":"https:\/\/agrement-qualite.fr\/boutique\/wp-content\/uploads\/2020\/08\/Comment-installer-Winrar.png","contentUrl":"https:\/\/agrement-qualite.fr\/boutique\/wp-content\/uploads\/2020\/08\/Comment-installer-Winrar.png","width":1809,"height":465,"caption":"Comment installer winrar pour d\u00e9compresser ses fichiers ?"},{"@type":"BreadcrumbList","@id":"https:\/\/agrement-qualite.fr\/boutique\/comment-installer-winrar-et-decompresser-une-archive-rar\/#breadcrumb","itemListElement":[{"@type":"ListItem","position":1,"name":"Accueil","item":"https:\/\/agrement-qualite.fr\/boutique\/"},{"@type":"ListItem","position":2,"name":"Comment installer WinRar et d\u00e9compresser une archive .Rar ?"}]},{"@type":"WebSite","@id":"https:\/\/agrement-qualite.fr\/boutique\/#website","url":"https:\/\/agrement-qualite.fr\/boutique\/","name":"Agrement-Qualite.fr","description":"Toute l&#039;aide pour votre agr\u00e9ment de services \u00e0 la personne","publisher":{"@id":"https:\/\/agrement-qualite.fr\/boutique\/#organization"},"alternateName":"Agrement-Qualite.fr","potentialAction":[{"@type":"SearchAction","target":{"@type":"EntryPoint","urlTemplate":"https:\/\/agrement-qualite.fr\/boutique\/?s={search_term_string}"},"query-input":{"@type":"PropertyValueSpecification","valueRequired":true,"valueName":"search_term_string"}}],"inLanguage":"fr-FR"},{"@type":"Organization","@id":"https:\/\/agrement-qualite.fr\/boutique\/#organization","name":"Agrement-Qualite.fr","alternateName":"Agrement-Qualite.fr","url":"https:\/\/agrement-qualite.fr\/boutique\/","logo":{"@type":"ImageObject","inLanguage":"fr-FR","@id":"https:\/\/agrement-qualite.fr\/boutique\/#\/schema\/logo\/image\/","url":"https:\/\/agrement-qualite.fr\/boutique\/wp-content\/uploads\/2020\/07\/AGREMENT-QUALITE-1.png","contentUrl":"https:\/\/agrement-qualite.fr\/boutique\/wp-content\/uploads\/2020\/07\/AGREMENT-QUALITE-1.png","width":201,"height":37,"caption":"Agrement-Qualite.fr"},"image":{"@id":"https:\/\/agrement-qualite.fr\/boutique\/#\/schema\/logo\/image\/"}}]}},"_links":{"self":[{"href":"https:\/\/agrement-qualite.fr\/boutique\/wp-json\/wp\/v2\/pages\/11501","targetHints":{"allow":["GET"]}}],"collection":[{"href":"https:\/\/agrement-qualite.fr\/boutique\/wp-json\/wp\/v2\/pages"}],"about":[{"href":"https:\/\/agrement-qualite.fr\/boutique\/wp-json\/wp\/v2\/types\/page"}],"author":[{"embeddable":true,"href":"https:\/\/agrement-qualite.fr\/boutique\/wp-json\/wp\/v2\/users\/2"}],"replies":[{"embeddable":true,"href":"https:\/\/agrement-qualite.fr\/boutique\/wp-json\/wp\/v2\/comments?post=11501"}],"version-history":[{"count":4,"href":"https:\/\/agrement-qualite.fr\/boutique\/wp-json\/wp\/v2\/pages\/11501\/revisions"}],"predecessor-version":[{"id":12240,"href":"https:\/\/agrement-qualite.fr\/boutique\/wp-json\/wp\/v2\/pages\/11501\/revisions\/12240"}],"wp:attachment":[{"href":"https:\/\/agrement-qualite.fr\/boutique\/wp-json\/wp\/v2\/media?parent=11501"}],"curies":[{"name":"wp","href":"https:\/\/api.w.org\/{rel}","templated":true}]}}