{"id":1156,"date":"2013-12-28T19:26:07","date_gmt":"2013-12-28T18:26:07","guid":{"rendered":"http:\/\/agrement-qualite.fr\/boutique\/?page_id=1156"},"modified":"2019-12-15T22:42:38","modified_gmt":"2019-12-15T21:42:38","slug":"questionnaire-aide-personnalisee-a-la-demande-dagrement","status":"publish","type":"page","link":"https:\/\/agrement-qualite.fr\/boutique\/questionnaire-aide-personnalisee-a-la-demande-dagrement\/","title":{"rendered":"Questionnaire \u00ab\u00a0Aide Personnalis\u00e9e \u00e0 la Demande d&rsquo;Agr\u00e9ment\u00a0\u00bb"},"content":{"rendered":"<p style=\"text-align: justify;\">Madame, Monsieur,<\/p>\n<p style=\"text-align: justify;\">Vous avez choisi <b>CA-SAP Editions<\/b> pour r\u00e9aliser votre dossier de demande d\u2019agr\u00e9ment de services \u00e0 la personne, et nous vous remercions de la confiance dont vous nous t\u00e9moignez.<\/p>\n<p style=\"text-align: justify;\">Dans le cadre de cette prestation, votre conseiller \u00e0 besoin de conna\u00eetre au mieux votre structure, votre \u00e9quipe, votre fonctionnement et vos projets. Il pourra ainsi construire votre dossier de demande d&rsquo;agr\u00e9ment de services \u00e0 la personne qui <span style=\"text-decoration: underline;\">ressemble \u00e0 votre projet<\/span>.<\/p>\n<p style=\"text-align: justify;\">Nous vous remercions de bien vouloir prendre le temps de remplir les questionnaires ci-dessous avec le plus de pr\u00e9cisions possibles :<\/p>\n<h5><a title=\"Formulaire n\u00b01 : LA STRUCTURE\" href=\"http:\/\/agrement-qualite.fr\/boutique\/apaq-la-structure\/\" target=\"_blank\" rel=\"noopener noreferrer\"><strong>&lt;1&gt; Formulaire n\u00b01 : La structure<\/strong><\/a><\/h5>\n<h5><a title=\"Formulaire n\u00b02 : L'ADMINISTRATION\" href=\"http:\/\/agrement-qualite.fr\/boutique\/apaq-02-ladministration\/\" target=\"_blank\" rel=\"noopener noreferrer\"><strong>&lt;2&gt; Formulaire n\u00b02 : L&rsquo;administration<\/strong><\/a><\/h5>\n<h5><a title=\"Formulaire n\u00b03 : LE PROJET\" href=\"http:\/\/agrement-qualite.fr\/boutique\/apaq-03-le-projet\/\" target=\"_blank\" rel=\"noopener noreferrer\"><strong>&lt;3&gt; Formulaire n\u00b03 : Le projet<\/strong><\/a><\/h5>\n<h5><a title=\"Formulaire n\u00b0 4 : LES MOYENS D'EXPLOITATION\" href=\"http:\/\/agrement-qualite.fr\/boutique\/apaq-04-les-moyens-dexploitation\/\" target=\"_blank\" rel=\"noopener noreferrer\"><strong>&lt;4&gt; Formulaire n\u00b04 : Les moyens d&rsquo;exploitation<\/strong><\/a><\/h5>\n<h5><strong><a title=\"Formulaire n\u00b05 : LES SALARIES\" href=\"http:\/\/agrement-qualite.fr\/boutique\/apaq-05-les-salaries\/\" target=\"_blank\" rel=\"noopener noreferrer\">&lt;5&gt; Formulaire n\u00b05 : Les salari\u00e9s<\/a><\/strong><\/h5>\n<h5><a title=\"Formulaire n\u00b06 : RESPECT DE L'AGREMENT\" href=\"http:\/\/agrement-qualite.fr\/boutique\/apaq-06-respect-de-lagrement\/\" target=\"_blank\" rel=\"noopener noreferrer\"><strong>&lt;6&gt; Formulaire n\u00b06 : Respect de l&rsquo;agr\u00e9ment&nbsp;<\/strong><\/a><\/h5>\n<h5><a title=\"Formulaire n\u00b07 : PIECES JUSTIFICATIVES\" href=\"http:\/\/agrement-qualite.fr\/boutique\/apaq-07-pieces-justificatives\/\" target=\"_blank\" rel=\"noopener noreferrer\"><strong>&lt;7&gt; Formulaire n\u00b07 : Envoi des documents<\/strong><\/a><\/h5>\n<p>Pour pouvoir remplir chacun de ces questionnaires, vous aurez besoin de saisir le mot de passe que vous avez re\u00e7u par mail (ou disponible sur votre espace client).<\/p>\n<p style=\"text-align: justify;\">D\u00e8s que les questionnaires auront \u00e9t\u00e9 remplis et les documents envoy\u00e9s, vous recevrez les dates et heures de l&rsquo;entretien avec votre conseiller. Vous voudrez bien pr\u00e9voir 1h30 d&rsquo;entretien.<\/p>\n<p style=\"text-align: justify;\">Apr\u00e8s l&rsquo;entretien, votre conseiller construira votre dossier de A \u00e0 Z.<\/p>\n<p style=\"text-align: justify;\">Cordialement,<\/p>\n<p style=\"text-align: justify;\">L&rsquo;\u00e9quipe Agrement-Qualite.fr<\/p>\n","protected":false},"excerpt":{"rendered":"<p>&hellip; <a class=\"read-more-link\" href=\"https:\/\/agrement-qualite.fr\/boutique\/questionnaire-aide-personnalisee-a-la-demande-dagrement\/\">Read More<\/a><\/p>\n","protected":false},"author":2,"featured_media":0,"parent":0,"menu_order":0,"comment_status":"closed","ping_status":"open","template":"","meta":{"footnotes":""},"class_list":["post-1156","page","type-page","status-publish","hentry"],"yoast_head":"<!-- This site is optimized with the Yoast SEO plugin v27.5 - https:\/\/yoast.com\/product\/yoast-seo-wordpress\/ -->\n<title>Questionnaire &quot;Aide Personnalis\u00e9e \u00e0 la Demande d&#039;Agr\u00e9ment&quot; - Agrement-Qualite.fr<\/title>\n<meta name=\"robots\" content=\"index, follow, max-snippet:-1, max-image-preview:large, max-video-preview:-1\" \/>\n<link rel=\"canonical\" href=\"https:\/\/agrement-qualite.fr\/boutique\/questionnaire-aide-personnalisee-a-la-demande-dagrement\/\" \/>\n<meta property=\"og:locale\" content=\"fr_FR\" \/>\n<meta property=\"og:type\" content=\"article\" \/>\n<meta property=\"og:title\" content=\"Questionnaire &quot;Aide Personnalis\u00e9e \u00e0 la Demande d&#039;Agr\u00e9ment&quot; - Agrement-Qualite.fr\" \/>\n<meta property=\"og:description\" content=\"&hellip; Read More\" \/>\n<meta property=\"og:url\" content=\"https:\/\/agrement-qualite.fr\/boutique\/questionnaire-aide-personnalisee-a-la-demande-dagrement\/\" \/>\n<meta property=\"og:site_name\" content=\"Agrement-Qualite.fr\" \/>\n<meta property=\"article:modified_time\" content=\"2019-12-15T21:42:38+00:00\" \/>\n<meta name=\"twitter:card\" content=\"summary_large_image\" \/>\n<meta name=\"twitter:label1\" content=\"Dur\u00e9e de lecture estim\u00e9e\" \/>\n\t<meta name=\"twitter:data1\" content=\"1 minute\" \/>\n<script type=\"application\/ld+json\" class=\"yoast-schema-graph\">{\"@context\":\"https:\\\/\\\/schema.org\",\"@graph\":[{\"@type\":\"WebPage\",\"@id\":\"https:\\\/\\\/agrement-qualite.fr\\\/boutique\\\/questionnaire-aide-personnalisee-a-la-demande-dagrement\\\/\",\"url\":\"https:\\\/\\\/agrement-qualite.fr\\\/boutique\\\/questionnaire-aide-personnalisee-a-la-demande-dagrement\\\/\",\"name\":\"Questionnaire \\\"Aide Personnalis\u00e9e \u00e0 la Demande d'Agr\u00e9ment\\\" - Agrement-Qualite.fr\",\"isPartOf\":{\"@id\":\"https:\\\/\\\/agrement-qualite.fr\\\/boutique\\\/#website\"},\"datePublished\":\"2013-12-28T18:26:07+00:00\",\"dateModified\":\"2019-12-15T21:42:38+00:00\",\"breadcrumb\":{\"@id\":\"https:\\\/\\\/agrement-qualite.fr\\\/boutique\\\/questionnaire-aide-personnalisee-a-la-demande-dagrement\\\/#breadcrumb\"},\"inLanguage\":\"fr-FR\",\"potentialAction\":[{\"@type\":\"ReadAction\",\"target\":[\"https:\\\/\\\/agrement-qualite.fr\\\/boutique\\\/questionnaire-aide-personnalisee-a-la-demande-dagrement\\\/\"]}]},{\"@type\":\"BreadcrumbList\",\"@id\":\"https:\\\/\\\/agrement-qualite.fr\\\/boutique\\\/questionnaire-aide-personnalisee-a-la-demande-dagrement\\\/#breadcrumb\",\"itemListElement\":[{\"@type\":\"ListItem\",\"position\":1,\"name\":\"Accueil\",\"item\":\"https:\\\/\\\/agrement-qualite.fr\\\/boutique\\\/\"},{\"@type\":\"ListItem\",\"position\":2,\"name\":\"Questionnaire &#8220;Aide Personnalis\u00e9e \u00e0 la Demande d&#8217;Agr\u00e9ment&#8221;\"}]},{\"@type\":\"WebSite\",\"@id\":\"https:\\\/\\\/agrement-qualite.fr\\\/boutique\\\/#website\",\"url\":\"https:\\\/\\\/agrement-qualite.fr\\\/boutique\\\/\",\"name\":\"Agrement-Qualite.fr\",\"description\":\"Toute l&#039;aide pour votre agr\u00e9ment de services \u00e0 la personne\",\"publisher\":{\"@id\":\"https:\\\/\\\/agrement-qualite.fr\\\/boutique\\\/#organization\"},\"alternateName\":\"Agrement-Qualite.fr\",\"potentialAction\":[{\"@type\":\"SearchAction\",\"target\":{\"@type\":\"EntryPoint\",\"urlTemplate\":\"https:\\\/\\\/agrement-qualite.fr\\\/boutique\\\/?s={search_term_string}\"},\"query-input\":{\"@type\":\"PropertyValueSpecification\",\"valueRequired\":true,\"valueName\":\"search_term_string\"}}],\"inLanguage\":\"fr-FR\"},{\"@type\":\"Organization\",\"@id\":\"https:\\\/\\\/agrement-qualite.fr\\\/boutique\\\/#organization\",\"name\":\"Agrement-Qualite.fr\",\"alternateName\":\"Agrement-Qualite.fr\",\"url\":\"https:\\\/\\\/agrement-qualite.fr\\\/boutique\\\/\",\"logo\":{\"@type\":\"ImageObject\",\"inLanguage\":\"fr-FR\",\"@id\":\"https:\\\/\\\/agrement-qualite.fr\\\/boutique\\\/#\\\/schema\\\/logo\\\/image\\\/\",\"url\":\"https:\\\/\\\/agrement-qualite.fr\\\/boutique\\\/wp-content\\\/uploads\\\/2020\\\/07\\\/AGREMENT-QUALITE-1.png\",\"contentUrl\":\"https:\\\/\\\/agrement-qualite.fr\\\/boutique\\\/wp-content\\\/uploads\\\/2020\\\/07\\\/AGREMENT-QUALITE-1.png\",\"width\":201,\"height\":37,\"caption\":\"Agrement-Qualite.fr\"},\"image\":{\"@id\":\"https:\\\/\\\/agrement-qualite.fr\\\/boutique\\\/#\\\/schema\\\/logo\\\/image\\\/\"}}]}<\/script>\n<!-- \/ Yoast SEO plugin. -->","yoast_head_json":{"title":"Questionnaire \"Aide Personnalis\u00e9e \u00e0 la Demande d'Agr\u00e9ment\" - Agrement-Qualite.fr","robots":{"index":"index","follow":"follow","max-snippet":"max-snippet:-1","max-image-preview":"max-image-preview:large","max-video-preview":"max-video-preview:-1"},"canonical":"https:\/\/agrement-qualite.fr\/boutique\/questionnaire-aide-personnalisee-a-la-demande-dagrement\/","og_locale":"fr_FR","og_type":"article","og_title":"Questionnaire \"Aide Personnalis\u00e9e \u00e0 la Demande d'Agr\u00e9ment\" - Agrement-Qualite.fr","og_description":"&hellip; Read More","og_url":"https:\/\/agrement-qualite.fr\/boutique\/questionnaire-aide-personnalisee-a-la-demande-dagrement\/","og_site_name":"Agrement-Qualite.fr","article_modified_time":"2019-12-15T21:42:38+00:00","twitter_card":"summary_large_image","twitter_misc":{"Dur\u00e9e de lecture estim\u00e9e":"1 minute"},"schema":{"@context":"https:\/\/schema.org","@graph":[{"@type":"WebPage","@id":"https:\/\/agrement-qualite.fr\/boutique\/questionnaire-aide-personnalisee-a-la-demande-dagrement\/","url":"https:\/\/agrement-qualite.fr\/boutique\/questionnaire-aide-personnalisee-a-la-demande-dagrement\/","name":"Questionnaire \"Aide Personnalis\u00e9e \u00e0 la Demande d'Agr\u00e9ment\" - Agrement-Qualite.fr","isPartOf":{"@id":"https:\/\/agrement-qualite.fr\/boutique\/#website"},"datePublished":"2013-12-28T18:26:07+00:00","dateModified":"2019-12-15T21:42:38+00:00","breadcrumb":{"@id":"https:\/\/agrement-qualite.fr\/boutique\/questionnaire-aide-personnalisee-a-la-demande-dagrement\/#breadcrumb"},"inLanguage":"fr-FR","potentialAction":[{"@type":"ReadAction","target":["https:\/\/agrement-qualite.fr\/boutique\/questionnaire-aide-personnalisee-a-la-demande-dagrement\/"]}]},{"@type":"BreadcrumbList","@id":"https:\/\/agrement-qualite.fr\/boutique\/questionnaire-aide-personnalisee-a-la-demande-dagrement\/#breadcrumb","itemListElement":[{"@type":"ListItem","position":1,"name":"Accueil","item":"https:\/\/agrement-qualite.fr\/boutique\/"},{"@type":"ListItem","position":2,"name":"Questionnaire &#8220;Aide Personnalis\u00e9e \u00e0 la Demande d&#8217;Agr\u00e9ment&#8221;"}]},{"@type":"WebSite","@id":"https:\/\/agrement-qualite.fr\/boutique\/#website","url":"https:\/\/agrement-qualite.fr\/boutique\/","name":"Agrement-Qualite.fr","description":"Toute l&#039;aide pour votre agr\u00e9ment de services \u00e0 la personne","publisher":{"@id":"https:\/\/agrement-qualite.fr\/boutique\/#organization"},"alternateName":"Agrement-Qualite.fr","potentialAction":[{"@type":"SearchAction","target":{"@type":"EntryPoint","urlTemplate":"https:\/\/agrement-qualite.fr\/boutique\/?s={search_term_string}"},"query-input":{"@type":"PropertyValueSpecification","valueRequired":true,"valueName":"search_term_string"}}],"inLanguage":"fr-FR"},{"@type":"Organization","@id":"https:\/\/agrement-qualite.fr\/boutique\/#organization","name":"Agrement-Qualite.fr","alternateName":"Agrement-Qualite.fr","url":"https:\/\/agrement-qualite.fr\/boutique\/","logo":{"@type":"ImageObject","inLanguage":"fr-FR","@id":"https:\/\/agrement-qualite.fr\/boutique\/#\/schema\/logo\/image\/","url":"https:\/\/agrement-qualite.fr\/boutique\/wp-content\/uploads\/2020\/07\/AGREMENT-QUALITE-1.png","contentUrl":"https:\/\/agrement-qualite.fr\/boutique\/wp-content\/uploads\/2020\/07\/AGREMENT-QUALITE-1.png","width":201,"height":37,"caption":"Agrement-Qualite.fr"},"image":{"@id":"https:\/\/agrement-qualite.fr\/boutique\/#\/schema\/logo\/image\/"}}]}},"_links":{"self":[{"href":"https:\/\/agrement-qualite.fr\/boutique\/wp-json\/wp\/v2\/pages\/1156","targetHints":{"allow":["GET"]}}],"collection":[{"href":"https:\/\/agrement-qualite.fr\/boutique\/wp-json\/wp\/v2\/pages"}],"about":[{"href":"https:\/\/agrement-qualite.fr\/boutique\/wp-json\/wp\/v2\/types\/page"}],"author":[{"embeddable":true,"href":"https:\/\/agrement-qualite.fr\/boutique\/wp-json\/wp\/v2\/users\/2"}],"replies":[{"embeddable":true,"href":"https:\/\/agrement-qualite.fr\/boutique\/wp-json\/wp\/v2\/comments?post=1156"}],"version-history":[{"count":17,"href":"https:\/\/agrement-qualite.fr\/boutique\/wp-json\/wp\/v2\/pages\/1156\/revisions"}],"predecessor-version":[{"id":3450,"href":"https:\/\/agrement-qualite.fr\/boutique\/wp-json\/wp\/v2\/pages\/1156\/revisions\/3450"}],"wp:attachment":[{"href":"https:\/\/agrement-qualite.fr\/boutique\/wp-json\/wp\/v2\/media?parent=1156"}],"curies":[{"name":"wp","href":"https:\/\/api.w.org\/{rel}","templated":true}]}}