{"id":123,"date":"2012-08-06T05:51:07","date_gmt":"2012-08-06T03:51:07","guid":{"rendered":"http:\/\/agrement-qualite.fr\/boutique\/?page_id=123"},"modified":"2021-11-14T02:53:42","modified_gmt":"2021-11-14T01:53:42","slug":"faq-foire-aux-questions","status":"publish","type":"page","link":"https:\/\/agrement-qualite.fr\/boutique\/faq-foire-aux-questions\/","title":{"rendered":"FAQ &#8211; Foire Aux Questions"},"content":{"rendered":"\n<div class=\"toggle style1\"><div class=\"single_toggle toogle_div\"><a class=\"tog\" href=\"#\"><div class=\"toggle-title\"><span class=\"icon\"><\/span>Livraison de ma commande<\/div><\/a><div class=\"tab_content\"><\/p>\n\n\n\n<p>S\u2019il s\u2019agit d\u2019un&nbsp;<strong>produit physique<\/strong>, il est donc envoy\u00e9 par transporteur (g\u00e9n\u00e9ralement Colissimo). Le d\u00e9lai moyen de livraison est de 48 \u00e0 72h apr\u00e8s exp\u00e9dition. Vous pouvez suivre votre colis sur laposte.fr\/colissimo <\/p>\n\n\n\n<p>Si il s\u2019agit d\u2019un&nbsp;<strong>produit num\u00e9rique t\u00e9l\u00e9chargeable<\/strong>, vous recevrez directement votre lien de t\u00e9l\u00e9chargement par e-mail apr\u00e8s la validation de votre commande. <\/p>\n\n\n\n<p>Pensez \u00e0 v\u00e9rifier vos boites de courriers ind\u00e9sirables si vous n\u2019avez pas re\u00e7u votre lien de t\u00e9l\u00e9chargement ou les correspondances d\u2019Agrement-Qualite.fr (Facture, mail de confirmation,\u2026). Il arrive que nos mails passe pour du spam. Vous pouvez \u00e9galement t\u00e9l\u00e9charger votre produit en vous connectant \u00e0 votre compte et en vous rendant sur \u00ab\u00a0mes t\u00e9l\u00e9chargements\u00a0\u00bb.<\/p>\n\n\n\n<p>Pour suivre votre commande, suivez ce lien : <a href=\"https:\/\/agrement-qualite.fr\/boutique\/suivi-de-commande\/\" target=\"_blank\" rel=\"noreferrer noopener\">https:\/\/agrement-qualite.fr\/boutique\/suivi-de-commande\/<\/a><\/p>\n\n\n\n<p><strong>Dois-je payer des frais de livraison ?<\/strong><\/p>\n\n\n\n<p>Les frais d\u2019emballage, de pr\u00e9paration, de traitement et d\u2019acheminement de la commande ; sont inclus dans les tarifs affich\u00e9s sur le site. En r\u00e9sum\u00e9, tout est compris, il n\u2019y a pas de frais d\u2019envoi !<\/p>\n\n\n\n<p><strong>Je n\u2019ai pas re\u00e7u mon lien de t\u00e9l\u00e9chargement, comment faire ?<\/strong><\/p>\n\n\n\n<p>Restez zen, avant toute chose, merci de v\u00e9rifier votre boite de courriers ind\u00e9sirables. Il arrive que certains de nos courriels soient reconnus comme du Spam\u2026<\/p>\n\n\n\n<p>Si vous n\u2019avez effectivement rien re\u00e7u, il suffit de nous&nbsp;<a href=\"http:\/\/agrement-qualite.fr\/boutique\/contact\/\" target=\"_blank\" rel=\"noreferrer noopener\">Contacter<\/a>&nbsp;et de nous demander de vous renvoyer votre lien. Vous pouvez \u00e9galement&nbsp; v<a href=\"http:\/\/agrement-qualite.fr\/boutique\/suivi-de-commande\/\" target=\"_blank\" rel=\"noreferrer noopener\">\u00e9rifier L\u2019\u00e9tat De Votre Commande<\/a>, ou t\u00e9l\u00e9charger vos produits sur votre espace client.<\/p>\n\n\n\n<p>Concernant les produits physiques (envoy\u00e9s par&nbsp;<em>Colissimo<\/em>), vous recevrez un e-mail lors de son exp\u00e9dition et un num\u00e9ro de suivi de colis vous sera communiqu\u00e9. Si vous ne recevez pas votre colis dans les 30 jours apr\u00e8s votre commande,&nbsp;<a href=\"http:\/\/agrement-qualite.fr\/boutique\/contact\/\" target=\"_blank\" rel=\"noreferrer noopener\">Contactez-Nous<\/a>.<\/p>\n\n\n\n<p><strong>Je n\u2019ai pas re\u00e7u mon produit, comment faire ?<\/strong><\/p>\n\n\n\n<p>Concernant les produits physiques (envoy\u00e9s par&nbsp;<em>Colissimo<\/em>), vous recevrez un e-mail lors de son exp\u00e9dition et un num\u00e9ro de suivi de colis vous sera communiqu\u00e9. Si vous ne recevez pas votre colis dans les 30 jours apr\u00e8s votre commande,&nbsp;<a href=\"http:\/\/agrement-qualite.fr\/boutique\/contact\/\" target=\"_blank\" rel=\"noreferrer noopener\">Contactez-Nous<\/a>. Vous pouvez \u00e9galement&nbsp; v<a href=\"http:\/\/agrement-qualite.fr\/boutique\/suivi-de-commande\/\" target=\"_blank\" rel=\"noreferrer noopener\">\u00e9rifier L\u2019\u00e9tat De Votre Commande<\/a>.<\/p>\n\n\n\n<p> <\/div><\/div><div class=\"single_toggle toogle_div\"><a class=\"tog\" href=\"#\"><div class=\"toggle-title\"><span class=\"icon\"><\/span>Paiement de ma commande<\/div><\/a><div class=\"tab_content\"><\/p>\n\n\n\n<p><strong>Comment puis-je r\u00e9gler ma commande ?<\/strong><\/p>\n\n\n\n<p>Cartes bancaires accept\u00e9es :<\/p>\n\n\n\n<div class=\"wp-block-image\"><figure class=\"aligncenter size-full\"><a href=\"https:\/\/agrement-qualite.fr\/boutique\/wp-content\/uploads\/2021\/11\/loghi_pagamento.png\"><img fetchpriority=\"high\" decoding=\"async\" width=\"555\" height=\"100\" src=\"https:\/\/agrement-qualite.fr\/boutique\/wp-content\/uploads\/2021\/11\/loghi_pagamento.png\" alt=\"\" class=\"wp-image-12126\" srcset=\"https:\/\/agrement-qualite.fr\/boutique\/wp-content\/uploads\/2021\/11\/loghi_pagamento.png 555w, https:\/\/agrement-qualite.fr\/boutique\/wp-content\/uploads\/2021\/11\/loghi_pagamento-300x54.png 300w\" sizes=\"(max-width: 555px) 100vw, 555px\" \/><\/a><\/figure><\/div>\n\n\n\n<div class=\"wp-block-image\"><figure class=\"aligncenter size-large is-resized\"><a href=\"https:\/\/agrement-qualite.fr\/boutique\/wp-content\/uploads\/2021\/11\/bouton-klarna.jpg\"><img decoding=\"async\" src=\"https:\/\/agrement-qualite.fr\/boutique\/wp-content\/uploads\/2021\/11\/bouton-klarna-1024x322.jpg\" alt=\"\" class=\"wp-image-12086\" width=\"196\" height=\"62\" srcset=\"https:\/\/agrement-qualite.fr\/boutique\/wp-content\/uploads\/2021\/11\/bouton-klarna-1024x322.jpg 1024w, https:\/\/agrement-qualite.fr\/boutique\/wp-content\/uploads\/2021\/11\/bouton-klarna-300x94.jpg 300w, https:\/\/agrement-qualite.fr\/boutique\/wp-content\/uploads\/2021\/11\/bouton-klarna-768x241.jpg 768w, https:\/\/agrement-qualite.fr\/boutique\/wp-content\/uploads\/2021\/11\/bouton-klarna-720x226.jpg 720w, https:\/\/agrement-qualite.fr\/boutique\/wp-content\/uploads\/2021\/11\/bouton-klarna.jpg 1531w\" sizes=\"(max-width: 196px) 100vw, 196px\" \/><\/a><\/figure><\/div>\n\n\n\n<p>Sur la boutique, vous pouvez utiliser la carte bancaire, un compte Paypal,  le virement bancaire SEPA ou le paiement par carte bancaire jusqu&rsquo;\u00e0 <a href=\"https:\/\/agrement-qualite.fr\/boutique\/payez-en-3-fois-sans-frais-avec-klarna\/\">3 fois sans frais avec Klarna<\/a>. Voir nos\u00a0<a href=\"http:\/\/agrement-qualite.fr\/boutique\/conditions-generales-de-vente\/\">Conditions G\u00e9n\u00e9rales De Vente<\/a>. <\/p>\n\n\n\n<p><strong>Dois-je avoir un compte PayPal pour r\u00e9gler ma commande par CB ?<\/strong><\/p>\n\n\n\n<p>Non, pas du tout. PayPal est une plateforme de paiement s\u00e9curis\u00e9e utilisant le cryptage des donn\u00e9es SSL au m\u00eame titre que d\u2019autres banques classiques. Notre volont\u00e9 de proposer une large gamme de possibilit\u00e9 de r\u00e8glement nous a amener \u00e0 choisir PayPal. D\u2019ailleurs, gr\u00e2ce \u00e0 PayPal, vous pouvez r\u00e9gler vos commandes avec les cartes ci-dessous ou votre compte PayPal si vous en poss\u00e9dez un.<\/p>\n\n\n\n<p>Cartes bancaires accept\u00e9es :<\/p>\n\n\n\n<div class=\"wp-block-image\"><figure class=\"aligncenter size-full\"><a href=\"https:\/\/agrement-qualite.fr\/boutique\/wp-content\/uploads\/2021\/11\/loghi_pagamento.png\"><img fetchpriority=\"high\" decoding=\"async\" width=\"555\" height=\"100\" src=\"https:\/\/agrement-qualite.fr\/boutique\/wp-content\/uploads\/2021\/11\/loghi_pagamento.png\" alt=\"\" class=\"wp-image-12126\" srcset=\"https:\/\/agrement-qualite.fr\/boutique\/wp-content\/uploads\/2021\/11\/loghi_pagamento.png 555w, https:\/\/agrement-qualite.fr\/boutique\/wp-content\/uploads\/2021\/11\/loghi_pagamento-300x54.png 300w\" sizes=\"(max-width: 555px) 100vw, 555px\" \/><\/a><\/figure><\/div>\n\n\n\n<div class=\"wp-block-image\"><figure class=\"aligncenter size-large is-resized\"><a href=\"https:\/\/agrement-qualite.fr\/boutique\/wp-content\/uploads\/2021\/11\/bouton-klarna.jpg\"><img decoding=\"async\" src=\"https:\/\/agrement-qualite.fr\/boutique\/wp-content\/uploads\/2021\/11\/bouton-klarna-1024x322.jpg\" alt=\"\" class=\"wp-image-12086\" width=\"242\" height=\"76\" srcset=\"https:\/\/agrement-qualite.fr\/boutique\/wp-content\/uploads\/2021\/11\/bouton-klarna-1024x322.jpg 1024w, https:\/\/agrement-qualite.fr\/boutique\/wp-content\/uploads\/2021\/11\/bouton-klarna-300x94.jpg 300w, https:\/\/agrement-qualite.fr\/boutique\/wp-content\/uploads\/2021\/11\/bouton-klarna-768x241.jpg 768w, https:\/\/agrement-qualite.fr\/boutique\/wp-content\/uploads\/2021\/11\/bouton-klarna-720x226.jpg 720w, https:\/\/agrement-qualite.fr\/boutique\/wp-content\/uploads\/2021\/11\/bouton-klarna.jpg 1531w\" sizes=\"(max-width: 242px) 100vw, 242px\" \/><\/a><\/figure><\/div>\n\n\n\n<p>Sur la boutique, vous pouvez utiliser la carte bancaire, un compte Paypal, le virement bancaire SEPA ou le paiement par Carte bancaire jusqu&rsquo;\u00e0 <a href=\"https:\/\/agrement-qualite.fr\/boutique\/payez-en-3-fois-sans-frais-avec-klarna\/\">3 fois sans frais Klarna.<\/a> Voir nos\u00a0<a href=\"http:\/\/agrement-qualite.fr\/boutique\/conditions-generales-de-vente\/\">Conditions G\u00e9n\u00e9rales De Vente<\/a>.\u00a0<\/p>\n\n\n\n<p> <\/div><\/div><div class=\"single_toggle toogle_div\"><a class=\"tog\" href=\"#\"><div class=\"toggle-title\"><span class=\"icon\"><\/span>Ma commande<\/div><\/a><div class=\"tab_content\"><\/p>\n\n\n\n<p><strong>Comment suivre l\u2019\u00e9tat de ma commande ?<br><\/strong><\/p>\n\n\n\n<p>Pour suivre l\u2019\u00e9tat de votre commande, il suffit de vous connecter \u00e0 \u00ab&nbsp;<a href=\"https:\/\/agrement-qualite.fr\/boutique\/mon-compte\/\" target=\"_blank\" rel=\"noreferrer noopener\">Espace Client<\/a>&nbsp;\u00bb \u00e0 l\u2019aide de vos codes d\u2019acc\u00e8s. Allez dans la rubrique \u00ab&nbsp;commande&nbsp;\u00bb puis \u00ab&nbsp;<a href=\"http:\/\/agrement-qualite.fr\/boutique\/suivi-de-commande\/\" target=\"_blank\" rel=\"noreferrer noopener\">Suivre Ma Commande<\/a>\u00ab&nbsp;. Renseignez les champs obligatoires. Cliquez sur OK. En cas de difficult\u00e9,&nbsp;<a href=\"http:\/\/agrement-qualite.fr\/boutique\/contact\/\" target=\"_blank\" rel=\"noreferrer noopener\">Contactez-Nous<\/a>.<\/p>\n\n\n\n<p><strong>Comment r\u00e9tracter de ma commande ?<br><\/strong><\/p>\n\n\n\n<p>Vous disposez d\u2019un droit de r\u00e9tractation de<strong>&nbsp;14 jours<\/strong>&nbsp;pour la vente \u00e0 distance.&nbsp;<strong>Pour les produits physiques<\/strong>, les produits ne peuvent \u00eatre repris que s&rsquo;ils n&rsquo;ont pas \u00e9t\u00e9 d\u00e9ball\u00e9s. Concernant&nbsp;<strong>les produits num\u00e9riques<\/strong>&nbsp;vendus en&nbsp;<strong>t\u00e9l\u00e9chargement imm\u00e9diat, vous renoncez \u00e0 ce droit<\/strong>. Consultez nos&nbsp;<a href=\"http:\/\/agrement-qualite.fr\/boutique\/conditions-generales-de-vente\/\" target=\"_blank\" rel=\"noreferrer noopener\">Conditions G\u00e9n\u00e9rales De Vente<\/a>&nbsp;pour plus de pr\u00e9cisions.<\/p>\n\n\n\n<p> <\/div><\/div> <div class=\"single_toggle toogle_div\"><a class=\"tog\" href=\"#\"><div class=\"toggle-title\"><span class=\"icon\"><\/span>T\u00e9l\u00e9chargements<\/div><\/a><div class=\"tab_content\"> <\/p>\n\n\n\n<p><strong>Pr\u00e9-requis pour ouvrir les documents<br><\/strong><\/p>\n\n\n\n<p>&gt;&gt;&nbsp;Pour les documents vendus \u00e0 l\u2019unit\u00e9 :&nbsp;Vous devez disposer d\u2019un logiciel de traitement de texte prenant en charge les fichiers (.doc). Word\/Works 97 minimum. Si vous n\u2019en poss\u00e9dez pas, vous pouvez&nbsp;<a href=\"http:\/\/www.clubic.com\/lancer-le-telechargement-255914-0-openoffice-org.html\" target=\"_blank\" rel=\"noreferrer noopener\">T\u00e9l\u00e9charger Gratuitement Open Office<\/a>&nbsp;(semblable au pack office de Microsoft).<\/p>\n\n\n\n<p>&gt;&gt;Pour les dossiers t\u00e9l\u00e9chargeables&nbsp;: Vous devez disposer d\u2019un logiciel de d\u00e9compression d\u2019archives supportant le format .Rar. Si vous n\u2019en poss\u00e9dez pas, vous pouvez en t\u00e9l\u00e9charger un&nbsp;<a href=\"http:\/\/soft.telecharger.com\/Winrar.exe\" target=\"_blank\" rel=\"noreferrer noopener\">Gratuitement Ici<\/a>.<\/p>\n\n\n\n<p><strong>Comment d\u00e9compresser une archive ?<\/strong><\/p>\n\n\n\n<p>Consultez cet article : <a href=\"https:\/\/agrement-qualite.fr\/boutique\/comment-installer-winrar-et-decompresser-une-archive-rar\/\">Comment installer winrar et d\u00e9compresser une archive .rar ?<\/a><\/p>\n\n\n\n<p>Vous devez disposer d\u2019un logiciel de d\u00e9compression d\u2019archives supportant le format .Rar. Si vous n\u2019en poss\u00e9dez pas, vous pouvez en t\u00e9l\u00e9charger un&nbsp;<a href=\"http:\/\/soft.telecharger.com\/Winrar.exe\" target=\"_blank\" rel=\"noreferrer noopener\">Gratuitement Ici<\/a>. Suivez les instructions qui vous seront donn\u00e9es \u00e0 l\u2019\u00e9cran.<\/p>\n\n\n\n<p>Pour d\u00e9compresser votre dossier d\u2019archive .Rar, faites un clic-droit sur celui-ci est s\u00e9lectionnez \u00ab&nbsp;Extraire ici&nbsp;\u00bb (si vous souhaitez extraire son contenu \u00e0 l\u2019endroit o\u00f9 se trouve votre archive) ou, \u00ab&nbsp;Extraire vers&nbsp;\u00bb (Vous devrez s\u00e9lectionner alors,un dossier de destination).<\/p>\n\n\n\n<p><strong>Comment personnaliser les documents t\u00e9l\u00e9charg\u00e9s&nbsp;?<\/strong><\/p>\n\n\n\n<p>Tous nos mod\u00e8les de documents sont compatibles avec la majorit\u00e9 des logiciels de traitement de texte. Nous travaillons en partenariat avec Microsoft.<\/p>\n\n\n\n<p>Pour personnaliser vos documents, visitez la page suivante :&nbsp;<a href=\"http:\/\/agrement-qualite.fr\/boutique\/personnaliser-mes-documents\/\">Personnaliser Mes Documents<\/a><\/p>\n\n\n\n<p><\/p>\n\n\n\n<p> <\/div><\/div><\/div>\n\n\n<p style=\"text-align: justify;\">\n<\/p><p style=\"text-align: center;\"><strong>Si vous ne trouvez pas ce que vous cherchez, demandez !<\/strong><\/p>\n<p style=\"text-align: center;\">Nous sommes l\u00e0 pour vous aider, il y&nbsp; a forc\u00e9ment une solution adapt\u00e9e ! <a title=\"Contact\" href=\"http:\/\/agrement-qualite.fr\/boutique\/contact\/\" target=\"_blank\" rel=\"noopener noreferrer\">Appelez-nous <\/a>!<\/p>","protected":false},"excerpt":{"rendered":"<p>&hellip; <a class=\"read-more-link\" href=\"https:\/\/agrement-qualite.fr\/boutique\/faq-foire-aux-questions\/\">Read More<\/a><\/p>\n","protected":false},"author":2,"featured_media":0,"parent":0,"menu_order":0,"comment_status":"closed","ping_status":"open","template":"","meta":{"footnotes":""},"class_list":["post-123","page","type-page","status-publish","hentry"],"yoast_head":"<!-- This site is optimized with the Yoast SEO plugin v27.5 - https:\/\/yoast.com\/product\/yoast-seo-wordpress\/ -->\n<title>FAQ - Foire Aux Questions - Agrement-Qualite.fr<\/title>\n<meta name=\"robots\" content=\"index, follow, max-snippet:-1, max-image-preview:large, max-video-preview:-1\" \/>\n<link rel=\"canonical\" href=\"https:\/\/agrement-qualite.fr\/boutique\/faq-foire-aux-questions\/\" \/>\n<meta property=\"og:locale\" content=\"fr_FR\" \/>\n<meta property=\"og:type\" content=\"article\" \/>\n<meta property=\"og:title\" content=\"FAQ - Foire Aux Questions - Agrement-Qualite.fr\" \/>\n<meta property=\"og:description\" content=\"&hellip; Read More\" \/>\n<meta property=\"og:url\" content=\"https:\/\/agrement-qualite.fr\/boutique\/faq-foire-aux-questions\/\" \/>\n<meta property=\"og:site_name\" content=\"Agrement-Qualite.fr\" \/>\n<meta property=\"article:modified_time\" content=\"2021-11-14T01:53:42+00:00\" \/>\n<meta property=\"og:image\" content=\"https:\/\/agrement-qualite.fr\/boutique\/wp-content\/uploads\/2021\/11\/loghi_pagamento.png\" \/>\n<meta name=\"twitter:card\" content=\"summary_large_image\" \/>\n<meta name=\"twitter:label1\" content=\"Dur\u00e9e de lecture estim\u00e9e\" \/>\n\t<meta name=\"twitter:data1\" content=\"5 minutes\" \/>\n<script type=\"application\/ld+json\" class=\"yoast-schema-graph\">{\"@context\":\"https:\\\/\\\/schema.org\",\"@graph\":[{\"@type\":\"WebPage\",\"@id\":\"https:\\\/\\\/agrement-qualite.fr\\\/boutique\\\/faq-foire-aux-questions\\\/\",\"url\":\"https:\\\/\\\/agrement-qualite.fr\\\/boutique\\\/faq-foire-aux-questions\\\/\",\"name\":\"FAQ - Foire Aux Questions - Agrement-Qualite.fr\",\"isPartOf\":{\"@id\":\"https:\\\/\\\/agrement-qualite.fr\\\/boutique\\\/#website\"},\"primaryImageOfPage\":{\"@id\":\"https:\\\/\\\/agrement-qualite.fr\\\/boutique\\\/faq-foire-aux-questions\\\/#primaryimage\"},\"image\":{\"@id\":\"https:\\\/\\\/agrement-qualite.fr\\\/boutique\\\/faq-foire-aux-questions\\\/#primaryimage\"},\"thumbnailUrl\":\"https:\\\/\\\/agrement-qualite.fr\\\/boutique\\\/wp-content\\\/uploads\\\/2021\\\/11\\\/loghi_pagamento.png\",\"datePublished\":\"2012-08-06T03:51:07+00:00\",\"dateModified\":\"2021-11-14T01:53:42+00:00\",\"breadcrumb\":{\"@id\":\"https:\\\/\\\/agrement-qualite.fr\\\/boutique\\\/faq-foire-aux-questions\\\/#breadcrumb\"},\"inLanguage\":\"fr-FR\",\"potentialAction\":[{\"@type\":\"ReadAction\",\"target\":[\"https:\\\/\\\/agrement-qualite.fr\\\/boutique\\\/faq-foire-aux-questions\\\/\"]}]},{\"@type\":\"ImageObject\",\"inLanguage\":\"fr-FR\",\"@id\":\"https:\\\/\\\/agrement-qualite.fr\\\/boutique\\\/faq-foire-aux-questions\\\/#primaryimage\",\"url\":\"https:\\\/\\\/agrement-qualite.fr\\\/boutique\\\/wp-content\\\/uploads\\\/2021\\\/11\\\/loghi_pagamento.png\",\"contentUrl\":\"https:\\\/\\\/agrement-qualite.fr\\\/boutique\\\/wp-content\\\/uploads\\\/2021\\\/11\\\/loghi_pagamento.png\",\"width\":555,\"height\":100},{\"@type\":\"BreadcrumbList\",\"@id\":\"https:\\\/\\\/agrement-qualite.fr\\\/boutique\\\/faq-foire-aux-questions\\\/#breadcrumb\",\"itemListElement\":[{\"@type\":\"ListItem\",\"position\":1,\"name\":\"Accueil\",\"item\":\"https:\\\/\\\/agrement-qualite.fr\\\/boutique\\\/\"},{\"@type\":\"ListItem\",\"position\":2,\"name\":\"FAQ &#8211; Foire Aux Questions\"}]},{\"@type\":\"WebSite\",\"@id\":\"https:\\\/\\\/agrement-qualite.fr\\\/boutique\\\/#website\",\"url\":\"https:\\\/\\\/agrement-qualite.fr\\\/boutique\\\/\",\"name\":\"Agrement-Qualite.fr\",\"description\":\"Toute l&#039;aide pour votre agr\u00e9ment de services \u00e0 la personne\",\"publisher\":{\"@id\":\"https:\\\/\\\/agrement-qualite.fr\\\/boutique\\\/#organization\"},\"alternateName\":\"Agrement-Qualite.fr\",\"potentialAction\":[{\"@type\":\"SearchAction\",\"target\":{\"@type\":\"EntryPoint\",\"urlTemplate\":\"https:\\\/\\\/agrement-qualite.fr\\\/boutique\\\/?s={search_term_string}\"},\"query-input\":{\"@type\":\"PropertyValueSpecification\",\"valueRequired\":true,\"valueName\":\"search_term_string\"}}],\"inLanguage\":\"fr-FR\"},{\"@type\":\"Organization\",\"@id\":\"https:\\\/\\\/agrement-qualite.fr\\\/boutique\\\/#organization\",\"name\":\"Agrement-Qualite.fr\",\"alternateName\":\"Agrement-Qualite.fr\",\"url\":\"https:\\\/\\\/agrement-qualite.fr\\\/boutique\\\/\",\"logo\":{\"@type\":\"ImageObject\",\"inLanguage\":\"fr-FR\",\"@id\":\"https:\\\/\\\/agrement-qualite.fr\\\/boutique\\\/#\\\/schema\\\/logo\\\/image\\\/\",\"url\":\"https:\\\/\\\/agrement-qualite.fr\\\/boutique\\\/wp-content\\\/uploads\\\/2020\\\/07\\\/AGREMENT-QUALITE-1.png\",\"contentUrl\":\"https:\\\/\\\/agrement-qualite.fr\\\/boutique\\\/wp-content\\\/uploads\\\/2020\\\/07\\\/AGREMENT-QUALITE-1.png\",\"width\":201,\"height\":37,\"caption\":\"Agrement-Qualite.fr\"},\"image\":{\"@id\":\"https:\\\/\\\/agrement-qualite.fr\\\/boutique\\\/#\\\/schema\\\/logo\\\/image\\\/\"}}]}<\/script>\n<!-- \/ Yoast SEO plugin. -->","yoast_head_json":{"title":"FAQ - Foire Aux Questions - Agrement-Qualite.fr","robots":{"index":"index","follow":"follow","max-snippet":"max-snippet:-1","max-image-preview":"max-image-preview:large","max-video-preview":"max-video-preview:-1"},"canonical":"https:\/\/agrement-qualite.fr\/boutique\/faq-foire-aux-questions\/","og_locale":"fr_FR","og_type":"article","og_title":"FAQ - Foire Aux Questions - Agrement-Qualite.fr","og_description":"&hellip; Read More","og_url":"https:\/\/agrement-qualite.fr\/boutique\/faq-foire-aux-questions\/","og_site_name":"Agrement-Qualite.fr","article_modified_time":"2021-11-14T01:53:42+00:00","og_image":[{"url":"https:\/\/agrement-qualite.fr\/boutique\/wp-content\/uploads\/2021\/11\/loghi_pagamento.png","type":"","width":"","height":""}],"twitter_card":"summary_large_image","twitter_misc":{"Dur\u00e9e de lecture estim\u00e9e":"5 minutes"},"schema":{"@context":"https:\/\/schema.org","@graph":[{"@type":"WebPage","@id":"https:\/\/agrement-qualite.fr\/boutique\/faq-foire-aux-questions\/","url":"https:\/\/agrement-qualite.fr\/boutique\/faq-foire-aux-questions\/","name":"FAQ - Foire Aux Questions - Agrement-Qualite.fr","isPartOf":{"@id":"https:\/\/agrement-qualite.fr\/boutique\/#website"},"primaryImageOfPage":{"@id":"https:\/\/agrement-qualite.fr\/boutique\/faq-foire-aux-questions\/#primaryimage"},"image":{"@id":"https:\/\/agrement-qualite.fr\/boutique\/faq-foire-aux-questions\/#primaryimage"},"thumbnailUrl":"https:\/\/agrement-qualite.fr\/boutique\/wp-content\/uploads\/2021\/11\/loghi_pagamento.png","datePublished":"2012-08-06T03:51:07+00:00","dateModified":"2021-11-14T01:53:42+00:00","breadcrumb":{"@id":"https:\/\/agrement-qualite.fr\/boutique\/faq-foire-aux-questions\/#breadcrumb"},"inLanguage":"fr-FR","potentialAction":[{"@type":"ReadAction","target":["https:\/\/agrement-qualite.fr\/boutique\/faq-foire-aux-questions\/"]}]},{"@type":"ImageObject","inLanguage":"fr-FR","@id":"https:\/\/agrement-qualite.fr\/boutique\/faq-foire-aux-questions\/#primaryimage","url":"https:\/\/agrement-qualite.fr\/boutique\/wp-content\/uploads\/2021\/11\/loghi_pagamento.png","contentUrl":"https:\/\/agrement-qualite.fr\/boutique\/wp-content\/uploads\/2021\/11\/loghi_pagamento.png","width":555,"height":100},{"@type":"BreadcrumbList","@id":"https:\/\/agrement-qualite.fr\/boutique\/faq-foire-aux-questions\/#breadcrumb","itemListElement":[{"@type":"ListItem","position":1,"name":"Accueil","item":"https:\/\/agrement-qualite.fr\/boutique\/"},{"@type":"ListItem","position":2,"name":"FAQ &#8211; Foire Aux Questions"}]},{"@type":"WebSite","@id":"https:\/\/agrement-qualite.fr\/boutique\/#website","url":"https:\/\/agrement-qualite.fr\/boutique\/","name":"Agrement-Qualite.fr","description":"Toute l&#039;aide pour votre agr\u00e9ment de services \u00e0 la personne","publisher":{"@id":"https:\/\/agrement-qualite.fr\/boutique\/#organization"},"alternateName":"Agrement-Qualite.fr","potentialAction":[{"@type":"SearchAction","target":{"@type":"EntryPoint","urlTemplate":"https:\/\/agrement-qualite.fr\/boutique\/?s={search_term_string}"},"query-input":{"@type":"PropertyValueSpecification","valueRequired":true,"valueName":"search_term_string"}}],"inLanguage":"fr-FR"},{"@type":"Organization","@id":"https:\/\/agrement-qualite.fr\/boutique\/#organization","name":"Agrement-Qualite.fr","alternateName":"Agrement-Qualite.fr","url":"https:\/\/agrement-qualite.fr\/boutique\/","logo":{"@type":"ImageObject","inLanguage":"fr-FR","@id":"https:\/\/agrement-qualite.fr\/boutique\/#\/schema\/logo\/image\/","url":"https:\/\/agrement-qualite.fr\/boutique\/wp-content\/uploads\/2020\/07\/AGREMENT-QUALITE-1.png","contentUrl":"https:\/\/agrement-qualite.fr\/boutique\/wp-content\/uploads\/2020\/07\/AGREMENT-QUALITE-1.png","width":201,"height":37,"caption":"Agrement-Qualite.fr"},"image":{"@id":"https:\/\/agrement-qualite.fr\/boutique\/#\/schema\/logo\/image\/"}}]}},"_links":{"self":[{"href":"https:\/\/agrement-qualite.fr\/boutique\/wp-json\/wp\/v2\/pages\/123","targetHints":{"allow":["GET"]}}],"collection":[{"href":"https:\/\/agrement-qualite.fr\/boutique\/wp-json\/wp\/v2\/pages"}],"about":[{"href":"https:\/\/agrement-qualite.fr\/boutique\/wp-json\/wp\/v2\/types\/page"}],"author":[{"embeddable":true,"href":"https:\/\/agrement-qualite.fr\/boutique\/wp-json\/wp\/v2\/users\/2"}],"replies":[{"embeddable":true,"href":"https:\/\/agrement-qualite.fr\/boutique\/wp-json\/wp\/v2\/comments?post=123"}],"version-history":[{"count":53,"href":"https:\/\/agrement-qualite.fr\/boutique\/wp-json\/wp\/v2\/pages\/123\/revisions"}],"predecessor-version":[{"id":12127,"href":"https:\/\/agrement-qualite.fr\/boutique\/wp-json\/wp\/v2\/pages\/123\/revisions\/12127"}],"wp:attachment":[{"href":"https:\/\/agrement-qualite.fr\/boutique\/wp-json\/wp\/v2\/media?parent=123"}],"curies":[{"name":"wp","href":"https:\/\/api.w.org\/{rel}","templated":true}]}}