{"id":2022,"date":"2015-06-03T17:52:07","date_gmt":"2015-06-03T15:52:07","guid":{"rendered":"http:\/\/agrement-qualite.fr\/boutique\/?page_id=2022"},"modified":"2015-06-03T18:22:54","modified_gmt":"2015-06-03T16:22:54","slug":"demande-detude-de-mon-dossier-de-demande-dagrement-sap","status":"publish","type":"page","link":"https:\/\/agrement-qualite.fr\/boutique\/demande-detude-de-mon-dossier-de-demande-dagrement-sap\/","title":{"rendered":"Demande d&rsquo;\u00e9tude de mon dossier de demande d&rsquo;agr\u00e9ment SAP"},"content":{"rendered":"<p>Vous avez r\u00e9dig\u00e9 et construit votre dossier de demande d&rsquo;agr\u00e9ment de services \u00e0 la personne et vous d\u00e9sirez qu&rsquo;il soit v\u00e9rifi\u00e9 par un professionnel avant son envoi officiel ?<\/p>\n<p style=\"text-align: center;\"><strong>Demandez-nous une <span style=\"text-decoration: underline;\">\u00e9tude gratuite<\/span> !\u00a0<\/strong><\/p>\n<p style=\"text-align: center;\"><span style=\"color: #ff0000;\"><strong>Nous v\u00e9rifions gratuitement votre dossier avant son envoi.<\/strong><\/span><\/p>\n<p>Compl\u00e9tez le formulaire ci-dessous et cliquez sur \u00ab\u00a0Envoyer\u00a0\u00bb pour qu&rsquo;un expert v\u00e9rifie votre dossier.<\/p>\n<p>Sous 72h, votre expert vous fera part de ses remarques et suggestions par email.<\/p>\n<hr \/>\n<h3 style=\"text-align: center;\"><strong>Compl\u00e9tez le formulaire ci-dessous pour faire v\u00e9rifier votre dossier par un expert Gratuitement<\/strong><\/h3>\n<hr \/>\n<p style=\"text-align: center;\">\n<div class=\"wpcf7 no-js\" id=\"wpcf7-f2023-o1\" lang=\"fr-FR\" dir=\"ltr\" data-wpcf7-id=\"2023\">\n<div class=\"screen-reader-response\"><p role=\"status\" aria-live=\"polite\" aria-atomic=\"true\"><\/p> <ul><\/ul><\/div>\n<form action=\"\/boutique\/wp-json\/wp\/v2\/pages\/2022#wpcf7-f2023-o1\" method=\"post\" class=\"wpcf7-form init\" aria-label=\"Formulaire de contact\" enctype=\"multipart\/form-data\" novalidate=\"novalidate\" data-status=\"init\">\n<fieldset class=\"hidden-fields-container\"><input type=\"hidden\" name=\"_wpcf7\" value=\"2023\" \/><input type=\"hidden\" name=\"_wpcf7_version\" value=\"6.1.5\" \/><input type=\"hidden\" name=\"_wpcf7_locale\" value=\"fr_FR\" \/><input type=\"hidden\" name=\"_wpcf7_unit_tag\" value=\"wpcf7-f2023-o1\" \/><input type=\"hidden\" name=\"_wpcf7_container_post\" value=\"0\" \/><input type=\"hidden\" name=\"_wpcf7_posted_data_hash\" value=\"\" \/>\n<\/fieldset>\n<p>Votre nom (obligatoire)\n<\/p>\n<p><span class=\"wpcf7-form-control-wrap\" data-name=\"your-name\"><input size=\"40\" maxlength=\"400\" class=\"wpcf7-form-control wpcf7-text wpcf7-validates-as-required\" aria-required=\"true\" aria-invalid=\"false\" placeholder=\"NOM\" value=\"\" type=\"text\" name=\"your-name\" \/><\/span>\n<\/p>\n<p>Votre pr\u00e9nom (obligatoire)\n<\/p>\n<p><span class=\"wpcf7-form-control-wrap\" data-name=\"Prnom\"><input size=\"40\" maxlength=\"400\" class=\"wpcf7-form-control wpcf7-text wpcf7-validates-as-required\" aria-required=\"true\" aria-invalid=\"false\" placeholder=\"Pr\u00e9nom\" value=\"\" type=\"text\" name=\"Prnom\" \/><\/span>\n<\/p>\n<p>Votre email (obligatoire)\n<\/p>\n<p><span class=\"wpcf7-form-control-wrap\" data-name=\"your-email\"><input size=\"40\" maxlength=\"400\" class=\"wpcf7-form-control wpcf7-email wpcf7-validates-as-required wpcf7-text wpcf7-validates-as-email\" aria-required=\"true\" aria-invalid=\"false\" placeholder=\"em@il\" value=\"\" type=\"email\" name=\"your-email\" \/><\/span>\n<\/p>\n<p>Votre num\u00e9ro de t\u00e9l\u00e9phone (obligatoire)\n<\/p>\n<p><span class=\"wpcf7-form-control-wrap\" data-name=\"tel\"><input size=\"40\" maxlength=\"400\" class=\"wpcf7-form-control wpcf7-text wpcf7-validates-as-required\" aria-required=\"true\" aria-invalid=\"false\" placeholder=\"T\u00e9l\u00e9phone\" value=\"\" type=\"text\" name=\"tel\" \/><\/span>\n<\/p>\n<p>Votre message, vos questions :\n<\/p>\n<p><span class=\"wpcf7-form-control-wrap\" data-name=\"your-message\"><textarea cols=\"40\" rows=\"10\" maxlength=\"2000\" class=\"wpcf7-form-control wpcf7-textarea\" aria-invalid=\"false\" name=\"your-message\"><\/textarea><\/span>\n<\/p>\n<p>Vous \u00eates ... (obligatoire)\n<\/p>\n<p><span class=\"wpcf7-form-control-wrap\" data-name=\"situation\"><span class=\"wpcf7-form-control wpcf7-checkbox wpcf7-validates-as-required\"><span class=\"wpcf7-list-item first\"><input type=\"checkbox\" name=\"situation[]\" value=\"Prestataire\" \/><span class=\"wpcf7-list-item-label\">Prestataire<\/span><\/span><span class=\"wpcf7-list-item last\"><input type=\"checkbox\" name=\"situation[]\" value=\"Mandataire\" \/><span class=\"wpcf7-list-item-label\">Mandataire<\/span><\/span><\/span><\/span>\n<\/p>\n<p>Les documents \u00e0 v\u00e9rifier :\n<\/p>\n<p>Document d'\u00e9valuation des besoins\n<\/p>\n<p><span class=\"wpcf7-form-control-wrap\" data-name=\"doc-eval\"><input size=\"40\" class=\"wpcf7-form-control wpcf7-file\" accept=\"audio\/*,video\/*,image\/*\" aria-invalid=\"false\" type=\"file\" name=\"doc-eval\" \/><\/span>\n<\/p>\n<p>Contrat de prestation avec bordereau de r\u00e9tractation (pour les prestataires)\n<\/p>\n<p><span class=\"wpcf7-form-control-wrap\" data-name=\"cont-prest\"><input size=\"40\" class=\"wpcf7-form-control wpcf7-file\" accept=\"audio\/*,video\/*,image\/*\" aria-invalid=\"false\" type=\"file\" name=\"cont-prest\" \/><\/span>\n<\/p>\n<p>Contrat de mandat avec bordereau de r\u00e9tractation (pour les mandataires)\n<\/p>\n<p><span class=\"wpcf7-form-control-wrap\" data-name=\"cont-mandat\"><input size=\"40\" class=\"wpcf7-form-control wpcf7-file\" accept=\"audio\/*,video\/*,image\/*\" aria-invalid=\"false\" type=\"file\" name=\"cont-mandat\" \/><\/span>\n<\/p>\n<p>Document d'information en mati\u00e8re fiscale\n<\/p>\n<p><span class=\"wpcf7-form-control-wrap\" data-name=\"doc-fscal\"><input size=\"40\" class=\"wpcf7-form-control wpcf7-file\" accept=\"audio\/*,video\/*,image\/*\" aria-invalid=\"false\" type=\"file\" name=\"doc-fscal\" \/><\/span>\n<\/p>\n<p>Mod\u00e8le de devis\n<\/p>\n<p><span class=\"wpcf7-form-control-wrap\" data-name=\"devis\"><input size=\"40\" class=\"wpcf7-form-control wpcf7-file\" accept=\"audio\/*,video\/*,image\/*\" aria-invalid=\"false\" type=\"file\" name=\"devis\" \/><\/span>\n<\/p>\n<p>Mod\u00e8le de facture\n<\/p>\n<p><span class=\"wpcf7-form-control-wrap\" data-name=\"facture\"><input size=\"40\" class=\"wpcf7-form-control wpcf7-file\" accept=\"audio\/*,video\/*,image\/*\" aria-invalid=\"false\" type=\"file\" name=\"facture\" \/><\/span>\n<\/p>\n<p>Mod\u00e8le d'attestation fiscale annuelle\n<\/p>\n<p><span class=\"wpcf7-form-control-wrap\" data-name=\"att-fiscale\"><input size=\"40\" class=\"wpcf7-form-control wpcf7-file\" accept=\"audio\/*,video\/*,image\/*\" aria-invalid=\"false\" type=\"file\" name=\"att-fiscale\" \/><\/span>\n<\/p>\n<p>Cadre de l'enqu\u00eate qualit\u00e9\n<\/p>\n<p><span class=\"wpcf7-form-control-wrap\" data-name=\"enqu-qualite\"><input size=\"40\" class=\"wpcf7-form-control wpcf7-file\" accept=\"audio\/*,video\/*,image\/*\" aria-invalid=\"false\" type=\"file\" name=\"enqu-qualite\" \/><\/span>\n<\/p>\n<p>Livret d'accueil\n<\/p>\n<p><span class=\"wpcf7-form-control-wrap\" data-name=\"Livretdaccueil\"><input size=\"40\" class=\"wpcf7-form-control wpcf7-file\" accept=\"audio\/*,video\/*,image\/*\" aria-invalid=\"false\" type=\"file\" name=\"Livretdaccueil\" \/><\/span>\n<\/p>\n<p>Cahier de liaison\n<\/p>\n<p><span class=\"wpcf7-form-control-wrap\" data-name=\"cahierliaison\"><input size=\"40\" class=\"wpcf7-form-control wpcf7-file\" accept=\"audio\/*,video\/*,image\/*\" aria-invalid=\"false\" type=\"file\" name=\"cahierliaison\" \/><\/span>\n<\/p>\n<p>Mod\u00e8le de contrat de travail (si intervenant salari\u00e9)\n<\/p>\n<p><span class=\"wpcf7-form-control-wrap\" data-name=\"cont-travail\"><input size=\"40\" class=\"wpcf7-form-control wpcf7-file\" accept=\"audio\/*,video\/*,image\/*\" aria-invalid=\"false\" type=\"file\" name=\"cont-travail\" \/><\/span>\n<\/p>\n<p>Formulaire d'entretien avec les candidats (pour les mandataires)\n<\/p>\n<p><span class=\"wpcf7-form-control-wrap\" data-name=\"entretien-candidat\"><input size=\"40\" class=\"wpcf7-form-control wpcf7-file\" accept=\"audio\/*,video\/*,image\/*\" aria-invalid=\"false\" type=\"file\" name=\"entretien-candidat\" \/><\/span>\n<\/p>\n<p>Fiche Candidat \u00e0 remettre au particulier-employeur (pour les mandataires)\n<\/p>\n<p><span class=\"wpcf7-form-control-wrap\" data-name=\"part-employ\"><input size=\"40\" class=\"wpcf7-form-control wpcf7-file\" accept=\"audio\/*,video\/*,image\/*\" aria-invalid=\"false\" type=\"file\" name=\"part-employ\" \/><\/span>\n<\/p>\n<p><input type=\"hidden\" name=\"_wpcf7_captcha_challenge_captcha-666\" value=\"1651599925\" \/><img decoding=\"async\" class=\"wpcf7-form-control wpcf7-captchac wpcf7-captcha-captcha-666\" width=\"72\" height=\"24\" alt=\"captcha\" src=\"https:\/\/agrement-qualite.fr\/boutique\/wp-content\/uploads\/wpcf7_captcha\/1651599925.png\" \/>\n<\/p>\n<p>Recopiez le captcha ci-dessous :\n<\/p>\n<p><span class=\"wpcf7-form-control-wrap\" data-name=\"captcha-666\"><input size=\"40\" class=\"wpcf7-form-control wpcf7-captchar\" autocomplete=\"off\" aria-invalid=\"false\" placeholder=\"Entrez le captcha ici\" value=\"\" type=\"text\" name=\"captcha-666\" \/><\/span>\n<\/p>\n<p><input class=\"wpcf7-form-control wpcf7-submit has-spinner\" type=\"submit\" value=\"Envoyer\" \/>\n<\/p><div class=\"wpcf7-response-output\" aria-hidden=\"true\"><\/div>\n<\/form>\n<\/div>\n<\/p>\n","protected":false},"excerpt":{"rendered":"<p>&hellip; <a class=\"read-more-link\" href=\"https:\/\/agrement-qualite.fr\/boutique\/demande-detude-de-mon-dossier-de-demande-dagrement-sap\/\">Read More<\/a><\/p>\n","protected":false},"author":2,"featured_media":0,"parent":0,"menu_order":0,"comment_status":"closed","ping_status":"closed","template":"","meta":{"footnotes":""},"class_list":["post-2022","page","type-page","status-publish","hentry"],"yoast_head":"<!-- This site is optimized with the Yoast SEO plugin v27.4 - https:\/\/yoast.com\/product\/yoast-seo-wordpress\/ -->\n<title>Demande d&#039;\u00e9tude de mon dossier de demande d&#039;agr\u00e9ment SAP - Agrement-Qualite.fr<\/title>\n<meta name=\"robots\" content=\"index, follow, max-snippet:-1, max-image-preview:large, max-video-preview:-1\" \/>\n<link rel=\"canonical\" href=\"https:\/\/agrement-qualite.fr\/boutique\/demande-detude-de-mon-dossier-de-demande-dagrement-sap\/\" \/>\n<meta property=\"og:locale\" content=\"fr_FR\" \/>\n<meta property=\"og:type\" content=\"article\" \/>\n<meta property=\"og:title\" content=\"Demande d&#039;\u00e9tude de mon dossier de demande d&#039;agr\u00e9ment SAP - Agrement-Qualite.fr\" \/>\n<meta property=\"og:description\" content=\"&hellip; Read More\" \/>\n<meta property=\"og:url\" content=\"https:\/\/agrement-qualite.fr\/boutique\/demande-detude-de-mon-dossier-de-demande-dagrement-sap\/\" \/>\n<meta property=\"og:site_name\" content=\"Agrement-Qualite.fr\" \/>\n<meta property=\"article:modified_time\" content=\"2015-06-03T16:22:54+00:00\" \/>\n<meta name=\"twitter:card\" content=\"summary_large_image\" \/>\n<meta name=\"twitter:label1\" content=\"Dur\u00e9e de lecture estim\u00e9e\" \/>\n\t<meta name=\"twitter:data1\" content=\"1 minute\" \/>\n<script type=\"application\/ld+json\" class=\"yoast-schema-graph\">{\"@context\":\"https:\\\/\\\/schema.org\",\"@graph\":[{\"@type\":\"WebPage\",\"@id\":\"https:\\\/\\\/agrement-qualite.fr\\\/boutique\\\/demande-detude-de-mon-dossier-de-demande-dagrement-sap\\\/\",\"url\":\"https:\\\/\\\/agrement-qualite.fr\\\/boutique\\\/demande-detude-de-mon-dossier-de-demande-dagrement-sap\\\/\",\"name\":\"Demande d'\u00e9tude de mon dossier de demande d'agr\u00e9ment SAP - Agrement-Qualite.fr\",\"isPartOf\":{\"@id\":\"https:\\\/\\\/agrement-qualite.fr\\\/boutique\\\/#website\"},\"datePublished\":\"2015-06-03T15:52:07+00:00\",\"dateModified\":\"2015-06-03T16:22:54+00:00\",\"breadcrumb\":{\"@id\":\"https:\\\/\\\/agrement-qualite.fr\\\/boutique\\\/demande-detude-de-mon-dossier-de-demande-dagrement-sap\\\/#breadcrumb\"},\"inLanguage\":\"fr-FR\",\"potentialAction\":[{\"@type\":\"ReadAction\",\"target\":[\"https:\\\/\\\/agrement-qualite.fr\\\/boutique\\\/demande-detude-de-mon-dossier-de-demande-dagrement-sap\\\/\"]}]},{\"@type\":\"BreadcrumbList\",\"@id\":\"https:\\\/\\\/agrement-qualite.fr\\\/boutique\\\/demande-detude-de-mon-dossier-de-demande-dagrement-sap\\\/#breadcrumb\",\"itemListElement\":[{\"@type\":\"ListItem\",\"position\":1,\"name\":\"Accueil\",\"item\":\"https:\\\/\\\/agrement-qualite.fr\\\/boutique\\\/\"},{\"@type\":\"ListItem\",\"position\":2,\"name\":\"Demande d&#8217;\u00e9tude de mon dossier de demande d&#8217;agr\u00e9ment SAP\"}]},{\"@type\":\"WebSite\",\"@id\":\"https:\\\/\\\/agrement-qualite.fr\\\/boutique\\\/#website\",\"url\":\"https:\\\/\\\/agrement-qualite.fr\\\/boutique\\\/\",\"name\":\"Agrement-Qualite.fr\",\"description\":\"Toute l&#039;aide pour votre agr\u00e9ment de services \u00e0 la personne\",\"publisher\":{\"@id\":\"https:\\\/\\\/agrement-qualite.fr\\\/boutique\\\/#organization\"},\"alternateName\":\"Agrement-Qualite.fr\",\"potentialAction\":[{\"@type\":\"SearchAction\",\"target\":{\"@type\":\"EntryPoint\",\"urlTemplate\":\"https:\\\/\\\/agrement-qualite.fr\\\/boutique\\\/?s={search_term_string}\"},\"query-input\":{\"@type\":\"PropertyValueSpecification\",\"valueRequired\":true,\"valueName\":\"search_term_string\"}}],\"inLanguage\":\"fr-FR\"},{\"@type\":\"Organization\",\"@id\":\"https:\\\/\\\/agrement-qualite.fr\\\/boutique\\\/#organization\",\"name\":\"Agrement-Qualite.fr\",\"alternateName\":\"Agrement-Qualite.fr\",\"url\":\"https:\\\/\\\/agrement-qualite.fr\\\/boutique\\\/\",\"logo\":{\"@type\":\"ImageObject\",\"inLanguage\":\"fr-FR\",\"@id\":\"https:\\\/\\\/agrement-qualite.fr\\\/boutique\\\/#\\\/schema\\\/logo\\\/image\\\/\",\"url\":\"https:\\\/\\\/agrement-qualite.fr\\\/boutique\\\/wp-content\\\/uploads\\\/2020\\\/07\\\/AGREMENT-QUALITE-1.png\",\"contentUrl\":\"https:\\\/\\\/agrement-qualite.fr\\\/boutique\\\/wp-content\\\/uploads\\\/2020\\\/07\\\/AGREMENT-QUALITE-1.png\",\"width\":201,\"height\":37,\"caption\":\"Agrement-Qualite.fr\"},\"image\":{\"@id\":\"https:\\\/\\\/agrement-qualite.fr\\\/boutique\\\/#\\\/schema\\\/logo\\\/image\\\/\"}}]}<\/script>\n<!-- \/ Yoast SEO plugin. -->","yoast_head_json":{"title":"Demande d'\u00e9tude de mon dossier de demande d'agr\u00e9ment SAP - Agrement-Qualite.fr","robots":{"index":"index","follow":"follow","max-snippet":"max-snippet:-1","max-image-preview":"max-image-preview:large","max-video-preview":"max-video-preview:-1"},"canonical":"https:\/\/agrement-qualite.fr\/boutique\/demande-detude-de-mon-dossier-de-demande-dagrement-sap\/","og_locale":"fr_FR","og_type":"article","og_title":"Demande d'\u00e9tude de mon dossier de demande d'agr\u00e9ment SAP - Agrement-Qualite.fr","og_description":"&hellip; Read More","og_url":"https:\/\/agrement-qualite.fr\/boutique\/demande-detude-de-mon-dossier-de-demande-dagrement-sap\/","og_site_name":"Agrement-Qualite.fr","article_modified_time":"2015-06-03T16:22:54+00:00","twitter_card":"summary_large_image","twitter_misc":{"Dur\u00e9e de lecture estim\u00e9e":"1 minute"},"schema":{"@context":"https:\/\/schema.org","@graph":[{"@type":"WebPage","@id":"https:\/\/agrement-qualite.fr\/boutique\/demande-detude-de-mon-dossier-de-demande-dagrement-sap\/","url":"https:\/\/agrement-qualite.fr\/boutique\/demande-detude-de-mon-dossier-de-demande-dagrement-sap\/","name":"Demande d'\u00e9tude de mon dossier de demande d'agr\u00e9ment SAP - Agrement-Qualite.fr","isPartOf":{"@id":"https:\/\/agrement-qualite.fr\/boutique\/#website"},"datePublished":"2015-06-03T15:52:07+00:00","dateModified":"2015-06-03T16:22:54+00:00","breadcrumb":{"@id":"https:\/\/agrement-qualite.fr\/boutique\/demande-detude-de-mon-dossier-de-demande-dagrement-sap\/#breadcrumb"},"inLanguage":"fr-FR","potentialAction":[{"@type":"ReadAction","target":["https:\/\/agrement-qualite.fr\/boutique\/demande-detude-de-mon-dossier-de-demande-dagrement-sap\/"]}]},{"@type":"BreadcrumbList","@id":"https:\/\/agrement-qualite.fr\/boutique\/demande-detude-de-mon-dossier-de-demande-dagrement-sap\/#breadcrumb","itemListElement":[{"@type":"ListItem","position":1,"name":"Accueil","item":"https:\/\/agrement-qualite.fr\/boutique\/"},{"@type":"ListItem","position":2,"name":"Demande d&#8217;\u00e9tude de mon dossier de demande d&#8217;agr\u00e9ment SAP"}]},{"@type":"WebSite","@id":"https:\/\/agrement-qualite.fr\/boutique\/#website","url":"https:\/\/agrement-qualite.fr\/boutique\/","name":"Agrement-Qualite.fr","description":"Toute l&#039;aide pour votre agr\u00e9ment de services \u00e0 la personne","publisher":{"@id":"https:\/\/agrement-qualite.fr\/boutique\/#organization"},"alternateName":"Agrement-Qualite.fr","potentialAction":[{"@type":"SearchAction","target":{"@type":"EntryPoint","urlTemplate":"https:\/\/agrement-qualite.fr\/boutique\/?s={search_term_string}"},"query-input":{"@type":"PropertyValueSpecification","valueRequired":true,"valueName":"search_term_string"}}],"inLanguage":"fr-FR"},{"@type":"Organization","@id":"https:\/\/agrement-qualite.fr\/boutique\/#organization","name":"Agrement-Qualite.fr","alternateName":"Agrement-Qualite.fr","url":"https:\/\/agrement-qualite.fr\/boutique\/","logo":{"@type":"ImageObject","inLanguage":"fr-FR","@id":"https:\/\/agrement-qualite.fr\/boutique\/#\/schema\/logo\/image\/","url":"https:\/\/agrement-qualite.fr\/boutique\/wp-content\/uploads\/2020\/07\/AGREMENT-QUALITE-1.png","contentUrl":"https:\/\/agrement-qualite.fr\/boutique\/wp-content\/uploads\/2020\/07\/AGREMENT-QUALITE-1.png","width":201,"height":37,"caption":"Agrement-Qualite.fr"},"image":{"@id":"https:\/\/agrement-qualite.fr\/boutique\/#\/schema\/logo\/image\/"}}]}},"_links":{"self":[{"href":"https:\/\/agrement-qualite.fr\/boutique\/wp-json\/wp\/v2\/pages\/2022","targetHints":{"allow":["GET"]}}],"collection":[{"href":"https:\/\/agrement-qualite.fr\/boutique\/wp-json\/wp\/v2\/pages"}],"about":[{"href":"https:\/\/agrement-qualite.fr\/boutique\/wp-json\/wp\/v2\/types\/page"}],"author":[{"embeddable":true,"href":"https:\/\/agrement-qualite.fr\/boutique\/wp-json\/wp\/v2\/users\/2"}],"replies":[{"embeddable":true,"href":"https:\/\/agrement-qualite.fr\/boutique\/wp-json\/wp\/v2\/comments?post=2022"}],"version-history":[{"count":11,"href":"https:\/\/agrement-qualite.fr\/boutique\/wp-json\/wp\/v2\/pages\/2022\/revisions"}],"predecessor-version":[{"id":2035,"href":"https:\/\/agrement-qualite.fr\/boutique\/wp-json\/wp\/v2\/pages\/2022\/revisions\/2035"}],"wp:attachment":[{"href":"https:\/\/agrement-qualite.fr\/boutique\/wp-json\/wp\/v2\/media?parent=2022"}],"curies":[{"name":"wp","href":"https:\/\/api.w.org\/{rel}","templated":true}]}}