{"id":2373,"date":"2015-11-17T15:02:07","date_gmt":"2015-11-17T14:02:07","guid":{"rendered":"https:\/\/agrement-qualite.fr\/boutique\/?page_id=2373"},"modified":"2021-11-10T15:09:25","modified_gmt":"2021-11-10T14:09:25","slug":"bordereau-de-retraction-de-commande","status":"publish","type":"page","link":"https:\/\/agrement-qualite.fr\/boutique\/bordereau-de-retraction-de-commande\/","title":{"rendered":"Bordereau de r\u00e9traction de commande"},"content":{"rendered":"<p style=\"text-align: justify;\"><strong>Vous souhaitez r\u00e9tracter une commande\u00a0 ?<\/strong><\/p>\n<p>Vous disposez d&rsquo;un d\u00e9lai de 14 jours \u00e0 compter de la date de votre commande pour exercer votre droit de r\u00e9tractation. Pour cela, imprimez, remplissez et renvoyez-nous en lettre recommand\u00e9e avec accus\u00e9 de r\u00e9ception, le bordereau de r\u00e9tractation de commande ci-dessous.<\/p>\n<p>Les frais de retour de votre commande restent \u00e0 votre charge. Les produits d\u00e9ball\u00e9s ne seront pas rembours\u00e9s.<\/p>\n<p>Pour les produits t\u00e9l\u00e9chargeables ou personnalis\u00e9s, vous avez renonc\u00e9 \u00e0 votre droit de r\u00e9tractation conform\u00e9ment \u00e0 nos <a href=\"https:\/\/agrement-qualite.fr\/boutique\/conditions-generales-de-vente\/\">CGV<\/a> et de la r\u00e8glementation en vigueur.<\/p>\n<hr \/>\n<p>Je vous notifie par la pr\u00e9sente ma r\u00e9tractation de la commande indiqu\u00e9e ci-dessous :<\/p>\n<p>Commande n\u00b0 :<\/p>\n<p>Date de la commande :<\/p>\n<p>Nom du client :<\/p>\n<p>Adresse du client :<\/p>\n<p>Email du client :<\/p>\n<p>Tel du client :<\/p>\n<p>Signature du client :<\/p>\n<p>Date :<\/p>\n<p style=\"text-align: center;\">A envoyer en lettre recommand\u00e9e avec accus\u00e9 de r\u00e9ception \u00e0 :<\/p>\n<p style=\"text-align: center;\"><a href=\"https:\/\/agrement-qualite.fr\/boutique\/contact-us\/\">Nos coordonn\u00e9es<\/a><\/p>\n<hr \/>\n","protected":false},"excerpt":{"rendered":"<p>&hellip; <a class=\"read-more-link\" href=\"https:\/\/agrement-qualite.fr\/boutique\/bordereau-de-retraction-de-commande\/\">Read More<\/a><\/p>\n","protected":false},"author":2,"featured_media":0,"parent":0,"menu_order":0,"comment_status":"closed","ping_status":"closed","template":"","meta":{"footnotes":""},"class_list":["post-2373","page","type-page","status-publish","hentry"],"yoast_head":"<!-- This site is optimized with the Yoast SEO plugin v27.5 - https:\/\/yoast.com\/product\/yoast-seo-wordpress\/ -->\n<title>Bordereau de r\u00e9traction de commande - Agrement-Qualite.fr<\/title>\n<meta name=\"robots\" content=\"index, follow, max-snippet:-1, max-image-preview:large, max-video-preview:-1\" \/>\n<link rel=\"canonical\" href=\"https:\/\/agrement-qualite.fr\/boutique\/bordereau-de-retraction-de-commande\/\" \/>\n<meta property=\"og:locale\" content=\"fr_FR\" \/>\n<meta property=\"og:type\" content=\"article\" \/>\n<meta property=\"og:title\" content=\"Bordereau de r\u00e9traction de commande - Agrement-Qualite.fr\" \/>\n<meta property=\"og:description\" content=\"&hellip; Read More\" \/>\n<meta property=\"og:url\" content=\"https:\/\/agrement-qualite.fr\/boutique\/bordereau-de-retraction-de-commande\/\" \/>\n<meta property=\"og:site_name\" content=\"Agrement-Qualite.fr\" \/>\n<meta property=\"article:modified_time\" content=\"2021-11-10T14:09:25+00:00\" \/>\n<meta name=\"twitter:card\" content=\"summary_large_image\" \/>\n<meta name=\"twitter:label1\" content=\"Dur\u00e9e de lecture estim\u00e9e\" \/>\n\t<meta name=\"twitter:data1\" content=\"1 minute\" \/>\n<script type=\"application\/ld+json\" class=\"yoast-schema-graph\">{\"@context\":\"https:\\\/\\\/schema.org\",\"@graph\":[{\"@type\":\"WebPage\",\"@id\":\"https:\\\/\\\/agrement-qualite.fr\\\/boutique\\\/bordereau-de-retraction-de-commande\\\/\",\"url\":\"https:\\\/\\\/agrement-qualite.fr\\\/boutique\\\/bordereau-de-retraction-de-commande\\\/\",\"name\":\"Bordereau de r\u00e9traction de commande - Agrement-Qualite.fr\",\"isPartOf\":{\"@id\":\"https:\\\/\\\/agrement-qualite.fr\\\/boutique\\\/#website\"},\"datePublished\":\"2015-11-17T14:02:07+00:00\",\"dateModified\":\"2021-11-10T14:09:25+00:00\",\"breadcrumb\":{\"@id\":\"https:\\\/\\\/agrement-qualite.fr\\\/boutique\\\/bordereau-de-retraction-de-commande\\\/#breadcrumb\"},\"inLanguage\":\"fr-FR\",\"potentialAction\":[{\"@type\":\"ReadAction\",\"target\":[\"https:\\\/\\\/agrement-qualite.fr\\\/boutique\\\/bordereau-de-retraction-de-commande\\\/\"]}]},{\"@type\":\"BreadcrumbList\",\"@id\":\"https:\\\/\\\/agrement-qualite.fr\\\/boutique\\\/bordereau-de-retraction-de-commande\\\/#breadcrumb\",\"itemListElement\":[{\"@type\":\"ListItem\",\"position\":1,\"name\":\"Accueil\",\"item\":\"https:\\\/\\\/agrement-qualite.fr\\\/boutique\\\/\"},{\"@type\":\"ListItem\",\"position\":2,\"name\":\"Bordereau de r\u00e9traction de commande\"}]},{\"@type\":\"WebSite\",\"@id\":\"https:\\\/\\\/agrement-qualite.fr\\\/boutique\\\/#website\",\"url\":\"https:\\\/\\\/agrement-qualite.fr\\\/boutique\\\/\",\"name\":\"Agrement-Qualite.fr\",\"description\":\"Toute l&#039;aide pour votre agr\u00e9ment de services \u00e0 la personne\",\"publisher\":{\"@id\":\"https:\\\/\\\/agrement-qualite.fr\\\/boutique\\\/#organization\"},\"alternateName\":\"Agrement-Qualite.fr\",\"potentialAction\":[{\"@type\":\"SearchAction\",\"target\":{\"@type\":\"EntryPoint\",\"urlTemplate\":\"https:\\\/\\\/agrement-qualite.fr\\\/boutique\\\/?s={search_term_string}\"},\"query-input\":{\"@type\":\"PropertyValueSpecification\",\"valueRequired\":true,\"valueName\":\"search_term_string\"}}],\"inLanguage\":\"fr-FR\"},{\"@type\":\"Organization\",\"@id\":\"https:\\\/\\\/agrement-qualite.fr\\\/boutique\\\/#organization\",\"name\":\"Agrement-Qualite.fr\",\"alternateName\":\"Agrement-Qualite.fr\",\"url\":\"https:\\\/\\\/agrement-qualite.fr\\\/boutique\\\/\",\"logo\":{\"@type\":\"ImageObject\",\"inLanguage\":\"fr-FR\",\"@id\":\"https:\\\/\\\/agrement-qualite.fr\\\/boutique\\\/#\\\/schema\\\/logo\\\/image\\\/\",\"url\":\"https:\\\/\\\/agrement-qualite.fr\\\/boutique\\\/wp-content\\\/uploads\\\/2020\\\/07\\\/AGREMENT-QUALITE-1.png\",\"contentUrl\":\"https:\\\/\\\/agrement-qualite.fr\\\/boutique\\\/wp-content\\\/uploads\\\/2020\\\/07\\\/AGREMENT-QUALITE-1.png\",\"width\":201,\"height\":37,\"caption\":\"Agrement-Qualite.fr\"},\"image\":{\"@id\":\"https:\\\/\\\/agrement-qualite.fr\\\/boutique\\\/#\\\/schema\\\/logo\\\/image\\\/\"}}]}<\/script>\n<!-- \/ Yoast SEO plugin. -->","yoast_head_json":{"title":"Bordereau de r\u00e9traction de commande - Agrement-Qualite.fr","robots":{"index":"index","follow":"follow","max-snippet":"max-snippet:-1","max-image-preview":"max-image-preview:large","max-video-preview":"max-video-preview:-1"},"canonical":"https:\/\/agrement-qualite.fr\/boutique\/bordereau-de-retraction-de-commande\/","og_locale":"fr_FR","og_type":"article","og_title":"Bordereau de r\u00e9traction de commande - Agrement-Qualite.fr","og_description":"&hellip; Read More","og_url":"https:\/\/agrement-qualite.fr\/boutique\/bordereau-de-retraction-de-commande\/","og_site_name":"Agrement-Qualite.fr","article_modified_time":"2021-11-10T14:09:25+00:00","twitter_card":"summary_large_image","twitter_misc":{"Dur\u00e9e de lecture estim\u00e9e":"1 minute"},"schema":{"@context":"https:\/\/schema.org","@graph":[{"@type":"WebPage","@id":"https:\/\/agrement-qualite.fr\/boutique\/bordereau-de-retraction-de-commande\/","url":"https:\/\/agrement-qualite.fr\/boutique\/bordereau-de-retraction-de-commande\/","name":"Bordereau de r\u00e9traction de commande - Agrement-Qualite.fr","isPartOf":{"@id":"https:\/\/agrement-qualite.fr\/boutique\/#website"},"datePublished":"2015-11-17T14:02:07+00:00","dateModified":"2021-11-10T14:09:25+00:00","breadcrumb":{"@id":"https:\/\/agrement-qualite.fr\/boutique\/bordereau-de-retraction-de-commande\/#breadcrumb"},"inLanguage":"fr-FR","potentialAction":[{"@type":"ReadAction","target":["https:\/\/agrement-qualite.fr\/boutique\/bordereau-de-retraction-de-commande\/"]}]},{"@type":"BreadcrumbList","@id":"https:\/\/agrement-qualite.fr\/boutique\/bordereau-de-retraction-de-commande\/#breadcrumb","itemListElement":[{"@type":"ListItem","position":1,"name":"Accueil","item":"https:\/\/agrement-qualite.fr\/boutique\/"},{"@type":"ListItem","position":2,"name":"Bordereau de r\u00e9traction de commande"}]},{"@type":"WebSite","@id":"https:\/\/agrement-qualite.fr\/boutique\/#website","url":"https:\/\/agrement-qualite.fr\/boutique\/","name":"Agrement-Qualite.fr","description":"Toute l&#039;aide pour votre agr\u00e9ment de services \u00e0 la personne","publisher":{"@id":"https:\/\/agrement-qualite.fr\/boutique\/#organization"},"alternateName":"Agrement-Qualite.fr","potentialAction":[{"@type":"SearchAction","target":{"@type":"EntryPoint","urlTemplate":"https:\/\/agrement-qualite.fr\/boutique\/?s={search_term_string}"},"query-input":{"@type":"PropertyValueSpecification","valueRequired":true,"valueName":"search_term_string"}}],"inLanguage":"fr-FR"},{"@type":"Organization","@id":"https:\/\/agrement-qualite.fr\/boutique\/#organization","name":"Agrement-Qualite.fr","alternateName":"Agrement-Qualite.fr","url":"https:\/\/agrement-qualite.fr\/boutique\/","logo":{"@type":"ImageObject","inLanguage":"fr-FR","@id":"https:\/\/agrement-qualite.fr\/boutique\/#\/schema\/logo\/image\/","url":"https:\/\/agrement-qualite.fr\/boutique\/wp-content\/uploads\/2020\/07\/AGREMENT-QUALITE-1.png","contentUrl":"https:\/\/agrement-qualite.fr\/boutique\/wp-content\/uploads\/2020\/07\/AGREMENT-QUALITE-1.png","width":201,"height":37,"caption":"Agrement-Qualite.fr"},"image":{"@id":"https:\/\/agrement-qualite.fr\/boutique\/#\/schema\/logo\/image\/"}}]}},"_links":{"self":[{"href":"https:\/\/agrement-qualite.fr\/boutique\/wp-json\/wp\/v2\/pages\/2373","targetHints":{"allow":["GET"]}}],"collection":[{"href":"https:\/\/agrement-qualite.fr\/boutique\/wp-json\/wp\/v2\/pages"}],"about":[{"href":"https:\/\/agrement-qualite.fr\/boutique\/wp-json\/wp\/v2\/types\/page"}],"author":[{"embeddable":true,"href":"https:\/\/agrement-qualite.fr\/boutique\/wp-json\/wp\/v2\/users\/2"}],"replies":[{"embeddable":true,"href":"https:\/\/agrement-qualite.fr\/boutique\/wp-json\/wp\/v2\/comments?post=2373"}],"version-history":[{"count":2,"href":"https:\/\/agrement-qualite.fr\/boutique\/wp-json\/wp\/v2\/pages\/2373\/revisions"}],"predecessor-version":[{"id":12064,"href":"https:\/\/agrement-qualite.fr\/boutique\/wp-json\/wp\/v2\/pages\/2373\/revisions\/12064"}],"wp:attachment":[{"href":"https:\/\/agrement-qualite.fr\/boutique\/wp-json\/wp\/v2\/media?parent=2373"}],"curies":[{"name":"wp","href":"https:\/\/api.w.org\/{rel}","templated":true}]}}