{"id":886,"date":"2013-05-17T23:53:28","date_gmt":"2013-05-17T21:53:28","guid":{"rendered":"http:\/\/agrement-qualite.fr\/boutique\/?page_id=886"},"modified":"2020-12-29T22:16:48","modified_gmt":"2020-12-29T21:16:48","slug":"paiement-en-3-fois","status":"publish","type":"page","link":"https:\/\/agrement-qualite.fr\/boutique\/paiement-en-3-fois\/","title":{"rendered":"Payez jusqu&rsquo;\u00e0 4 fois votre commande !"},"content":{"rendered":"\n<figure class=\"wp-block-image size-large\"><a href=\"https:\/\/www.paypal.com\/fr\/webapps\/mpp\/4x\"><img decoding=\"async\" src=\"https:\/\/agrement-qualite.fr\/boutique\/paypal4fois\/\"\/><\/a><\/figure>\n\n\n<div>Avec cette nouvelle option, <strong>PayPal\u00a0 vous permet d\u2019effectuer des achats en 4 fois, pour des montants de 50 \u00e0 2 000 euros.<\/strong><\/div>\n<div>\u00a0<\/div>\n<div>L\u2019option <strong>\u00ab\u00a0<em>Paiement en 4 fois<\/em>\u00a0\u00bb<\/strong>, disponible pour un achat r\u00e9alis\u00e9 avec PayPal, appara\u00eet alors automatiquement comme un moyen de paiement suppl\u00e9mentaire dans la liste des modes de financement disponibles au sein m\u00eame du compte PayPal lors de votre passage en caisse.<\/div>\n<div>\u00a0<\/div>\n<blockquote>\n<div>\u00ab\u00a0<em>Avec le paiement en 4X, nous offrons \u00e0 nos utilisateurs davantage de choix et de flexibilit\u00e9 dans le domaine des achats en ligne. Aujourd\u2019hui, nous sommes heureux de pouvoir leur offrir la possibilit\u00e9 d\u2019adapter leurs d\u00e9penses, notamment pour des achats cons\u00e9quents avec un service tout aussi rapide, facile, s\u00e9curis\u00e9, au moment o\u00f9 nous vivons une situation sans pr\u00e9c\u00e9dent\u00a0\u00bb\u00a0<\/em>d\u00e9clare Francis Barel, Directeur PayPal en France.<\/div>\n<\/blockquote>\n<div>\u00a0<\/div>\n<div>Au niveau des\u00a0frais, le remboursement se fait par 4 \u00e9ch\u00e9ances r\u00e9parties sur 3 mois, avec des frais de 2,1% du montant de la transaction pour le consommateur (avec un maximum de 20\u20ac), qui sont d\u00e9bit\u00e9s automatiquement sur le compte PayPal du client.<\/div>\n<div><br \/>Par exemple, pour un achat\u00a0de 499 euros, il faudra compter 4 versements de 127,37\u20ac, pour un montant total \u00e0 payer, frais inclus, de 509,48\u20ac.<\/div>\n<div>\u00a0<\/div>\n<div>Sur l\u2019application,\u00a0vous retrouverez votre \u00e9ch\u00e9ancier, et vous serez\u00a0\u00e9galement averti, par mail, d\u2019un pr\u00e9l\u00e8vement \u00e0 venir.<\/div>\n<div><br \/>Il est possible de proc\u00e9der \u00e0 des remboursements partiels ou un remboursement int\u00e9gral \u00e0 tout moment.<\/div>\n<div>\u00a0<\/div>\n<div>Toutes les informations sont disponibles sur le site\u00a0<a title=\"Paypal 4x\" href=\"https:\/\/www.paypal.com\/fr\/webapps\/mpp\/4x\" target=\"_blank\" rel=\"noopener noreferrer\">PayPal<\/a>.<\/div>\n\n\n<p> <\/p>\n\n\n\n<div class=\"wp-block-image is-style-default\"><figure class=\"aligncenter size-large is-resized\"><a href=\"https:\/\/www.paypal.com\/fr\/webapps\/mpp\/4x\"><img fetchpriority=\"high\" decoding=\"async\" src=\"https:\/\/agrement-qualite.fr\/boutique\/payer-en-4fois-paypal\/\" alt=\"\" width=\"250\" height=\"205\"\/><\/a><\/figure><\/div>\n\n\n<p style=\"text-align: justify;\">\u00a0<\/p>\n<h5 style=\"text-align: justify;\">Comment proc\u00e9der ?<\/h5>\n<p style=\"text-align: justify;\">Pour commander et r\u00e9gler votre commande en plusieurs fois, il vous suffit d&rsquo;ajouter vos produits\/services dans votre panier et de proc\u00e9der \u00e0 la commande. A la rubrique \u00ab\u00a0m\u00e9thode de paiement\u00a0\u00bb, s\u00e9lectionnez \u00ab\u00a0Paypal\u00a0\u00bb. Vous serez alors invit\u00e9(e) \u00e0 vous connecter ou \u00e0 cr\u00e9er un compte Paypal. Vous pourrez alors choisir le r\u00e8glement en 4 fois*, propos\u00e9 par Paypal.<\/p>\n<p><strong>* Sous r\u00e9serve d&rsquo;acceptation par PayPal et soumis \u00e0 <a href=\"https:\/\/www.paypal.com\/fr\/webapps\/mpp\/ua\/pay-in-4x-full\">conditions<\/a>. Offre de financement avec apport obligatoire et r\u00e9serv\u00e9e aux particuliers.<\/strong><br \/><strong>Cr\u00e9dit sur une dur\u00e9e de 3 mois avec frais de 2,1 % du montant de votre transaction plafonn\u00e9s \u00e0 20 \u20ac. Vous disposez d&rsquo;un d\u00e9lai de r\u00e9tractation<\/strong><br \/><strong>de 14 jours pour renoncer \u00e0 votre cr\u00e9dit. Le pr\u00eateur est PayPal (Europe) S.\u00e0 rl et Cie, SCA, 22-24 Boulevard Royal, L-2449 Luxembourg.<\/strong><\/p>\n<p>Pour consulter les CGV de Paypal, <a href=\"https:\/\/www.paypal.com\/fr\/webapps\/mpp\/ua\/pay-in-4x-full\">cliquez-ici<\/a>.<\/p>\n<p style=\"text-align: justify;\">Pour consulter nos conditions g\u00e9n\u00e9rales de vente, <a title=\"Conditions G\u00e9n\u00e9rales de Vente\" href=\"http:\/\/agrement-qualite.fr\/boutique\/conditions-generales-de-vente\/\" target=\"_blank\" rel=\"noopener noreferrer\">cliquez-ici<\/a>.<\/p>\n<p style=\"text-align: justify;\">Pour toute autre question, merci de nous <a title=\"Contactez-nous\" href=\"http:\/\/agrement-qualite.fr\/boutique\/contact-us\/\" target=\"_blank\" rel=\"noopener noreferrer\">contacter<\/a>.<\/p>\n<p style=\"text-align: justify;\">\u00a0<\/p>","protected":false},"excerpt":{"rendered":"<p>&hellip; <a class=\"read-more-link\" href=\"https:\/\/agrement-qualite.fr\/boutique\/paiement-en-3-fois\/\">Read More<\/a><\/p>\n","protected":false},"author":2,"featured_media":0,"parent":0,"menu_order":0,"comment_status":"closed","ping_status":"closed","template":"","meta":{"footnotes":""},"class_list":["post-886","page","type-page","status-publish","hentry"],"yoast_head":"<!-- This site is optimized with the Yoast SEO plugin v27.4 - https:\/\/yoast.com\/product\/yoast-seo-wordpress\/ -->\n<title>Payez jusqu&#039;\u00e0 4 fois votre commande ! - Agrement-Qualite.fr<\/title>\n<meta name=\"robots\" content=\"index, follow, max-snippet:-1, max-image-preview:large, max-video-preview:-1\" \/>\n<link rel=\"canonical\" href=\"https:\/\/agrement-qualite.fr\/boutique\/paiement-en-3-fois\/\" \/>\n<meta property=\"og:locale\" content=\"fr_FR\" \/>\n<meta property=\"og:type\" content=\"article\" \/>\n<meta property=\"og:title\" content=\"Payez jusqu&#039;\u00e0 4 fois votre commande ! - Agrement-Qualite.fr\" \/>\n<meta property=\"og:description\" content=\"&hellip; Read More\" \/>\n<meta property=\"og:url\" content=\"https:\/\/agrement-qualite.fr\/boutique\/paiement-en-3-fois\/\" \/>\n<meta property=\"og:site_name\" content=\"Agrement-Qualite.fr\" \/>\n<meta property=\"article:modified_time\" content=\"2020-12-29T21:16:48+00:00\" \/>\n<meta property=\"og:image\" content=\"https:\/\/agrement-qualite.fr\/boutique\/paypal4fois\/\" \/>\n<meta name=\"twitter:card\" content=\"summary_large_image\" \/>\n<meta name=\"twitter:label1\" content=\"Dur\u00e9e de lecture estim\u00e9e\" \/>\n\t<meta name=\"twitter:data1\" content=\"2 minutes\" \/>\n<script type=\"application\/ld+json\" class=\"yoast-schema-graph\">{\"@context\":\"https:\\\/\\\/schema.org\",\"@graph\":[{\"@type\":\"WebPage\",\"@id\":\"https:\\\/\\\/agrement-qualite.fr\\\/boutique\\\/paiement-en-3-fois\\\/\",\"url\":\"https:\\\/\\\/agrement-qualite.fr\\\/boutique\\\/paiement-en-3-fois\\\/\",\"name\":\"Payez jusqu'\u00e0 4 fois votre commande ! - Agrement-Qualite.fr\",\"isPartOf\":{\"@id\":\"https:\\\/\\\/agrement-qualite.fr\\\/boutique\\\/#website\"},\"primaryImageOfPage\":{\"@id\":\"https:\\\/\\\/agrement-qualite.fr\\\/boutique\\\/paiement-en-3-fois\\\/#primaryimage\"},\"image\":{\"@id\":\"https:\\\/\\\/agrement-qualite.fr\\\/boutique\\\/paiement-en-3-fois\\\/#primaryimage\"},\"thumbnailUrl\":\"https:\\\/\\\/agrement-qualite.fr\\\/boutique\\\/paypal4fois\\\/\",\"datePublished\":\"2013-05-17T21:53:28+00:00\",\"dateModified\":\"2020-12-29T21:16:48+00:00\",\"breadcrumb\":{\"@id\":\"https:\\\/\\\/agrement-qualite.fr\\\/boutique\\\/paiement-en-3-fois\\\/#breadcrumb\"},\"inLanguage\":\"fr-FR\",\"potentialAction\":[{\"@type\":\"ReadAction\",\"target\":[\"https:\\\/\\\/agrement-qualite.fr\\\/boutique\\\/paiement-en-3-fois\\\/\"]}]},{\"@type\":\"ImageObject\",\"inLanguage\":\"fr-FR\",\"@id\":\"https:\\\/\\\/agrement-qualite.fr\\\/boutique\\\/paiement-en-3-fois\\\/#primaryimage\",\"url\":\"https:\\\/\\\/agrement-qualite.fr\\\/boutique\\\/paypal4fois\\\/\",\"contentUrl\":\"https:\\\/\\\/agrement-qualite.fr\\\/boutique\\\/paypal4fois\\\/\"},{\"@type\":\"BreadcrumbList\",\"@id\":\"https:\\\/\\\/agrement-qualite.fr\\\/boutique\\\/paiement-en-3-fois\\\/#breadcrumb\",\"itemListElement\":[{\"@type\":\"ListItem\",\"position\":1,\"name\":\"Accueil\",\"item\":\"https:\\\/\\\/agrement-qualite.fr\\\/boutique\\\/\"},{\"@type\":\"ListItem\",\"position\":2,\"name\":\"Payez jusqu&#8217;\u00e0 4 fois votre commande !\"}]},{\"@type\":\"WebSite\",\"@id\":\"https:\\\/\\\/agrement-qualite.fr\\\/boutique\\\/#website\",\"url\":\"https:\\\/\\\/agrement-qualite.fr\\\/boutique\\\/\",\"name\":\"Agrement-Qualite.fr\",\"description\":\"Toute l&#039;aide pour votre agr\u00e9ment de services \u00e0 la personne\",\"publisher\":{\"@id\":\"https:\\\/\\\/agrement-qualite.fr\\\/boutique\\\/#organization\"},\"alternateName\":\"Agrement-Qualite.fr\",\"potentialAction\":[{\"@type\":\"SearchAction\",\"target\":{\"@type\":\"EntryPoint\",\"urlTemplate\":\"https:\\\/\\\/agrement-qualite.fr\\\/boutique\\\/?s={search_term_string}\"},\"query-input\":{\"@type\":\"PropertyValueSpecification\",\"valueRequired\":true,\"valueName\":\"search_term_string\"}}],\"inLanguage\":\"fr-FR\"},{\"@type\":\"Organization\",\"@id\":\"https:\\\/\\\/agrement-qualite.fr\\\/boutique\\\/#organization\",\"name\":\"Agrement-Qualite.fr\",\"alternateName\":\"Agrement-Qualite.fr\",\"url\":\"https:\\\/\\\/agrement-qualite.fr\\\/boutique\\\/\",\"logo\":{\"@type\":\"ImageObject\",\"inLanguage\":\"fr-FR\",\"@id\":\"https:\\\/\\\/agrement-qualite.fr\\\/boutique\\\/#\\\/schema\\\/logo\\\/image\\\/\",\"url\":\"https:\\\/\\\/agrement-qualite.fr\\\/boutique\\\/wp-content\\\/uploads\\\/2020\\\/07\\\/AGREMENT-QUALITE-1.png\",\"contentUrl\":\"https:\\\/\\\/agrement-qualite.fr\\\/boutique\\\/wp-content\\\/uploads\\\/2020\\\/07\\\/AGREMENT-QUALITE-1.png\",\"width\":201,\"height\":37,\"caption\":\"Agrement-Qualite.fr\"},\"image\":{\"@id\":\"https:\\\/\\\/agrement-qualite.fr\\\/boutique\\\/#\\\/schema\\\/logo\\\/image\\\/\"}}]}<\/script>\n<!-- \/ Yoast SEO plugin. -->","yoast_head_json":{"title":"Payez jusqu'\u00e0 4 fois votre commande ! - Agrement-Qualite.fr","robots":{"index":"index","follow":"follow","max-snippet":"max-snippet:-1","max-image-preview":"max-image-preview:large","max-video-preview":"max-video-preview:-1"},"canonical":"https:\/\/agrement-qualite.fr\/boutique\/paiement-en-3-fois\/","og_locale":"fr_FR","og_type":"article","og_title":"Payez jusqu'\u00e0 4 fois votre commande ! - Agrement-Qualite.fr","og_description":"&hellip; Read More","og_url":"https:\/\/agrement-qualite.fr\/boutique\/paiement-en-3-fois\/","og_site_name":"Agrement-Qualite.fr","article_modified_time":"2020-12-29T21:16:48+00:00","og_image":[{"url":"https:\/\/agrement-qualite.fr\/boutique\/paypal4fois\/","type":"","width":"","height":""}],"twitter_card":"summary_large_image","twitter_misc":{"Dur\u00e9e de lecture estim\u00e9e":"2 minutes"},"schema":{"@context":"https:\/\/schema.org","@graph":[{"@type":"WebPage","@id":"https:\/\/agrement-qualite.fr\/boutique\/paiement-en-3-fois\/","url":"https:\/\/agrement-qualite.fr\/boutique\/paiement-en-3-fois\/","name":"Payez jusqu'\u00e0 4 fois votre commande ! - Agrement-Qualite.fr","isPartOf":{"@id":"https:\/\/agrement-qualite.fr\/boutique\/#website"},"primaryImageOfPage":{"@id":"https:\/\/agrement-qualite.fr\/boutique\/paiement-en-3-fois\/#primaryimage"},"image":{"@id":"https:\/\/agrement-qualite.fr\/boutique\/paiement-en-3-fois\/#primaryimage"},"thumbnailUrl":"https:\/\/agrement-qualite.fr\/boutique\/paypal4fois\/","datePublished":"2013-05-17T21:53:28+00:00","dateModified":"2020-12-29T21:16:48+00:00","breadcrumb":{"@id":"https:\/\/agrement-qualite.fr\/boutique\/paiement-en-3-fois\/#breadcrumb"},"inLanguage":"fr-FR","potentialAction":[{"@type":"ReadAction","target":["https:\/\/agrement-qualite.fr\/boutique\/paiement-en-3-fois\/"]}]},{"@type":"ImageObject","inLanguage":"fr-FR","@id":"https:\/\/agrement-qualite.fr\/boutique\/paiement-en-3-fois\/#primaryimage","url":"https:\/\/agrement-qualite.fr\/boutique\/paypal4fois\/","contentUrl":"https:\/\/agrement-qualite.fr\/boutique\/paypal4fois\/"},{"@type":"BreadcrumbList","@id":"https:\/\/agrement-qualite.fr\/boutique\/paiement-en-3-fois\/#breadcrumb","itemListElement":[{"@type":"ListItem","position":1,"name":"Accueil","item":"https:\/\/agrement-qualite.fr\/boutique\/"},{"@type":"ListItem","position":2,"name":"Payez jusqu&#8217;\u00e0 4 fois votre commande !"}]},{"@type":"WebSite","@id":"https:\/\/agrement-qualite.fr\/boutique\/#website","url":"https:\/\/agrement-qualite.fr\/boutique\/","name":"Agrement-Qualite.fr","description":"Toute l&#039;aide pour votre agr\u00e9ment de services \u00e0 la personne","publisher":{"@id":"https:\/\/agrement-qualite.fr\/boutique\/#organization"},"alternateName":"Agrement-Qualite.fr","potentialAction":[{"@type":"SearchAction","target":{"@type":"EntryPoint","urlTemplate":"https:\/\/agrement-qualite.fr\/boutique\/?s={search_term_string}"},"query-input":{"@type":"PropertyValueSpecification","valueRequired":true,"valueName":"search_term_string"}}],"inLanguage":"fr-FR"},{"@type":"Organization","@id":"https:\/\/agrement-qualite.fr\/boutique\/#organization","name":"Agrement-Qualite.fr","alternateName":"Agrement-Qualite.fr","url":"https:\/\/agrement-qualite.fr\/boutique\/","logo":{"@type":"ImageObject","inLanguage":"fr-FR","@id":"https:\/\/agrement-qualite.fr\/boutique\/#\/schema\/logo\/image\/","url":"https:\/\/agrement-qualite.fr\/boutique\/wp-content\/uploads\/2020\/07\/AGREMENT-QUALITE-1.png","contentUrl":"https:\/\/agrement-qualite.fr\/boutique\/wp-content\/uploads\/2020\/07\/AGREMENT-QUALITE-1.png","width":201,"height":37,"caption":"Agrement-Qualite.fr"},"image":{"@id":"https:\/\/agrement-qualite.fr\/boutique\/#\/schema\/logo\/image\/"}}]}},"_links":{"self":[{"href":"https:\/\/agrement-qualite.fr\/boutique\/wp-json\/wp\/v2\/pages\/886","targetHints":{"allow":["GET"]}}],"collection":[{"href":"https:\/\/agrement-qualite.fr\/boutique\/wp-json\/wp\/v2\/pages"}],"about":[{"href":"https:\/\/agrement-qualite.fr\/boutique\/wp-json\/wp\/v2\/types\/page"}],"author":[{"embeddable":true,"href":"https:\/\/agrement-qualite.fr\/boutique\/wp-json\/wp\/v2\/users\/2"}],"replies":[{"embeddable":true,"href":"https:\/\/agrement-qualite.fr\/boutique\/wp-json\/wp\/v2\/comments?post=886"}],"version-history":[{"count":21,"href":"https:\/\/agrement-qualite.fr\/boutique\/wp-json\/wp\/v2\/pages\/886\/revisions"}],"predecessor-version":[{"id":11659,"href":"https:\/\/agrement-qualite.fr\/boutique\/wp-json\/wp\/v2\/pages\/886\/revisions\/11659"}],"wp:attachment":[{"href":"https:\/\/agrement-qualite.fr\/boutique\/wp-json\/wp\/v2\/media?parent=886"}],"curies":[{"name":"wp","href":"https:\/\/api.w.org\/{rel}","templated":true}]}}