{"id":109,"date":"2012-08-05T12:40:43","date_gmt":"2012-08-05T10:40:43","guid":{"rendered":"http:\/\/agrement-qualite.fr\/boutique\/?post_type=product&#038;p=109"},"modified":"2023-04-30T16:24:39","modified_gmt":"2023-04-30T14:24:39","slug":"dossier-je-cree-ma-structure-de-services-a-la-personne","status":"publish","type":"product","link":"https:\/\/agrement-qualite.fr\/boutique\/produit\/agrement-qualite\/dossier-je-cree-ma-structure-de-services-a-la-personne\/","title":{"rendered":"Dossier : Je cr\u00e9e ma structure de services \u00e0 la personne"},"content":{"rendered":"<p style=\"text-align: center;\"><span style=\"color: #ff0000;\"><strong>***Ce produit est remplac\u00e9 par \u00ab\u00a0<a style=\"color: #ff0000;\" href=\"https:\/\/agrement-qualite.fr\/boutique\/produit\/agrement-qualite\/dossier-jobtiens-mon-agrement-qualite-2015\/\" target=\"_blank\" rel=\"noopener noreferrer\">J&rsquo;obtiens mon agr\u00e9ment SAP<\/a>\u00ab\u00a0***<\/strong><\/span><\/p>\n<p style=\"text-align: justify;\">Ce <strong>dossier t\u00e9l\u00e9chargeable<\/strong> s&rsquo;adresse aux personnes d\u00e9sireuses de cr\u00e9er leur structure d&rsquo;aide \u00e0 domicile sous le champ des <em>services \u00e0 la personne (SAP)<\/em>. Que vous en soyez au stade de l&rsquo;id\u00e9e, \u00e0 la construction de votre projet ou vous \u00eates un jeune entrepreneur, ce dossier vous sera utile pour :<\/p>\n<p style=\"text-align: justify;\"><strong>&#8211; Connaitre le champ r\u00e9glement\u00e9 des Services \u00e0 la personne (SAP) :<\/strong> tout savoir sur les agr\u00e9ments et les autorisations, sur le fonctionnement du secteur de services \u00e0 la personne, sur le mode de fonctionnement tant au niveau des ressources humaines que de la gestion ou de la communication&#8230;<\/p>\n<p style=\"text-align: justify;\"><strong>&#8211; R\u00e9ussir dans les Services \u00e0 la personne (SAP) :<\/strong> Certaines m\u00e9thodes de travail vous sont d\u00e9voil\u00e9es afin de r\u00e9ussir la cr\u00e9ation de\u00a0 votre entreprise. Nous vous fournissons des outils de travail et des mod\u00e8les de documents administratifs afin de mieux g\u00e9rer votre activit\u00e9.<\/p>\n<p style=\"text-align: justify;\"><strong>&#8211; Obtenir votre agr\u00e9ment ou votre autorisation de services \u00e0 la personne (SAP) :<\/strong> Vous trouverez dans ce dossier toutes les astuces pour obtenir votre agr\u00e9ment ou votre autorisation <em>(ex agr\u00e9ment qualit\u00e9, ex agr\u00e9ment simple) <\/em>plus rapidement ! (100% de nos clients ont obtenu leur agr\u00e9ment\/autorisation \u00e0 l&rsquo;aide du dossier &#8211; 97% d&rsquo;entre eux l&rsquo;ont obtenu en moins de 3 semaines). En plus, il y a de nombreux documents personnalisables pour construire votre demande d&rsquo;agr\u00e9ment. Vous n&rsquo;aurez qu&rsquo;\u00e0 personnaliser les documents du dossier et les envoyer \u00e0 la Direccte de votre d\u00e9partement de r\u00e9sidence. Il ne reste plus qu&rsquo;\u00e0 attendre !<\/p>\n<p style=\"text-align: justify;\"><strong>&#8211; D\u00e9marrer rapidement :<\/strong> Sp\u00e9cialiste de l&rsquo;accompagnement du chef d&rsquo;entreprise m\u00e9dico-sociale et des services \u00e0 la personne, <strong>CA-SAP Editions<\/strong> \u00e0 r\u00e9unis dans un seul dossier, tous les documents pour faciliter la cr\u00e9ation et la r\u00e9ussite de sa propre entreprise de services \u00e0 la personne. Aussi, vous y trouverez la liste des meilleurs prestataires pour entrepreneurs de services \u00e0 la personne (mutuelles, assureurs, mobilier de bureau, logiciels etc&#8230;) \u00e0 des tarifs n\u00e9goci\u00e9s !<\/p>\n<p style=\"text-align: justify;\"><span style=\"text-decoration: underline;\"><strong>Le Contenu du dossier :<\/strong><\/span><\/p>\n<p style=\"text-align: justify;\">&#8211; Guides, articles, ressources et actualit\u00e9s du secteur des services \u00e0 la personne.<\/p>\n<p style=\"text-align: justify;\">&#8211; R\u00e9f\u00e9rences et fiches synth\u00e9tiques de la r\u00e8glementation adapt\u00e9e au secteur des services \u00e0 la personne.<\/p>\n<p style=\"text-align: justify;\">&#8211; Textes de lois, cahier des charges des agr\u00e9ments &amp; autorisations&#8230;<\/p>\n<p style=\"text-align: justify;\">&#8211; Les coordonn\u00e9es de prestataires adapt\u00e9s aux entrepreneurs de services \u00e0 la personne (RCP, mutuelles, assurances, mobilier de bureau, consommables etc) \u00e0 des tarifs n\u00e9goci\u00e9s !<\/p>\n<p style=\"text-align: justify;\">&#8211; Un ensemble de documents personnalisables (Word 97 minimum requis) afin de vous aider \u00e0 construire votre projet, trouver les financements, obtenir votre agr\u00e9ment (ou autorisation), g\u00e9rer le lancement \u00ab\u00a0orchestr\u00e9\u00a0\u00bb de votre entreprise et g\u00e9rer les premiers mois d&rsquo;activit\u00e9s.<\/p>\n<p style=\"text-align: justify;\">&#8211; <span style=\"text-decoration: underline;\">Les documents<\/span> : Attestation fiscale annuelle, devis, facture, grille tarifaire, livret d&rsquo;accueil, r\u00e8glement int\u00e9rieur, charte qualit\u00e9, contrats de travail, contrat de prestation, contrat de mandat, mod\u00e8le de statuts (sarl\/eurl, sas\/sasu, association&#8230;), business plan (plan d&rsquo;affaires), cahier de liaison, dossier de souscription client, grille d\u2019\u00e9valuation des besoins, fiches de poste, mod\u00e8le de bulletins de paie (avec m\u00e9thode de calcul), questionnaire satisfaction client\u00e8le, etc.<\/p>\n<p style=\"text-align: center;\"><strong>La liste est non-exhaustive.<br \/>\n<\/strong><\/p>\n<p style=\"text-align: center;\"><span style=\"color: #ff0000;\"><strong>&gt;&gt; ***Ce produit est remplac\u00e9 par \u00ab\u00a0<a href=\"https:\/\/agrement-qualite.fr\/boutique\/produit\/agrement-qualite\/dossier-jobtiens-mon-agrement-qualite-2015\/\" target=\"_blank\" rel=\"noopener noreferrer\">J&rsquo;obtiens mon agr\u00e9ment SAP<\/a>\u00ab\u00a0*** &lt;&lt;<\/strong><\/span><\/p>\n<p style=\"text-align: justify;\"><span style=\"text-decoration: underline;\">Proc\u00e9dure de t\u00e9l\u00e9chargement :<\/span> Pour acheter la version num\u00e9rique (t\u00e9l\u00e9chargeable) du \u00ab\u00a0<strong>dossier : Je cr\u00e9e mon entreprise de Services \u00e0 la Personne<\/strong>\u00ab\u00a0, ajoutez-le dans votre \u00ab\u00a0panier\u00a0\u00bb en cliquant sur \u00ab\u00a0Ajouter au panier\u00a0\u00bb. Vous allez \u00eatre redirig\u00e9 automatiquement vers le contenu de votre \u00ab\u00a0Panier\u00a0\u00bb. Si ce n&rsquo;est pas le cas, vous devez simplement cliquer sur \u00ab\u00a0Commande\u00a0\u00bb dans le menu du site. Poursuivez votre commande en suivant les instructions donn\u00e9es \u00e0 l&rsquo;\u00e9cran. D\u00e8s que votre commande est sold\u00e9e, vous recevrez par e-mail votre lien de t\u00e9l\u00e9chargement. Il suffit de cliquer alors sur le lien re\u00e7u pour lancer le t\u00e9l\u00e9chargement.<\/p>\n<p class=\"notice\"><strong>Configuration requise :<\/strong> \u2013 <span style=\"text-decoration: underline;\">Pour d\u00e9compresser le fichier compress\u00e9 .Rar :<\/span> Un d\u00e9-compresseur d&rsquo;archives supportant le format <strong>.Rar<\/strong>. Si vous n&rsquo;en poss\u00e9dez pas, vous pouvez en t\u00e9l\u00e9charger un <a title=\"T\u00e9l\u00e9charger gratuitement WinRar\" href=\"https:\/\/soft.telecharger.com\/Winrar.exe\" target=\"_blank\" rel=\"noopener noreferrer\">gratuitement ici<\/a>.<br \/>\n<span style=\"text-decoration: underline;\">Pour les documents personnalisables :<\/span> Pour lire, personnaliser et enregistrer les mod\u00e8les de documents, vous devrez disposer d&rsquo;un logiciel de traitement de texte prenant en charge les fichiers (.doc). Word\/Works 97 minimum. Si vous n&rsquo;en poss\u00e9dez pas, vous pouvez <a title=\"T\u00e9l\u00e9charger Gratuitement OpenOffice\" href=\"https:\/\/www.clubic.com\/lancer-le-telechargement-255914-0-openoffice-org.html\" target=\"_blank\" rel=\"noopener noreferrer\">t\u00e9l\u00e9charger gratuitement Open office<\/a> (semblable au pack office de Microsoft).<\/p>\n<p style=\"text-align: center;\"><span style=\"color: #ff0000;\"><strong>&gt;&gt; ***Ce produit est remplac\u00e9 par \u00ab\u00a0<a href=\"http:\/\/agrement-qualite.fr\/boutique\/produit\/agrement-qualite\/dossier-jobtiens-mon-agrement-qualite-2015\/\" target=\"_blank\" rel=\"noopener noreferrer\">J&rsquo;obtiens mon agr\u00e9ment SAP<\/a>\u00ab\u00a0*** &lt;&lt;<\/strong><\/span><\/p>\n","protected":false},"excerpt":{"rendered":"<p style=\"text-align: justify;\">Ce dossier <strong>T\u00e9l\u00e9chargeable<\/strong> s&rsquo;adresse aux personnes d\u00e9sireuses de cr\u00e9er leur structure d&rsquo;aide \u00e0 domicile sous le champ des services \u00e0 la personne (SAP). Que vous en soyez au stade de l&rsquo;id\u00e9e, de la construction de votre projet ou jeune entrepreneur, ce dossier vous sera utile pour r\u00e9ussir dans les services \u00e0 la personne (SAP).<\/p>\n<p style=\"text-align: center;\"><strong><span style=\"color: #ff0000;\">***Ce produit est remplac\u00e9 par le <\/span><\/strong><\/p>\n<p style=\"text-align: center;\"><strong><span style=\"color: #ff0000;\">dossier \u00ab\u00a0<a style=\"color: #ff0000;\" href=\"https:\/\/agrement-qualite.fr\/boutique\/produit\/agrement-qualite\/dossier-jobtiens-mon-agrement-qualite-2015\/\" target=\"_blank\" rel=\"noopener noreferrer\">J&rsquo;obtiens mon agr\u00e9ment SAP<\/a>\u00ab\u00a0***<\/span><\/strong><\/p>\n","protected":false},"featured_media":111,"comment_status":"open","ping_status":"closed","template":"","meta":[],"product_brand":[],"product_cat":[14,76],"product_tag":[21,20,26,22,25,27,28,29,23,16,19,24,18,135,136],"class_list":{"0":"post-109","1":"product","2":"type-product","3":"status-publish","4":"has-post-thumbnail","6":"product_cat-agrement-qualite","7":"product_cat-dossiers-complets","8":"product_tag-agrement","9":"product_tag-agrement-qualite-2","10":"product_tag-attestation-fiscale","11":"product_tag-autorisation-sap","12":"product_tag-contrat-de-prestation","13":"product_tag-credit-dimpot","14":"product_tag-dossier-agrement","15":"product_tag-dossier-complet-sap","16":"product_tag-grille-devaluation-des-besoins","17":"product_tag-livret-daccueil","18":"product_tag-mandataire","19":"product_tag-personnes-agees","20":"product_tag-prestataire","21":"product_tag-services-a-la-personne","22":"product_tag-telechargement","25":"first","26":"instock","27":"product-type-external"},"yoast_head":"<!-- This site is optimized with the Yoast SEO plugin v27.5 - https:\/\/yoast.com\/product\/yoast-seo-wordpress\/ -->\n<title>Dossier : Je cr\u00e9e ma structure de services \u00e0 la personne - Agrement-Qualite.fr<\/title>\n<meta name=\"description\" content=\"T\u00e9l\u00e9chargez notre dossier &quot;Je cr\u00e9e mon service d&#039;aide \u00e0 domicile&quot;. Cet outil vous permettra d&#039;avoir les premiers \u00e9l\u00e9ments pour conceptualiser votre projet !\" \/>\n<meta name=\"robots\" content=\"index, follow, max-snippet:-1, max-image-preview:large, max-video-preview:-1\" \/>\n<link rel=\"canonical\" href=\"https:\/\/agrement-qualite.fr\/boutique\/produit\/agrement-qualite\/dossier-je-cree-ma-structure-de-services-a-la-personne\/\" \/>\n<meta property=\"og:locale\" content=\"fr_FR\" \/>\n<meta property=\"og:type\" content=\"article\" \/>\n<meta property=\"og:title\" content=\"Dossier : Je cr\u00e9e ma structure de services \u00e0 la personne - Agrement-Qualite.fr\" \/>\n<meta property=\"og:description\" content=\"T\u00e9l\u00e9chargez notre dossier &quot;Je cr\u00e9e mon service d&#039;aide \u00e0 domicile&quot;. Cet outil vous permettra d&#039;avoir les premiers \u00e9l\u00e9ments pour conceptualiser votre projet !\" \/>\n<meta property=\"og:url\" content=\"https:\/\/agrement-qualite.fr\/boutique\/produit\/agrement-qualite\/dossier-je-cree-ma-structure-de-services-a-la-personne\/\" \/>\n<meta property=\"og:site_name\" content=\"Agrement-Qualite.fr\" \/>\n<meta property=\"article:modified_time\" content=\"2023-04-30T14:24:39+00:00\" \/>\n<meta property=\"og:image\" content=\"https:\/\/agrement-qualite.fr\/boutique\/wp-content\/uploads\/2012\/08\/vignette-dossier-sap-telechargement.png\" \/>\n\t<meta property=\"og:image:width\" content=\"380\" \/>\n\t<meta property=\"og:image:height\" content=\"380\" \/>\n\t<meta property=\"og:image:type\" content=\"image\/png\" \/>\n<meta name=\"twitter:card\" content=\"summary_large_image\" \/>\n<meta name=\"twitter:label1\" content=\"Dur\u00e9e de lecture estim\u00e9e\" \/>\n\t<meta name=\"twitter:data1\" content=\"4 minutes\" \/>\n<script type=\"application\/ld+json\" class=\"yoast-schema-graph\">{\"@context\":\"https:\\\/\\\/schema.org\",\"@graph\":[{\"@type\":\"WebPage\",\"@id\":\"https:\\\/\\\/agrement-qualite.fr\\\/boutique\\\/produit\\\/agrement-qualite\\\/dossier-je-cree-ma-structure-de-services-a-la-personne\\\/\",\"url\":\"https:\\\/\\\/agrement-qualite.fr\\\/boutique\\\/produit\\\/agrement-qualite\\\/dossier-je-cree-ma-structure-de-services-a-la-personne\\\/\",\"name\":\"Dossier : Je cr\u00e9e ma structure de services \u00e0 la personne - Agrement-Qualite.fr\",\"isPartOf\":{\"@id\":\"https:\\\/\\\/agrement-qualite.fr\\\/boutique\\\/#website\"},\"primaryImageOfPage\":{\"@id\":\"https:\\\/\\\/agrement-qualite.fr\\\/boutique\\\/produit\\\/agrement-qualite\\\/dossier-je-cree-ma-structure-de-services-a-la-personne\\\/#primaryimage\"},\"image\":{\"@id\":\"https:\\\/\\\/agrement-qualite.fr\\\/boutique\\\/produit\\\/agrement-qualite\\\/dossier-je-cree-ma-structure-de-services-a-la-personne\\\/#primaryimage\"},\"thumbnailUrl\":\"https:\\\/\\\/agrement-qualite.fr\\\/boutique\\\/wp-content\\\/uploads\\\/2012\\\/08\\\/vignette-dossier-sap-telechargement.png\",\"datePublished\":\"2012-08-05T10:40:43+00:00\",\"dateModified\":\"2023-04-30T14:24:39+00:00\",\"description\":\"T\u00e9l\u00e9chargez notre dossier \\\"Je cr\u00e9e mon service d'aide \u00e0 domicile\\\". Cet outil vous permettra d'avoir les premiers \u00e9l\u00e9ments pour conceptualiser votre projet !\",\"breadcrumb\":{\"@id\":\"https:\\\/\\\/agrement-qualite.fr\\\/boutique\\\/produit\\\/agrement-qualite\\\/dossier-je-cree-ma-structure-de-services-a-la-personne\\\/#breadcrumb\"},\"inLanguage\":\"fr-FR\",\"potentialAction\":[{\"@type\":\"ReadAction\",\"target\":[\"https:\\\/\\\/agrement-qualite.fr\\\/boutique\\\/produit\\\/agrement-qualite\\\/dossier-je-cree-ma-structure-de-services-a-la-personne\\\/\"]}]},{\"@type\":\"ImageObject\",\"inLanguage\":\"fr-FR\",\"@id\":\"https:\\\/\\\/agrement-qualite.fr\\\/boutique\\\/produit\\\/agrement-qualite\\\/dossier-je-cree-ma-structure-de-services-a-la-personne\\\/#primaryimage\",\"url\":\"https:\\\/\\\/agrement-qualite.fr\\\/boutique\\\/wp-content\\\/uploads\\\/2012\\\/08\\\/vignette-dossier-sap-telechargement.png\",\"contentUrl\":\"https:\\\/\\\/agrement-qualite.fr\\\/boutique\\\/wp-content\\\/uploads\\\/2012\\\/08\\\/vignette-dossier-sap-telechargement.png\",\"width\":\"380\",\"height\":\"380\",\"caption\":\"photo repr\u00e9sentant le logiciel cr\u00e9er son services d'aide \u00e0 domicile\"},{\"@type\":\"BreadcrumbList\",\"@id\":\"https:\\\/\\\/agrement-qualite.fr\\\/boutique\\\/produit\\\/agrement-qualite\\\/dossier-je-cree-ma-structure-de-services-a-la-personne\\\/#breadcrumb\",\"itemListElement\":[{\"@type\":\"ListItem\",\"position\":1,\"name\":\"Accueil\",\"item\":\"https:\\\/\\\/agrement-qualite.fr\\\/boutique\\\/\"},{\"@type\":\"ListItem\",\"position\":2,\"name\":\"Boutique\",\"item\":\"https:\\\/\\\/agrement-qualite.fr\\\/boutique\\\/boutique\\\/\"},{\"@type\":\"ListItem\",\"position\":3,\"name\":\"Dossier : Je cr\u00e9e ma structure de services \u00e0 la personne\"}]},{\"@type\":\"WebSite\",\"@id\":\"https:\\\/\\\/agrement-qualite.fr\\\/boutique\\\/#website\",\"url\":\"https:\\\/\\\/agrement-qualite.fr\\\/boutique\\\/\",\"name\":\"Agrement-Qualite.fr\",\"description\":\"Toute l&#039;aide pour votre agr\u00e9ment de services \u00e0 la personne\",\"publisher\":{\"@id\":\"https:\\\/\\\/agrement-qualite.fr\\\/boutique\\\/#organization\"},\"alternateName\":\"Agrement-Qualite.fr\",\"potentialAction\":[{\"@type\":\"SearchAction\",\"target\":{\"@type\":\"EntryPoint\",\"urlTemplate\":\"https:\\\/\\\/agrement-qualite.fr\\\/boutique\\\/?s={search_term_string}\"},\"query-input\":{\"@type\":\"PropertyValueSpecification\",\"valueRequired\":true,\"valueName\":\"search_term_string\"}}],\"inLanguage\":\"fr-FR\"},{\"@type\":\"Organization\",\"@id\":\"https:\\\/\\\/agrement-qualite.fr\\\/boutique\\\/#organization\",\"name\":\"Agrement-Qualite.fr\",\"alternateName\":\"Agrement-Qualite.fr\",\"url\":\"https:\\\/\\\/agrement-qualite.fr\\\/boutique\\\/\",\"logo\":{\"@type\":\"ImageObject\",\"inLanguage\":\"fr-FR\",\"@id\":\"https:\\\/\\\/agrement-qualite.fr\\\/boutique\\\/#\\\/schema\\\/logo\\\/image\\\/\",\"url\":\"https:\\\/\\\/agrement-qualite.fr\\\/boutique\\\/wp-content\\\/uploads\\\/2020\\\/07\\\/AGREMENT-QUALITE-1.png\",\"contentUrl\":\"https:\\\/\\\/agrement-qualite.fr\\\/boutique\\\/wp-content\\\/uploads\\\/2020\\\/07\\\/AGREMENT-QUALITE-1.png\",\"width\":201,\"height\":37,\"caption\":\"Agrement-Qualite.fr\"},\"image\":{\"@id\":\"https:\\\/\\\/agrement-qualite.fr\\\/boutique\\\/#\\\/schema\\\/logo\\\/image\\\/\"}}]}<\/script>\n<!-- \/ Yoast SEO plugin. -->","yoast_head_json":{"title":"Dossier : Je cr\u00e9e ma structure de services \u00e0 la personne - Agrement-Qualite.fr","description":"T\u00e9l\u00e9chargez notre dossier \"Je cr\u00e9e mon service d'aide \u00e0 domicile\". Cet outil vous permettra d'avoir les premiers \u00e9l\u00e9ments pour conceptualiser votre projet !","robots":{"index":"index","follow":"follow","max-snippet":"max-snippet:-1","max-image-preview":"max-image-preview:large","max-video-preview":"max-video-preview:-1"},"canonical":"https:\/\/agrement-qualite.fr\/boutique\/produit\/agrement-qualite\/dossier-je-cree-ma-structure-de-services-a-la-personne\/","og_locale":"fr_FR","og_type":"article","og_title":"Dossier : Je cr\u00e9e ma structure de services \u00e0 la personne - Agrement-Qualite.fr","og_description":"T\u00e9l\u00e9chargez notre dossier \"Je cr\u00e9e mon service d'aide \u00e0 domicile\". Cet outil vous permettra d'avoir les premiers \u00e9l\u00e9ments pour conceptualiser votre projet !","og_url":"https:\/\/agrement-qualite.fr\/boutique\/produit\/agrement-qualite\/dossier-je-cree-ma-structure-de-services-a-la-personne\/","og_site_name":"Agrement-Qualite.fr","article_modified_time":"2023-04-30T14:24:39+00:00","og_image":[{"width":380,"height":380,"url":"https:\/\/agrement-qualite.fr\/boutique\/wp-content\/uploads\/2012\/08\/vignette-dossier-sap-telechargement.png","type":"image\/png"}],"twitter_card":"summary_large_image","twitter_misc":{"Dur\u00e9e de lecture estim\u00e9e":"4 minutes"},"schema":{"@context":"https:\/\/schema.org","@graph":[{"@type":"WebPage","@id":"https:\/\/agrement-qualite.fr\/boutique\/produit\/agrement-qualite\/dossier-je-cree-ma-structure-de-services-a-la-personne\/","url":"https:\/\/agrement-qualite.fr\/boutique\/produit\/agrement-qualite\/dossier-je-cree-ma-structure-de-services-a-la-personne\/","name":"Dossier : Je cr\u00e9e ma structure de services \u00e0 la personne - Agrement-Qualite.fr","isPartOf":{"@id":"https:\/\/agrement-qualite.fr\/boutique\/#website"},"primaryImageOfPage":{"@id":"https:\/\/agrement-qualite.fr\/boutique\/produit\/agrement-qualite\/dossier-je-cree-ma-structure-de-services-a-la-personne\/#primaryimage"},"image":{"@id":"https:\/\/agrement-qualite.fr\/boutique\/produit\/agrement-qualite\/dossier-je-cree-ma-structure-de-services-a-la-personne\/#primaryimage"},"thumbnailUrl":"https:\/\/agrement-qualite.fr\/boutique\/wp-content\/uploads\/2012\/08\/vignette-dossier-sap-telechargement.png","datePublished":"2012-08-05T10:40:43+00:00","dateModified":"2023-04-30T14:24:39+00:00","description":"T\u00e9l\u00e9chargez notre dossier \"Je cr\u00e9e mon service d'aide \u00e0 domicile\". Cet outil vous permettra d'avoir les premiers \u00e9l\u00e9ments pour conceptualiser votre projet !","breadcrumb":{"@id":"https:\/\/agrement-qualite.fr\/boutique\/produit\/agrement-qualite\/dossier-je-cree-ma-structure-de-services-a-la-personne\/#breadcrumb"},"inLanguage":"fr-FR","potentialAction":[{"@type":"ReadAction","target":["https:\/\/agrement-qualite.fr\/boutique\/produit\/agrement-qualite\/dossier-je-cree-ma-structure-de-services-a-la-personne\/"]}]},{"@type":"ImageObject","inLanguage":"fr-FR","@id":"https:\/\/agrement-qualite.fr\/boutique\/produit\/agrement-qualite\/dossier-je-cree-ma-structure-de-services-a-la-personne\/#primaryimage","url":"https:\/\/agrement-qualite.fr\/boutique\/wp-content\/uploads\/2012\/08\/vignette-dossier-sap-telechargement.png","contentUrl":"https:\/\/agrement-qualite.fr\/boutique\/wp-content\/uploads\/2012\/08\/vignette-dossier-sap-telechargement.png","width":"380","height":"380","caption":"photo repr\u00e9sentant le logiciel cr\u00e9er son services d'aide \u00e0 domicile"},{"@type":"BreadcrumbList","@id":"https:\/\/agrement-qualite.fr\/boutique\/produit\/agrement-qualite\/dossier-je-cree-ma-structure-de-services-a-la-personne\/#breadcrumb","itemListElement":[{"@type":"ListItem","position":1,"name":"Accueil","item":"https:\/\/agrement-qualite.fr\/boutique\/"},{"@type":"ListItem","position":2,"name":"Boutique","item":"https:\/\/agrement-qualite.fr\/boutique\/boutique\/"},{"@type":"ListItem","position":3,"name":"Dossier : Je cr\u00e9e ma structure de services \u00e0 la personne"}]},{"@type":"WebSite","@id":"https:\/\/agrement-qualite.fr\/boutique\/#website","url":"https:\/\/agrement-qualite.fr\/boutique\/","name":"Agrement-Qualite.fr","description":"Toute l&#039;aide pour votre agr\u00e9ment de services \u00e0 la personne","publisher":{"@id":"https:\/\/agrement-qualite.fr\/boutique\/#organization"},"alternateName":"Agrement-Qualite.fr","potentialAction":[{"@type":"SearchAction","target":{"@type":"EntryPoint","urlTemplate":"https:\/\/agrement-qualite.fr\/boutique\/?s={search_term_string}"},"query-input":{"@type":"PropertyValueSpecification","valueRequired":true,"valueName":"search_term_string"}}],"inLanguage":"fr-FR"},{"@type":"Organization","@id":"https:\/\/agrement-qualite.fr\/boutique\/#organization","name":"Agrement-Qualite.fr","alternateName":"Agrement-Qualite.fr","url":"https:\/\/agrement-qualite.fr\/boutique\/","logo":{"@type":"ImageObject","inLanguage":"fr-FR","@id":"https:\/\/agrement-qualite.fr\/boutique\/#\/schema\/logo\/image\/","url":"https:\/\/agrement-qualite.fr\/boutique\/wp-content\/uploads\/2020\/07\/AGREMENT-QUALITE-1.png","contentUrl":"https:\/\/agrement-qualite.fr\/boutique\/wp-content\/uploads\/2020\/07\/AGREMENT-QUALITE-1.png","width":201,"height":37,"caption":"Agrement-Qualite.fr"},"image":{"@id":"https:\/\/agrement-qualite.fr\/boutique\/#\/schema\/logo\/image\/"}}]}},"_links":{"self":[{"href":"https:\/\/agrement-qualite.fr\/boutique\/wp-json\/wp\/v2\/product\/109","targetHints":{"allow":["GET"]}}],"collection":[{"href":"https:\/\/agrement-qualite.fr\/boutique\/wp-json\/wp\/v2\/product"}],"about":[{"href":"https:\/\/agrement-qualite.fr\/boutique\/wp-json\/wp\/v2\/types\/product"}],"replies":[{"embeddable":true,"href":"https:\/\/agrement-qualite.fr\/boutique\/wp-json\/wp\/v2\/comments?post=109"}],"wp:featuredmedia":[{"embeddable":true,"href":"https:\/\/agrement-qualite.fr\/boutique\/wp-json\/wp\/v2\/media\/111"}],"wp:attachment":[{"href":"https:\/\/agrement-qualite.fr\/boutique\/wp-json\/wp\/v2\/media?parent=109"}],"wp:term":[{"taxonomy":"product_brand","embeddable":true,"href":"https:\/\/agrement-qualite.fr\/boutique\/wp-json\/wp\/v2\/product_brand?post=109"},{"taxonomy":"product_cat","embeddable":true,"href":"https:\/\/agrement-qualite.fr\/boutique\/wp-json\/wp\/v2\/product_cat?post=109"},{"taxonomy":"product_tag","embeddable":true,"href":"https:\/\/agrement-qualite.fr\/boutique\/wp-json\/wp\/v2\/product_tag?post=109"}],"curies":[{"name":"wp","href":"https:\/\/api.w.org\/{rel}","templated":true}]}}