{"id":11486,"date":"2020-07-21T01:31:19","date_gmt":"2020-07-20T23:31:19","guid":{"rendered":"https:\/\/agrement-qualite.fr\/boutique\/?post_type=product&#038;p=11486"},"modified":"2023-04-30T16:24:38","modified_gmt":"2023-04-30T14:24:38","slug":"contrat-de-mandat-services-a-la-personne-mode-mandataire","status":"publish","type":"product","link":"https:\/\/agrement-qualite.fr\/boutique\/produit\/document-a-lunite\/modele-payant-document-a-lunite\/contrat-de-mandat-services-a-la-personne-mode-mandataire\/","title":{"rendered":"Contrat de Mandat services \u00e0 la personne SAP &#8211; Mode Mandataire"},"content":{"rendered":"<p style=\"text-align: center;\"><strong><span style=\"color: #ff0000;\">&gt;&gt; T\u00e9l\u00e9chargement imm\u00e9diat ! &lt;&lt;<\/span><\/strong><\/p>\n<p style=\"text-align: justify;\"><strong>Gagnez du temps en t\u00e9l\u00e9chargeant notre mod\u00e8le de contrat de mandat de services \u00e0 la personne (SAP) &#8211; mode mandataire !<\/strong><\/p>\n<p style=\"text-align: justify;\">Ce mod\u00e8le de contrat de mandat de services \u00e0 la personne en mode mandataire est adapt\u00e9 au service \u00e0 la personne (SAP) et convient parfaitement pour contractualiser vos prestations de mise en relation de l&rsquo;intervenant avec votre client particulier-employeur. Il contient un <strong>bordereau de r\u00e9tractation<\/strong> conform\u00e9ment \u00e0 la r\u00e9glementation en vigueur.<\/p>\n<p style=\"text-align: justify;\">Il permet d&rsquo;\u00e9tablir un cadre et les modalit\u00e9s de la prestation de mise \u00e0 disposition d&rsquo;un intervenant \u00e0 domicile chez votre client particulier-employeur.<\/p>\n<p style=\"text-align: justify;\">Convient aux exigences des agr\u00e9ments qualit\u00e9 et \u00e0 l&rsquo;autorisation des Services d&rsquo;Aide et d&rsquo;Accompagnement \u00e0 Domicile (SAAD).<\/p>\n<hr \/>\n<p style=\"text-align: justify;\"><strong><a>Mod\u00e8le personnalisable &#8211; Word \/ Writer &#8211;\u00a0<em>(.doc\/.docx)<\/em><\/a><\/strong><\/p>\n<p style=\"text-align: justify;\"><strong><a>Document de 4 pages. Contient le bordereau de r\u00e9tractation client des Services \u00e0 la Personne (SAP). Mode mandataire.<\/a><\/strong><\/p>\n<p style=\"text-align: justify;\"><strong><a>Livr\u00e9 avec une notice d&rsquo;utilisation <em>(.pdf).<\/em><\/a><\/strong><\/p>\n<p style=\"text-align: center;\"><strong><span style=\"color: #ff0000;\">&gt;&gt; T\u00e9l\u00e9chargement imm\u00e9diat ! &lt;&lt;<br \/>\n<\/span><\/strong><\/p>\n<hr \/>\n<pre><strong>Mise \u00e0 jour : 13 Juillet 2022.<\/strong><\/pre>\n","protected":false},"excerpt":{"rendered":"<p>Ce mod\u00e8le de <strong>Contrat de mandat de services \u00e0 la personne SAP &#8211; mode mandataire<\/strong>, est adapt\u00e9 au service \u00e0 la personne et convient parfaitement pour contractualiser vos prestations de mise en relation d&rsquo;intervenants avec votre client particulier-employeur.<\/p>\n<p style=\"text-align: justify;\">Il contient le bordereau de r\u00e9tractation client conform\u00e9ment \u00e0 la r\u00e9glementation en vigueur.<\/p>\n<p style=\"text-align: center;\"><span style=\"color: #ff0000;\"><strong>&gt;&gt; T\u00e9l\u00e9chargement imm\u00e9diat ! &lt;&lt;<\/strong><\/span><\/p>\n<hr \/>\n<pre><strong>Mise \u00e0 jour : 13 Juillet 2022.<\/strong><\/pre>\n<p style=\"text-align: justify;\">\n","protected":false},"featured_media":11488,"comment_status":"open","ping_status":"closed","template":"","meta":[],"product_brand":[],"product_cat":[14,71,74],"product_tag":[21,20,153,133,166,167,165,169,154,168,135],"class_list":{"0":"post-11486","1":"product","2":"type-product","3":"status-publish","4":"has-post-thumbnail","6":"product_cat-agrement-qualite","7":"product_cat-document-a-lunite","8":"product_cat-modele-payant-document-a-lunite","9":"product_tag-agrement","10":"product_tag-agrement-qualite-2","11":"product_tag-autorisation-saad","12":"product_tag-bordereau-de-retractation-client","13":"product_tag-contrat-de-mandat","14":"product_tag-contrat-de-mandat-services-a-la-personne","15":"product_tag-mode-mandataire","16":"product_tag-particulier-employeur","17":"product_tag-saad","18":"product_tag-sap","19":"product_tag-services-a-la-personne","22":"first","23":"instock","24":"featured","25":"downloadable","26":"virtual","27":"purchasable","28":"product-type-simple"},"yoast_head":"<!-- This site is optimized with the Yoast SEO plugin v27.3 - https:\/\/yoast.com\/product\/yoast-seo-wordpress\/ -->\n<title>Contrat de Mandat services \u00e0 la personne SAP - Mode Mandataire<\/title>\n<meta name=\"description\" content=\"T\u00e9l\u00e9chargez notre mod\u00e8le de contrat de mandat de services \u00e0 la personne avec son bordereau de r\u00e9tractation conforme \u00e0 la r\u00e8glementation.\" \/>\n<meta name=\"robots\" content=\"index, follow, max-snippet:-1, max-image-preview:large, max-video-preview:-1\" \/>\n<link rel=\"canonical\" href=\"https:\/\/agrement-qualite.fr\/boutique\/produit\/document-a-lunite\/modele-payant-document-a-lunite\/contrat-de-mandat-services-a-la-personne-mode-mandataire\/\" \/>\n<meta property=\"og:locale\" content=\"fr_FR\" \/>\n<meta property=\"og:type\" content=\"article\" \/>\n<meta property=\"og:title\" content=\"Contrat de Mandat services \u00e0 la personne SAP - Mode Mandataire\" \/>\n<meta property=\"og:description\" content=\"T\u00e9l\u00e9chargez notre mod\u00e8le de contrat de mandat de services \u00e0 la personne avec son bordereau de r\u00e9tractation conforme \u00e0 la r\u00e8glementation.\" \/>\n<meta property=\"og:url\" content=\"https:\/\/agrement-qualite.fr\/boutique\/produit\/document-a-lunite\/modele-payant-document-a-lunite\/contrat-de-mandat-services-a-la-personne-mode-mandataire\/\" \/>\n<meta property=\"og:site_name\" content=\"Agrement-Qualite.fr\" \/>\n<meta property=\"article:modified_time\" content=\"2023-04-30T14:24:38+00:00\" \/>\n<meta property=\"og:image\" content=\"https:\/\/agrement-qualite.fr\/boutique\/wp-content\/uploads\/2020\/07\/contrat-de-mandat-de-services-\u00e0-la-personne-sap.png\" \/>\n\t<meta property=\"og:image:width\" content=\"511\" \/>\n\t<meta property=\"og:image:height\" content=\"457\" \/>\n\t<meta property=\"og:image:type\" content=\"image\/png\" \/>\n<meta name=\"twitter:card\" content=\"summary_large_image\" \/>\n<meta name=\"twitter:label1\" content=\"Dur\u00e9e de lecture estim\u00e9e\" \/>\n\t<meta name=\"twitter:data1\" content=\"1 minute\" \/>\n<script type=\"application\/ld+json\" class=\"yoast-schema-graph\">{\"@context\":\"https:\\\/\\\/schema.org\",\"@graph\":[{\"@type\":\"WebPage\",\"@id\":\"https:\\\/\\\/agrement-qualite.fr\\\/boutique\\\/produit\\\/document-a-lunite\\\/modele-payant-document-a-lunite\\\/contrat-de-mandat-services-a-la-personne-mode-mandataire\\\/\",\"url\":\"https:\\\/\\\/agrement-qualite.fr\\\/boutique\\\/produit\\\/document-a-lunite\\\/modele-payant-document-a-lunite\\\/contrat-de-mandat-services-a-la-personne-mode-mandataire\\\/\",\"name\":\"Contrat de Mandat services \u00e0 la personne SAP - Mode Mandataire\",\"isPartOf\":{\"@id\":\"https:\\\/\\\/agrement-qualite.fr\\\/boutique\\\/#website\"},\"primaryImageOfPage\":{\"@id\":\"https:\\\/\\\/agrement-qualite.fr\\\/boutique\\\/produit\\\/document-a-lunite\\\/modele-payant-document-a-lunite\\\/contrat-de-mandat-services-a-la-personne-mode-mandataire\\\/#primaryimage\"},\"image\":{\"@id\":\"https:\\\/\\\/agrement-qualite.fr\\\/boutique\\\/produit\\\/document-a-lunite\\\/modele-payant-document-a-lunite\\\/contrat-de-mandat-services-a-la-personne-mode-mandataire\\\/#primaryimage\"},\"thumbnailUrl\":\"https:\\\/\\\/agrement-qualite.fr\\\/boutique\\\/wp-content\\\/uploads\\\/2020\\\/07\\\/contrat-de-mandat-de-services-\u00e0-la-personne-sap.png\",\"datePublished\":\"2020-07-20T23:31:19+00:00\",\"dateModified\":\"2023-04-30T14:24:38+00:00\",\"description\":\"T\u00e9l\u00e9chargez notre mod\u00e8le de contrat de mandat de services \u00e0 la personne avec son bordereau de r\u00e9tractation conforme \u00e0 la r\u00e8glementation.\",\"breadcrumb\":{\"@id\":\"https:\\\/\\\/agrement-qualite.fr\\\/boutique\\\/produit\\\/document-a-lunite\\\/modele-payant-document-a-lunite\\\/contrat-de-mandat-services-a-la-personne-mode-mandataire\\\/#breadcrumb\"},\"inLanguage\":\"fr-FR\",\"potentialAction\":[{\"@type\":\"ReadAction\",\"target\":[\"https:\\\/\\\/agrement-qualite.fr\\\/boutique\\\/produit\\\/document-a-lunite\\\/modele-payant-document-a-lunite\\\/contrat-de-mandat-services-a-la-personne-mode-mandataire\\\/\"]}]},{\"@type\":\"ImageObject\",\"inLanguage\":\"fr-FR\",\"@id\":\"https:\\\/\\\/agrement-qualite.fr\\\/boutique\\\/produit\\\/document-a-lunite\\\/modele-payant-document-a-lunite\\\/contrat-de-mandat-services-a-la-personne-mode-mandataire\\\/#primaryimage\",\"url\":\"https:\\\/\\\/agrement-qualite.fr\\\/boutique\\\/wp-content\\\/uploads\\\/2020\\\/07\\\/contrat-de-mandat-de-services-\u00e0-la-personne-sap.png\",\"contentUrl\":\"https:\\\/\\\/agrement-qualite.fr\\\/boutique\\\/wp-content\\\/uploads\\\/2020\\\/07\\\/contrat-de-mandat-de-services-\u00e0-la-personne-sap.png\",\"width\":511,\"height\":457,\"caption\":\"contrat de mandat de services \u00e0 la personne sap\"},{\"@type\":\"BreadcrumbList\",\"@id\":\"https:\\\/\\\/agrement-qualite.fr\\\/boutique\\\/produit\\\/document-a-lunite\\\/modele-payant-document-a-lunite\\\/contrat-de-mandat-services-a-la-personne-mode-mandataire\\\/#breadcrumb\",\"itemListElement\":[{\"@type\":\"ListItem\",\"position\":1,\"name\":\"Accueil\",\"item\":\"https:\\\/\\\/agrement-qualite.fr\\\/boutique\\\/\"},{\"@type\":\"ListItem\",\"position\":2,\"name\":\"Boutique\",\"item\":\"https:\\\/\\\/agrement-qualite.fr\\\/boutique\\\/boutique\\\/\"},{\"@type\":\"ListItem\",\"position\":3,\"name\":\"Contrat de Mandat services \u00e0 la personne SAP &#8211; Mode Mandataire\"}]},{\"@type\":\"WebSite\",\"@id\":\"https:\\\/\\\/agrement-qualite.fr\\\/boutique\\\/#website\",\"url\":\"https:\\\/\\\/agrement-qualite.fr\\\/boutique\\\/\",\"name\":\"Agrement-Qualite.fr\",\"description\":\"Toute l&#039;aide pour votre agr\u00e9ment de services \u00e0 la personne\",\"publisher\":{\"@id\":\"https:\\\/\\\/agrement-qualite.fr\\\/boutique\\\/#organization\"},\"alternateName\":\"Agrement-Qualite.fr\",\"potentialAction\":[{\"@type\":\"SearchAction\",\"target\":{\"@type\":\"EntryPoint\",\"urlTemplate\":\"https:\\\/\\\/agrement-qualite.fr\\\/boutique\\\/?s={search_term_string}\"},\"query-input\":{\"@type\":\"PropertyValueSpecification\",\"valueRequired\":true,\"valueName\":\"search_term_string\"}}],\"inLanguage\":\"fr-FR\"},{\"@type\":\"Organization\",\"@id\":\"https:\\\/\\\/agrement-qualite.fr\\\/boutique\\\/#organization\",\"name\":\"Agrement-Qualite.fr\",\"alternateName\":\"Agrement-Qualite.fr\",\"url\":\"https:\\\/\\\/agrement-qualite.fr\\\/boutique\\\/\",\"logo\":{\"@type\":\"ImageObject\",\"inLanguage\":\"fr-FR\",\"@id\":\"https:\\\/\\\/agrement-qualite.fr\\\/boutique\\\/#\\\/schema\\\/logo\\\/image\\\/\",\"url\":\"https:\\\/\\\/agrement-qualite.fr\\\/boutique\\\/wp-content\\\/uploads\\\/2020\\\/07\\\/AGREMENT-QUALITE-1.png\",\"contentUrl\":\"https:\\\/\\\/agrement-qualite.fr\\\/boutique\\\/wp-content\\\/uploads\\\/2020\\\/07\\\/AGREMENT-QUALITE-1.png\",\"width\":201,\"height\":37,\"caption\":\"Agrement-Qualite.fr\"},\"image\":{\"@id\":\"https:\\\/\\\/agrement-qualite.fr\\\/boutique\\\/#\\\/schema\\\/logo\\\/image\\\/\"}}]}<\/script>\n<!-- \/ Yoast SEO plugin. -->","yoast_head_json":{"title":"Contrat de Mandat services \u00e0 la personne SAP - Mode Mandataire","description":"T\u00e9l\u00e9chargez notre mod\u00e8le de contrat de mandat de services \u00e0 la personne avec son bordereau de r\u00e9tractation conforme \u00e0 la r\u00e8glementation.","robots":{"index":"index","follow":"follow","max-snippet":"max-snippet:-1","max-image-preview":"max-image-preview:large","max-video-preview":"max-video-preview:-1"},"canonical":"https:\/\/agrement-qualite.fr\/boutique\/produit\/document-a-lunite\/modele-payant-document-a-lunite\/contrat-de-mandat-services-a-la-personne-mode-mandataire\/","og_locale":"fr_FR","og_type":"article","og_title":"Contrat de Mandat services \u00e0 la personne SAP - Mode Mandataire","og_description":"T\u00e9l\u00e9chargez notre mod\u00e8le de contrat de mandat de services \u00e0 la personne avec son bordereau de r\u00e9tractation conforme \u00e0 la r\u00e8glementation.","og_url":"https:\/\/agrement-qualite.fr\/boutique\/produit\/document-a-lunite\/modele-payant-document-a-lunite\/contrat-de-mandat-services-a-la-personne-mode-mandataire\/","og_site_name":"Agrement-Qualite.fr","article_modified_time":"2023-04-30T14:24:38+00:00","og_image":[{"width":511,"height":457,"url":"https:\/\/agrement-qualite.fr\/boutique\/wp-content\/uploads\/2020\/07\/contrat-de-mandat-de-services-\u00e0-la-personne-sap.png","type":"image\/png"}],"twitter_card":"summary_large_image","twitter_misc":{"Dur\u00e9e de lecture estim\u00e9e":"1 minute"},"schema":{"@context":"https:\/\/schema.org","@graph":[{"@type":"WebPage","@id":"https:\/\/agrement-qualite.fr\/boutique\/produit\/document-a-lunite\/modele-payant-document-a-lunite\/contrat-de-mandat-services-a-la-personne-mode-mandataire\/","url":"https:\/\/agrement-qualite.fr\/boutique\/produit\/document-a-lunite\/modele-payant-document-a-lunite\/contrat-de-mandat-services-a-la-personne-mode-mandataire\/","name":"Contrat de Mandat services \u00e0 la personne SAP - Mode Mandataire","isPartOf":{"@id":"https:\/\/agrement-qualite.fr\/boutique\/#website"},"primaryImageOfPage":{"@id":"https:\/\/agrement-qualite.fr\/boutique\/produit\/document-a-lunite\/modele-payant-document-a-lunite\/contrat-de-mandat-services-a-la-personne-mode-mandataire\/#primaryimage"},"image":{"@id":"https:\/\/agrement-qualite.fr\/boutique\/produit\/document-a-lunite\/modele-payant-document-a-lunite\/contrat-de-mandat-services-a-la-personne-mode-mandataire\/#primaryimage"},"thumbnailUrl":"https:\/\/agrement-qualite.fr\/boutique\/wp-content\/uploads\/2020\/07\/contrat-de-mandat-de-services-\u00e0-la-personne-sap.png","datePublished":"2020-07-20T23:31:19+00:00","dateModified":"2023-04-30T14:24:38+00:00","description":"T\u00e9l\u00e9chargez notre mod\u00e8le de contrat de mandat de services \u00e0 la personne avec son bordereau de r\u00e9tractation conforme \u00e0 la r\u00e8glementation.","breadcrumb":{"@id":"https:\/\/agrement-qualite.fr\/boutique\/produit\/document-a-lunite\/modele-payant-document-a-lunite\/contrat-de-mandat-services-a-la-personne-mode-mandataire\/#breadcrumb"},"inLanguage":"fr-FR","potentialAction":[{"@type":"ReadAction","target":["https:\/\/agrement-qualite.fr\/boutique\/produit\/document-a-lunite\/modele-payant-document-a-lunite\/contrat-de-mandat-services-a-la-personne-mode-mandataire\/"]}]},{"@type":"ImageObject","inLanguage":"fr-FR","@id":"https:\/\/agrement-qualite.fr\/boutique\/produit\/document-a-lunite\/modele-payant-document-a-lunite\/contrat-de-mandat-services-a-la-personne-mode-mandataire\/#primaryimage","url":"https:\/\/agrement-qualite.fr\/boutique\/wp-content\/uploads\/2020\/07\/contrat-de-mandat-de-services-\u00e0-la-personne-sap.png","contentUrl":"https:\/\/agrement-qualite.fr\/boutique\/wp-content\/uploads\/2020\/07\/contrat-de-mandat-de-services-\u00e0-la-personne-sap.png","width":511,"height":457,"caption":"contrat de mandat de services \u00e0 la personne sap"},{"@type":"BreadcrumbList","@id":"https:\/\/agrement-qualite.fr\/boutique\/produit\/document-a-lunite\/modele-payant-document-a-lunite\/contrat-de-mandat-services-a-la-personne-mode-mandataire\/#breadcrumb","itemListElement":[{"@type":"ListItem","position":1,"name":"Accueil","item":"https:\/\/agrement-qualite.fr\/boutique\/"},{"@type":"ListItem","position":2,"name":"Boutique","item":"https:\/\/agrement-qualite.fr\/boutique\/boutique\/"},{"@type":"ListItem","position":3,"name":"Contrat de Mandat services \u00e0 la personne SAP &#8211; Mode Mandataire"}]},{"@type":"WebSite","@id":"https:\/\/agrement-qualite.fr\/boutique\/#website","url":"https:\/\/agrement-qualite.fr\/boutique\/","name":"Agrement-Qualite.fr","description":"Toute l&#039;aide pour votre agr\u00e9ment de services \u00e0 la personne","publisher":{"@id":"https:\/\/agrement-qualite.fr\/boutique\/#organization"},"alternateName":"Agrement-Qualite.fr","potentialAction":[{"@type":"SearchAction","target":{"@type":"EntryPoint","urlTemplate":"https:\/\/agrement-qualite.fr\/boutique\/?s={search_term_string}"},"query-input":{"@type":"PropertyValueSpecification","valueRequired":true,"valueName":"search_term_string"}}],"inLanguage":"fr-FR"},{"@type":"Organization","@id":"https:\/\/agrement-qualite.fr\/boutique\/#organization","name":"Agrement-Qualite.fr","alternateName":"Agrement-Qualite.fr","url":"https:\/\/agrement-qualite.fr\/boutique\/","logo":{"@type":"ImageObject","inLanguage":"fr-FR","@id":"https:\/\/agrement-qualite.fr\/boutique\/#\/schema\/logo\/image\/","url":"https:\/\/agrement-qualite.fr\/boutique\/wp-content\/uploads\/2020\/07\/AGREMENT-QUALITE-1.png","contentUrl":"https:\/\/agrement-qualite.fr\/boutique\/wp-content\/uploads\/2020\/07\/AGREMENT-QUALITE-1.png","width":201,"height":37,"caption":"Agrement-Qualite.fr"},"image":{"@id":"https:\/\/agrement-qualite.fr\/boutique\/#\/schema\/logo\/image\/"}}]}},"_links":{"self":[{"href":"https:\/\/agrement-qualite.fr\/boutique\/wp-json\/wp\/v2\/product\/11486","targetHints":{"allow":["GET"]}}],"collection":[{"href":"https:\/\/agrement-qualite.fr\/boutique\/wp-json\/wp\/v2\/product"}],"about":[{"href":"https:\/\/agrement-qualite.fr\/boutique\/wp-json\/wp\/v2\/types\/product"}],"replies":[{"embeddable":true,"href":"https:\/\/agrement-qualite.fr\/boutique\/wp-json\/wp\/v2\/comments?post=11486"}],"wp:featuredmedia":[{"embeddable":true,"href":"https:\/\/agrement-qualite.fr\/boutique\/wp-json\/wp\/v2\/media\/11488"}],"wp:attachment":[{"href":"https:\/\/agrement-qualite.fr\/boutique\/wp-json\/wp\/v2\/media?parent=11486"}],"wp:term":[{"taxonomy":"product_brand","embeddable":true,"href":"https:\/\/agrement-qualite.fr\/boutique\/wp-json\/wp\/v2\/product_brand?post=11486"},{"taxonomy":"product_cat","embeddable":true,"href":"https:\/\/agrement-qualite.fr\/boutique\/wp-json\/wp\/v2\/product_cat?post=11486"},{"taxonomy":"product_tag","embeddable":true,"href":"https:\/\/agrement-qualite.fr\/boutique\/wp-json\/wp\/v2\/product_tag?post=11486"}],"curies":[{"name":"wp","href":"https:\/\/api.w.org\/{rel}","templated":true}]}}