{"id":12209,"date":"2022-01-24T07:08:17","date_gmt":"2022-01-24T06:08:17","guid":{"rendered":"https:\/\/agrement-qualite.fr\/boutique\/?post_type=product&#038;p=12209"},"modified":"2023-01-19T03:10:55","modified_gmt":"2023-01-19T02:10:55","slug":"pack-immatriculation-sas-sasu","status":"publish","type":"product","link":"https:\/\/agrement-qualite.fr\/boutique\/produit\/document-a-lunite\/modele-payant-document-a-lunite\/pack-immatriculation-sas-sasu\/","title":{"rendered":"Pack immatriculation SAS\/SASU"},"content":{"rendered":"<p><a href=\"https:\/\/agrement-qualite.fr\/boutique\/payez-en-3-fois-sans-frais-avec-klarna\/\" target=\"_blank\" rel=\"noopener\"><img decoding=\"async\" class=\"wp-image-12086 size-medium alignright\" src=\"https:\/\/agrement-qualite.fr\/boutique\/wp-content\/uploads\/2021\/11\/bouton-klarna-300x94.jpg\" alt=\"\" width=\"300\" height=\"94\" srcset=\"https:\/\/agrement-qualite.fr\/boutique\/wp-content\/uploads\/2021\/11\/bouton-klarna-300x94.jpg 300w, https:\/\/agrement-qualite.fr\/boutique\/wp-content\/uploads\/2021\/11\/bouton-klarna-1024x322.jpg 1024w, https:\/\/agrement-qualite.fr\/boutique\/wp-content\/uploads\/2021\/11\/bouton-klarna-768x241.jpg 768w, https:\/\/agrement-qualite.fr\/boutique\/wp-content\/uploads\/2021\/11\/bouton-klarna-720x226.jpg 720w, https:\/\/agrement-qualite.fr\/boutique\/wp-content\/uploads\/2021\/11\/bouton-klarna.jpg 1531w\" sizes=\"(max-width: 300px) 100vw, 300px\" \/><\/a>Le <strong>Pack Immatriculation SAS\/SASU<\/strong> comprend tous les \u00e9l\u00e9ments qui vous permettront de cr\u00e9er et immatriculer votre SAS\/SASU et de lancer votre Service d&rsquo;Aide et d&rsquo;Accompagnement \u00e0 Domicile (SAAD) !<\/p>\n<hr \/>\n<p><strong>Le pack immatriculation SAS\/SASU contient :\u00a0<\/strong><\/p>\n<p>&nbsp;<\/p>\n<div class=\"page\" title=\"Page 1\">\n<div class=\"section\">\n<div class=\"layoutArea\">\n<div class=\"column\">\n<ul>\n<li>Un mod\u00e8le de\u00a0<strong>statuts de votre SAS\/SASU<\/strong> r\u00e9dig\u00e9e pour votre <em><strong>Service d&rsquo;Aide et d&rsquo;Accompagnement \u00e0 Domicile (SAAD)<\/strong><\/em>,<\/li>\n<li>Une fiche de <strong>De\u0301signation de l\u2019associe\u0301e<\/strong> unique pour la SASU, ou <strong>des associ\u00e9s<\/strong> pour les SAS,<\/li>\n<li>Une fiche de <strong>De\u0301signation du premier pre\u0301sident de la socie\u0301te\u0301,<\/strong><\/li>\n<li>Une fiche d&rsquo;<strong>E\u0301tat des actes accomplis pour le compte de la socie\u0301te\u0301 en formation<\/strong>,<\/li>\n<li>Un <strong>mod\u00e8le d&rsquo;annonce l\u00e9gale<\/strong> \u00e0 publier dans un journal officiel,<\/li>\n<li>Un <strong>Formulaire M0 SAS<\/strong>,<\/li>\n<li>Un <strong>Formulaire M\u2019BE<\/strong>,<\/li>\n<li>Une <strong>De\u0301claration de non-condamnation<\/strong>,<\/li>\n<li>Une <strong>Attestation de filiation<\/strong>.<\/li>\n<li>Un <strong>courrier de demande d\u2019immatriculation au Registre du Commerce et des Soci\u00e9t\u00e9,<\/strong><\/li>\n<li>Une <strong>notice d&rsquo;utilisation pour l&rsquo;ensemble des documents.<\/strong><br \/>\n<hr \/>\n<p>&nbsp;<\/p>\n<p><strong><a>Mod\u00e8le Personnalisable \u2013 Word \/ Writer \u2013\u00a0\u00a0<em>(.Doc\/.Docx)\u00a0<\/em><\/a><\/strong><\/p>\n<p><strong><a>Livr\u00e9 Avec Une Notice D\u2019utilisation <em>(.Pdf).<\/em><\/a><\/strong><\/p>\n<p style=\"text-align: center;\"><span style=\"color: #ff0000;\"><strong>&gt;&gt; T\u00e9l\u00e9chargement imm\u00e9diat ! &lt;&lt;<\/strong><\/span><\/p>\n<\/li>\n<\/ul>\n<hr \/>\n<pre>Mise \u00e0 jour : Mars 2022.<\/pre>\n<\/div>\n<\/div>\n<\/div>\n<\/div>\n","protected":false},"excerpt":{"rendered":"<p><a href=\"https:\/\/agrement-qualite.fr\/boutique\/payez-en-3-fois-sans-frais-avec-klarna\/\" target=\"_blank\" rel=\"noopener\"><span style=\"color: #ff0000;\"><mark>Ou r\u00e9glez en 3 versements de 15,67\u20ac. <\/mark><span style=\"color: #000000;\"><strong>Klarna<\/strong><\/span>.<\/span><\/a><\/p>\n<p style=\"text-align: justify;\">T\u00e9l\u00e9chargez le <strong>Pack de cr\u00e9ation de votre SAS\/SASU<\/strong> pour votre Service d&rsquo;Aide et d&rsquo;Accompagnement \u00e0 domicile (SAAD).<\/p>\n<p style=\"text-align: justify;\">Le pack comprend tous les \u00e9l\u00e9ments qui vous permettront de cr\u00e9er et immatriculer votre SAAD !<\/p>\n<p style=\"text-align: center;\"><span style=\"color: #ff0000;\"><strong>&gt;&gt; T\u00e9l\u00e9chargement Imm\u00e9diat &lt;&lt;<\/strong><\/span><\/p>\n<hr \/>\n<pre><strong>Mise \u00e0 jour : Mars 2022.<\/strong><\/pre>\n","protected":false},"featured_media":12283,"comment_status":"open","ping_status":"closed","template":"","meta":[],"product_brand":[],"product_cat":[14,177,71,76,74],"product_tag":[185,186,184,180,102,97,187,154,181,182,183,188,136],"class_list":{"0":"post-12209","1":"product","2":"type-product","3":"status-publish","4":"has-post-thumbnail","6":"product_cat-agrement-qualite","7":"product_cat-autorisation-saad","8":"product_cat-document-a-lunite","9":"product_cat-dossiers-complets","10":"product_cat-modele-payant-document-a-lunite","11":"product_tag-immatriculation-sas-sasu","12":"product_tag-modele","13":"product_tag-nomination-du-president","14":"product_tag-pack","15":"product_tag-pack-complet","16":"product_tag-pack-de-documents","17":"product_tag-personnalisable","18":"product_tag-saad","19":"product_tag-sas","20":"product_tag-sasu","21":"product_tag-statuts","22":"product_tag-statuts-de-societe","23":"product_tag-telechargement","26":"first","27":"instock","28":"sale","29":"featured","30":"downloadable","31":"virtual","32":"purchasable","33":"product-type-simple"},"yoast_head":"<!-- This site is optimized with the Yoast SEO plugin v27.3 - https:\/\/yoast.com\/product\/yoast-seo-wordpress\/ -->\n<title>Pack immatriculation SAS\/SASU - Agrement-Qualite.fr<\/title>\n<meta name=\"description\" content=\"T\u00e9l\u00e9chargez le pack d&#039;immatriculation SAS\/SASU pour votre Service d&#039;Aide et d&#039;Accompagnement \u00e0 Domicile (SAAD). Pack complet \u00e0 t\u00e9l\u00e9charger !\" \/>\n<meta name=\"robots\" content=\"index, follow, max-snippet:-1, max-image-preview:large, max-video-preview:-1\" \/>\n<link rel=\"canonical\" href=\"https:\/\/agrement-qualite.fr\/boutique\/produit\/document-a-lunite\/modele-payant-document-a-lunite\/pack-immatriculation-sas-sasu\/\" \/>\n<meta property=\"og:locale\" content=\"fr_FR\" \/>\n<meta property=\"og:type\" content=\"article\" \/>\n<meta property=\"og:title\" content=\"Pack immatriculation SAS\/SASU - Agrement-Qualite.fr\" \/>\n<meta property=\"og:description\" content=\"T\u00e9l\u00e9chargez le pack d&#039;immatriculation SAS\/SASU pour votre Service d&#039;Aide et d&#039;Accompagnement \u00e0 Domicile (SAAD). Pack complet \u00e0 t\u00e9l\u00e9charger !\" \/>\n<meta property=\"og:url\" content=\"https:\/\/agrement-qualite.fr\/boutique\/produit\/document-a-lunite\/modele-payant-document-a-lunite\/pack-immatriculation-sas-sasu\/\" \/>\n<meta property=\"og:site_name\" content=\"Agrement-Qualite.fr\" \/>\n<meta property=\"article:modified_time\" content=\"2023-01-19T02:10:55+00:00\" \/>\n<meta property=\"og:image\" content=\"https:\/\/agrement-qualite.fr\/boutique\/wp-content\/uploads\/2022\/03\/pack-creation-sas-sasu-aide-a-domicile.png\" \/>\n\t<meta property=\"og:image:width\" content=\"500\" \/>\n\t<meta property=\"og:image:height\" content=\"500\" \/>\n\t<meta property=\"og:image:type\" content=\"image\/png\" \/>\n<meta name=\"twitter:card\" content=\"summary_large_image\" \/>\n<meta name=\"twitter:label1\" content=\"Dur\u00e9e de lecture estim\u00e9e\" \/>\n\t<meta name=\"twitter:data1\" content=\"1 minute\" \/>\n<script type=\"application\/ld+json\" class=\"yoast-schema-graph\">{\"@context\":\"https:\\\/\\\/schema.org\",\"@graph\":[{\"@type\":\"WebPage\",\"@id\":\"https:\\\/\\\/agrement-qualite.fr\\\/boutique\\\/produit\\\/document-a-lunite\\\/modele-payant-document-a-lunite\\\/pack-immatriculation-sas-sasu\\\/\",\"url\":\"https:\\\/\\\/agrement-qualite.fr\\\/boutique\\\/produit\\\/document-a-lunite\\\/modele-payant-document-a-lunite\\\/pack-immatriculation-sas-sasu\\\/\",\"name\":\"Pack immatriculation SAS\\\/SASU - Agrement-Qualite.fr\",\"isPartOf\":{\"@id\":\"https:\\\/\\\/agrement-qualite.fr\\\/boutique\\\/#website\"},\"primaryImageOfPage\":{\"@id\":\"https:\\\/\\\/agrement-qualite.fr\\\/boutique\\\/produit\\\/document-a-lunite\\\/modele-payant-document-a-lunite\\\/pack-immatriculation-sas-sasu\\\/#primaryimage\"},\"image\":{\"@id\":\"https:\\\/\\\/agrement-qualite.fr\\\/boutique\\\/produit\\\/document-a-lunite\\\/modele-payant-document-a-lunite\\\/pack-immatriculation-sas-sasu\\\/#primaryimage\"},\"thumbnailUrl\":\"https:\\\/\\\/agrement-qualite.fr\\\/boutique\\\/wp-content\\\/uploads\\\/2022\\\/03\\\/pack-creation-sas-sasu-aide-a-domicile.png\",\"datePublished\":\"2022-01-24T06:08:17+00:00\",\"dateModified\":\"2023-01-19T02:10:55+00:00\",\"description\":\"T\u00e9l\u00e9chargez le pack d'immatriculation SAS\\\/SASU pour votre Service d'Aide et d'Accompagnement \u00e0 Domicile (SAAD). Pack complet \u00e0 t\u00e9l\u00e9charger !\",\"breadcrumb\":{\"@id\":\"https:\\\/\\\/agrement-qualite.fr\\\/boutique\\\/produit\\\/document-a-lunite\\\/modele-payant-document-a-lunite\\\/pack-immatriculation-sas-sasu\\\/#breadcrumb\"},\"inLanguage\":\"fr-FR\",\"potentialAction\":[{\"@type\":\"ReadAction\",\"target\":[\"https:\\\/\\\/agrement-qualite.fr\\\/boutique\\\/produit\\\/document-a-lunite\\\/modele-payant-document-a-lunite\\\/pack-immatriculation-sas-sasu\\\/\"]}]},{\"@type\":\"ImageObject\",\"inLanguage\":\"fr-FR\",\"@id\":\"https:\\\/\\\/agrement-qualite.fr\\\/boutique\\\/produit\\\/document-a-lunite\\\/modele-payant-document-a-lunite\\\/pack-immatriculation-sas-sasu\\\/#primaryimage\",\"url\":\"https:\\\/\\\/agrement-qualite.fr\\\/boutique\\\/wp-content\\\/uploads\\\/2022\\\/03\\\/pack-creation-sas-sasu-aide-a-domicile.png\",\"contentUrl\":\"https:\\\/\\\/agrement-qualite.fr\\\/boutique\\\/wp-content\\\/uploads\\\/2022\\\/03\\\/pack-creation-sas-sasu-aide-a-domicile.png\",\"width\":500,\"height\":500},{\"@type\":\"BreadcrumbList\",\"@id\":\"https:\\\/\\\/agrement-qualite.fr\\\/boutique\\\/produit\\\/document-a-lunite\\\/modele-payant-document-a-lunite\\\/pack-immatriculation-sas-sasu\\\/#breadcrumb\",\"itemListElement\":[{\"@type\":\"ListItem\",\"position\":1,\"name\":\"Accueil\",\"item\":\"https:\\\/\\\/agrement-qualite.fr\\\/boutique\\\/\"},{\"@type\":\"ListItem\",\"position\":2,\"name\":\"Boutique\",\"item\":\"https:\\\/\\\/agrement-qualite.fr\\\/boutique\\\/boutique\\\/\"},{\"@type\":\"ListItem\",\"position\":3,\"name\":\"Pack immatriculation SAS\\\/SASU\"}]},{\"@type\":\"WebSite\",\"@id\":\"https:\\\/\\\/agrement-qualite.fr\\\/boutique\\\/#website\",\"url\":\"https:\\\/\\\/agrement-qualite.fr\\\/boutique\\\/\",\"name\":\"Agrement-Qualite.fr\",\"description\":\"Toute l&#039;aide pour votre agr\u00e9ment de services \u00e0 la personne\",\"publisher\":{\"@id\":\"https:\\\/\\\/agrement-qualite.fr\\\/boutique\\\/#organization\"},\"alternateName\":\"Agrement-Qualite.fr\",\"potentialAction\":[{\"@type\":\"SearchAction\",\"target\":{\"@type\":\"EntryPoint\",\"urlTemplate\":\"https:\\\/\\\/agrement-qualite.fr\\\/boutique\\\/?s={search_term_string}\"},\"query-input\":{\"@type\":\"PropertyValueSpecification\",\"valueRequired\":true,\"valueName\":\"search_term_string\"}}],\"inLanguage\":\"fr-FR\"},{\"@type\":\"Organization\",\"@id\":\"https:\\\/\\\/agrement-qualite.fr\\\/boutique\\\/#organization\",\"name\":\"Agrement-Qualite.fr\",\"alternateName\":\"Agrement-Qualite.fr\",\"url\":\"https:\\\/\\\/agrement-qualite.fr\\\/boutique\\\/\",\"logo\":{\"@type\":\"ImageObject\",\"inLanguage\":\"fr-FR\",\"@id\":\"https:\\\/\\\/agrement-qualite.fr\\\/boutique\\\/#\\\/schema\\\/logo\\\/image\\\/\",\"url\":\"https:\\\/\\\/agrement-qualite.fr\\\/boutique\\\/wp-content\\\/uploads\\\/2020\\\/07\\\/AGREMENT-QUALITE-1.png\",\"contentUrl\":\"https:\\\/\\\/agrement-qualite.fr\\\/boutique\\\/wp-content\\\/uploads\\\/2020\\\/07\\\/AGREMENT-QUALITE-1.png\",\"width\":201,\"height\":37,\"caption\":\"Agrement-Qualite.fr\"},\"image\":{\"@id\":\"https:\\\/\\\/agrement-qualite.fr\\\/boutique\\\/#\\\/schema\\\/logo\\\/image\\\/\"}}]}<\/script>\n<!-- \/ Yoast SEO plugin. -->","yoast_head_json":{"title":"Pack immatriculation SAS\/SASU - Agrement-Qualite.fr","description":"T\u00e9l\u00e9chargez le pack d'immatriculation SAS\/SASU pour votre Service d'Aide et d'Accompagnement \u00e0 Domicile (SAAD). Pack complet \u00e0 t\u00e9l\u00e9charger !","robots":{"index":"index","follow":"follow","max-snippet":"max-snippet:-1","max-image-preview":"max-image-preview:large","max-video-preview":"max-video-preview:-1"},"canonical":"https:\/\/agrement-qualite.fr\/boutique\/produit\/document-a-lunite\/modele-payant-document-a-lunite\/pack-immatriculation-sas-sasu\/","og_locale":"fr_FR","og_type":"article","og_title":"Pack immatriculation SAS\/SASU - Agrement-Qualite.fr","og_description":"T\u00e9l\u00e9chargez le pack d'immatriculation SAS\/SASU pour votre Service d'Aide et d'Accompagnement \u00e0 Domicile (SAAD). Pack complet \u00e0 t\u00e9l\u00e9charger !","og_url":"https:\/\/agrement-qualite.fr\/boutique\/produit\/document-a-lunite\/modele-payant-document-a-lunite\/pack-immatriculation-sas-sasu\/","og_site_name":"Agrement-Qualite.fr","article_modified_time":"2023-01-19T02:10:55+00:00","og_image":[{"width":500,"height":500,"url":"https:\/\/agrement-qualite.fr\/boutique\/wp-content\/uploads\/2022\/03\/pack-creation-sas-sasu-aide-a-domicile.png","type":"image\/png"}],"twitter_card":"summary_large_image","twitter_misc":{"Dur\u00e9e de lecture estim\u00e9e":"1 minute"},"schema":{"@context":"https:\/\/schema.org","@graph":[{"@type":"WebPage","@id":"https:\/\/agrement-qualite.fr\/boutique\/produit\/document-a-lunite\/modele-payant-document-a-lunite\/pack-immatriculation-sas-sasu\/","url":"https:\/\/agrement-qualite.fr\/boutique\/produit\/document-a-lunite\/modele-payant-document-a-lunite\/pack-immatriculation-sas-sasu\/","name":"Pack immatriculation SAS\/SASU - Agrement-Qualite.fr","isPartOf":{"@id":"https:\/\/agrement-qualite.fr\/boutique\/#website"},"primaryImageOfPage":{"@id":"https:\/\/agrement-qualite.fr\/boutique\/produit\/document-a-lunite\/modele-payant-document-a-lunite\/pack-immatriculation-sas-sasu\/#primaryimage"},"image":{"@id":"https:\/\/agrement-qualite.fr\/boutique\/produit\/document-a-lunite\/modele-payant-document-a-lunite\/pack-immatriculation-sas-sasu\/#primaryimage"},"thumbnailUrl":"https:\/\/agrement-qualite.fr\/boutique\/wp-content\/uploads\/2022\/03\/pack-creation-sas-sasu-aide-a-domicile.png","datePublished":"2022-01-24T06:08:17+00:00","dateModified":"2023-01-19T02:10:55+00:00","description":"T\u00e9l\u00e9chargez le pack d'immatriculation SAS\/SASU pour votre Service d'Aide et d'Accompagnement \u00e0 Domicile (SAAD). Pack complet \u00e0 t\u00e9l\u00e9charger !","breadcrumb":{"@id":"https:\/\/agrement-qualite.fr\/boutique\/produit\/document-a-lunite\/modele-payant-document-a-lunite\/pack-immatriculation-sas-sasu\/#breadcrumb"},"inLanguage":"fr-FR","potentialAction":[{"@type":"ReadAction","target":["https:\/\/agrement-qualite.fr\/boutique\/produit\/document-a-lunite\/modele-payant-document-a-lunite\/pack-immatriculation-sas-sasu\/"]}]},{"@type":"ImageObject","inLanguage":"fr-FR","@id":"https:\/\/agrement-qualite.fr\/boutique\/produit\/document-a-lunite\/modele-payant-document-a-lunite\/pack-immatriculation-sas-sasu\/#primaryimage","url":"https:\/\/agrement-qualite.fr\/boutique\/wp-content\/uploads\/2022\/03\/pack-creation-sas-sasu-aide-a-domicile.png","contentUrl":"https:\/\/agrement-qualite.fr\/boutique\/wp-content\/uploads\/2022\/03\/pack-creation-sas-sasu-aide-a-domicile.png","width":500,"height":500},{"@type":"BreadcrumbList","@id":"https:\/\/agrement-qualite.fr\/boutique\/produit\/document-a-lunite\/modele-payant-document-a-lunite\/pack-immatriculation-sas-sasu\/#breadcrumb","itemListElement":[{"@type":"ListItem","position":1,"name":"Accueil","item":"https:\/\/agrement-qualite.fr\/boutique\/"},{"@type":"ListItem","position":2,"name":"Boutique","item":"https:\/\/agrement-qualite.fr\/boutique\/boutique\/"},{"@type":"ListItem","position":3,"name":"Pack immatriculation SAS\/SASU"}]},{"@type":"WebSite","@id":"https:\/\/agrement-qualite.fr\/boutique\/#website","url":"https:\/\/agrement-qualite.fr\/boutique\/","name":"Agrement-Qualite.fr","description":"Toute l&#039;aide pour votre agr\u00e9ment de services \u00e0 la personne","publisher":{"@id":"https:\/\/agrement-qualite.fr\/boutique\/#organization"},"alternateName":"Agrement-Qualite.fr","potentialAction":[{"@type":"SearchAction","target":{"@type":"EntryPoint","urlTemplate":"https:\/\/agrement-qualite.fr\/boutique\/?s={search_term_string}"},"query-input":{"@type":"PropertyValueSpecification","valueRequired":true,"valueName":"search_term_string"}}],"inLanguage":"fr-FR"},{"@type":"Organization","@id":"https:\/\/agrement-qualite.fr\/boutique\/#organization","name":"Agrement-Qualite.fr","alternateName":"Agrement-Qualite.fr","url":"https:\/\/agrement-qualite.fr\/boutique\/","logo":{"@type":"ImageObject","inLanguage":"fr-FR","@id":"https:\/\/agrement-qualite.fr\/boutique\/#\/schema\/logo\/image\/","url":"https:\/\/agrement-qualite.fr\/boutique\/wp-content\/uploads\/2020\/07\/AGREMENT-QUALITE-1.png","contentUrl":"https:\/\/agrement-qualite.fr\/boutique\/wp-content\/uploads\/2020\/07\/AGREMENT-QUALITE-1.png","width":201,"height":37,"caption":"Agrement-Qualite.fr"},"image":{"@id":"https:\/\/agrement-qualite.fr\/boutique\/#\/schema\/logo\/image\/"}}]}},"_links":{"self":[{"href":"https:\/\/agrement-qualite.fr\/boutique\/wp-json\/wp\/v2\/product\/12209","targetHints":{"allow":["GET"]}}],"collection":[{"href":"https:\/\/agrement-qualite.fr\/boutique\/wp-json\/wp\/v2\/product"}],"about":[{"href":"https:\/\/agrement-qualite.fr\/boutique\/wp-json\/wp\/v2\/types\/product"}],"replies":[{"embeddable":true,"href":"https:\/\/agrement-qualite.fr\/boutique\/wp-json\/wp\/v2\/comments?post=12209"}],"wp:featuredmedia":[{"embeddable":true,"href":"https:\/\/agrement-qualite.fr\/boutique\/wp-json\/wp\/v2\/media\/12283"}],"wp:attachment":[{"href":"https:\/\/agrement-qualite.fr\/boutique\/wp-json\/wp\/v2\/media?parent=12209"}],"wp:term":[{"taxonomy":"product_brand","embeddable":true,"href":"https:\/\/agrement-qualite.fr\/boutique\/wp-json\/wp\/v2\/product_brand?post=12209"},{"taxonomy":"product_cat","embeddable":true,"href":"https:\/\/agrement-qualite.fr\/boutique\/wp-json\/wp\/v2\/product_cat?post=12209"},{"taxonomy":"product_tag","embeddable":true,"href":"https:\/\/agrement-qualite.fr\/boutique\/wp-json\/wp\/v2\/product_tag?post=12209"}],"curies":[{"name":"wp","href":"https:\/\/api.w.org\/{rel}","templated":true}]}}