{"id":12262,"date":"2022-03-05T21:06:39","date_gmt":"2022-03-05T20:06:39","guid":{"rendered":"https:\/\/agrement-qualite.fr\/boutique\/?post_type=product&#038;p=12262"},"modified":"2026-04-07T12:21:00","modified_gmt":"2026-04-07T10:21:00","slug":"jobtiens-mon-autorisation-saad-edition-2025","status":"publish","type":"product","link":"https:\/\/agrement-qualite.fr\/boutique\/produit\/dossiers-complets\/jobtiens-mon-autorisation-saad-edition-2025\/","title":{"rendered":"\u00ab\u00a0J&rsquo;OBTIENS MON AUTORISATION SAAD\u00a0\u00bb Edition 2025"},"content":{"rendered":"<h4><a href=\"https:\/\/agrement-qualite.fr\/boutique\/payez-en-3-fois-sans-frais-avec-klarna\/\" target=\"_blank\" rel=\"noopener\"><img decoding=\"async\" class=\"wp-image-12086 size-medium alignright\" src=\"https:\/\/agrement-qualite.fr\/boutique\/wp-content\/uploads\/2021\/11\/bouton-klarna-300x94.jpg\" alt=\"\" width=\"300\" height=\"94\" srcset=\"https:\/\/agrement-qualite.fr\/boutique\/wp-content\/uploads\/2021\/11\/bouton-klarna-300x94.jpg 300w, https:\/\/agrement-qualite.fr\/boutique\/wp-content\/uploads\/2021\/11\/bouton-klarna-1024x322.jpg 1024w, https:\/\/agrement-qualite.fr\/boutique\/wp-content\/uploads\/2021\/11\/bouton-klarna-768x241.jpg 768w, https:\/\/agrement-qualite.fr\/boutique\/wp-content\/uploads\/2021\/11\/bouton-klarna-720x226.jpg 720w, https:\/\/agrement-qualite.fr\/boutique\/wp-content\/uploads\/2021\/11\/bouton-klarna.jpg 1531w\" sizes=\"(max-width: 300px) 100vw, 300px\" \/><\/a><\/h4>\n<h4><strong>Obtenez votre autorisation SAAD pour vos services d&rsquo;aide et d&rsquo;accompagnement \u00e0 domicile, en un clin d\u2019\u0153il !<\/strong><\/h4>\n<p>&nbsp;<\/p>\n<p>Ce logiciel vous permettra de construire votre dossier de demande d\u2019autorisation SAAD en totale autonomie ; que ce soit pour une premi\u00e8re demande ou un recours. Il vous sera indispensable pour vous faire gagner un temps pr\u00e9cieux.<\/p>\n<p>&nbsp;<\/p>\n<p>Gr\u00e2ce \u00e0 cet outil, vous pourrez cr\u00e9er l\u2019ensemble des documents qui vous seront demand\u00e9s pour d\u00e9poser votre dossier de demande d\u2019autorisation SAAD.<\/p>\n<p>&nbsp;<\/p>\n<p>Sans \u00eatre exhaustif, cet outil contient\u00a0:<\/p>\n<p>&nbsp;<\/p>\n<p><strong><u>Dossier d\u2019information :<\/u><\/strong><\/p>\n<p>\u2013 Le march\u00e9 des services \u00e0 la personne et de l&rsquo;aide \u00e0 domicile, son histoire, son fonctionnement, sa r\u00e9glementation\u2026 : Lois, d\u00e9crets, circulaires, conventions collectives, guides, cahier des charges de l&rsquo;autorisation des services d&rsquo;aide et d&rsquo;accompagnement \u00e0 domicile, ressources documentaires\u2026<\/p>\n<p>&nbsp;<\/p>\n<p><strong><u>Dossier Souscription client :<\/u><\/strong><\/p>\n<p><span style=\"font-style: inherit; font-weight: inherit;\"><u>\u2013 Information client :<\/u><\/span>\u00a0Livret d\u2019accueil, fonctionnement du service prestataire, informations en mati\u00e8res fiscales, grilles tarifaires\u2026<\/p>\n<p><span style=\"font-style: inherit; font-weight: inherit;\"><u>\u2013 Contractualisation des prestations avec le client :<\/u><\/span>\u00a0Contrats de prestations de services, contrats de mandats, bordereau de r\u00e9tractation client, mod\u00e8le de devis, de facture, grilles tarifaires, conditions g\u00e9n\u00e9rales du service, proposition individualis\u00e9e, etc\u2026<\/p>\n<p>&nbsp;<\/p>\n<p><strong><u>Dossier Ressources Humaines :<\/u><\/strong><\/p>\n<p><span style=\"font-style: inherit; font-weight: inherit;\"><u>\u2013 Documents pour l\u2019employeur :<\/u><\/span>\u00a0Convention collective, proc\u00e9dures de recrutement, grille d\u2019entretien pour les recrutements, informations pour les exon\u00e9rations de charges patronales, mod\u00e8les de contrats de travail, de bulletins de paie,\u2026<\/p>\n<p><span style=\"font-style: inherit; font-weight: inherit;\"><u>\u2013 Documents pour le salari\u00e9 :<\/u><\/span>\u00a0Dossier de candidature, livret d\u2019accueil du salari\u00e9, contrats de travail, bulletins de paie \u00ab\u00a0aide \u00e0 domicile\u00a0\u00bb, fiches de poste, bons d\u2019informations, bons de remises de cl\u00e9s\u2026<\/p>\n<p>&nbsp;<\/p>\n<p><strong><u>Dossier de documents internes\u00a0:<\/u><\/strong><\/p>\n<p>Mod\u00e8le d\u2019attestation fiscale, grilles d\u2019\u00e9valuation des besoins \u00e0 domicile, proc\u00e9dures qualit\u00e9, proc\u00e9dures de recrutement, protocoles contre la maltraitance, proc\u00e9dures pour la continuit\u00e9 des prestations, fonctionnement interne\u2026<\/p>\n<p>&nbsp;<\/p>\n<p><span style=\"font-style: inherit; font-weight: inherit;\"><strong style=\"font-style: inherit;\"><u>Dossier de demande d&rsquo;autorisation SAAD (Service d&rsquo;aide et d&rsquo;Accompagnement \u00e0 Domicile) :<\/u><\/strong><\/span><\/p>\n<p>Mod\u00e8le de dossiers d\u00e9j\u00e0 remplis avec explication et m\u00e9thode, projet de service, livrets d\u2019accueil, grilles tarifaires, mod\u00e8les de devis et de factures, attestations diverses, contrats de prestation ou de mandat, bordereau de r\u00e9tractation client, protocole contre la maltraitance \u00e0 domicile, grilles d\u2019\u00e9valuation des besoins, proposition individualis\u00e9e, questionnaires d\u2019enqu\u00eate qualit\u00e9 annuelle, et encore plus.<\/p>\n<h4 style=\"text-align: center;\"><strong>Achetez\u00a0le dossier complet\u00a0\u00ab\u00a0J\u2019obtiens mon Autorisation SAAD \u00bb et laissez-vous guider.<\/strong><\/h4>\n<hr \/>\n<p><strong><a href=\"https:\/\/agrement-qualite.fr\/boutique\/payez-en-3-fois-sans-frais-avec-klarna\/\" target=\"_blank\" rel=\"noopener\"><img decoding=\"async\" class=\"alignleft wp-image-12086 size-medium\" src=\"https:\/\/agrement-qualite.fr\/boutique\/wp-content\/uploads\/2021\/11\/bouton-klarna-300x94.jpg\" alt=\"\" width=\"300\" height=\"94\" srcset=\"https:\/\/agrement-qualite.fr\/boutique\/wp-content\/uploads\/2021\/11\/bouton-klarna-300x94.jpg 300w, https:\/\/agrement-qualite.fr\/boutique\/wp-content\/uploads\/2021\/11\/bouton-klarna-1024x322.jpg 1024w, https:\/\/agrement-qualite.fr\/boutique\/wp-content\/uploads\/2021\/11\/bouton-klarna-768x241.jpg 768w, https:\/\/agrement-qualite.fr\/boutique\/wp-content\/uploads\/2021\/11\/bouton-klarna-720x226.jpg 720w, https:\/\/agrement-qualite.fr\/boutique\/wp-content\/uploads\/2021\/11\/bouton-klarna.jpg 1531w\" sizes=\"(max-width: 300px) 100vw, 300px\" \/><\/a>Le dossier est fourni avec une documentation compl\u00e8te en fran\u00e7ais. Les \u00e9tapes vous sont expliqu\u00e9es et les outils sont fournis.<\/strong><\/p>\n<p><strong>Cet outil est particuli\u00e8rement adapt\u00e9 si vous proposez des services d\u2019aide et d&rsquo;accompagnement \u00e0 domicile pour personnes \u00e2g\u00e9es et\/ou handicap\u00e9es en mode prestataire.<\/strong><\/p>\n<p><strong>De plus, cet outil est \u00e9galement adapt\u00e9 aux aides-soignant(e)s qui souhaitent cr\u00e9er leur organisme d\u2019aide \u00e0 domicile en regroupement.<\/strong><\/p>\n<p><strong>Vous disposerez de mod\u00e8les de dossiers de demande d\u2019autorisation remplis et complets afin d\u2019avoir un exemple pour vous guider. Les proc\u00e9dures vous sont expliqu\u00e9es tout au long du dossier.<\/strong><\/p>\n<p><strong>Tous les documents sont personnalisables et \u00e9ditables avec un simple logiciel de traitement de texte (.doc\/.docx).<\/strong><\/p>\n<pre style=\"text-align: justify;\"><strong style=\"font-style: inherit;\">Derni\u00e8re mise \u00e0 jour : 11\/25<\/strong><\/pre>\n<hr \/>\n<p><strong style=\"font-style: inherit;\">Configuration requise :<\/strong><\/p>\n<p>Vous devez disposer d\u2019un poste informatique \u00e9quip\u00e9 d\u2019un logiciel de traitement de texte : Pack office de Microsoft, ou OpenOffice, par exemple. De m\u00eame qu\u2019un d\u00e9compresseur d\u2019archives .Rar. Aussi, votre outil informatique doit pouvoir \u00e9galement lire le document adobe Acrobat (.pdf).<\/p>\n<p>Si vous n\u2019en poss\u00e9dez pas, vous pouvez t\u00e9l\u00e9charger gratuitement\u00a0<a style=\"font-style: inherit; font-weight: inherit;\" href=\"https:\/\/www.openoffice.org\/fr\/\">OpenOffice<\/a>\u00a0et\u00a0<a style=\"font-style: inherit; font-weight: inherit;\" href=\"http:\/\/www.win-rar.com\/start.html?&amp;L=10\">WinRar<\/a>\u00a0.<\/p>\n<p><strong style=\"font-style: inherit;\">Consultez notre article :<\/strong>\u00a0<a style=\"font-style: inherit; font-weight: inherit;\" href=\"https:\/\/agrement-qualite.fr\/boutique\/comment-installer-winrar-et-decompresser-une-archive-rar\/\">Comment Installer WinRar Et D\u00e9compresser Une Archive En .Rar ?<\/a><\/p>\n<p>Besoin d\u2019aide ?\u00a0<a style=\"font-style: inherit; font-weight: inherit;\" href=\"https:\/\/agrement-qualite.fr\/boutique\/contact-us\/\">Contactez-Nous.<\/a><\/p>\n<pre style=\"text-align: justify;\">photos non contractuelles. * D\u00e9lai indicatif.<\/pre>\n","protected":false},"excerpt":{"rendered":"<p><strong>Gr\u00e2ce \u00e0 ce\u00a0<u><span style=\"font-style: inherit; font-weight: inherit;\">dossier complet<\/span><\/u>, vous allez obtenir votre Autorisation SAAD en un clin d\u2019\u0153il !<\/strong><\/p>\n<p style=\"font-style: inherit; font-weight: inherit;\">Cet outil\u00a0vous permet de\u00a0<strong style=\"font-style: inherit;\">construire<\/strong>\u00a0<strong style=\"font-style: inherit;\">votre dossier de demande d\u2019autorisation pour votre Service d&rsquo;Aide et d&rsquo;Accompagnement \u00e0 Domicile en\u00a0<u><span style=\"font-style: inherit; font-weight: inherit;\">moins d\u2019une heure*<\/span><\/u>\u00a0!<\/strong><\/p>\n<p style=\"font-style: inherit; font-weight: inherit;\"><span style=\"font-style: inherit; font-weight: inherit;\">Il respecte le <a href=\"https:\/\/www.legifrance.gouv.fr\/jorf\/id\/JORFTEXT000052032302\" target=\"_blank\" rel=\"noopener\">D\u00e9cret n\u00b0 2025-747 du 1er ao\u00fbt 2025 <\/a><\/span>relatif aux conditions techniques minimales d&rsquo;organisation et de fonctionnement des services d&rsquo;aide et d&rsquo;accompagnement \u00e0 domicile et du <a href=\"https:\/\/www.legifrance.gouv.fr\/jorf\/id\/JORFTEXT000047837913\" target=\"_blank\" rel=\"noopener\">D\u00e9cret n\u00b0 2023-608 du 13 juillet 2023<\/a> relatif aux services autonomie \u00e0 domicile.<\/p>\n","protected":false},"featured_media":12271,"comment_status":"open","ping_status":"closed","template":"","meta":[],"product_brand":[],"product_cat":[177,76,82],"product_tag":[191,50,153,22,28,29,24,18,154,135,136],"class_list":{"0":"post-12262","1":"product","2":"type-product","3":"status-publish","4":"has-post-thumbnail","6":"product_cat-autorisation-saad","7":"product_cat-dossiers-complets","8":"product_cat-logiciels","9":"product_tag-aide-demande-autorisation","10":"product_tag-aide-demande-dagrement","11":"product_tag-autorisation-saad","12":"product_tag-autorisation-sap","13":"product_tag-dossier-agrement","14":"product_tag-dossier-complet-sap","15":"product_tag-personnes-agees","16":"product_tag-prestataire","17":"product_tag-saad","18":"product_tag-services-a-la-personne","19":"product_tag-telechargement","22":"first","23":"instock","24":"sale","25":"featured","26":"purchasable","27":"product-type-variable","28":"has-default-attributes"},"yoast_head":"<!-- This site is optimized with the Yoast SEO plugin v27.3 - https:\/\/yoast.com\/product\/yoast-seo-wordpress\/ -->\n<title>&quot;J&#039;OBTIENS MON AUTORISATION SAAD&quot; Edition 2025 -<\/title>\n<meta name=\"description\" content=\"Obtenez votre autorisation SAAD facilement gr\u00e2ce \u00e0 notre outil &quot;J&#039;obtiens mon autorisation SAAD&quot;. Constituez votre dossier en un clin d&#039;oeil !\" \/>\n<meta name=\"robots\" content=\"index, follow, max-snippet:-1, max-image-preview:large, max-video-preview:-1\" \/>\n<link rel=\"canonical\" href=\"https:\/\/agrement-qualite.fr\/boutique\/produit\/dossiers-complets\/jobtiens-mon-autorisation-saad-edition-2025\/\" \/>\n<meta property=\"og:locale\" content=\"fr_FR\" \/>\n<meta property=\"og:type\" content=\"article\" \/>\n<meta property=\"og:title\" content=\"&quot;J&#039;OBTIENS MON AUTORISATION SAAD&quot; Edition 2025 -\" \/>\n<meta property=\"og:description\" content=\"Obtenez votre autorisation SAAD facilement gr\u00e2ce \u00e0 notre outil &quot;J&#039;obtiens mon autorisation SAAD&quot;. Constituez votre dossier en un clin d&#039;oeil !\" \/>\n<meta property=\"og:url\" content=\"https:\/\/agrement-qualite.fr\/boutique\/produit\/dossiers-complets\/jobtiens-mon-autorisation-saad-edition-2025\/\" \/>\n<meta property=\"og:site_name\" content=\"Agrement-Qualite.fr\" \/>\n<meta property=\"article:modified_time\" content=\"2026-04-07T10:21:00+00:00\" \/>\n<meta property=\"og:image\" content=\"https:\/\/agrement-qualite.fr\/boutique\/wp-content\/uploads\/2022\/03\/jobtiensmonautorisationsaad.png\" \/>\n\t<meta property=\"og:image:width\" content=\"500\" \/>\n\t<meta property=\"og:image:height\" content=\"375\" \/>\n\t<meta property=\"og:image:type\" content=\"image\/png\" \/>\n<meta name=\"twitter:card\" content=\"summary_large_image\" \/>\n<meta name=\"twitter:label1\" content=\"Dur\u00e9e de lecture estim\u00e9e\" \/>\n\t<meta name=\"twitter:data1\" content=\"4 minutes\" \/>\n<script type=\"application\/ld+json\" class=\"yoast-schema-graph\">{\"@context\":\"https:\\\/\\\/schema.org\",\"@graph\":[{\"@type\":\"WebPage\",\"@id\":\"https:\\\/\\\/agrement-qualite.fr\\\/boutique\\\/produit\\\/dossiers-complets\\\/jobtiens-mon-autorisation-saad-edition-2025\\\/\",\"url\":\"https:\\\/\\\/agrement-qualite.fr\\\/boutique\\\/produit\\\/dossiers-complets\\\/jobtiens-mon-autorisation-saad-edition-2025\\\/\",\"name\":\"\\\"J'OBTIENS MON AUTORISATION SAAD\\\" Edition 2025 -\",\"isPartOf\":{\"@id\":\"https:\\\/\\\/agrement-qualite.fr\\\/boutique\\\/#website\"},\"primaryImageOfPage\":{\"@id\":\"https:\\\/\\\/agrement-qualite.fr\\\/boutique\\\/produit\\\/dossiers-complets\\\/jobtiens-mon-autorisation-saad-edition-2025\\\/#primaryimage\"},\"image\":{\"@id\":\"https:\\\/\\\/agrement-qualite.fr\\\/boutique\\\/produit\\\/dossiers-complets\\\/jobtiens-mon-autorisation-saad-edition-2025\\\/#primaryimage\"},\"thumbnailUrl\":\"https:\\\/\\\/agrement-qualite.fr\\\/boutique\\\/wp-content\\\/uploads\\\/2022\\\/03\\\/jobtiensmonautorisationsaad.png\",\"datePublished\":\"2022-03-05T20:06:39+00:00\",\"dateModified\":\"2026-04-07T10:21:00+00:00\",\"description\":\"Obtenez votre autorisation SAAD facilement gr\u00e2ce \u00e0 notre outil \\\"J'obtiens mon autorisation SAAD\\\". Constituez votre dossier en un clin d'oeil !\",\"breadcrumb\":{\"@id\":\"https:\\\/\\\/agrement-qualite.fr\\\/boutique\\\/produit\\\/dossiers-complets\\\/jobtiens-mon-autorisation-saad-edition-2025\\\/#breadcrumb\"},\"inLanguage\":\"fr-FR\",\"potentialAction\":[{\"@type\":\"ReadAction\",\"target\":[\"https:\\\/\\\/agrement-qualite.fr\\\/boutique\\\/produit\\\/dossiers-complets\\\/jobtiens-mon-autorisation-saad-edition-2025\\\/\"]}]},{\"@type\":\"ImageObject\",\"inLanguage\":\"fr-FR\",\"@id\":\"https:\\\/\\\/agrement-qualite.fr\\\/boutique\\\/produit\\\/dossiers-complets\\\/jobtiens-mon-autorisation-saad-edition-2025\\\/#primaryimage\",\"url\":\"https:\\\/\\\/agrement-qualite.fr\\\/boutique\\\/wp-content\\\/uploads\\\/2022\\\/03\\\/jobtiensmonautorisationsaad.png\",\"contentUrl\":\"https:\\\/\\\/agrement-qualite.fr\\\/boutique\\\/wp-content\\\/uploads\\\/2022\\\/03\\\/jobtiensmonautorisationsaad.png\",\"width\":500,\"height\":375},{\"@type\":\"BreadcrumbList\",\"@id\":\"https:\\\/\\\/agrement-qualite.fr\\\/boutique\\\/produit\\\/dossiers-complets\\\/jobtiens-mon-autorisation-saad-edition-2025\\\/#breadcrumb\",\"itemListElement\":[{\"@type\":\"ListItem\",\"position\":1,\"name\":\"Accueil\",\"item\":\"https:\\\/\\\/agrement-qualite.fr\\\/boutique\\\/\"},{\"@type\":\"ListItem\",\"position\":2,\"name\":\"Boutique\",\"item\":\"https:\\\/\\\/agrement-qualite.fr\\\/boutique\\\/boutique\\\/\"},{\"@type\":\"ListItem\",\"position\":3,\"name\":\"\u00ab\u00a0J&rsquo;OBTIENS MON AUTORISATION SAAD\u00a0\u00bb Edition 2025\"}]},{\"@type\":\"WebSite\",\"@id\":\"https:\\\/\\\/agrement-qualite.fr\\\/boutique\\\/#website\",\"url\":\"https:\\\/\\\/agrement-qualite.fr\\\/boutique\\\/\",\"name\":\"Agrement-Qualite.fr\",\"description\":\"Toute l&#039;aide pour votre agr\u00e9ment de services \u00e0 la personne\",\"publisher\":{\"@id\":\"https:\\\/\\\/agrement-qualite.fr\\\/boutique\\\/#organization\"},\"alternateName\":\"Agrement-Qualite.fr\",\"potentialAction\":[{\"@type\":\"SearchAction\",\"target\":{\"@type\":\"EntryPoint\",\"urlTemplate\":\"https:\\\/\\\/agrement-qualite.fr\\\/boutique\\\/?s={search_term_string}\"},\"query-input\":{\"@type\":\"PropertyValueSpecification\",\"valueRequired\":true,\"valueName\":\"search_term_string\"}}],\"inLanguage\":\"fr-FR\"},{\"@type\":\"Organization\",\"@id\":\"https:\\\/\\\/agrement-qualite.fr\\\/boutique\\\/#organization\",\"name\":\"Agrement-Qualite.fr\",\"alternateName\":\"Agrement-Qualite.fr\",\"url\":\"https:\\\/\\\/agrement-qualite.fr\\\/boutique\\\/\",\"logo\":{\"@type\":\"ImageObject\",\"inLanguage\":\"fr-FR\",\"@id\":\"https:\\\/\\\/agrement-qualite.fr\\\/boutique\\\/#\\\/schema\\\/logo\\\/image\\\/\",\"url\":\"https:\\\/\\\/agrement-qualite.fr\\\/boutique\\\/wp-content\\\/uploads\\\/2020\\\/07\\\/AGREMENT-QUALITE-1.png\",\"contentUrl\":\"https:\\\/\\\/agrement-qualite.fr\\\/boutique\\\/wp-content\\\/uploads\\\/2020\\\/07\\\/AGREMENT-QUALITE-1.png\",\"width\":201,\"height\":37,\"caption\":\"Agrement-Qualite.fr\"},\"image\":{\"@id\":\"https:\\\/\\\/agrement-qualite.fr\\\/boutique\\\/#\\\/schema\\\/logo\\\/image\\\/\"}}]}<\/script>\n<!-- \/ Yoast SEO plugin. -->","yoast_head_json":{"title":"\"J'OBTIENS MON AUTORISATION SAAD\" Edition 2025 -","description":"Obtenez votre autorisation SAAD facilement gr\u00e2ce \u00e0 notre outil \"J'obtiens mon autorisation SAAD\". Constituez votre dossier en un clin d'oeil !","robots":{"index":"index","follow":"follow","max-snippet":"max-snippet:-1","max-image-preview":"max-image-preview:large","max-video-preview":"max-video-preview:-1"},"canonical":"https:\/\/agrement-qualite.fr\/boutique\/produit\/dossiers-complets\/jobtiens-mon-autorisation-saad-edition-2025\/","og_locale":"fr_FR","og_type":"article","og_title":"\"J'OBTIENS MON AUTORISATION SAAD\" Edition 2025 -","og_description":"Obtenez votre autorisation SAAD facilement gr\u00e2ce \u00e0 notre outil \"J'obtiens mon autorisation SAAD\". Constituez votre dossier en un clin d'oeil !","og_url":"https:\/\/agrement-qualite.fr\/boutique\/produit\/dossiers-complets\/jobtiens-mon-autorisation-saad-edition-2025\/","og_site_name":"Agrement-Qualite.fr","article_modified_time":"2026-04-07T10:21:00+00:00","og_image":[{"width":500,"height":375,"url":"https:\/\/agrement-qualite.fr\/boutique\/wp-content\/uploads\/2022\/03\/jobtiensmonautorisationsaad.png","type":"image\/png"}],"twitter_card":"summary_large_image","twitter_misc":{"Dur\u00e9e de lecture estim\u00e9e":"4 minutes"},"schema":{"@context":"https:\/\/schema.org","@graph":[{"@type":"WebPage","@id":"https:\/\/agrement-qualite.fr\/boutique\/produit\/dossiers-complets\/jobtiens-mon-autorisation-saad-edition-2025\/","url":"https:\/\/agrement-qualite.fr\/boutique\/produit\/dossiers-complets\/jobtiens-mon-autorisation-saad-edition-2025\/","name":"\"J'OBTIENS MON AUTORISATION SAAD\" Edition 2025 -","isPartOf":{"@id":"https:\/\/agrement-qualite.fr\/boutique\/#website"},"primaryImageOfPage":{"@id":"https:\/\/agrement-qualite.fr\/boutique\/produit\/dossiers-complets\/jobtiens-mon-autorisation-saad-edition-2025\/#primaryimage"},"image":{"@id":"https:\/\/agrement-qualite.fr\/boutique\/produit\/dossiers-complets\/jobtiens-mon-autorisation-saad-edition-2025\/#primaryimage"},"thumbnailUrl":"https:\/\/agrement-qualite.fr\/boutique\/wp-content\/uploads\/2022\/03\/jobtiensmonautorisationsaad.png","datePublished":"2022-03-05T20:06:39+00:00","dateModified":"2026-04-07T10:21:00+00:00","description":"Obtenez votre autorisation SAAD facilement gr\u00e2ce \u00e0 notre outil \"J'obtiens mon autorisation SAAD\". Constituez votre dossier en un clin d'oeil !","breadcrumb":{"@id":"https:\/\/agrement-qualite.fr\/boutique\/produit\/dossiers-complets\/jobtiens-mon-autorisation-saad-edition-2025\/#breadcrumb"},"inLanguage":"fr-FR","potentialAction":[{"@type":"ReadAction","target":["https:\/\/agrement-qualite.fr\/boutique\/produit\/dossiers-complets\/jobtiens-mon-autorisation-saad-edition-2025\/"]}]},{"@type":"ImageObject","inLanguage":"fr-FR","@id":"https:\/\/agrement-qualite.fr\/boutique\/produit\/dossiers-complets\/jobtiens-mon-autorisation-saad-edition-2025\/#primaryimage","url":"https:\/\/agrement-qualite.fr\/boutique\/wp-content\/uploads\/2022\/03\/jobtiensmonautorisationsaad.png","contentUrl":"https:\/\/agrement-qualite.fr\/boutique\/wp-content\/uploads\/2022\/03\/jobtiensmonautorisationsaad.png","width":500,"height":375},{"@type":"BreadcrumbList","@id":"https:\/\/agrement-qualite.fr\/boutique\/produit\/dossiers-complets\/jobtiens-mon-autorisation-saad-edition-2025\/#breadcrumb","itemListElement":[{"@type":"ListItem","position":1,"name":"Accueil","item":"https:\/\/agrement-qualite.fr\/boutique\/"},{"@type":"ListItem","position":2,"name":"Boutique","item":"https:\/\/agrement-qualite.fr\/boutique\/boutique\/"},{"@type":"ListItem","position":3,"name":"\u00ab\u00a0J&rsquo;OBTIENS MON AUTORISATION SAAD\u00a0\u00bb Edition 2025"}]},{"@type":"WebSite","@id":"https:\/\/agrement-qualite.fr\/boutique\/#website","url":"https:\/\/agrement-qualite.fr\/boutique\/","name":"Agrement-Qualite.fr","description":"Toute l&#039;aide pour votre agr\u00e9ment de services \u00e0 la personne","publisher":{"@id":"https:\/\/agrement-qualite.fr\/boutique\/#organization"},"alternateName":"Agrement-Qualite.fr","potentialAction":[{"@type":"SearchAction","target":{"@type":"EntryPoint","urlTemplate":"https:\/\/agrement-qualite.fr\/boutique\/?s={search_term_string}"},"query-input":{"@type":"PropertyValueSpecification","valueRequired":true,"valueName":"search_term_string"}}],"inLanguage":"fr-FR"},{"@type":"Organization","@id":"https:\/\/agrement-qualite.fr\/boutique\/#organization","name":"Agrement-Qualite.fr","alternateName":"Agrement-Qualite.fr","url":"https:\/\/agrement-qualite.fr\/boutique\/","logo":{"@type":"ImageObject","inLanguage":"fr-FR","@id":"https:\/\/agrement-qualite.fr\/boutique\/#\/schema\/logo\/image\/","url":"https:\/\/agrement-qualite.fr\/boutique\/wp-content\/uploads\/2020\/07\/AGREMENT-QUALITE-1.png","contentUrl":"https:\/\/agrement-qualite.fr\/boutique\/wp-content\/uploads\/2020\/07\/AGREMENT-QUALITE-1.png","width":201,"height":37,"caption":"Agrement-Qualite.fr"},"image":{"@id":"https:\/\/agrement-qualite.fr\/boutique\/#\/schema\/logo\/image\/"}}]}},"_links":{"self":[{"href":"https:\/\/agrement-qualite.fr\/boutique\/wp-json\/wp\/v2\/product\/12262","targetHints":{"allow":["GET"]}}],"collection":[{"href":"https:\/\/agrement-qualite.fr\/boutique\/wp-json\/wp\/v2\/product"}],"about":[{"href":"https:\/\/agrement-qualite.fr\/boutique\/wp-json\/wp\/v2\/types\/product"}],"replies":[{"embeddable":true,"href":"https:\/\/agrement-qualite.fr\/boutique\/wp-json\/wp\/v2\/comments?post=12262"}],"wp:featuredmedia":[{"embeddable":true,"href":"https:\/\/agrement-qualite.fr\/boutique\/wp-json\/wp\/v2\/media\/12271"}],"wp:attachment":[{"href":"https:\/\/agrement-qualite.fr\/boutique\/wp-json\/wp\/v2\/media?parent=12262"}],"wp:term":[{"taxonomy":"product_brand","embeddable":true,"href":"https:\/\/agrement-qualite.fr\/boutique\/wp-json\/wp\/v2\/product_brand?post=12262"},{"taxonomy":"product_cat","embeddable":true,"href":"https:\/\/agrement-qualite.fr\/boutique\/wp-json\/wp\/v2\/product_cat?post=12262"},{"taxonomy":"product_tag","embeddable":true,"href":"https:\/\/agrement-qualite.fr\/boutique\/wp-json\/wp\/v2\/product_tag?post=12262"}],"curies":[{"name":"wp","href":"https:\/\/api.w.org\/{rel}","templated":true}]}}