{"id":12548,"date":"2023-01-23T10:58:32","date_gmt":"2023-01-23T09:58:32","guid":{"rendered":"https:\/\/agrement-qualite.fr\/boutique\/?post_type=product&#038;p=12548"},"modified":"2023-01-23T10:58:32","modified_gmt":"2023-01-23T09:58:32","slug":"projet-de-service-service-daide-et-daccompagnement-a-domicile-saad","status":"publish","type":"product","link":"https:\/\/agrement-qualite.fr\/boutique\/produit\/document-a-lunite\/modele-payant-document-a-lunite\/projet-de-service-service-daide-et-daccompagnement-a-domicile-saad\/","title":{"rendered":"Projet de service &#8211; Service d&rsquo;Aide et d&rsquo;Accompagnement \u00e0 Domicile &#8211; SAAD"},"content":{"rendered":"<p style=\"text-align: center;\"><span style=\"color: #ff0000;\"><strong>&gt;&gt; T\u00e9l\u00e9chargement imm\u00e9diat ! &lt;&lt;<\/strong><\/span><\/p>\n<p style=\"text-align: justify;\"><strong>Gagnez du temps en t\u00e9l\u00e9chargeant notre mod\u00e8le de projet de service pour votre SAAD ! <\/strong><\/p>\n<p style=\"text-align: justify;\">Ce mod\u00e8le de<strong> projet de service pour les Services d&rsquo;Aide et d&rsquo;Accompagnement \u00e0 Domicile (SAAD)<\/strong> est adapt\u00e9 au service \u00e0 la personne et convient parfaitement pour votre dossier de demande d&rsquo;autorisation du conseil d\u00e9partemental (il vous sera demand\u00e9 au d\u00e9p\u00f4t de votre demande d&rsquo;autorisation SAAD).<\/p>\n<p style=\"text-align: justify;\">Ce projet de service pour SAAD permet de formaliser les projets du service d&rsquo;aide et d&rsquo;accompagnement \u00e0 domicile pour les 5 ann\u00e9es \u00e0 venir. Il est \u00e0 remettre au conseil d\u00e9partemental lors de votre d\u00e9p\u00f4t de demande d&rsquo;autorisation, conform\u00e9ment au cahier des charges de l&rsquo;autorisation SAAD.<\/p>\n<p style=\"text-align: justify;\">R\u00e9pond aux exigences de l&rsquo;agr\u00e9ment qualit\u00e9.<\/p>\n<hr \/>\n<p style=\"text-align: justify;\"><strong><a>Mod\u00e8le personnalisable &#8211; Word \/ Writer &#8211; <em>\u00a0(.doc\/.docx)\u00a0<\/em><\/a><\/strong><\/p>\n<p style=\"text-align: justify;\"><strong><a>Document de 50 pages. <\/a><\/strong><\/p>\n<p style=\"text-align: justify;\"><strong><a>Livr\u00e9 avec une notice d&rsquo;utilisation <em>(.pdf).<\/em><\/a><\/strong><\/p>\n<blockquote>\n<p style=\"text-align: center;\"><strong><span style=\"color: #ff0000;\">&gt; T\u00e9l\u00e9chargement imm\u00e9diat ! &lt;&lt;<br \/>\n<\/span><\/strong><\/p>\n<\/blockquote>\n<hr \/>\n<pre>Mise \u00e0 jour : Janvier 2023.<\/pre>\n","protected":false},"excerpt":{"rendered":"<p><span style=\"color: #000000;\">Ce mod\u00e8le de <strong>Projet de Service pour SAAD<\/strong>, est adapt\u00e9 au service \u00e0 la personne et convient parfaitement pour votre dossier de demande d&rsquo;autorisation pour votre Service d&rsquo;Aide et d&rsquo;Accompagnement \u00e0 Domicile (il vous sera demand\u00e9 au d\u00e9p\u00f4t de votre demande d&rsquo;autorisation).<\/span><\/p>\n<p style=\"text-align: center;\"><span style=\"color: #ff0000;\"><strong>&gt;&gt; T\u00e9l\u00e9chargement imm\u00e9diat ! &lt;&lt;<\/strong><\/span><\/p>\n<hr \/>\n<pre><strong>Mise \u00e0 jour : Janvier 2023.<\/strong><\/pre>\n","protected":false},"featured_media":12549,"comment_status":"open","ping_status":"closed","template":"","meta":[],"product_brand":[],"product_cat":[177,71,74],"product_tag":[195,196,192,193,154,194],"class_list":{"0":"post-12548","1":"product","2":"type-product","3":"status-publish","4":"has-post-thumbnail","6":"product_cat-autorisation-saad","7":"product_cat-document-a-lunite","8":"product_cat-modele-payant-document-a-lunite","9":"product_tag-conseil-departemental","10":"product_tag-demande-dautorisation-saad","11":"product_tag-projet-de-service","12":"product_tag-projet-de-service-saad","13":"product_tag-saad","14":"product_tag-service-daide-et-daccompagnement-a-domicile","17":"first","18":"instock","19":"downloadable","20":"virtual","21":"taxable","22":"purchasable","23":"product-type-simple"},"yoast_head":"<!-- This site is optimized with the Yoast SEO plugin v27.3 - https:\/\/yoast.com\/product\/yoast-seo-wordpress\/ -->\n<title>Projet de service - Service d&#039;Aide et d&#039;Accompagnement \u00e0 Domicile - SAAD - Agrement-Qualite.fr<\/title>\n<meta name=\"robots\" content=\"index, follow, max-snippet:-1, max-image-preview:large, max-video-preview:-1\" \/>\n<link rel=\"canonical\" href=\"https:\/\/agrement-qualite.fr\/boutique\/produit\/document-a-lunite\/modele-payant-document-a-lunite\/projet-de-service-service-daide-et-daccompagnement-a-domicile-saad\/\" \/>\n<meta property=\"og:locale\" content=\"fr_FR\" \/>\n<meta property=\"og:type\" content=\"article\" \/>\n<meta property=\"og:title\" content=\"Projet de service - Service d&#039;Aide et d&#039;Accompagnement \u00e0 Domicile - SAAD - Agrement-Qualite.fr\" \/>\n<meta property=\"og:description\" content=\"Ce mod\u00e8le de Projet de Service pour SAAD, est adapt\u00e9 au service \u00e0 la personne et convient parfaitement pour votre dossier de demande d&#039;autorisation pour votre Service d&#039;Aide et d&#039;Accompagnement \u00e0 Domicile (il vous sera demand\u00e9 au d\u00e9p\u00f4t de votre demande d&#039;autorisation). &gt;&gt; T\u00e9l\u00e9chargement imm\u00e9diat ! &lt;&lt;     Mise \u00e0 jour : Janvier 2023.\" \/>\n<meta property=\"og:url\" content=\"https:\/\/agrement-qualite.fr\/boutique\/produit\/document-a-lunite\/modele-payant-document-a-lunite\/projet-de-service-service-daide-et-daccompagnement-a-domicile-saad\/\" \/>\n<meta property=\"og:site_name\" content=\"Agrement-Qualite.fr\" \/>\n<meta property=\"og:image\" content=\"https:\/\/agrement-qualite.fr\/boutique\/wp-content\/uploads\/2023\/01\/projetdeservicesaad.png\" \/>\n\t<meta property=\"og:image:width\" content=\"500\" \/>\n\t<meta property=\"og:image:height\" content=\"500\" \/>\n\t<meta property=\"og:image:type\" content=\"image\/png\" \/>\n<meta name=\"twitter:card\" content=\"summary_large_image\" \/>\n<meta name=\"twitter:label1\" content=\"Dur\u00e9e de lecture estim\u00e9e\" \/>\n\t<meta name=\"twitter:data1\" content=\"1 minute\" \/>\n<script type=\"application\/ld+json\" class=\"yoast-schema-graph\">{\"@context\":\"https:\\\/\\\/schema.org\",\"@graph\":[{\"@type\":\"WebPage\",\"@id\":\"https:\\\/\\\/agrement-qualite.fr\\\/boutique\\\/produit\\\/document-a-lunite\\\/modele-payant-document-a-lunite\\\/projet-de-service-service-daide-et-daccompagnement-a-domicile-saad\\\/\",\"url\":\"https:\\\/\\\/agrement-qualite.fr\\\/boutique\\\/produit\\\/document-a-lunite\\\/modele-payant-document-a-lunite\\\/projet-de-service-service-daide-et-daccompagnement-a-domicile-saad\\\/\",\"name\":\"Projet de service - Service d'Aide et d'Accompagnement \u00e0 Domicile - SAAD - Agrement-Qualite.fr\",\"isPartOf\":{\"@id\":\"https:\\\/\\\/agrement-qualite.fr\\\/boutique\\\/#website\"},\"primaryImageOfPage\":{\"@id\":\"https:\\\/\\\/agrement-qualite.fr\\\/boutique\\\/produit\\\/document-a-lunite\\\/modele-payant-document-a-lunite\\\/projet-de-service-service-daide-et-daccompagnement-a-domicile-saad\\\/#primaryimage\"},\"image\":{\"@id\":\"https:\\\/\\\/agrement-qualite.fr\\\/boutique\\\/produit\\\/document-a-lunite\\\/modele-payant-document-a-lunite\\\/projet-de-service-service-daide-et-daccompagnement-a-domicile-saad\\\/#primaryimage\"},\"thumbnailUrl\":\"https:\\\/\\\/agrement-qualite.fr\\\/boutique\\\/wp-content\\\/uploads\\\/2023\\\/01\\\/projetdeservicesaad.png\",\"datePublished\":\"2023-01-23T09:58:32+00:00\",\"breadcrumb\":{\"@id\":\"https:\\\/\\\/agrement-qualite.fr\\\/boutique\\\/produit\\\/document-a-lunite\\\/modele-payant-document-a-lunite\\\/projet-de-service-service-daide-et-daccompagnement-a-domicile-saad\\\/#breadcrumb\"},\"inLanguage\":\"fr-FR\",\"potentialAction\":[{\"@type\":\"ReadAction\",\"target\":[\"https:\\\/\\\/agrement-qualite.fr\\\/boutique\\\/produit\\\/document-a-lunite\\\/modele-payant-document-a-lunite\\\/projet-de-service-service-daide-et-daccompagnement-a-domicile-saad\\\/\"]}]},{\"@type\":\"ImageObject\",\"inLanguage\":\"fr-FR\",\"@id\":\"https:\\\/\\\/agrement-qualite.fr\\\/boutique\\\/produit\\\/document-a-lunite\\\/modele-payant-document-a-lunite\\\/projet-de-service-service-daide-et-daccompagnement-a-domicile-saad\\\/#primaryimage\",\"url\":\"https:\\\/\\\/agrement-qualite.fr\\\/boutique\\\/wp-content\\\/uploads\\\/2023\\\/01\\\/projetdeservicesaad.png\",\"contentUrl\":\"https:\\\/\\\/agrement-qualite.fr\\\/boutique\\\/wp-content\\\/uploads\\\/2023\\\/01\\\/projetdeservicesaad.png\",\"width\":500,\"height\":500},{\"@type\":\"BreadcrumbList\",\"@id\":\"https:\\\/\\\/agrement-qualite.fr\\\/boutique\\\/produit\\\/document-a-lunite\\\/modele-payant-document-a-lunite\\\/projet-de-service-service-daide-et-daccompagnement-a-domicile-saad\\\/#breadcrumb\",\"itemListElement\":[{\"@type\":\"ListItem\",\"position\":1,\"name\":\"Accueil\",\"item\":\"https:\\\/\\\/agrement-qualite.fr\\\/boutique\\\/\"},{\"@type\":\"ListItem\",\"position\":2,\"name\":\"Boutique\",\"item\":\"https:\\\/\\\/agrement-qualite.fr\\\/boutique\\\/boutique\\\/\"},{\"@type\":\"ListItem\",\"position\":3,\"name\":\"Projet de service &#8211; Service d&rsquo;Aide et d&rsquo;Accompagnement \u00e0 Domicile &#8211; SAAD\"}]},{\"@type\":\"WebSite\",\"@id\":\"https:\\\/\\\/agrement-qualite.fr\\\/boutique\\\/#website\",\"url\":\"https:\\\/\\\/agrement-qualite.fr\\\/boutique\\\/\",\"name\":\"Agrement-Qualite.fr\",\"description\":\"Toute l&#039;aide pour votre agr\u00e9ment de services \u00e0 la personne\",\"publisher\":{\"@id\":\"https:\\\/\\\/agrement-qualite.fr\\\/boutique\\\/#organization\"},\"alternateName\":\"Agrement-Qualite.fr\",\"potentialAction\":[{\"@type\":\"SearchAction\",\"target\":{\"@type\":\"EntryPoint\",\"urlTemplate\":\"https:\\\/\\\/agrement-qualite.fr\\\/boutique\\\/?s={search_term_string}\"},\"query-input\":{\"@type\":\"PropertyValueSpecification\",\"valueRequired\":true,\"valueName\":\"search_term_string\"}}],\"inLanguage\":\"fr-FR\"},{\"@type\":\"Organization\",\"@id\":\"https:\\\/\\\/agrement-qualite.fr\\\/boutique\\\/#organization\",\"name\":\"Agrement-Qualite.fr\",\"alternateName\":\"Agrement-Qualite.fr\",\"url\":\"https:\\\/\\\/agrement-qualite.fr\\\/boutique\\\/\",\"logo\":{\"@type\":\"ImageObject\",\"inLanguage\":\"fr-FR\",\"@id\":\"https:\\\/\\\/agrement-qualite.fr\\\/boutique\\\/#\\\/schema\\\/logo\\\/image\\\/\",\"url\":\"https:\\\/\\\/agrement-qualite.fr\\\/boutique\\\/wp-content\\\/uploads\\\/2020\\\/07\\\/AGREMENT-QUALITE-1.png\",\"contentUrl\":\"https:\\\/\\\/agrement-qualite.fr\\\/boutique\\\/wp-content\\\/uploads\\\/2020\\\/07\\\/AGREMENT-QUALITE-1.png\",\"width\":201,\"height\":37,\"caption\":\"Agrement-Qualite.fr\"},\"image\":{\"@id\":\"https:\\\/\\\/agrement-qualite.fr\\\/boutique\\\/#\\\/schema\\\/logo\\\/image\\\/\"}}]}<\/script>\n<!-- \/ Yoast SEO plugin. -->","yoast_head_json":{"title":"Projet de service - Service d'Aide et d'Accompagnement \u00e0 Domicile - SAAD - Agrement-Qualite.fr","robots":{"index":"index","follow":"follow","max-snippet":"max-snippet:-1","max-image-preview":"max-image-preview:large","max-video-preview":"max-video-preview:-1"},"canonical":"https:\/\/agrement-qualite.fr\/boutique\/produit\/document-a-lunite\/modele-payant-document-a-lunite\/projet-de-service-service-daide-et-daccompagnement-a-domicile-saad\/","og_locale":"fr_FR","og_type":"article","og_title":"Projet de service - Service d'Aide et d'Accompagnement \u00e0 Domicile - SAAD - Agrement-Qualite.fr","og_description":"Ce mod\u00e8le de Projet de Service pour SAAD, est adapt\u00e9 au service \u00e0 la personne et convient parfaitement pour votre dossier de demande d'autorisation pour votre Service d'Aide et d'Accompagnement \u00e0 Domicile (il vous sera demand\u00e9 au d\u00e9p\u00f4t de votre demande d'autorisation). &gt;&gt; T\u00e9l\u00e9chargement imm\u00e9diat ! &lt;&lt;     Mise \u00e0 jour : Janvier 2023.","og_url":"https:\/\/agrement-qualite.fr\/boutique\/produit\/document-a-lunite\/modele-payant-document-a-lunite\/projet-de-service-service-daide-et-daccompagnement-a-domicile-saad\/","og_site_name":"Agrement-Qualite.fr","og_image":[{"width":500,"height":500,"url":"https:\/\/agrement-qualite.fr\/boutique\/wp-content\/uploads\/2023\/01\/projetdeservicesaad.png","type":"image\/png"}],"twitter_card":"summary_large_image","twitter_misc":{"Dur\u00e9e de lecture estim\u00e9e":"1 minute"},"schema":{"@context":"https:\/\/schema.org","@graph":[{"@type":"WebPage","@id":"https:\/\/agrement-qualite.fr\/boutique\/produit\/document-a-lunite\/modele-payant-document-a-lunite\/projet-de-service-service-daide-et-daccompagnement-a-domicile-saad\/","url":"https:\/\/agrement-qualite.fr\/boutique\/produit\/document-a-lunite\/modele-payant-document-a-lunite\/projet-de-service-service-daide-et-daccompagnement-a-domicile-saad\/","name":"Projet de service - Service d'Aide et d'Accompagnement \u00e0 Domicile - SAAD - Agrement-Qualite.fr","isPartOf":{"@id":"https:\/\/agrement-qualite.fr\/boutique\/#website"},"primaryImageOfPage":{"@id":"https:\/\/agrement-qualite.fr\/boutique\/produit\/document-a-lunite\/modele-payant-document-a-lunite\/projet-de-service-service-daide-et-daccompagnement-a-domicile-saad\/#primaryimage"},"image":{"@id":"https:\/\/agrement-qualite.fr\/boutique\/produit\/document-a-lunite\/modele-payant-document-a-lunite\/projet-de-service-service-daide-et-daccompagnement-a-domicile-saad\/#primaryimage"},"thumbnailUrl":"https:\/\/agrement-qualite.fr\/boutique\/wp-content\/uploads\/2023\/01\/projetdeservicesaad.png","datePublished":"2023-01-23T09:58:32+00:00","breadcrumb":{"@id":"https:\/\/agrement-qualite.fr\/boutique\/produit\/document-a-lunite\/modele-payant-document-a-lunite\/projet-de-service-service-daide-et-daccompagnement-a-domicile-saad\/#breadcrumb"},"inLanguage":"fr-FR","potentialAction":[{"@type":"ReadAction","target":["https:\/\/agrement-qualite.fr\/boutique\/produit\/document-a-lunite\/modele-payant-document-a-lunite\/projet-de-service-service-daide-et-daccompagnement-a-domicile-saad\/"]}]},{"@type":"ImageObject","inLanguage":"fr-FR","@id":"https:\/\/agrement-qualite.fr\/boutique\/produit\/document-a-lunite\/modele-payant-document-a-lunite\/projet-de-service-service-daide-et-daccompagnement-a-domicile-saad\/#primaryimage","url":"https:\/\/agrement-qualite.fr\/boutique\/wp-content\/uploads\/2023\/01\/projetdeservicesaad.png","contentUrl":"https:\/\/agrement-qualite.fr\/boutique\/wp-content\/uploads\/2023\/01\/projetdeservicesaad.png","width":500,"height":500},{"@type":"BreadcrumbList","@id":"https:\/\/agrement-qualite.fr\/boutique\/produit\/document-a-lunite\/modele-payant-document-a-lunite\/projet-de-service-service-daide-et-daccompagnement-a-domicile-saad\/#breadcrumb","itemListElement":[{"@type":"ListItem","position":1,"name":"Accueil","item":"https:\/\/agrement-qualite.fr\/boutique\/"},{"@type":"ListItem","position":2,"name":"Boutique","item":"https:\/\/agrement-qualite.fr\/boutique\/boutique\/"},{"@type":"ListItem","position":3,"name":"Projet de service &#8211; Service d&rsquo;Aide et d&rsquo;Accompagnement \u00e0 Domicile &#8211; SAAD"}]},{"@type":"WebSite","@id":"https:\/\/agrement-qualite.fr\/boutique\/#website","url":"https:\/\/agrement-qualite.fr\/boutique\/","name":"Agrement-Qualite.fr","description":"Toute l&#039;aide pour votre agr\u00e9ment de services \u00e0 la personne","publisher":{"@id":"https:\/\/agrement-qualite.fr\/boutique\/#organization"},"alternateName":"Agrement-Qualite.fr","potentialAction":[{"@type":"SearchAction","target":{"@type":"EntryPoint","urlTemplate":"https:\/\/agrement-qualite.fr\/boutique\/?s={search_term_string}"},"query-input":{"@type":"PropertyValueSpecification","valueRequired":true,"valueName":"search_term_string"}}],"inLanguage":"fr-FR"},{"@type":"Organization","@id":"https:\/\/agrement-qualite.fr\/boutique\/#organization","name":"Agrement-Qualite.fr","alternateName":"Agrement-Qualite.fr","url":"https:\/\/agrement-qualite.fr\/boutique\/","logo":{"@type":"ImageObject","inLanguage":"fr-FR","@id":"https:\/\/agrement-qualite.fr\/boutique\/#\/schema\/logo\/image\/","url":"https:\/\/agrement-qualite.fr\/boutique\/wp-content\/uploads\/2020\/07\/AGREMENT-QUALITE-1.png","contentUrl":"https:\/\/agrement-qualite.fr\/boutique\/wp-content\/uploads\/2020\/07\/AGREMENT-QUALITE-1.png","width":201,"height":37,"caption":"Agrement-Qualite.fr"},"image":{"@id":"https:\/\/agrement-qualite.fr\/boutique\/#\/schema\/logo\/image\/"}}]}},"_links":{"self":[{"href":"https:\/\/agrement-qualite.fr\/boutique\/wp-json\/wp\/v2\/product\/12548","targetHints":{"allow":["GET"]}}],"collection":[{"href":"https:\/\/agrement-qualite.fr\/boutique\/wp-json\/wp\/v2\/product"}],"about":[{"href":"https:\/\/agrement-qualite.fr\/boutique\/wp-json\/wp\/v2\/types\/product"}],"replies":[{"embeddable":true,"href":"https:\/\/agrement-qualite.fr\/boutique\/wp-json\/wp\/v2\/comments?post=12548"}],"wp:featuredmedia":[{"embeddable":true,"href":"https:\/\/agrement-qualite.fr\/boutique\/wp-json\/wp\/v2\/media\/12549"}],"wp:attachment":[{"href":"https:\/\/agrement-qualite.fr\/boutique\/wp-json\/wp\/v2\/media?parent=12548"}],"wp:term":[{"taxonomy":"product_brand","embeddable":true,"href":"https:\/\/agrement-qualite.fr\/boutique\/wp-json\/wp\/v2\/product_brand?post=12548"},{"taxonomy":"product_cat","embeddable":true,"href":"https:\/\/agrement-qualite.fr\/boutique\/wp-json\/wp\/v2\/product_cat?post=12548"},{"taxonomy":"product_tag","embeddable":true,"href":"https:\/\/agrement-qualite.fr\/boutique\/wp-json\/wp\/v2\/product_tag?post=12548"}],"curies":[{"name":"wp","href":"https:\/\/api.w.org\/{rel}","templated":true}]}}