{"id":12710,"date":"2023-06-07T21:15:11","date_gmt":"2023-06-07T19:15:11","guid":{"rendered":"https:\/\/agrement-qualite.fr\/boutique\/?post_type=product&#038;p=12710"},"modified":"2023-06-07T21:15:12","modified_gmt":"2023-06-07T19:15:12","slug":"lettre-demande-autorisation-saad-jurisprudence","status":"publish","type":"product","link":"https:\/\/agrement-qualite.fr\/boutique\/produit\/document-a-lunite\/modele-gratuit\/lettre-demande-autorisation-saad-jurisprudence\/","title":{"rendered":"Lettre demande autorisation SAAD &#8211; jurisprudence"},"content":{"rendered":"<p style=\"text-align: center;\"><span style=\"color: #ff0000;\"><strong>&gt;&gt; T\u00e9l\u00e9chargement imm\u00e9diat ! &lt;&lt;<\/strong><\/span><\/p>\n<p style=\"text-align: justify;\"><strong>Gagnez du temps en t\u00e9l\u00e9chargeant notre mod\u00e8le de <a href=\"https:\/\/agrement-qualite.fr\/boutique\/produit\/document-a-lunite\/modele-gratuit\/lettre-demande-autorisation-saad-jurisprudence\">lettre de demande d&rsquo;autorisation &#8211; jurisprudence<\/a> pour votre Service d&rsquo;Aide et d&rsquo;Accompagnement \u00e0 Domicile ! <\/strong><\/p>\n<p style=\"text-align: justify;\">Ce mod\u00e8le de<strong> l<a href=\"https:\/\/agrement-qualite.fr\/boutique\/produit\/document-a-lunite\/modele-gratuit\/lettre-demande-autorisation-saad-jurisprudence\">ettre de demande d&rsquo;autorisation SAAD<\/a><\/strong> <strong>bas\u00e9e sur la jurisprudence<\/strong> est adapt\u00e9 au service \u00e0 la personne et convient parfaitement pour le d\u00e9p\u00f4t de votre dossier de demande d&rsquo;autorisation au Conseil D\u00e9partemental.<\/p>\n<p style=\"text-align: justify;\">Ce courrier est \u00e0 personnaliser et \u00e0 joindre \u00e0 votre dossier de demande d&rsquo;autorisation SAAD.<\/p>\n<p style=\"text-align: justify;\">Cette lettre de demande d&rsquo;autorisation SAAD est bas\u00e9e sur l&rsquo;arr\u00eat de la cour administrative d&rsquo;appel de Toulouse du 29\/12\/22.<\/p>\n<p style=\"text-align: center;\"><span style=\"color: #0000ff;\"><strong>Lire l&rsquo;article &gt;&gt; <a style=\"color: #0000ff;\" href=\"https:\/\/www.agrement-qualite.fr\/appel-a-projet-dispense-possible-pour-les-saad\/\">https:\/\/www.agrement-qualite.fr\/appel-a-projet-dispense-possible-pour-les-saad\/<\/a>\u00a0<\/strong><\/span><\/p>\n<hr \/>\n<p style=\"text-align: justify;\"><strong><a>Mod\u00e8le personnalisable &#8211; Word \/ Writer &#8211; <em>\u00a0(.doc\/.docx)\u00a0<\/em><\/a><\/strong><\/p>\n<p style=\"text-align: justify;\"><strong><a>Document de 1 page. <\/a><\/strong><\/p>\n<p style=\"text-align: justify;\"><strong><a>Livr\u00e9 avec une notice d&rsquo;utilisation <em>(.pdf).<\/em><\/a><\/strong><\/p>\n<blockquote>\n<p style=\"text-align: center;\"><strong><span style=\"color: #ff0000;\">&gt;&gt; T\u00e9l\u00e9chargement imm\u00e9diat ! &lt;&lt;<br \/>\n<\/span><\/strong><\/p>\n<\/blockquote>\n<hr \/>\n<pre>Mise \u00e0 jour : Juin 2023.<\/pre>\n","protected":false},"excerpt":{"rendered":"<p><span style=\"color: #000000;\">T\u00e9l\u00e9chargez ce mod\u00e8le de <strong><a href=\"https:\/\/agrement-qualite.fr\/boutique\/produit\/document-a-lunite\/modele-gratuit\/lettre-demande-autorisation-saad-jurisprudence\">Lettre de demande d&rsquo;autorisation<\/a> SAAD bas\u00e9e sur la jurisprudence supprimant les appels d&rsquo;offres !<\/strong>\u00a0<\/span><\/p>\n<p><span style=\"color: #000000;\">Ce document est adapt\u00e9 au service \u00e0 la personne et convient parfaitement pour votre dossier de demande d&rsquo;agr\u00e9ment pour votre Service d&rsquo;Aide et d&rsquo;Accompagnement \u00e0 Domicile (SAAD).<\/span><\/p>\n<p style=\"text-align: center;\"><span style=\"color: #ff0000;\"><strong>&gt;&gt; T\u00e9l\u00e9chargement imm\u00e9diat ! &lt;&lt;<\/strong><\/span><\/p>\n<hr \/>\n<pre><strong>Mise \u00e0 jour : Juin 2023.<\/strong><\/pre>\n","protected":false},"featured_media":12711,"comment_status":"open","ping_status":"closed","template":"","meta":[],"product_brand":[],"product_cat":[177,71,72],"product_tag":[50,217,155,153,195,216,215,214,18,154,194],"class_list":{"0":"post-12710","1":"product","2":"type-product","3":"status-publish","4":"has-post-thumbnail","6":"product_cat-autorisation-saad","7":"product_cat-document-a-lunite","8":"product_cat-modele-gratuit","9":"product_tag-aide-demande-dagrement","10":"product_tag-appel-doffres","11":"product_tag-autorisation-conseil-departemental","12":"product_tag-autorisation-saad","13":"product_tag-conseil-departemental","14":"product_tag-jurisprudence","15":"product_tag-lettre-demande-autorisation-saad","16":"product_tag-modele-de-lettre","17":"product_tag-prestataire","18":"product_tag-saad","19":"product_tag-service-daide-et-daccompagnement-a-domicile","22":"first","23":"instock","24":"downloadable","25":"virtual","26":"purchasable","27":"product-type-simple"},"yoast_head":"<!-- This site is optimized with the Yoast SEO plugin v27.5 - https:\/\/yoast.com\/product\/yoast-seo-wordpress\/ -->\n<title>Lettre demande autorisation SAAD - jurisprudence<\/title>\n<meta name=\"description\" content=\"T\u00e9l\u00e9chargez gratuitement notre lettre de demande d&#039;autorisation SAAD selon l&#039;arr\u00eat de la cour administrative d&#039;appel de Toulouse valant jurisprudence sur...\" \/>\n<meta name=\"robots\" content=\"index, follow, max-snippet:-1, max-image-preview:large, max-video-preview:-1\" \/>\n<link rel=\"canonical\" href=\"https:\/\/agrement-qualite.fr\/boutique\/produit\/document-a-lunite\/modele-gratuit\/lettre-demande-autorisation-saad-jurisprudence\/\" \/>\n<meta property=\"og:locale\" content=\"fr_FR\" \/>\n<meta property=\"og:type\" content=\"article\" \/>\n<meta property=\"og:title\" content=\"Lettre demande autorisation SAAD - jurisprudence\" \/>\n<meta property=\"og:description\" content=\"T\u00e9l\u00e9chargez gratuitement notre lettre de demande d&#039;autorisation SAAD selon l&#039;arr\u00eat de la cour administrative d&#039;appel de Toulouse valant jurisprudence sur...\" \/>\n<meta property=\"og:url\" content=\"https:\/\/agrement-qualite.fr\/boutique\/produit\/document-a-lunite\/modele-gratuit\/lettre-demande-autorisation-saad-jurisprudence\/\" \/>\n<meta property=\"og:site_name\" content=\"Agrement-Qualite.fr\" \/>\n<meta property=\"article:modified_time\" content=\"2023-06-07T19:15:12+00:00\" \/>\n<meta property=\"og:image\" content=\"https:\/\/agrement-qualite.fr\/boutique\/wp-content\/uploads\/2023\/06\/download-452x558-1.png\" \/>\n\t<meta property=\"og:image:width\" content=\"452\" \/>\n\t<meta property=\"og:image:height\" content=\"558\" \/>\n\t<meta property=\"og:image:type\" content=\"image\/png\" \/>\n<meta name=\"twitter:card\" content=\"summary_large_image\" \/>\n<meta name=\"twitter:label1\" content=\"Dur\u00e9e de lecture estim\u00e9e\" \/>\n\t<meta name=\"twitter:data1\" content=\"1 minute\" \/>\n<script type=\"application\/ld+json\" class=\"yoast-schema-graph\">{\"@context\":\"https:\\\/\\\/schema.org\",\"@graph\":[{\"@type\":\"WebPage\",\"@id\":\"https:\\\/\\\/agrement-qualite.fr\\\/boutique\\\/produit\\\/document-a-lunite\\\/modele-gratuit\\\/lettre-demande-autorisation-saad-jurisprudence\\\/\",\"url\":\"https:\\\/\\\/agrement-qualite.fr\\\/boutique\\\/produit\\\/document-a-lunite\\\/modele-gratuit\\\/lettre-demande-autorisation-saad-jurisprudence\\\/\",\"name\":\"Lettre demande autorisation SAAD - jurisprudence\",\"isPartOf\":{\"@id\":\"https:\\\/\\\/agrement-qualite.fr\\\/boutique\\\/#website\"},\"primaryImageOfPage\":{\"@id\":\"https:\\\/\\\/agrement-qualite.fr\\\/boutique\\\/produit\\\/document-a-lunite\\\/modele-gratuit\\\/lettre-demande-autorisation-saad-jurisprudence\\\/#primaryimage\"},\"image\":{\"@id\":\"https:\\\/\\\/agrement-qualite.fr\\\/boutique\\\/produit\\\/document-a-lunite\\\/modele-gratuit\\\/lettre-demande-autorisation-saad-jurisprudence\\\/#primaryimage\"},\"thumbnailUrl\":\"https:\\\/\\\/agrement-qualite.fr\\\/boutique\\\/wp-content\\\/uploads\\\/2023\\\/06\\\/download-452x558-1.png\",\"datePublished\":\"2023-06-07T19:15:11+00:00\",\"dateModified\":\"2023-06-07T19:15:12+00:00\",\"description\":\"T\u00e9l\u00e9chargez gratuitement notre lettre de demande d'autorisation SAAD selon l'arr\u00eat de la cour administrative d'appel de Toulouse valant jurisprudence sur...\",\"breadcrumb\":{\"@id\":\"https:\\\/\\\/agrement-qualite.fr\\\/boutique\\\/produit\\\/document-a-lunite\\\/modele-gratuit\\\/lettre-demande-autorisation-saad-jurisprudence\\\/#breadcrumb\"},\"inLanguage\":\"fr-FR\",\"potentialAction\":[{\"@type\":\"ReadAction\",\"target\":[\"https:\\\/\\\/agrement-qualite.fr\\\/boutique\\\/produit\\\/document-a-lunite\\\/modele-gratuit\\\/lettre-demande-autorisation-saad-jurisprudence\\\/\"]}]},{\"@type\":\"ImageObject\",\"inLanguage\":\"fr-FR\",\"@id\":\"https:\\\/\\\/agrement-qualite.fr\\\/boutique\\\/produit\\\/document-a-lunite\\\/modele-gratuit\\\/lettre-demande-autorisation-saad-jurisprudence\\\/#primaryimage\",\"url\":\"https:\\\/\\\/agrement-qualite.fr\\\/boutique\\\/wp-content\\\/uploads\\\/2023\\\/06\\\/download-452x558-1.png\",\"contentUrl\":\"https:\\\/\\\/agrement-qualite.fr\\\/boutique\\\/wp-content\\\/uploads\\\/2023\\\/06\\\/download-452x558-1.png\",\"width\":452,\"height\":558},{\"@type\":\"BreadcrumbList\",\"@id\":\"https:\\\/\\\/agrement-qualite.fr\\\/boutique\\\/produit\\\/document-a-lunite\\\/modele-gratuit\\\/lettre-demande-autorisation-saad-jurisprudence\\\/#breadcrumb\",\"itemListElement\":[{\"@type\":\"ListItem\",\"position\":1,\"name\":\"Accueil\",\"item\":\"https:\\\/\\\/agrement-qualite.fr\\\/boutique\\\/\"},{\"@type\":\"ListItem\",\"position\":2,\"name\":\"Boutique\",\"item\":\"https:\\\/\\\/agrement-qualite.fr\\\/boutique\\\/boutique\\\/\"},{\"@type\":\"ListItem\",\"position\":3,\"name\":\"Lettre demande autorisation SAAD &#8211; jurisprudence\"}]},{\"@type\":\"WebSite\",\"@id\":\"https:\\\/\\\/agrement-qualite.fr\\\/boutique\\\/#website\",\"url\":\"https:\\\/\\\/agrement-qualite.fr\\\/boutique\\\/\",\"name\":\"Agrement-Qualite.fr\",\"description\":\"Toute l&#039;aide pour votre agr\u00e9ment de services \u00e0 la personne\",\"publisher\":{\"@id\":\"https:\\\/\\\/agrement-qualite.fr\\\/boutique\\\/#organization\"},\"alternateName\":\"Agrement-Qualite.fr\",\"potentialAction\":[{\"@type\":\"SearchAction\",\"target\":{\"@type\":\"EntryPoint\",\"urlTemplate\":\"https:\\\/\\\/agrement-qualite.fr\\\/boutique\\\/?s={search_term_string}\"},\"query-input\":{\"@type\":\"PropertyValueSpecification\",\"valueRequired\":true,\"valueName\":\"search_term_string\"}}],\"inLanguage\":\"fr-FR\"},{\"@type\":\"Organization\",\"@id\":\"https:\\\/\\\/agrement-qualite.fr\\\/boutique\\\/#organization\",\"name\":\"Agrement-Qualite.fr\",\"alternateName\":\"Agrement-Qualite.fr\",\"url\":\"https:\\\/\\\/agrement-qualite.fr\\\/boutique\\\/\",\"logo\":{\"@type\":\"ImageObject\",\"inLanguage\":\"fr-FR\",\"@id\":\"https:\\\/\\\/agrement-qualite.fr\\\/boutique\\\/#\\\/schema\\\/logo\\\/image\\\/\",\"url\":\"https:\\\/\\\/agrement-qualite.fr\\\/boutique\\\/wp-content\\\/uploads\\\/2020\\\/07\\\/AGREMENT-QUALITE-1.png\",\"contentUrl\":\"https:\\\/\\\/agrement-qualite.fr\\\/boutique\\\/wp-content\\\/uploads\\\/2020\\\/07\\\/AGREMENT-QUALITE-1.png\",\"width\":201,\"height\":37,\"caption\":\"Agrement-Qualite.fr\"},\"image\":{\"@id\":\"https:\\\/\\\/agrement-qualite.fr\\\/boutique\\\/#\\\/schema\\\/logo\\\/image\\\/\"}}]}<\/script>\n<!-- \/ Yoast SEO plugin. -->","yoast_head_json":{"title":"Lettre demande autorisation SAAD - jurisprudence","description":"T\u00e9l\u00e9chargez gratuitement notre lettre de demande d'autorisation SAAD selon l'arr\u00eat de la cour administrative d'appel de Toulouse valant jurisprudence sur...","robots":{"index":"index","follow":"follow","max-snippet":"max-snippet:-1","max-image-preview":"max-image-preview:large","max-video-preview":"max-video-preview:-1"},"canonical":"https:\/\/agrement-qualite.fr\/boutique\/produit\/document-a-lunite\/modele-gratuit\/lettre-demande-autorisation-saad-jurisprudence\/","og_locale":"fr_FR","og_type":"article","og_title":"Lettre demande autorisation SAAD - jurisprudence","og_description":"T\u00e9l\u00e9chargez gratuitement notre lettre de demande d'autorisation SAAD selon l'arr\u00eat de la cour administrative d'appel de Toulouse valant jurisprudence sur...","og_url":"https:\/\/agrement-qualite.fr\/boutique\/produit\/document-a-lunite\/modele-gratuit\/lettre-demande-autorisation-saad-jurisprudence\/","og_site_name":"Agrement-Qualite.fr","article_modified_time":"2023-06-07T19:15:12+00:00","og_image":[{"width":452,"height":558,"url":"https:\/\/agrement-qualite.fr\/boutique\/wp-content\/uploads\/2023\/06\/download-452x558-1.png","type":"image\/png"}],"twitter_card":"summary_large_image","twitter_misc":{"Dur\u00e9e de lecture estim\u00e9e":"1 minute"},"schema":{"@context":"https:\/\/schema.org","@graph":[{"@type":"WebPage","@id":"https:\/\/agrement-qualite.fr\/boutique\/produit\/document-a-lunite\/modele-gratuit\/lettre-demande-autorisation-saad-jurisprudence\/","url":"https:\/\/agrement-qualite.fr\/boutique\/produit\/document-a-lunite\/modele-gratuit\/lettre-demande-autorisation-saad-jurisprudence\/","name":"Lettre demande autorisation SAAD - jurisprudence","isPartOf":{"@id":"https:\/\/agrement-qualite.fr\/boutique\/#website"},"primaryImageOfPage":{"@id":"https:\/\/agrement-qualite.fr\/boutique\/produit\/document-a-lunite\/modele-gratuit\/lettre-demande-autorisation-saad-jurisprudence\/#primaryimage"},"image":{"@id":"https:\/\/agrement-qualite.fr\/boutique\/produit\/document-a-lunite\/modele-gratuit\/lettre-demande-autorisation-saad-jurisprudence\/#primaryimage"},"thumbnailUrl":"https:\/\/agrement-qualite.fr\/boutique\/wp-content\/uploads\/2023\/06\/download-452x558-1.png","datePublished":"2023-06-07T19:15:11+00:00","dateModified":"2023-06-07T19:15:12+00:00","description":"T\u00e9l\u00e9chargez gratuitement notre lettre de demande d'autorisation SAAD selon l'arr\u00eat de la cour administrative d'appel de Toulouse valant jurisprudence sur...","breadcrumb":{"@id":"https:\/\/agrement-qualite.fr\/boutique\/produit\/document-a-lunite\/modele-gratuit\/lettre-demande-autorisation-saad-jurisprudence\/#breadcrumb"},"inLanguage":"fr-FR","potentialAction":[{"@type":"ReadAction","target":["https:\/\/agrement-qualite.fr\/boutique\/produit\/document-a-lunite\/modele-gratuit\/lettre-demande-autorisation-saad-jurisprudence\/"]}]},{"@type":"ImageObject","inLanguage":"fr-FR","@id":"https:\/\/agrement-qualite.fr\/boutique\/produit\/document-a-lunite\/modele-gratuit\/lettre-demande-autorisation-saad-jurisprudence\/#primaryimage","url":"https:\/\/agrement-qualite.fr\/boutique\/wp-content\/uploads\/2023\/06\/download-452x558-1.png","contentUrl":"https:\/\/agrement-qualite.fr\/boutique\/wp-content\/uploads\/2023\/06\/download-452x558-1.png","width":452,"height":558},{"@type":"BreadcrumbList","@id":"https:\/\/agrement-qualite.fr\/boutique\/produit\/document-a-lunite\/modele-gratuit\/lettre-demande-autorisation-saad-jurisprudence\/#breadcrumb","itemListElement":[{"@type":"ListItem","position":1,"name":"Accueil","item":"https:\/\/agrement-qualite.fr\/boutique\/"},{"@type":"ListItem","position":2,"name":"Boutique","item":"https:\/\/agrement-qualite.fr\/boutique\/boutique\/"},{"@type":"ListItem","position":3,"name":"Lettre demande autorisation SAAD &#8211; jurisprudence"}]},{"@type":"WebSite","@id":"https:\/\/agrement-qualite.fr\/boutique\/#website","url":"https:\/\/agrement-qualite.fr\/boutique\/","name":"Agrement-Qualite.fr","description":"Toute l&#039;aide pour votre agr\u00e9ment de services \u00e0 la personne","publisher":{"@id":"https:\/\/agrement-qualite.fr\/boutique\/#organization"},"alternateName":"Agrement-Qualite.fr","potentialAction":[{"@type":"SearchAction","target":{"@type":"EntryPoint","urlTemplate":"https:\/\/agrement-qualite.fr\/boutique\/?s={search_term_string}"},"query-input":{"@type":"PropertyValueSpecification","valueRequired":true,"valueName":"search_term_string"}}],"inLanguage":"fr-FR"},{"@type":"Organization","@id":"https:\/\/agrement-qualite.fr\/boutique\/#organization","name":"Agrement-Qualite.fr","alternateName":"Agrement-Qualite.fr","url":"https:\/\/agrement-qualite.fr\/boutique\/","logo":{"@type":"ImageObject","inLanguage":"fr-FR","@id":"https:\/\/agrement-qualite.fr\/boutique\/#\/schema\/logo\/image\/","url":"https:\/\/agrement-qualite.fr\/boutique\/wp-content\/uploads\/2020\/07\/AGREMENT-QUALITE-1.png","contentUrl":"https:\/\/agrement-qualite.fr\/boutique\/wp-content\/uploads\/2020\/07\/AGREMENT-QUALITE-1.png","width":201,"height":37,"caption":"Agrement-Qualite.fr"},"image":{"@id":"https:\/\/agrement-qualite.fr\/boutique\/#\/schema\/logo\/image\/"}}]}},"_links":{"self":[{"href":"https:\/\/agrement-qualite.fr\/boutique\/wp-json\/wp\/v2\/product\/12710","targetHints":{"allow":["GET"]}}],"collection":[{"href":"https:\/\/agrement-qualite.fr\/boutique\/wp-json\/wp\/v2\/product"}],"about":[{"href":"https:\/\/agrement-qualite.fr\/boutique\/wp-json\/wp\/v2\/types\/product"}],"replies":[{"embeddable":true,"href":"https:\/\/agrement-qualite.fr\/boutique\/wp-json\/wp\/v2\/comments?post=12710"}],"wp:featuredmedia":[{"embeddable":true,"href":"https:\/\/agrement-qualite.fr\/boutique\/wp-json\/wp\/v2\/media\/12711"}],"wp:attachment":[{"href":"https:\/\/agrement-qualite.fr\/boutique\/wp-json\/wp\/v2\/media?parent=12710"}],"wp:term":[{"taxonomy":"product_brand","embeddable":true,"href":"https:\/\/agrement-qualite.fr\/boutique\/wp-json\/wp\/v2\/product_brand?post=12710"},{"taxonomy":"product_cat","embeddable":true,"href":"https:\/\/agrement-qualite.fr\/boutique\/wp-json\/wp\/v2\/product_cat?post=12710"},{"taxonomy":"product_tag","embeddable":true,"href":"https:\/\/agrement-qualite.fr\/boutique\/wp-json\/wp\/v2\/product_tag?post=12710"}],"curies":[{"name":"wp","href":"https:\/\/api.w.org\/{rel}","templated":true}]}}