{"id":201,"date":"2012-08-10T12:11:25","date_gmt":"2012-08-10T10:11:25","guid":{"rendered":"http:\/\/agrement-qualite.fr\/boutique\/?post_type=product&#038;p=201"},"modified":"2024-07-28T10:08:02","modified_gmt":"2024-07-28T08:08:02","slug":"engagement-sap","status":"publish","type":"product","link":"https:\/\/agrement-qualite.fr\/boutique\/produit\/document-a-lunite\/modele-gratuit\/engagement-sap\/","title":{"rendered":"Lettre d&rsquo;Engagement SAP"},"content":{"rendered":"<p style=\"text-align: center;\"><span style=\"color: #ff0000;\"><strong>&gt;&gt; T\u00e9l\u00e9chargement imm\u00e9diat ! &lt;&lt;<\/strong><\/span><\/p>\n<p style=\"text-align: justify;\"><strong>Gagnez du temps en t\u00e9l\u00e9chargeant notre lettre d&rsquo;engagement SAP !<\/strong><\/p>\n<p style=\"text-align: justify;\">Ce mod\u00e8le de lettre d&rsquo;engagement SAP est adapt\u00e9 au service \u00e0 la personne et convient parfaitement pour la construction de votre dossier de demande d&rsquo;agr\u00e9ment (simple ou qualit\u00e9).<\/p>\n<p style=\"text-align: justify;\">Cette attestation vous permet de d\u00e9clarer sur l&rsquo;honneur que vous respecterez les engagements pris en obtenant votre agr\u00e9ment (simple ou qualit\u00e9). Vous vous engagez ainsi \u00e0 respecter le cahier des charges de l&rsquo;agr\u00e9ment.<\/p>\n<p style=\"text-align: justify;\">Convient aux exigences de l&rsquo;agr\u00e9ment et qualit\u00e9 et de l&rsquo;autorisation des SAAD (Services d&rsquo;Aide et d&rsquo;Accompagnement \u00e0 Domicile).<\/p>\n<hr \/>\n<p style=\"text-align: justify;\"><strong><a>Mod\u00e8le personnalisable &#8211; Word \/ Writer\u00a0\u00a0&#8211; (.doc\/.docx)<\/a><\/strong><\/p>\n<p style=\"text-align: justify;\"><strong><a>Document de 1 page.<\/a><\/strong><\/p>\n<p style=\"text-align: justify;\"><strong>Livr\u00e9 avec une notice d&rsquo;utilisation <em>(.pdf).<\/em><\/strong><\/p>\n<blockquote>\n<p style=\"text-align: center;\"><span style=\"color: #ff0000;\"><strong>&gt; T\u00e9l\u00e9chargement imm\u00e9diat ! &lt;&lt;<\/strong><\/span><\/p>\n<\/blockquote>\n<hr \/>\n<pre>Mise \u00e0 jour : Mars 2022.<\/pre>\n","protected":false},"excerpt":{"rendered":"<p style=\"text-align: justify;\"><strong>Gagnez du temps en t\u00e9l\u00e9chargeant notre lettre d&rsquo;engagement SAP !<\/strong><\/p>\n<p style=\"text-align: justify;\">Ce mod\u00e8le de lettre d&rsquo;engagement SAP est adapt\u00e9 au service \u00e0 la personne et convient parfaitement pour la construction de votre dossier de demande d&rsquo;agr\u00e9ment qualit\u00e9 ou d&rsquo;autorisation SAAD !<\/p>\n<p style=\"text-align: center;\"><span style=\"color: #ff0000;\"><strong>&gt;&gt; T\u00e9l\u00e9chargement imm\u00e9diat ! &lt;&lt;<\/strong><\/span><\/p>\n<hr \/>\n<pre><strong>Mise \u00e0 jour : Mars 2022.<\/strong><\/pre>\n<p style=\"text-align: justify;\">\n","protected":false},"featured_media":12277,"comment_status":"open","ping_status":"closed","template":"","meta":[],"product_brand":[],"product_cat":[14,71,72],"product_tag":[21,20,153,22,27,28,29,39,19,24,18,158,154,135,136],"class_list":{"0":"post-201","1":"product","2":"type-product","3":"status-publish","4":"has-post-thumbnail","6":"product_cat-agrement-qualite","7":"product_cat-document-a-lunite","8":"product_cat-modele-gratuit","9":"product_tag-agrement","10":"product_tag-agrement-qualite-2","11":"product_tag-autorisation-saad","12":"product_tag-autorisation-sap","13":"product_tag-credit-dimpot","14":"product_tag-dossier-agrement","15":"product_tag-dossier-complet-sap","16":"product_tag-lettre-engagement","17":"product_tag-mandataire","18":"product_tag-personnes-agees","19":"product_tag-prestataire","20":"product_tag-respect-du-cahier-des-charges","21":"product_tag-saad","22":"product_tag-services-a-la-personne","23":"product_tag-telechargement","26":"first","27":"instock","28":"downloadable","29":"virtual","30":"purchasable","31":"product-type-simple"},"yoast_head":"<!-- This site is optimized with the Yoast SEO plugin v27.3 - https:\/\/yoast.com\/product\/yoast-seo-wordpress\/ -->\n<title>Lettre d&#039;Engagement SAP - Agrement-Qualite.fr<\/title>\n<meta name=\"description\" content=\"T\u00e9l\u00e9chargez gratuitement notre mod\u00e8le de lettre d&#039;engagement SAP pour les services \u00e0 la personne. Ce document vous sera utile lorsque pour votre agr\u00e9ment !\" \/>\n<meta name=\"robots\" content=\"index, follow, max-snippet:-1, max-image-preview:large, max-video-preview:-1\" \/>\n<link rel=\"canonical\" href=\"https:\/\/agrement-qualite.fr\/boutique\/produit\/document-a-lunite\/modele-gratuit\/engagement-sap\/\" \/>\n<meta property=\"og:locale\" content=\"fr_FR\" \/>\n<meta property=\"og:type\" content=\"article\" \/>\n<meta property=\"og:title\" content=\"Lettre d&#039;Engagement SAP - Agrement-Qualite.fr\" \/>\n<meta property=\"og:description\" content=\"T\u00e9l\u00e9chargez gratuitement notre mod\u00e8le de lettre d&#039;engagement SAP pour les services \u00e0 la personne. Ce document vous sera utile lorsque pour votre agr\u00e9ment !\" \/>\n<meta property=\"og:url\" content=\"https:\/\/agrement-qualite.fr\/boutique\/produit\/document-a-lunite\/modele-gratuit\/engagement-sap\/\" \/>\n<meta property=\"og:site_name\" content=\"Agrement-Qualite.fr\" \/>\n<meta property=\"article:modified_time\" content=\"2024-07-28T08:08:02+00:00\" \/>\n<meta property=\"og:image\" content=\"https:\/\/agrement-qualite.fr\/boutique\/wp-content\/uploads\/2022\/03\/telechargement-gratuit.png\" \/>\n\t<meta property=\"og:image:width\" content=\"500\" \/>\n\t<meta property=\"og:image:height\" content=\"500\" \/>\n\t<meta property=\"og:image:type\" content=\"image\/png\" \/>\n<meta name=\"twitter:card\" content=\"summary_large_image\" \/>\n<meta name=\"twitter:label1\" content=\"Dur\u00e9e de lecture estim\u00e9e\" \/>\n\t<meta name=\"twitter:data1\" content=\"1 minute\" \/>\n<script type=\"application\/ld+json\" class=\"yoast-schema-graph\">{\"@context\":\"https:\\\/\\\/schema.org\",\"@graph\":[{\"@type\":\"WebPage\",\"@id\":\"https:\\\/\\\/agrement-qualite.fr\\\/boutique\\\/produit\\\/document-a-lunite\\\/modele-gratuit\\\/engagement-sap\\\/\",\"url\":\"https:\\\/\\\/agrement-qualite.fr\\\/boutique\\\/produit\\\/document-a-lunite\\\/modele-gratuit\\\/engagement-sap\\\/\",\"name\":\"Lettre d'Engagement SAP - Agrement-Qualite.fr\",\"isPartOf\":{\"@id\":\"https:\\\/\\\/agrement-qualite.fr\\\/boutique\\\/#website\"},\"primaryImageOfPage\":{\"@id\":\"https:\\\/\\\/agrement-qualite.fr\\\/boutique\\\/produit\\\/document-a-lunite\\\/modele-gratuit\\\/engagement-sap\\\/#primaryimage\"},\"image\":{\"@id\":\"https:\\\/\\\/agrement-qualite.fr\\\/boutique\\\/produit\\\/document-a-lunite\\\/modele-gratuit\\\/engagement-sap\\\/#primaryimage\"},\"thumbnailUrl\":\"https:\\\/\\\/agrement-qualite.fr\\\/boutique\\\/wp-content\\\/uploads\\\/2022\\\/03\\\/telechargement-gratuit.png\",\"datePublished\":\"2012-08-10T10:11:25+00:00\",\"dateModified\":\"2024-07-28T08:08:02+00:00\",\"description\":\"T\u00e9l\u00e9chargez gratuitement notre mod\u00e8le de lettre d'engagement SAP pour les services \u00e0 la personne. Ce document vous sera utile lorsque pour votre agr\u00e9ment !\",\"breadcrumb\":{\"@id\":\"https:\\\/\\\/agrement-qualite.fr\\\/boutique\\\/produit\\\/document-a-lunite\\\/modele-gratuit\\\/engagement-sap\\\/#breadcrumb\"},\"inLanguage\":\"fr-FR\",\"potentialAction\":[{\"@type\":\"ReadAction\",\"target\":[\"https:\\\/\\\/agrement-qualite.fr\\\/boutique\\\/produit\\\/document-a-lunite\\\/modele-gratuit\\\/engagement-sap\\\/\"]}]},{\"@type\":\"ImageObject\",\"inLanguage\":\"fr-FR\",\"@id\":\"https:\\\/\\\/agrement-qualite.fr\\\/boutique\\\/produit\\\/document-a-lunite\\\/modele-gratuit\\\/engagement-sap\\\/#primaryimage\",\"url\":\"https:\\\/\\\/agrement-qualite.fr\\\/boutique\\\/wp-content\\\/uploads\\\/2022\\\/03\\\/telechargement-gratuit.png\",\"contentUrl\":\"https:\\\/\\\/agrement-qualite.fr\\\/boutique\\\/wp-content\\\/uploads\\\/2022\\\/03\\\/telechargement-gratuit.png\",\"width\":500,\"height\":500},{\"@type\":\"BreadcrumbList\",\"@id\":\"https:\\\/\\\/agrement-qualite.fr\\\/boutique\\\/produit\\\/document-a-lunite\\\/modele-gratuit\\\/engagement-sap\\\/#breadcrumb\",\"itemListElement\":[{\"@type\":\"ListItem\",\"position\":1,\"name\":\"Accueil\",\"item\":\"https:\\\/\\\/agrement-qualite.fr\\\/boutique\\\/\"},{\"@type\":\"ListItem\",\"position\":2,\"name\":\"Boutique\",\"item\":\"https:\\\/\\\/agrement-qualite.fr\\\/boutique\\\/boutique\\\/\"},{\"@type\":\"ListItem\",\"position\":3,\"name\":\"Lettre d&rsquo;Engagement SAP\"}]},{\"@type\":\"WebSite\",\"@id\":\"https:\\\/\\\/agrement-qualite.fr\\\/boutique\\\/#website\",\"url\":\"https:\\\/\\\/agrement-qualite.fr\\\/boutique\\\/\",\"name\":\"Agrement-Qualite.fr\",\"description\":\"Toute l&#039;aide pour votre agr\u00e9ment de services \u00e0 la personne\",\"publisher\":{\"@id\":\"https:\\\/\\\/agrement-qualite.fr\\\/boutique\\\/#organization\"},\"alternateName\":\"Agrement-Qualite.fr\",\"potentialAction\":[{\"@type\":\"SearchAction\",\"target\":{\"@type\":\"EntryPoint\",\"urlTemplate\":\"https:\\\/\\\/agrement-qualite.fr\\\/boutique\\\/?s={search_term_string}\"},\"query-input\":{\"@type\":\"PropertyValueSpecification\",\"valueRequired\":true,\"valueName\":\"search_term_string\"}}],\"inLanguage\":\"fr-FR\"},{\"@type\":\"Organization\",\"@id\":\"https:\\\/\\\/agrement-qualite.fr\\\/boutique\\\/#organization\",\"name\":\"Agrement-Qualite.fr\",\"alternateName\":\"Agrement-Qualite.fr\",\"url\":\"https:\\\/\\\/agrement-qualite.fr\\\/boutique\\\/\",\"logo\":{\"@type\":\"ImageObject\",\"inLanguage\":\"fr-FR\",\"@id\":\"https:\\\/\\\/agrement-qualite.fr\\\/boutique\\\/#\\\/schema\\\/logo\\\/image\\\/\",\"url\":\"https:\\\/\\\/agrement-qualite.fr\\\/boutique\\\/wp-content\\\/uploads\\\/2020\\\/07\\\/AGREMENT-QUALITE-1.png\",\"contentUrl\":\"https:\\\/\\\/agrement-qualite.fr\\\/boutique\\\/wp-content\\\/uploads\\\/2020\\\/07\\\/AGREMENT-QUALITE-1.png\",\"width\":201,\"height\":37,\"caption\":\"Agrement-Qualite.fr\"},\"image\":{\"@id\":\"https:\\\/\\\/agrement-qualite.fr\\\/boutique\\\/#\\\/schema\\\/logo\\\/image\\\/\"}}]}<\/script>\n<!-- \/ Yoast SEO plugin. -->","yoast_head_json":{"title":"Lettre d'Engagement SAP - Agrement-Qualite.fr","description":"T\u00e9l\u00e9chargez gratuitement notre mod\u00e8le de lettre d'engagement SAP pour les services \u00e0 la personne. Ce document vous sera utile lorsque pour votre agr\u00e9ment !","robots":{"index":"index","follow":"follow","max-snippet":"max-snippet:-1","max-image-preview":"max-image-preview:large","max-video-preview":"max-video-preview:-1"},"canonical":"https:\/\/agrement-qualite.fr\/boutique\/produit\/document-a-lunite\/modele-gratuit\/engagement-sap\/","og_locale":"fr_FR","og_type":"article","og_title":"Lettre d'Engagement SAP - Agrement-Qualite.fr","og_description":"T\u00e9l\u00e9chargez gratuitement notre mod\u00e8le de lettre d'engagement SAP pour les services \u00e0 la personne. Ce document vous sera utile lorsque pour votre agr\u00e9ment !","og_url":"https:\/\/agrement-qualite.fr\/boutique\/produit\/document-a-lunite\/modele-gratuit\/engagement-sap\/","og_site_name":"Agrement-Qualite.fr","article_modified_time":"2024-07-28T08:08:02+00:00","og_image":[{"width":500,"height":500,"url":"https:\/\/agrement-qualite.fr\/boutique\/wp-content\/uploads\/2022\/03\/telechargement-gratuit.png","type":"image\/png"}],"twitter_card":"summary_large_image","twitter_misc":{"Dur\u00e9e de lecture estim\u00e9e":"1 minute"},"schema":{"@context":"https:\/\/schema.org","@graph":[{"@type":"WebPage","@id":"https:\/\/agrement-qualite.fr\/boutique\/produit\/document-a-lunite\/modele-gratuit\/engagement-sap\/","url":"https:\/\/agrement-qualite.fr\/boutique\/produit\/document-a-lunite\/modele-gratuit\/engagement-sap\/","name":"Lettre d'Engagement SAP - Agrement-Qualite.fr","isPartOf":{"@id":"https:\/\/agrement-qualite.fr\/boutique\/#website"},"primaryImageOfPage":{"@id":"https:\/\/agrement-qualite.fr\/boutique\/produit\/document-a-lunite\/modele-gratuit\/engagement-sap\/#primaryimage"},"image":{"@id":"https:\/\/agrement-qualite.fr\/boutique\/produit\/document-a-lunite\/modele-gratuit\/engagement-sap\/#primaryimage"},"thumbnailUrl":"https:\/\/agrement-qualite.fr\/boutique\/wp-content\/uploads\/2022\/03\/telechargement-gratuit.png","datePublished":"2012-08-10T10:11:25+00:00","dateModified":"2024-07-28T08:08:02+00:00","description":"T\u00e9l\u00e9chargez gratuitement notre mod\u00e8le de lettre d'engagement SAP pour les services \u00e0 la personne. Ce document vous sera utile lorsque pour votre agr\u00e9ment !","breadcrumb":{"@id":"https:\/\/agrement-qualite.fr\/boutique\/produit\/document-a-lunite\/modele-gratuit\/engagement-sap\/#breadcrumb"},"inLanguage":"fr-FR","potentialAction":[{"@type":"ReadAction","target":["https:\/\/agrement-qualite.fr\/boutique\/produit\/document-a-lunite\/modele-gratuit\/engagement-sap\/"]}]},{"@type":"ImageObject","inLanguage":"fr-FR","@id":"https:\/\/agrement-qualite.fr\/boutique\/produit\/document-a-lunite\/modele-gratuit\/engagement-sap\/#primaryimage","url":"https:\/\/agrement-qualite.fr\/boutique\/wp-content\/uploads\/2022\/03\/telechargement-gratuit.png","contentUrl":"https:\/\/agrement-qualite.fr\/boutique\/wp-content\/uploads\/2022\/03\/telechargement-gratuit.png","width":500,"height":500},{"@type":"BreadcrumbList","@id":"https:\/\/agrement-qualite.fr\/boutique\/produit\/document-a-lunite\/modele-gratuit\/engagement-sap\/#breadcrumb","itemListElement":[{"@type":"ListItem","position":1,"name":"Accueil","item":"https:\/\/agrement-qualite.fr\/boutique\/"},{"@type":"ListItem","position":2,"name":"Boutique","item":"https:\/\/agrement-qualite.fr\/boutique\/boutique\/"},{"@type":"ListItem","position":3,"name":"Lettre d&rsquo;Engagement SAP"}]},{"@type":"WebSite","@id":"https:\/\/agrement-qualite.fr\/boutique\/#website","url":"https:\/\/agrement-qualite.fr\/boutique\/","name":"Agrement-Qualite.fr","description":"Toute l&#039;aide pour votre agr\u00e9ment de services \u00e0 la personne","publisher":{"@id":"https:\/\/agrement-qualite.fr\/boutique\/#organization"},"alternateName":"Agrement-Qualite.fr","potentialAction":[{"@type":"SearchAction","target":{"@type":"EntryPoint","urlTemplate":"https:\/\/agrement-qualite.fr\/boutique\/?s={search_term_string}"},"query-input":{"@type":"PropertyValueSpecification","valueRequired":true,"valueName":"search_term_string"}}],"inLanguage":"fr-FR"},{"@type":"Organization","@id":"https:\/\/agrement-qualite.fr\/boutique\/#organization","name":"Agrement-Qualite.fr","alternateName":"Agrement-Qualite.fr","url":"https:\/\/agrement-qualite.fr\/boutique\/","logo":{"@type":"ImageObject","inLanguage":"fr-FR","@id":"https:\/\/agrement-qualite.fr\/boutique\/#\/schema\/logo\/image\/","url":"https:\/\/agrement-qualite.fr\/boutique\/wp-content\/uploads\/2020\/07\/AGREMENT-QUALITE-1.png","contentUrl":"https:\/\/agrement-qualite.fr\/boutique\/wp-content\/uploads\/2020\/07\/AGREMENT-QUALITE-1.png","width":201,"height":37,"caption":"Agrement-Qualite.fr"},"image":{"@id":"https:\/\/agrement-qualite.fr\/boutique\/#\/schema\/logo\/image\/"}}]}},"_links":{"self":[{"href":"https:\/\/agrement-qualite.fr\/boutique\/wp-json\/wp\/v2\/product\/201","targetHints":{"allow":["GET"]}}],"collection":[{"href":"https:\/\/agrement-qualite.fr\/boutique\/wp-json\/wp\/v2\/product"}],"about":[{"href":"https:\/\/agrement-qualite.fr\/boutique\/wp-json\/wp\/v2\/types\/product"}],"replies":[{"embeddable":true,"href":"https:\/\/agrement-qualite.fr\/boutique\/wp-json\/wp\/v2\/comments?post=201"}],"wp:featuredmedia":[{"embeddable":true,"href":"https:\/\/agrement-qualite.fr\/boutique\/wp-json\/wp\/v2\/media\/12277"}],"wp:attachment":[{"href":"https:\/\/agrement-qualite.fr\/boutique\/wp-json\/wp\/v2\/media?parent=201"}],"wp:term":[{"taxonomy":"product_brand","embeddable":true,"href":"https:\/\/agrement-qualite.fr\/boutique\/wp-json\/wp\/v2\/product_brand?post=201"},{"taxonomy":"product_cat","embeddable":true,"href":"https:\/\/agrement-qualite.fr\/boutique\/wp-json\/wp\/v2\/product_cat?post=201"},{"taxonomy":"product_tag","embeddable":true,"href":"https:\/\/agrement-qualite.fr\/boutique\/wp-json\/wp\/v2\/product_tag?post=201"}],"curies":[{"name":"wp","href":"https:\/\/api.w.org\/{rel}","templated":true}]}}