{"id":2122,"date":"2015-07-16T13:27:36","date_gmt":"2015-07-16T11:27:36","guid":{"rendered":"http:\/\/agrement-qualite.fr\/boutique\/?post_type=product&#038;p=2122"},"modified":"2024-09-07T05:13:51","modified_gmt":"2024-09-07T03:13:51","slug":"bulletin-de-paie-aide-a-domicile-2015","status":"publish","type":"product","link":"https:\/\/agrement-qualite.fr\/boutique\/produit\/document-a-lunite\/modele-payant-document-a-lunite\/bulletin-de-paie-aide-a-domicile-2015\/","title":{"rendered":"Mod\u00e8le Bulletin de paie Aide \u00e0 domicile 2015"},"content":{"rendered":"<p style=\"text-align: center;\"><span style=\"color: #ff0000;\"><strong>&gt;&gt; T\u00e9l\u00e9chargement imm\u00e9diat ! &lt;&lt;<\/strong><\/span><\/p>\n<p style=\"text-align: justify;\">Ce mod\u00e8le Excel \/ Calc de bulletin de paie d&rsquo;aide \u00e0 domicile vous permet de r\u00e9aliser rapidement et simplement les bulletins de paye de vos salari\u00e9s \u00e0 domicile (auxiliaires de vie sociales, employ\u00e9e \u00e0 domicile, agent d&rsquo;entretien, etc).<\/p>\n<p style=\"text-align: justify;\">Le document est format\u00e9 pour <span style=\"text-decoration: underline;\">calculer automatiquement<\/span> les cotisations salariales et patronales.<\/p>\n<p style=\"text-align: justify;\">Le mod\u00e8le prend en compte les exon\u00e9rations patronales d&rsquo;aide \u00e0 domicile.<\/p>\n<p style=\"text-align: justify;\">Ce document est adapt\u00e9 aux conventions collectives des services \u00e0 la personne.<\/p>\n<hr \/>\n<p style=\"text-align: justify;\">Il contient :<\/p>\n<p style=\"text-align: justify;\"><strong>&gt;&gt; Mod\u00e8le Excel \/ Calc de bulletin de salaire pour aide \u00e0 domicile <em>(.xls\/.xlsx).<\/em><\/strong><\/p>\n<p style=\"text-align: justify;\"><strong>&gt;&gt; Notice d&rsquo;utilisation <em>(.pdf).<\/em><\/strong><\/p>\n<p style=\"text-align: justify;\"><strong>&gt;&gt; Fiche d&rsquo;information sur les exon\u00e9rations de charges patronales \u00ab\u00a0Aide \u00e0 domicile\u00a0\u00bb <em>(.pdf).<\/em><\/strong><\/p>\n<hr \/>\n<p style=\"text-align: justify;\"><strong>Document personnalisable Excel \/ Calc &#8211; Au format .xls\/.xlsx<\/strong><\/p>\n<p style=\"text-align: justify;\"><strong>Document de 1 page &#8211; Version juillet 2015.<\/strong><\/p>\n<p style=\"text-align: center;\"><span style=\"color: #ff0000;\"><strong>&gt;&gt; T\u00e9l\u00e9chargement imm\u00e9diat &lt;&lt;<\/strong><\/span><\/p>\n","protected":false},"excerpt":{"rendered":"<p style=\"text-align: justify;\">T\u00e9l\u00e9chargez le mod\u00e8le Excel \/Calc de bulletin de paie d&rsquo;aide \u00e0 domicile 2015.<\/p>\n<p style=\"text-align: justify;\">Il vous permet d&rsquo;\u00e9tablir facilement les fiches de paie de vos salari\u00e9s \u00e0 domicile.<\/p>\n<p style=\"text-align: center;\"><span style=\"color: #ff0000;\"><strong>&gt;&gt; T\u00e9l\u00e9chargement imm\u00e9diat &lt;&lt;<\/strong><\/span><\/p>\n<hr \/>\n<pre><strong>Mise \u00e0 jour : Juillet 2015<\/strong><\/pre>\n<p style=\"text-align: center;\">\n","protected":false},"featured_media":2123,"comment_status":"open","ping_status":"closed","template":"","meta":[],"product_brand":[],"product_cat":[14,71,74],"product_tag":[20,126,56,123,125,127,129,128,122,124,135,136],"class_list":{"0":"post-2122","1":"product","2":"type-product","3":"status-publish","4":"has-post-thumbnail","6":"product_cat-agrement-qualite","7":"product_cat-document-a-lunite","8":"product_cat-modele-payant-document-a-lunite","9":"product_tag-agrement-qualite-2","10":"product_tag-agrement-sap","11":"product_tag-aide-a-domicile","12":"product_tag-bulletin-de-paie-excel","13":"product_tag-bulletin-de-paye","14":"product_tag-bulletin-de-salaire","15":"product_tag-bulletin-de-salaire-aide-a-domicile","16":"product_tag-fiche-de-salair","17":"product_tag-modele-de-bulletin-de-paie-aide-a-domicile","18":"product_tag-salaire-aide-a-domicile","19":"product_tag-services-a-la-personne","20":"product_tag-telechargement","23":"first","24":"instock","25":"featured","26":"downloadable","27":"virtual","28":"purchasable","29":"product-type-simple"},"yoast_head":"<!-- This site is optimized with the Yoast SEO plugin v27.3 - https:\/\/yoast.com\/product\/yoast-seo-wordpress\/ -->\n<title>Mod\u00e8le Bulletin de paie Aide \u00e0 domicile 2015 - Agrement-Qualite.fr<\/title>\n<meta name=\"description\" content=\"T\u00e9l\u00e9chargez notre mod\u00e8le excel de bulletin de paie d&#039;un(e) aide \u00e0 domicile. Il est \u00e0 jour et adapt\u00e9 aux services \u00e0 la personne. T\u00e9l\u00e9chargez, \u00e9ditez, envoyez\" \/>\n<meta name=\"robots\" content=\"index, follow, max-snippet:-1, max-image-preview:large, max-video-preview:-1\" \/>\n<link rel=\"canonical\" href=\"https:\/\/agrement-qualite.fr\/boutique\/produit\/document-a-lunite\/modele-payant-document-a-lunite\/bulletin-de-paie-aide-a-domicile-2015\/\" \/>\n<meta property=\"og:locale\" content=\"fr_FR\" \/>\n<meta property=\"og:type\" content=\"article\" \/>\n<meta property=\"og:title\" content=\"Mod\u00e8le Bulletin de paie Aide \u00e0 domicile 2015 - Agrement-Qualite.fr\" \/>\n<meta property=\"og:description\" content=\"T\u00e9l\u00e9chargez notre mod\u00e8le excel de bulletin de paie d&#039;un(e) aide \u00e0 domicile. Il est \u00e0 jour et adapt\u00e9 aux services \u00e0 la personne. T\u00e9l\u00e9chargez, \u00e9ditez, envoyez\" \/>\n<meta property=\"og:url\" content=\"https:\/\/agrement-qualite.fr\/boutique\/produit\/document-a-lunite\/modele-payant-document-a-lunite\/bulletin-de-paie-aide-a-domicile-2015\/\" \/>\n<meta property=\"og:site_name\" content=\"Agrement-Qualite.fr\" \/>\n<meta property=\"article:modified_time\" content=\"2024-09-07T03:13:51+00:00\" \/>\n<meta property=\"og:image\" content=\"https:\/\/agrement-qualite.fr\/boutique\/wp-content\/uploads\/2015\/07\/mod\u00e8le-bulletin-de-paie-aide-\u00e0-domicile-2015.png\" \/>\n\t<meta property=\"og:image:width\" content=\"550\" \/>\n\t<meta property=\"og:image:height\" content=\"498\" \/>\n\t<meta property=\"og:image:type\" content=\"image\/png\" \/>\n<meta name=\"twitter:card\" content=\"summary_large_image\" \/>\n<meta name=\"twitter:label1\" content=\"Dur\u00e9e de lecture estim\u00e9e\" \/>\n\t<meta name=\"twitter:data1\" content=\"1 minute\" \/>\n<script type=\"application\/ld+json\" class=\"yoast-schema-graph\">{\"@context\":\"https:\\\/\\\/schema.org\",\"@graph\":[{\"@type\":\"WebPage\",\"@id\":\"https:\\\/\\\/agrement-qualite.fr\\\/boutique\\\/produit\\\/document-a-lunite\\\/modele-payant-document-a-lunite\\\/bulletin-de-paie-aide-a-domicile-2015\\\/\",\"url\":\"https:\\\/\\\/agrement-qualite.fr\\\/boutique\\\/produit\\\/document-a-lunite\\\/modele-payant-document-a-lunite\\\/bulletin-de-paie-aide-a-domicile-2015\\\/\",\"name\":\"Mod\u00e8le Bulletin de paie Aide \u00e0 domicile 2015 - Agrement-Qualite.fr\",\"isPartOf\":{\"@id\":\"https:\\\/\\\/agrement-qualite.fr\\\/boutique\\\/#website\"},\"primaryImageOfPage\":{\"@id\":\"https:\\\/\\\/agrement-qualite.fr\\\/boutique\\\/produit\\\/document-a-lunite\\\/modele-payant-document-a-lunite\\\/bulletin-de-paie-aide-a-domicile-2015\\\/#primaryimage\"},\"image\":{\"@id\":\"https:\\\/\\\/agrement-qualite.fr\\\/boutique\\\/produit\\\/document-a-lunite\\\/modele-payant-document-a-lunite\\\/bulletin-de-paie-aide-a-domicile-2015\\\/#primaryimage\"},\"thumbnailUrl\":\"https:\\\/\\\/agrement-qualite.fr\\\/boutique\\\/wp-content\\\/uploads\\\/2015\\\/07\\\/mod\u00e8le-bulletin-de-paie-aide-\u00e0-domicile-2015.png\",\"datePublished\":\"2015-07-16T11:27:36+00:00\",\"dateModified\":\"2024-09-07T03:13:51+00:00\",\"description\":\"T\u00e9l\u00e9chargez notre mod\u00e8le excel de bulletin de paie d'un(e) aide \u00e0 domicile. Il est \u00e0 jour et adapt\u00e9 aux services \u00e0 la personne. T\u00e9l\u00e9chargez, \u00e9ditez, envoyez\",\"breadcrumb\":{\"@id\":\"https:\\\/\\\/agrement-qualite.fr\\\/boutique\\\/produit\\\/document-a-lunite\\\/modele-payant-document-a-lunite\\\/bulletin-de-paie-aide-a-domicile-2015\\\/#breadcrumb\"},\"inLanguage\":\"fr-FR\",\"potentialAction\":[{\"@type\":\"ReadAction\",\"target\":[\"https:\\\/\\\/agrement-qualite.fr\\\/boutique\\\/produit\\\/document-a-lunite\\\/modele-payant-document-a-lunite\\\/bulletin-de-paie-aide-a-domicile-2015\\\/\"]}]},{\"@type\":\"ImageObject\",\"inLanguage\":\"fr-FR\",\"@id\":\"https:\\\/\\\/agrement-qualite.fr\\\/boutique\\\/produit\\\/document-a-lunite\\\/modele-payant-document-a-lunite\\\/bulletin-de-paie-aide-a-domicile-2015\\\/#primaryimage\",\"url\":\"https:\\\/\\\/agrement-qualite.fr\\\/boutique\\\/wp-content\\\/uploads\\\/2015\\\/07\\\/mod\u00e8le-bulletin-de-paie-aide-\u00e0-domicile-2015.png\",\"contentUrl\":\"https:\\\/\\\/agrement-qualite.fr\\\/boutique\\\/wp-content\\\/uploads\\\/2015\\\/07\\\/mod\u00e8le-bulletin-de-paie-aide-\u00e0-domicile-2015.png\",\"width\":550,\"height\":498,\"caption\":\"mod\u00e8le bulletin de paie aide \u00e0 domicile 2015\"},{\"@type\":\"BreadcrumbList\",\"@id\":\"https:\\\/\\\/agrement-qualite.fr\\\/boutique\\\/produit\\\/document-a-lunite\\\/modele-payant-document-a-lunite\\\/bulletin-de-paie-aide-a-domicile-2015\\\/#breadcrumb\",\"itemListElement\":[{\"@type\":\"ListItem\",\"position\":1,\"name\":\"Accueil\",\"item\":\"https:\\\/\\\/agrement-qualite.fr\\\/boutique\\\/\"},{\"@type\":\"ListItem\",\"position\":2,\"name\":\"Boutique\",\"item\":\"https:\\\/\\\/agrement-qualite.fr\\\/boutique\\\/boutique\\\/\"},{\"@type\":\"ListItem\",\"position\":3,\"name\":\"Mod\u00e8le Bulletin de paie Aide \u00e0 domicile 2015\"}]},{\"@type\":\"WebSite\",\"@id\":\"https:\\\/\\\/agrement-qualite.fr\\\/boutique\\\/#website\",\"url\":\"https:\\\/\\\/agrement-qualite.fr\\\/boutique\\\/\",\"name\":\"Agrement-Qualite.fr\",\"description\":\"Toute l&#039;aide pour votre agr\u00e9ment de services \u00e0 la personne\",\"publisher\":{\"@id\":\"https:\\\/\\\/agrement-qualite.fr\\\/boutique\\\/#organization\"},\"alternateName\":\"Agrement-Qualite.fr\",\"potentialAction\":[{\"@type\":\"SearchAction\",\"target\":{\"@type\":\"EntryPoint\",\"urlTemplate\":\"https:\\\/\\\/agrement-qualite.fr\\\/boutique\\\/?s={search_term_string}\"},\"query-input\":{\"@type\":\"PropertyValueSpecification\",\"valueRequired\":true,\"valueName\":\"search_term_string\"}}],\"inLanguage\":\"fr-FR\"},{\"@type\":\"Organization\",\"@id\":\"https:\\\/\\\/agrement-qualite.fr\\\/boutique\\\/#organization\",\"name\":\"Agrement-Qualite.fr\",\"alternateName\":\"Agrement-Qualite.fr\",\"url\":\"https:\\\/\\\/agrement-qualite.fr\\\/boutique\\\/\",\"logo\":{\"@type\":\"ImageObject\",\"inLanguage\":\"fr-FR\",\"@id\":\"https:\\\/\\\/agrement-qualite.fr\\\/boutique\\\/#\\\/schema\\\/logo\\\/image\\\/\",\"url\":\"https:\\\/\\\/agrement-qualite.fr\\\/boutique\\\/wp-content\\\/uploads\\\/2020\\\/07\\\/AGREMENT-QUALITE-1.png\",\"contentUrl\":\"https:\\\/\\\/agrement-qualite.fr\\\/boutique\\\/wp-content\\\/uploads\\\/2020\\\/07\\\/AGREMENT-QUALITE-1.png\",\"width\":201,\"height\":37,\"caption\":\"Agrement-Qualite.fr\"},\"image\":{\"@id\":\"https:\\\/\\\/agrement-qualite.fr\\\/boutique\\\/#\\\/schema\\\/logo\\\/image\\\/\"}}]}<\/script>\n<!-- \/ Yoast SEO plugin. -->","yoast_head_json":{"title":"Mod\u00e8le Bulletin de paie Aide \u00e0 domicile 2015 - Agrement-Qualite.fr","description":"T\u00e9l\u00e9chargez notre mod\u00e8le excel de bulletin de paie d'un(e) aide \u00e0 domicile. Il est \u00e0 jour et adapt\u00e9 aux services \u00e0 la personne. T\u00e9l\u00e9chargez, \u00e9ditez, envoyez","robots":{"index":"index","follow":"follow","max-snippet":"max-snippet:-1","max-image-preview":"max-image-preview:large","max-video-preview":"max-video-preview:-1"},"canonical":"https:\/\/agrement-qualite.fr\/boutique\/produit\/document-a-lunite\/modele-payant-document-a-lunite\/bulletin-de-paie-aide-a-domicile-2015\/","og_locale":"fr_FR","og_type":"article","og_title":"Mod\u00e8le Bulletin de paie Aide \u00e0 domicile 2015 - Agrement-Qualite.fr","og_description":"T\u00e9l\u00e9chargez notre mod\u00e8le excel de bulletin de paie d'un(e) aide \u00e0 domicile. Il est \u00e0 jour et adapt\u00e9 aux services \u00e0 la personne. T\u00e9l\u00e9chargez, \u00e9ditez, envoyez","og_url":"https:\/\/agrement-qualite.fr\/boutique\/produit\/document-a-lunite\/modele-payant-document-a-lunite\/bulletin-de-paie-aide-a-domicile-2015\/","og_site_name":"Agrement-Qualite.fr","article_modified_time":"2024-09-07T03:13:51+00:00","og_image":[{"width":550,"height":498,"url":"https:\/\/agrement-qualite.fr\/boutique\/wp-content\/uploads\/2015\/07\/mod\u00e8le-bulletin-de-paie-aide-\u00e0-domicile-2015.png","type":"image\/png"}],"twitter_card":"summary_large_image","twitter_misc":{"Dur\u00e9e de lecture estim\u00e9e":"1 minute"},"schema":{"@context":"https:\/\/schema.org","@graph":[{"@type":"WebPage","@id":"https:\/\/agrement-qualite.fr\/boutique\/produit\/document-a-lunite\/modele-payant-document-a-lunite\/bulletin-de-paie-aide-a-domicile-2015\/","url":"https:\/\/agrement-qualite.fr\/boutique\/produit\/document-a-lunite\/modele-payant-document-a-lunite\/bulletin-de-paie-aide-a-domicile-2015\/","name":"Mod\u00e8le Bulletin de paie Aide \u00e0 domicile 2015 - Agrement-Qualite.fr","isPartOf":{"@id":"https:\/\/agrement-qualite.fr\/boutique\/#website"},"primaryImageOfPage":{"@id":"https:\/\/agrement-qualite.fr\/boutique\/produit\/document-a-lunite\/modele-payant-document-a-lunite\/bulletin-de-paie-aide-a-domicile-2015\/#primaryimage"},"image":{"@id":"https:\/\/agrement-qualite.fr\/boutique\/produit\/document-a-lunite\/modele-payant-document-a-lunite\/bulletin-de-paie-aide-a-domicile-2015\/#primaryimage"},"thumbnailUrl":"https:\/\/agrement-qualite.fr\/boutique\/wp-content\/uploads\/2015\/07\/mod\u00e8le-bulletin-de-paie-aide-\u00e0-domicile-2015.png","datePublished":"2015-07-16T11:27:36+00:00","dateModified":"2024-09-07T03:13:51+00:00","description":"T\u00e9l\u00e9chargez notre mod\u00e8le excel de bulletin de paie d'un(e) aide \u00e0 domicile. Il est \u00e0 jour et adapt\u00e9 aux services \u00e0 la personne. T\u00e9l\u00e9chargez, \u00e9ditez, envoyez","breadcrumb":{"@id":"https:\/\/agrement-qualite.fr\/boutique\/produit\/document-a-lunite\/modele-payant-document-a-lunite\/bulletin-de-paie-aide-a-domicile-2015\/#breadcrumb"},"inLanguage":"fr-FR","potentialAction":[{"@type":"ReadAction","target":["https:\/\/agrement-qualite.fr\/boutique\/produit\/document-a-lunite\/modele-payant-document-a-lunite\/bulletin-de-paie-aide-a-domicile-2015\/"]}]},{"@type":"ImageObject","inLanguage":"fr-FR","@id":"https:\/\/agrement-qualite.fr\/boutique\/produit\/document-a-lunite\/modele-payant-document-a-lunite\/bulletin-de-paie-aide-a-domicile-2015\/#primaryimage","url":"https:\/\/agrement-qualite.fr\/boutique\/wp-content\/uploads\/2015\/07\/mod\u00e8le-bulletin-de-paie-aide-\u00e0-domicile-2015.png","contentUrl":"https:\/\/agrement-qualite.fr\/boutique\/wp-content\/uploads\/2015\/07\/mod\u00e8le-bulletin-de-paie-aide-\u00e0-domicile-2015.png","width":550,"height":498,"caption":"mod\u00e8le bulletin de paie aide \u00e0 domicile 2015"},{"@type":"BreadcrumbList","@id":"https:\/\/agrement-qualite.fr\/boutique\/produit\/document-a-lunite\/modele-payant-document-a-lunite\/bulletin-de-paie-aide-a-domicile-2015\/#breadcrumb","itemListElement":[{"@type":"ListItem","position":1,"name":"Accueil","item":"https:\/\/agrement-qualite.fr\/boutique\/"},{"@type":"ListItem","position":2,"name":"Boutique","item":"https:\/\/agrement-qualite.fr\/boutique\/boutique\/"},{"@type":"ListItem","position":3,"name":"Mod\u00e8le Bulletin de paie Aide \u00e0 domicile 2015"}]},{"@type":"WebSite","@id":"https:\/\/agrement-qualite.fr\/boutique\/#website","url":"https:\/\/agrement-qualite.fr\/boutique\/","name":"Agrement-Qualite.fr","description":"Toute l&#039;aide pour votre agr\u00e9ment de services \u00e0 la personne","publisher":{"@id":"https:\/\/agrement-qualite.fr\/boutique\/#organization"},"alternateName":"Agrement-Qualite.fr","potentialAction":[{"@type":"SearchAction","target":{"@type":"EntryPoint","urlTemplate":"https:\/\/agrement-qualite.fr\/boutique\/?s={search_term_string}"},"query-input":{"@type":"PropertyValueSpecification","valueRequired":true,"valueName":"search_term_string"}}],"inLanguage":"fr-FR"},{"@type":"Organization","@id":"https:\/\/agrement-qualite.fr\/boutique\/#organization","name":"Agrement-Qualite.fr","alternateName":"Agrement-Qualite.fr","url":"https:\/\/agrement-qualite.fr\/boutique\/","logo":{"@type":"ImageObject","inLanguage":"fr-FR","@id":"https:\/\/agrement-qualite.fr\/boutique\/#\/schema\/logo\/image\/","url":"https:\/\/agrement-qualite.fr\/boutique\/wp-content\/uploads\/2020\/07\/AGREMENT-QUALITE-1.png","contentUrl":"https:\/\/agrement-qualite.fr\/boutique\/wp-content\/uploads\/2020\/07\/AGREMENT-QUALITE-1.png","width":201,"height":37,"caption":"Agrement-Qualite.fr"},"image":{"@id":"https:\/\/agrement-qualite.fr\/boutique\/#\/schema\/logo\/image\/"}}]}},"_links":{"self":[{"href":"https:\/\/agrement-qualite.fr\/boutique\/wp-json\/wp\/v2\/product\/2122","targetHints":{"allow":["GET"]}}],"collection":[{"href":"https:\/\/agrement-qualite.fr\/boutique\/wp-json\/wp\/v2\/product"}],"about":[{"href":"https:\/\/agrement-qualite.fr\/boutique\/wp-json\/wp\/v2\/types\/product"}],"replies":[{"embeddable":true,"href":"https:\/\/agrement-qualite.fr\/boutique\/wp-json\/wp\/v2\/comments?post=2122"}],"wp:featuredmedia":[{"embeddable":true,"href":"https:\/\/agrement-qualite.fr\/boutique\/wp-json\/wp\/v2\/media\/2123"}],"wp:attachment":[{"href":"https:\/\/agrement-qualite.fr\/boutique\/wp-json\/wp\/v2\/media?parent=2122"}],"wp:term":[{"taxonomy":"product_brand","embeddable":true,"href":"https:\/\/agrement-qualite.fr\/boutique\/wp-json\/wp\/v2\/product_brand?post=2122"},{"taxonomy":"product_cat","embeddable":true,"href":"https:\/\/agrement-qualite.fr\/boutique\/wp-json\/wp\/v2\/product_cat?post=2122"},{"taxonomy":"product_tag","embeddable":true,"href":"https:\/\/agrement-qualite.fr\/boutique\/wp-json\/wp\/v2\/product_tag?post=2122"}],"curies":[{"name":"wp","href":"https:\/\/api.w.org\/{rel}","templated":true}]}}