{"id":2126,"date":"2015-07-16T23:13:38","date_gmt":"2015-07-16T21:13:38","guid":{"rendered":"http:\/\/agrement-qualite.fr\/boutique\/?post_type=product&#038;p=2126"},"modified":"2023-04-30T16:24:39","modified_gmt":"2023-04-30T14:24:39","slug":"modele-excel-de-facture-aide-a-domicile-2015","status":"publish","type":"product","link":"https:\/\/agrement-qualite.fr\/boutique\/produit\/document-a-lunite\/modele-payant-document-a-lunite\/modele-excel-de-facture-aide-a-domicile-2015\/","title":{"rendered":"Mod\u00e8le Facture Aide \u00e0 domicile 2015"},"content":{"rendered":"<p style=\"text-align: center;\"><span style=\"color: #ff0000;\"><strong>&gt;&gt; T\u00e9l\u00e9chargement imm\u00e9diat ! &lt;&lt;<\/strong><\/span><\/p>\n<p style=\"text-align: justify;\">T\u00e9l\u00e9chargez notre mod\u00e8le personnalisable pour Excel\/Calc de facture pour les services d&rsquo;aide \u00e0 la personne.<\/p>\n<p style=\"text-align: justify;\">Ce mod\u00e8le vous permet de facturer vos clients des prestations de services \u00e0 la personne que vous leur fournissez. Il est tr\u00e8s pratique et simple d&rsquo;utilisation. Entrez les informations de votre client, saisissez les montants et nombres et la facture se calcule toute seule !<\/p>\n<p style=\"text-align: justify;\">Ce mod\u00e8le s&rsquo;utilise avec votre logiciel Excel de Microsoft ou Calc d&rsquo;OpenOffice et est enti\u00e8rement personnalisable.<\/p>\n<p style=\"text-align: justify;\">Convient pour les structures agr\u00e9\u00e9es ou non et pour toutes les formes juridiques.<\/p>\n<p style=\"text-align: justify;\">Il est possible d&rsquo;y ajouter votre logo (300&#215;75 pixels).<\/p>\n<hr \/>\n<p style=\"text-align: justify;\">Il est livr\u00e9 avec :<\/p>\n<p style=\"text-align: justify;\"><strong>&gt;&gt; Le mod\u00e8le Excel\/Calc personnalisable de la Facture d&rsquo;Aide \u00e0 domicile <em>(.xls\/.xlsx)<\/em>.<\/strong><\/p>\n<p style=\"text-align: justify;\"><strong>&gt;&gt; Une notice d&rsquo;utilisation <em>(.pdf)<\/em>.<\/strong><\/p>\n<p style=\"text-align: justify;\"><strong>&gt;&gt; Une fiche d&rsquo;information sur les taux de TVA dans les services \u00e0 la personne <em>(.pdf)<\/em>.<\/strong><\/p>\n<p style=\"text-align: justify;\"><strong>&gt;&gt; Une fiche d&rsquo;information sur les exon\u00e9rations de charges patronales \u00ab\u00a0Aide \u00e0 domicile\u00a0\u00bb <em>(.pdf)<\/em>.<\/strong><\/p>\n<hr \/>\n<p style=\"text-align: justify;\"><strong>Document personnalisable Excel \/ Calc \u2013 Au format .xls\/.xlsx<\/strong><\/p>\n<p><strong>Document de 1 page \u2013 Version juillet 2015.<\/strong><\/p>\n<p style=\"text-align: center;\"><span style=\"color: #ff0000;\"><strong>&gt;&gt; T\u00e9l\u00e9chargement imm\u00e9diat ! &lt;&lt;<\/strong><\/span><\/p>\n","protected":false},"excerpt":{"rendered":"<p style=\"text-align: justify;\">T\u00e9l\u00e9chargez notre mod\u00e8le pour Excel \/ Calc de facture pour les services d&rsquo;aide \u00e0 la personne.<\/p>\n<p style=\"text-align: justify;\">Ce mod\u00e8le vous permet de facturer vos clients des prestations de services \u00e0 la personne que vous leur\u00a0fournissez.<\/p>\n<p style=\"text-align: center;\"><strong><span style=\"color: #ff0000;\">&gt;&gt; T\u00e9l\u00e9chargement imm\u00e9diat ! &lt;&lt;<\/span><\/strong><\/p>\n<hr \/>\n<pre><strong>Mise \u00e0 jour : Juillet 2015<\/strong><\/pre>\n<p style=\"text-align: center;\">\n","protected":false},"featured_media":2128,"comment_status":"open","ping_status":"closed","template":"","meta":[],"product_brand":[],"product_cat":[14,71,74],"product_tag":[131,130,132,136],"class_list":{"0":"post-2126","1":"product","2":"type-product","3":"status-publish","4":"has-post-thumbnail","6":"product_cat-agrement-qualite","7":"product_cat-document-a-lunite","8":"product_cat-modele-payant-document-a-lunite","9":"product_tag-facture-services-a-la-personne","10":"product_tag-modele-de-facture-excel-aide-a-domicile","11":"product_tag-modele-de-facture-personnalisable","12":"product_tag-telechargement","15":"first","16":"instock","17":"downloadable","18":"virtual","19":"purchasable","20":"product-type-simple"},"yoast_head":"<!-- This site is optimized with the Yoast SEO plugin v27.4 - https:\/\/yoast.com\/product\/yoast-seo-wordpress\/ -->\n<title>Mod\u00e8le Facture Aide \u00e0 domicile 2015 - Agrement-Qualite.fr<\/title>\n<meta name=\"description\" content=\"T\u00e9l\u00e9chargez notre mod\u00e8le excel de facture d&#039;aide \u00e0 domicile, dans le cadre des services \u00e0 la personne. Cette facture permettra de facturer vos prestations\" \/>\n<meta name=\"robots\" content=\"index, follow, max-snippet:-1, max-image-preview:large, max-video-preview:-1\" \/>\n<link rel=\"canonical\" href=\"https:\/\/agrement-qualite.fr\/boutique\/produit\/document-a-lunite\/modele-payant-document-a-lunite\/modele-excel-de-facture-aide-a-domicile-2015\/\" \/>\n<meta property=\"og:locale\" content=\"fr_FR\" \/>\n<meta property=\"og:type\" content=\"article\" \/>\n<meta property=\"og:title\" content=\"Mod\u00e8le Facture Aide \u00e0 domicile 2015 - Agrement-Qualite.fr\" \/>\n<meta property=\"og:description\" content=\"T\u00e9l\u00e9chargez notre mod\u00e8le excel de facture d&#039;aide \u00e0 domicile, dans le cadre des services \u00e0 la personne. Cette facture permettra de facturer vos prestations\" \/>\n<meta property=\"og:url\" content=\"https:\/\/agrement-qualite.fr\/boutique\/produit\/document-a-lunite\/modele-payant-document-a-lunite\/modele-excel-de-facture-aide-a-domicile-2015\/\" \/>\n<meta property=\"og:site_name\" content=\"Agrement-Qualite.fr\" \/>\n<meta property=\"article:modified_time\" content=\"2023-04-30T14:24:39+00:00\" \/>\n<meta property=\"og:image\" content=\"https:\/\/agrement-qualite.fr\/boutique\/wp-content\/uploads\/2015\/07\/modele-facture-aide-a-domicile-2015.png\" \/>\n\t<meta property=\"og:image:width\" content=\"550\" \/>\n\t<meta property=\"og:image:height\" content=\"498\" \/>\n\t<meta property=\"og:image:type\" content=\"image\/png\" \/>\n<meta name=\"twitter:card\" content=\"summary_large_image\" \/>\n<meta name=\"twitter:label1\" content=\"Dur\u00e9e de lecture estim\u00e9e\" \/>\n\t<meta name=\"twitter:data1\" content=\"1 minute\" \/>\n<script type=\"application\/ld+json\" class=\"yoast-schema-graph\">{\"@context\":\"https:\\\/\\\/schema.org\",\"@graph\":[{\"@type\":\"WebPage\",\"@id\":\"https:\\\/\\\/agrement-qualite.fr\\\/boutique\\\/produit\\\/document-a-lunite\\\/modele-payant-document-a-lunite\\\/modele-excel-de-facture-aide-a-domicile-2015\\\/\",\"url\":\"https:\\\/\\\/agrement-qualite.fr\\\/boutique\\\/produit\\\/document-a-lunite\\\/modele-payant-document-a-lunite\\\/modele-excel-de-facture-aide-a-domicile-2015\\\/\",\"name\":\"Mod\u00e8le Facture Aide \u00e0 domicile 2015 - Agrement-Qualite.fr\",\"isPartOf\":{\"@id\":\"https:\\\/\\\/agrement-qualite.fr\\\/boutique\\\/#website\"},\"primaryImageOfPage\":{\"@id\":\"https:\\\/\\\/agrement-qualite.fr\\\/boutique\\\/produit\\\/document-a-lunite\\\/modele-payant-document-a-lunite\\\/modele-excel-de-facture-aide-a-domicile-2015\\\/#primaryimage\"},\"image\":{\"@id\":\"https:\\\/\\\/agrement-qualite.fr\\\/boutique\\\/produit\\\/document-a-lunite\\\/modele-payant-document-a-lunite\\\/modele-excel-de-facture-aide-a-domicile-2015\\\/#primaryimage\"},\"thumbnailUrl\":\"https:\\\/\\\/agrement-qualite.fr\\\/boutique\\\/wp-content\\\/uploads\\\/2015\\\/07\\\/modele-facture-aide-a-domicile-2015.png\",\"datePublished\":\"2015-07-16T21:13:38+00:00\",\"dateModified\":\"2023-04-30T14:24:39+00:00\",\"description\":\"T\u00e9l\u00e9chargez notre mod\u00e8le excel de facture d'aide \u00e0 domicile, dans le cadre des services \u00e0 la personne. Cette facture permettra de facturer vos prestations\",\"breadcrumb\":{\"@id\":\"https:\\\/\\\/agrement-qualite.fr\\\/boutique\\\/produit\\\/document-a-lunite\\\/modele-payant-document-a-lunite\\\/modele-excel-de-facture-aide-a-domicile-2015\\\/#breadcrumb\"},\"inLanguage\":\"fr-FR\",\"potentialAction\":[{\"@type\":\"ReadAction\",\"target\":[\"https:\\\/\\\/agrement-qualite.fr\\\/boutique\\\/produit\\\/document-a-lunite\\\/modele-payant-document-a-lunite\\\/modele-excel-de-facture-aide-a-domicile-2015\\\/\"]}]},{\"@type\":\"ImageObject\",\"inLanguage\":\"fr-FR\",\"@id\":\"https:\\\/\\\/agrement-qualite.fr\\\/boutique\\\/produit\\\/document-a-lunite\\\/modele-payant-document-a-lunite\\\/modele-excel-de-facture-aide-a-domicile-2015\\\/#primaryimage\",\"url\":\"https:\\\/\\\/agrement-qualite.fr\\\/boutique\\\/wp-content\\\/uploads\\\/2015\\\/07\\\/modele-facture-aide-a-domicile-2015.png\",\"contentUrl\":\"https:\\\/\\\/agrement-qualite.fr\\\/boutique\\\/wp-content\\\/uploads\\\/2015\\\/07\\\/modele-facture-aide-a-domicile-2015.png\",\"width\":550,\"height\":498,\"caption\":\"modele Excel facture aide a domicile 2015\"},{\"@type\":\"BreadcrumbList\",\"@id\":\"https:\\\/\\\/agrement-qualite.fr\\\/boutique\\\/produit\\\/document-a-lunite\\\/modele-payant-document-a-lunite\\\/modele-excel-de-facture-aide-a-domicile-2015\\\/#breadcrumb\",\"itemListElement\":[{\"@type\":\"ListItem\",\"position\":1,\"name\":\"Accueil\",\"item\":\"https:\\\/\\\/agrement-qualite.fr\\\/boutique\\\/\"},{\"@type\":\"ListItem\",\"position\":2,\"name\":\"Boutique\",\"item\":\"https:\\\/\\\/agrement-qualite.fr\\\/boutique\\\/boutique\\\/\"},{\"@type\":\"ListItem\",\"position\":3,\"name\":\"Mod\u00e8le Facture Aide \u00e0 domicile 2015\"}]},{\"@type\":\"WebSite\",\"@id\":\"https:\\\/\\\/agrement-qualite.fr\\\/boutique\\\/#website\",\"url\":\"https:\\\/\\\/agrement-qualite.fr\\\/boutique\\\/\",\"name\":\"Agrement-Qualite.fr\",\"description\":\"Toute l&#039;aide pour votre agr\u00e9ment de services \u00e0 la personne\",\"publisher\":{\"@id\":\"https:\\\/\\\/agrement-qualite.fr\\\/boutique\\\/#organization\"},\"alternateName\":\"Agrement-Qualite.fr\",\"potentialAction\":[{\"@type\":\"SearchAction\",\"target\":{\"@type\":\"EntryPoint\",\"urlTemplate\":\"https:\\\/\\\/agrement-qualite.fr\\\/boutique\\\/?s={search_term_string}\"},\"query-input\":{\"@type\":\"PropertyValueSpecification\",\"valueRequired\":true,\"valueName\":\"search_term_string\"}}],\"inLanguage\":\"fr-FR\"},{\"@type\":\"Organization\",\"@id\":\"https:\\\/\\\/agrement-qualite.fr\\\/boutique\\\/#organization\",\"name\":\"Agrement-Qualite.fr\",\"alternateName\":\"Agrement-Qualite.fr\",\"url\":\"https:\\\/\\\/agrement-qualite.fr\\\/boutique\\\/\",\"logo\":{\"@type\":\"ImageObject\",\"inLanguage\":\"fr-FR\",\"@id\":\"https:\\\/\\\/agrement-qualite.fr\\\/boutique\\\/#\\\/schema\\\/logo\\\/image\\\/\",\"url\":\"https:\\\/\\\/agrement-qualite.fr\\\/boutique\\\/wp-content\\\/uploads\\\/2020\\\/07\\\/AGREMENT-QUALITE-1.png\",\"contentUrl\":\"https:\\\/\\\/agrement-qualite.fr\\\/boutique\\\/wp-content\\\/uploads\\\/2020\\\/07\\\/AGREMENT-QUALITE-1.png\",\"width\":201,\"height\":37,\"caption\":\"Agrement-Qualite.fr\"},\"image\":{\"@id\":\"https:\\\/\\\/agrement-qualite.fr\\\/boutique\\\/#\\\/schema\\\/logo\\\/image\\\/\"}}]}<\/script>\n<!-- \/ Yoast SEO plugin. -->","yoast_head_json":{"title":"Mod\u00e8le Facture Aide \u00e0 domicile 2015 - Agrement-Qualite.fr","description":"T\u00e9l\u00e9chargez notre mod\u00e8le excel de facture d'aide \u00e0 domicile, dans le cadre des services \u00e0 la personne. Cette facture permettra de facturer vos prestations","robots":{"index":"index","follow":"follow","max-snippet":"max-snippet:-1","max-image-preview":"max-image-preview:large","max-video-preview":"max-video-preview:-1"},"canonical":"https:\/\/agrement-qualite.fr\/boutique\/produit\/document-a-lunite\/modele-payant-document-a-lunite\/modele-excel-de-facture-aide-a-domicile-2015\/","og_locale":"fr_FR","og_type":"article","og_title":"Mod\u00e8le Facture Aide \u00e0 domicile 2015 - Agrement-Qualite.fr","og_description":"T\u00e9l\u00e9chargez notre mod\u00e8le excel de facture d'aide \u00e0 domicile, dans le cadre des services \u00e0 la personne. Cette facture permettra de facturer vos prestations","og_url":"https:\/\/agrement-qualite.fr\/boutique\/produit\/document-a-lunite\/modele-payant-document-a-lunite\/modele-excel-de-facture-aide-a-domicile-2015\/","og_site_name":"Agrement-Qualite.fr","article_modified_time":"2023-04-30T14:24:39+00:00","og_image":[{"width":550,"height":498,"url":"https:\/\/agrement-qualite.fr\/boutique\/wp-content\/uploads\/2015\/07\/modele-facture-aide-a-domicile-2015.png","type":"image\/png"}],"twitter_card":"summary_large_image","twitter_misc":{"Dur\u00e9e de lecture estim\u00e9e":"1 minute"},"schema":{"@context":"https:\/\/schema.org","@graph":[{"@type":"WebPage","@id":"https:\/\/agrement-qualite.fr\/boutique\/produit\/document-a-lunite\/modele-payant-document-a-lunite\/modele-excel-de-facture-aide-a-domicile-2015\/","url":"https:\/\/agrement-qualite.fr\/boutique\/produit\/document-a-lunite\/modele-payant-document-a-lunite\/modele-excel-de-facture-aide-a-domicile-2015\/","name":"Mod\u00e8le Facture Aide \u00e0 domicile 2015 - Agrement-Qualite.fr","isPartOf":{"@id":"https:\/\/agrement-qualite.fr\/boutique\/#website"},"primaryImageOfPage":{"@id":"https:\/\/agrement-qualite.fr\/boutique\/produit\/document-a-lunite\/modele-payant-document-a-lunite\/modele-excel-de-facture-aide-a-domicile-2015\/#primaryimage"},"image":{"@id":"https:\/\/agrement-qualite.fr\/boutique\/produit\/document-a-lunite\/modele-payant-document-a-lunite\/modele-excel-de-facture-aide-a-domicile-2015\/#primaryimage"},"thumbnailUrl":"https:\/\/agrement-qualite.fr\/boutique\/wp-content\/uploads\/2015\/07\/modele-facture-aide-a-domicile-2015.png","datePublished":"2015-07-16T21:13:38+00:00","dateModified":"2023-04-30T14:24:39+00:00","description":"T\u00e9l\u00e9chargez notre mod\u00e8le excel de facture d'aide \u00e0 domicile, dans le cadre des services \u00e0 la personne. Cette facture permettra de facturer vos prestations","breadcrumb":{"@id":"https:\/\/agrement-qualite.fr\/boutique\/produit\/document-a-lunite\/modele-payant-document-a-lunite\/modele-excel-de-facture-aide-a-domicile-2015\/#breadcrumb"},"inLanguage":"fr-FR","potentialAction":[{"@type":"ReadAction","target":["https:\/\/agrement-qualite.fr\/boutique\/produit\/document-a-lunite\/modele-payant-document-a-lunite\/modele-excel-de-facture-aide-a-domicile-2015\/"]}]},{"@type":"ImageObject","inLanguage":"fr-FR","@id":"https:\/\/agrement-qualite.fr\/boutique\/produit\/document-a-lunite\/modele-payant-document-a-lunite\/modele-excel-de-facture-aide-a-domicile-2015\/#primaryimage","url":"https:\/\/agrement-qualite.fr\/boutique\/wp-content\/uploads\/2015\/07\/modele-facture-aide-a-domicile-2015.png","contentUrl":"https:\/\/agrement-qualite.fr\/boutique\/wp-content\/uploads\/2015\/07\/modele-facture-aide-a-domicile-2015.png","width":550,"height":498,"caption":"modele Excel facture aide a domicile 2015"},{"@type":"BreadcrumbList","@id":"https:\/\/agrement-qualite.fr\/boutique\/produit\/document-a-lunite\/modele-payant-document-a-lunite\/modele-excel-de-facture-aide-a-domicile-2015\/#breadcrumb","itemListElement":[{"@type":"ListItem","position":1,"name":"Accueil","item":"https:\/\/agrement-qualite.fr\/boutique\/"},{"@type":"ListItem","position":2,"name":"Boutique","item":"https:\/\/agrement-qualite.fr\/boutique\/boutique\/"},{"@type":"ListItem","position":3,"name":"Mod\u00e8le Facture Aide \u00e0 domicile 2015"}]},{"@type":"WebSite","@id":"https:\/\/agrement-qualite.fr\/boutique\/#website","url":"https:\/\/agrement-qualite.fr\/boutique\/","name":"Agrement-Qualite.fr","description":"Toute l&#039;aide pour votre agr\u00e9ment de services \u00e0 la personne","publisher":{"@id":"https:\/\/agrement-qualite.fr\/boutique\/#organization"},"alternateName":"Agrement-Qualite.fr","potentialAction":[{"@type":"SearchAction","target":{"@type":"EntryPoint","urlTemplate":"https:\/\/agrement-qualite.fr\/boutique\/?s={search_term_string}"},"query-input":{"@type":"PropertyValueSpecification","valueRequired":true,"valueName":"search_term_string"}}],"inLanguage":"fr-FR"},{"@type":"Organization","@id":"https:\/\/agrement-qualite.fr\/boutique\/#organization","name":"Agrement-Qualite.fr","alternateName":"Agrement-Qualite.fr","url":"https:\/\/agrement-qualite.fr\/boutique\/","logo":{"@type":"ImageObject","inLanguage":"fr-FR","@id":"https:\/\/agrement-qualite.fr\/boutique\/#\/schema\/logo\/image\/","url":"https:\/\/agrement-qualite.fr\/boutique\/wp-content\/uploads\/2020\/07\/AGREMENT-QUALITE-1.png","contentUrl":"https:\/\/agrement-qualite.fr\/boutique\/wp-content\/uploads\/2020\/07\/AGREMENT-QUALITE-1.png","width":201,"height":37,"caption":"Agrement-Qualite.fr"},"image":{"@id":"https:\/\/agrement-qualite.fr\/boutique\/#\/schema\/logo\/image\/"}}]}},"_links":{"self":[{"href":"https:\/\/agrement-qualite.fr\/boutique\/wp-json\/wp\/v2\/product\/2126","targetHints":{"allow":["GET"]}}],"collection":[{"href":"https:\/\/agrement-qualite.fr\/boutique\/wp-json\/wp\/v2\/product"}],"about":[{"href":"https:\/\/agrement-qualite.fr\/boutique\/wp-json\/wp\/v2\/types\/product"}],"replies":[{"embeddable":true,"href":"https:\/\/agrement-qualite.fr\/boutique\/wp-json\/wp\/v2\/comments?post=2126"}],"wp:featuredmedia":[{"embeddable":true,"href":"https:\/\/agrement-qualite.fr\/boutique\/wp-json\/wp\/v2\/media\/2128"}],"wp:attachment":[{"href":"https:\/\/agrement-qualite.fr\/boutique\/wp-json\/wp\/v2\/media?parent=2126"}],"wp:term":[{"taxonomy":"product_brand","embeddable":true,"href":"https:\/\/agrement-qualite.fr\/boutique\/wp-json\/wp\/v2\/product_brand?post=2126"},{"taxonomy":"product_cat","embeddable":true,"href":"https:\/\/agrement-qualite.fr\/boutique\/wp-json\/wp\/v2\/product_cat?post=2126"},{"taxonomy":"product_tag","embeddable":true,"href":"https:\/\/agrement-qualite.fr\/boutique\/wp-json\/wp\/v2\/product_tag?post=2126"}],"curies":[{"name":"wp","href":"https:\/\/api.w.org\/{rel}","templated":true}]}}