{"id":228,"date":"2020-08-10T15:43:52","date_gmt":"2020-08-10T13:43:52","guid":{"rendered":"http:\/\/agrement-qualite.fr\/boutique\/?post_type=product&#038;p=228"},"modified":"2026-04-04T06:43:39","modified_gmt":"2026-04-04T04:43:39","slug":"j-obtiens-mon-agrement-qualite-2020","status":"publish","type":"product","link":"https:\/\/agrement-qualite.fr\/boutique\/produit\/agrement-qualite\/j-obtiens-mon-agrement-qualite-2020\/","title":{"rendered":"\u00ab\u00a0J&rsquo;OBTIENS MON AGR\u00c9MENT QUALIT\u00c9\u00a0\u00bb Edition 2022"},"content":{"rendered":"<h4><a href=\"https:\/\/agrement-qualite.fr\/boutique\/payez-en-3-fois-sans-frais-avec-klarna\/\" target=\"_blank\" rel=\"noopener\"><img decoding=\"async\" class=\"alignright wp-image-12086 size-medium\" src=\"https:\/\/agrement-qualite.fr\/boutique\/wp-content\/uploads\/2021\/11\/bouton-klarna-300x94.jpg\" alt=\"\" width=\"300\" height=\"94\" srcset=\"https:\/\/agrement-qualite.fr\/boutique\/wp-content\/uploads\/2021\/11\/bouton-klarna-300x94.jpg 300w, https:\/\/agrement-qualite.fr\/boutique\/wp-content\/uploads\/2021\/11\/bouton-klarna-1024x322.jpg 1024w, https:\/\/agrement-qualite.fr\/boutique\/wp-content\/uploads\/2021\/11\/bouton-klarna-768x241.jpg 768w, https:\/\/agrement-qualite.fr\/boutique\/wp-content\/uploads\/2021\/11\/bouton-klarna-720x226.jpg 720w, https:\/\/agrement-qualite.fr\/boutique\/wp-content\/uploads\/2021\/11\/bouton-klarna.jpg 1531w\" sizes=\"(max-width: 300px) 100vw, 300px\" \/><\/a><\/h4>\n<h4><strong>Obtenez votre agr\u00e9ment qualit\u00e9 pour vos services \u00e0 la personne, en un clin d\u2019\u0153il !<\/strong><\/h4>\n<p>&nbsp;<\/p>\n<p>Ce logiciel vous permettra de construire votre dossier de demande d\u2019agr\u00e9ment qualit\u00e9\u00a0en totale autonomie ; que ce soit pour une premi\u00e8re demande, un recours ou une demande de renouvellement. Il vous sera indispensable pour vous faire gagner un temps pr\u00e9cieux.<\/p>\n<p>&nbsp;<\/p>\n<p>Gr\u00e2ce \u00e0 cet outil, vous pourrez cr\u00e9er l\u2019ensemble des documents qui vous seront demand\u00e9s pour d\u00e9poser votre dossier de demande d\u2019agr\u00e9ment qualit\u00e9.<\/p>\n<p>&nbsp;<\/p>\n<p>Sans \u00eatre exhaustif, cet outil contient\u00a0:<\/p>\n<p>&nbsp;<\/p>\n<p><strong><u>Dossier d\u2019information :<\/u><\/strong><\/p>\n<p>\u2013 Le march\u00e9 des services \u00e0 la personne, son histoire, son fonctionnement, sa r\u00e9glementation\u2026 : Lois, d\u00e9crets, circulaires, conventions collectives, guides, cahier des charges, ressources documentaires\u2026<\/p>\n<p><span style=\"font-style: inherit; font-weight: inherit;\"><strong style=\"font-style: inherit;\"><u>Dossier de cr\u00e9ation de l\u2019organisme de services \u00e0 la personne :<\/u><\/strong><\/span><\/p>\n<p><span style=\"font-style: inherit; font-weight: inherit;\"><u>\u2013 Cr\u00e9ation de soci\u00e9t\u00e9<\/u><\/span>\u00a0: Mod\u00e8le de statuts, d\u2019annonce l\u00e9gale, guide des formalit\u00e9s de cr\u00e9ation, informations sur les diff\u00e9rents statuts juridique et la r\u00e9glementation en vigueur\u2026<\/p>\n<p><span style=\"font-style: inherit; font-weight: inherit;\"><u>\u2013 Cr\u00e9ation d\u2019association<\/u><\/span>\u00a0: Mod\u00e8le de statuts, PV d\u2019assembl\u00e9e g\u00e9n\u00e9rale, guide des formalit\u00e9s, informations juridiques sur l\u2019association \u00e0 but non lucratif d\u2019aide \u00e0 domicile.<\/p>\n<p>&nbsp;<\/p>\n<p><strong><u>Dossier Souscription client :<\/u><\/strong><\/p>\n<p><span style=\"font-style: inherit; font-weight: inherit;\"><u>\u2013 Information client :<\/u><\/span>\u00a0Livret d\u2019accueil, fonctionnement du service, informations en mati\u00e8res fiscales, grilles tarifaires\u2026<\/p>\n<p><span style=\"font-style: inherit; font-weight: inherit;\"><u>\u2013 Contractualisation des prestations avec le client :<\/u><\/span>\u00a0Contrats de prestations de services, contrats de mandats, bordereau de r\u00e9tractation client, mod\u00e8le de devis, de facture, grilles tarifaires, conditions g\u00e9n\u00e9rales du service, proposition individualis\u00e9e, etc\u2026<\/p>\n<p>&nbsp;<\/p>\n<p><strong><u>Dossier Ressources Humaines :<\/u><\/strong><\/p>\n<p><span style=\"font-style: inherit; font-weight: inherit;\"><u>\u2013 Documents pour l\u2019employeur :<\/u><\/span>\u00a0Convention collective, proc\u00e9dures de recrutement, grille d\u2019entretien pour les recrutements, informations pour les exon\u00e9rations de charges patronales, mod\u00e8les de contrats de travail, de bulletins de paie,\u2026<\/p>\n<p><span style=\"font-style: inherit; font-weight: inherit;\"><u>\u2013 Documents pour le salari\u00e9 :<\/u><\/span>\u00a0Dossier de candidature, livret d\u2019accueil du salari\u00e9, contrats de travail, bulletins de paie \u00ab\u00a0aide \u00e0 domicile\u00a0\u00bb, fiches de poste, bons d\u2019informations, bons de remises de cl\u00e9s\u2026<\/p>\n<p>&nbsp;<\/p>\n<p><strong><u>Dossier de documents internes\u00a0:<\/u><\/strong><\/p>\n<p>Mod\u00e8le d\u2019attestation fiscale, grilles d\u2019\u00e9valuation des besoins \u00e0 domicile, proc\u00e9dures qualit\u00e9, proc\u00e9dures de recrutement, protocoles contre la maltraitance, proc\u00e9dures pour la continuit\u00e9 des prestations, fonctionnement interne\u2026<\/p>\n<p>&nbsp;<\/p>\n<p><span style=\"font-style: inherit; font-weight: inherit;\"><strong style=\"font-style: inherit;\"><u>Dossier de demande d\u2019agr\u00e9ment qualit\u00e9 (SAP) :<\/u><\/strong><\/span><\/p>\n<p>Mod\u00e8le de dossiers d\u00e9j\u00e0 remplis avec explication et m\u00e9thode, livrets d\u2019accueil, grilles tarifaires, mod\u00e8les de devis et de factures, attestations diverses, contrats de prestation ou de mandat, bordereau de r\u00e9tractation client, protocole contre la maltraitance \u00e0 domicile, grilles d\u2019\u00e9valuation des besoins, proposition individualis\u00e9e, questionnaires d\u2019enqu\u00eate qualit\u00e9 annuelle, et encore plus.<\/p>\n<h4 style=\"text-align: center;\"><strong>Achetez\u00a0le dossier complet\u00a0\u00ab\u00a0J\u2019obtiens mon agr\u00e9ment SAP\u00a0\u00bb et laissez-vous guider.<\/strong><\/h4>\n<hr \/>\n<p><strong><a href=\"https:\/\/agrement-qualite.fr\/boutique\/payez-en-3-fois-sans-frais-avec-klarna\/\" target=\"_blank\" rel=\"noopener\"><img decoding=\"async\" class=\"alignleft wp-image-12086 size-medium\" src=\"https:\/\/agrement-qualite.fr\/boutique\/wp-content\/uploads\/2021\/11\/bouton-klarna-300x94.jpg\" alt=\"\" width=\"300\" height=\"94\" srcset=\"https:\/\/agrement-qualite.fr\/boutique\/wp-content\/uploads\/2021\/11\/bouton-klarna-300x94.jpg 300w, https:\/\/agrement-qualite.fr\/boutique\/wp-content\/uploads\/2021\/11\/bouton-klarna-1024x322.jpg 1024w, https:\/\/agrement-qualite.fr\/boutique\/wp-content\/uploads\/2021\/11\/bouton-klarna-768x241.jpg 768w, https:\/\/agrement-qualite.fr\/boutique\/wp-content\/uploads\/2021\/11\/bouton-klarna-720x226.jpg 720w, https:\/\/agrement-qualite.fr\/boutique\/wp-content\/uploads\/2021\/11\/bouton-klarna.jpg 1531w\" sizes=\"(max-width: 300px) 100vw, 300px\" \/><\/a>Le dossier est fourni avec une documentation compl\u00e8te en fran\u00e7ais. Les \u00e9tapes vous sont expliqu\u00e9es et les outils sont fournis.<\/strong><\/p>\n<p><strong>Cet outil est particuli\u00e8rement adapt\u00e9 si vous proposez des services d\u2019aide \u00e0 domicile pour personnes \u00e2g\u00e9es et\/ou handicap\u00e9es en mode mandataire, garde d\u2019enfants de plus et moins de trois ans en mode prestataire ou mandataire. Ou encore, des services destin\u00e9s aux familles (entretien de la maison, cours \u00e0 domicile, etc.) relevant de la d\u00e9claration SAP.<\/strong><\/p>\n<p><strong>De plus, cet outil est \u00e9galement adapt\u00e9 aux aides-soignant(e)s qui souhaitent cr\u00e9er leur organisme d\u2019aide \u00e0 domicile.<\/strong><\/p>\n<p><strong>Vous disposerez de mod\u00e8les de dossiers de demande d\u2019agr\u00e9ment remplis et complets afin d\u2019avoir un exemple pour vous guider. Les proc\u00e9dures vous sont expliqu\u00e9es tout au long du dossier.<\/strong><\/p>\n<p><strong>Tous les documents sont personnalisables et \u00e9ditables avec un simple logiciel de traitement de texte (.doc\/.docx).<\/strong><\/p>\n<p style=\"text-align: center;\"><span style=\"color: #ff0000;\"><strong>&gt;&gt; Version T\u00e9l\u00e9chargeable imm\u00e9diatement &lt;&lt;<\/strong><\/span><\/p>\n<pre style=\"text-align: justify;\"><strong style=\"font-style: inherit;\">Derni\u00e8re mise \u00e0 jour : 01\/22<\/strong><\/pre>\n<hr \/>\n<p><strong style=\"font-style: inherit;\">Configuration requise :<\/strong><\/p>\n<p>Vous devez disposer d\u2019un poste informatique \u00e9quip\u00e9 d\u2019un logiciel de traitement de texte : Pack office de Microsoft, ou OpenOffice, par exemple. De m\u00eame qu\u2019un d\u00e9compresseur d\u2019archives .Rar. Aussi, votre outil informatique doit pouvoir \u00e9galement lire le document adobe Acrobat (.pdf).<\/p>\n<p>Si vous n\u2019en poss\u00e9dez pas, vous pouvez t\u00e9l\u00e9charger gratuitement\u00a0<a style=\"font-style: inherit; font-weight: inherit;\" href=\"https:\/\/www.openoffice.org\/fr\/\">OpenOffice<\/a>\u00a0et\u00a0<a style=\"font-style: inherit; font-weight: inherit;\" href=\"http:\/\/www.win-rar.com\/start.html?&amp;L=10\">WinRar<\/a>\u00a0.<\/p>\n<p><strong style=\"font-style: inherit;\">Consultez notre article :<\/strong>\u00a0<a style=\"font-style: inherit; font-weight: inherit;\" href=\"https:\/\/agrement-qualite.fr\/boutique\/comment-installer-winrar-et-decompresser-une-archive-rar\/\">Comment Installer WinRar Et D\u00e9compresser Une Archive En .Rar ?<\/a><\/p>\n<p>Besoin d\u2019aide ?\u00a0<a style=\"font-style: inherit; font-weight: inherit;\" href=\"https:\/\/agrement-qualite.fr\/boutique\/contact-us\/\">Contactez-Nous.<\/a><\/p>\n<pre style=\"text-align: justify;\">photos non contractuelles. * D\u00e9lai indicatif.<\/pre>\n","protected":false},"excerpt":{"rendered":"<p><strong>Gr\u00e2ce \u00e0 ce\u00a0<u><span style=\"font-style: inherit; font-weight: inherit;\">dossier complet<\/span><\/u>, vous allez obtenir votre Agr\u00e9ment qualit\u00e9\u00a0en un clin d\u2019\u0153il !<\/strong><\/p>\n<p style=\"font-style: inherit; font-weight: inherit;\">Cet outil\u00a0vous permet de\u00a0<strong style=\"font-style: inherit;\">construire<\/strong>\u00a0<strong style=\"font-style: inherit;\">votre dossier de demande d\u2019agr\u00e9ment qualit\u00e9 pour les services \u00e0 la personne en\u00a0<u><span style=\"font-style: inherit; font-weight: inherit;\">moins d\u2019une heure*<\/span><\/u>\u00a0!<\/strong><\/p>\n<p style=\"font-style: inherit; font-weight: inherit;\"><span style=\"font-style: inherit; font-weight: inherit;\">Il respecte le <\/span><a href=\"https:\/\/www.legifrance.gouv.fr\/jorf\/id\/JORFTEXT000037466369\">Cahier Des Charges<\/a>\u00a0pr\u00e9vu \u00e0 l\u2019article R.7232-6, approuv\u00e9 par l\u2019arr\u00eat\u00e9 du 1 er octobre 2018 (Journal officiel du 5 octobre 2018).<\/p>\n<blockquote>\n<p style=\"text-align: center;\"><strong><span style=\"color: #ff0000;\">&gt; T\u00e9l\u00e9chargement imm\u00e9diat &lt;&lt;<\/span><\/strong><\/p>\n<\/blockquote>\n<p>T\u00e9l\u00e9chargez imm\u00e9diatement le dossier apr\u00e8s votre commande !<br \/>\n<b><a href=\"https:\/\/agrement-qualite.fr\/boutique\/payez-en-3-fois-sans-frais-avec-klarna\/\" target=\"_blank\" rel=\"noopener\"><mark>R\u00e9glez en 3 versements de 49\u20ac. Klarna.<\/mark><\/a><\/b><br \/>\n<a href=\"https:\/\/agrement-qualite.fr\/boutique\/conditions-generales-de-vente\/\" target=\"_blank\" rel=\"noopener\">En t\u00e9l\u00e9chargeant, vous renoncez \u00e0 votre droit de r\u00e9tractation. Voir CGV.<\/a><\/p>\n","protected":false},"featured_media":3399,"comment_status":"open","ping_status":"closed","template":"","meta":[],"product_brand":[],"product_cat":[14,76,82],"product_tag":[20,50,22,28,29,24,18,135,136],"class_list":{"0":"post-228","1":"product","2":"type-product","3":"status-publish","4":"has-post-thumbnail","6":"product_cat-agrement-qualite","7":"product_cat-dossiers-complets","8":"product_cat-logiciels","9":"product_tag-agrement-qualite-2","10":"product_tag-aide-demande-dagrement","11":"product_tag-autorisation-sap","12":"product_tag-dossier-agrement","13":"product_tag-dossier-complet-sap","14":"product_tag-personnes-agees","15":"product_tag-prestataire","16":"product_tag-services-a-la-personne","17":"product_tag-telechargement","20":"first","21":"instock","22":"sale","23":"featured","24":"downloadable","25":"virtual","26":"purchasable","27":"product-type-simple"},"yoast_head":"<!-- This site is optimized with the Yoast SEO plugin v27.3 - https:\/\/yoast.com\/product\/yoast-seo-wordpress\/ -->\n<title>&quot;J&#039;OBTIENS MON AGR\u00c9MENT QUALIT\u00c9&quot; Edition 2022 -<\/title>\n<meta name=\"description\" content=\"Obtenez votre agr\u00e9ment qualit\u00e9 facilement gr\u00e2ce \u00e0 notre outil &quot;J&#039;obtiens mon agr\u00e9ment qualit\u00e9&quot;. Constituez votre dossier en un clin d&#039;oeil !\" \/>\n<meta name=\"robots\" content=\"index, follow, max-snippet:-1, max-image-preview:large, max-video-preview:-1\" \/>\n<link rel=\"canonical\" href=\"https:\/\/agrement-qualite.fr\/boutique\/produit\/agrement-qualite\/j-obtiens-mon-agrement-qualite-2020\/\" \/>\n<meta property=\"og:locale\" content=\"fr_FR\" \/>\n<meta property=\"og:type\" content=\"article\" \/>\n<meta property=\"og:title\" content=\"&quot;J&#039;OBTIENS MON AGR\u00c9MENT QUALIT\u00c9&quot; Edition 2022 -\" \/>\n<meta property=\"og:description\" content=\"Obtenez votre agr\u00e9ment qualit\u00e9 facilement gr\u00e2ce \u00e0 notre outil &quot;J&#039;obtiens mon agr\u00e9ment qualit\u00e9&quot;. Constituez votre dossier en un clin d&#039;oeil !\" \/>\n<meta property=\"og:url\" content=\"https:\/\/agrement-qualite.fr\/boutique\/produit\/agrement-qualite\/j-obtiens-mon-agrement-qualite-2020\/\" \/>\n<meta property=\"og:site_name\" content=\"Agrement-Qualite.fr\" \/>\n<meta property=\"article:modified_time\" content=\"2026-04-04T04:43:39+00:00\" \/>\n<meta property=\"og:image\" content=\"https:\/\/agrement-qualite.fr\/boutique\/wp-content\/uploads\/2019\/12\/logsap03.png\" \/>\n\t<meta property=\"og:image:width\" content=\"500\" \/>\n\t<meta property=\"og:image:height\" content=\"500\" \/>\n\t<meta property=\"og:image:type\" content=\"image\/png\" \/>\n<meta name=\"twitter:card\" content=\"summary_large_image\" \/>\n<meta name=\"twitter:label1\" content=\"Dur\u00e9e de lecture estim\u00e9e\" \/>\n\t<meta name=\"twitter:data1\" content=\"4 minutes\" \/>\n<script type=\"application\/ld+json\" class=\"yoast-schema-graph\">{\"@context\":\"https:\\\/\\\/schema.org\",\"@graph\":[{\"@type\":\"WebPage\",\"@id\":\"https:\\\/\\\/agrement-qualite.fr\\\/boutique\\\/produit\\\/agrement-qualite\\\/j-obtiens-mon-agrement-qualite-2020\\\/\",\"url\":\"https:\\\/\\\/agrement-qualite.fr\\\/boutique\\\/produit\\\/agrement-qualite\\\/j-obtiens-mon-agrement-qualite-2020\\\/\",\"name\":\"\\\"J'OBTIENS MON AGR\u00c9MENT QUALIT\u00c9\\\" Edition 2022 -\",\"isPartOf\":{\"@id\":\"https:\\\/\\\/agrement-qualite.fr\\\/boutique\\\/#website\"},\"primaryImageOfPage\":{\"@id\":\"https:\\\/\\\/agrement-qualite.fr\\\/boutique\\\/produit\\\/agrement-qualite\\\/j-obtiens-mon-agrement-qualite-2020\\\/#primaryimage\"},\"image\":{\"@id\":\"https:\\\/\\\/agrement-qualite.fr\\\/boutique\\\/produit\\\/agrement-qualite\\\/j-obtiens-mon-agrement-qualite-2020\\\/#primaryimage\"},\"thumbnailUrl\":\"https:\\\/\\\/agrement-qualite.fr\\\/boutique\\\/wp-content\\\/uploads\\\/2019\\\/12\\\/logsap03.png\",\"datePublished\":\"2020-08-10T13:43:52+00:00\",\"dateModified\":\"2026-04-04T04:43:39+00:00\",\"description\":\"Obtenez votre agr\u00e9ment qualit\u00e9 facilement gr\u00e2ce \u00e0 notre outil \\\"J'obtiens mon agr\u00e9ment qualit\u00e9\\\". Constituez votre dossier en un clin d'oeil !\",\"breadcrumb\":{\"@id\":\"https:\\\/\\\/agrement-qualite.fr\\\/boutique\\\/produit\\\/agrement-qualite\\\/j-obtiens-mon-agrement-qualite-2020\\\/#breadcrumb\"},\"inLanguage\":\"fr-FR\",\"potentialAction\":[{\"@type\":\"ReadAction\",\"target\":[\"https:\\\/\\\/agrement-qualite.fr\\\/boutique\\\/produit\\\/agrement-qualite\\\/j-obtiens-mon-agrement-qualite-2020\\\/\"]}]},{\"@type\":\"ImageObject\",\"inLanguage\":\"fr-FR\",\"@id\":\"https:\\\/\\\/agrement-qualite.fr\\\/boutique\\\/produit\\\/agrement-qualite\\\/j-obtiens-mon-agrement-qualite-2020\\\/#primaryimage\",\"url\":\"https:\\\/\\\/agrement-qualite.fr\\\/boutique\\\/wp-content\\\/uploads\\\/2019\\\/12\\\/logsap03.png\",\"contentUrl\":\"https:\\\/\\\/agrement-qualite.fr\\\/boutique\\\/wp-content\\\/uploads\\\/2019\\\/12\\\/logsap03.png\",\"width\":500,\"height\":500,\"caption\":\"Logiciel \\\"J'obtiens mon agr\u00e9ment qualit\u00e9\\\"\"},{\"@type\":\"BreadcrumbList\",\"@id\":\"https:\\\/\\\/agrement-qualite.fr\\\/boutique\\\/produit\\\/agrement-qualite\\\/j-obtiens-mon-agrement-qualite-2020\\\/#breadcrumb\",\"itemListElement\":[{\"@type\":\"ListItem\",\"position\":1,\"name\":\"Accueil\",\"item\":\"https:\\\/\\\/agrement-qualite.fr\\\/boutique\\\/\"},{\"@type\":\"ListItem\",\"position\":2,\"name\":\"Boutique\",\"item\":\"https:\\\/\\\/agrement-qualite.fr\\\/boutique\\\/boutique\\\/\"},{\"@type\":\"ListItem\",\"position\":3,\"name\":\"\u00ab\u00a0J&rsquo;OBTIENS MON AGR\u00c9MENT QUALIT\u00c9\u00a0\u00bb Edition 2022\"}]},{\"@type\":\"WebSite\",\"@id\":\"https:\\\/\\\/agrement-qualite.fr\\\/boutique\\\/#website\",\"url\":\"https:\\\/\\\/agrement-qualite.fr\\\/boutique\\\/\",\"name\":\"Agrement-Qualite.fr\",\"description\":\"Toute l&#039;aide pour votre agr\u00e9ment de services \u00e0 la personne\",\"publisher\":{\"@id\":\"https:\\\/\\\/agrement-qualite.fr\\\/boutique\\\/#organization\"},\"alternateName\":\"Agrement-Qualite.fr\",\"potentialAction\":[{\"@type\":\"SearchAction\",\"target\":{\"@type\":\"EntryPoint\",\"urlTemplate\":\"https:\\\/\\\/agrement-qualite.fr\\\/boutique\\\/?s={search_term_string}\"},\"query-input\":{\"@type\":\"PropertyValueSpecification\",\"valueRequired\":true,\"valueName\":\"search_term_string\"}}],\"inLanguage\":\"fr-FR\"},{\"@type\":\"Organization\",\"@id\":\"https:\\\/\\\/agrement-qualite.fr\\\/boutique\\\/#organization\",\"name\":\"Agrement-Qualite.fr\",\"alternateName\":\"Agrement-Qualite.fr\",\"url\":\"https:\\\/\\\/agrement-qualite.fr\\\/boutique\\\/\",\"logo\":{\"@type\":\"ImageObject\",\"inLanguage\":\"fr-FR\",\"@id\":\"https:\\\/\\\/agrement-qualite.fr\\\/boutique\\\/#\\\/schema\\\/logo\\\/image\\\/\",\"url\":\"https:\\\/\\\/agrement-qualite.fr\\\/boutique\\\/wp-content\\\/uploads\\\/2020\\\/07\\\/AGREMENT-QUALITE-1.png\",\"contentUrl\":\"https:\\\/\\\/agrement-qualite.fr\\\/boutique\\\/wp-content\\\/uploads\\\/2020\\\/07\\\/AGREMENT-QUALITE-1.png\",\"width\":201,\"height\":37,\"caption\":\"Agrement-Qualite.fr\"},\"image\":{\"@id\":\"https:\\\/\\\/agrement-qualite.fr\\\/boutique\\\/#\\\/schema\\\/logo\\\/image\\\/\"}}]}<\/script>\n<!-- \/ Yoast SEO plugin. -->","yoast_head_json":{"title":"\"J'OBTIENS MON AGR\u00c9MENT QUALIT\u00c9\" Edition 2022 -","description":"Obtenez votre agr\u00e9ment qualit\u00e9 facilement gr\u00e2ce \u00e0 notre outil \"J'obtiens mon agr\u00e9ment qualit\u00e9\". Constituez votre dossier en un clin d'oeil !","robots":{"index":"index","follow":"follow","max-snippet":"max-snippet:-1","max-image-preview":"max-image-preview:large","max-video-preview":"max-video-preview:-1"},"canonical":"https:\/\/agrement-qualite.fr\/boutique\/produit\/agrement-qualite\/j-obtiens-mon-agrement-qualite-2020\/","og_locale":"fr_FR","og_type":"article","og_title":"\"J'OBTIENS MON AGR\u00c9MENT QUALIT\u00c9\" Edition 2022 -","og_description":"Obtenez votre agr\u00e9ment qualit\u00e9 facilement gr\u00e2ce \u00e0 notre outil \"J'obtiens mon agr\u00e9ment qualit\u00e9\". Constituez votre dossier en un clin d'oeil !","og_url":"https:\/\/agrement-qualite.fr\/boutique\/produit\/agrement-qualite\/j-obtiens-mon-agrement-qualite-2020\/","og_site_name":"Agrement-Qualite.fr","article_modified_time":"2026-04-04T04:43:39+00:00","og_image":[{"width":500,"height":500,"url":"https:\/\/agrement-qualite.fr\/boutique\/wp-content\/uploads\/2019\/12\/logsap03.png","type":"image\/png"}],"twitter_card":"summary_large_image","twitter_misc":{"Dur\u00e9e de lecture estim\u00e9e":"4 minutes"},"schema":{"@context":"https:\/\/schema.org","@graph":[{"@type":"WebPage","@id":"https:\/\/agrement-qualite.fr\/boutique\/produit\/agrement-qualite\/j-obtiens-mon-agrement-qualite-2020\/","url":"https:\/\/agrement-qualite.fr\/boutique\/produit\/agrement-qualite\/j-obtiens-mon-agrement-qualite-2020\/","name":"\"J'OBTIENS MON AGR\u00c9MENT QUALIT\u00c9\" Edition 2022 -","isPartOf":{"@id":"https:\/\/agrement-qualite.fr\/boutique\/#website"},"primaryImageOfPage":{"@id":"https:\/\/agrement-qualite.fr\/boutique\/produit\/agrement-qualite\/j-obtiens-mon-agrement-qualite-2020\/#primaryimage"},"image":{"@id":"https:\/\/agrement-qualite.fr\/boutique\/produit\/agrement-qualite\/j-obtiens-mon-agrement-qualite-2020\/#primaryimage"},"thumbnailUrl":"https:\/\/agrement-qualite.fr\/boutique\/wp-content\/uploads\/2019\/12\/logsap03.png","datePublished":"2020-08-10T13:43:52+00:00","dateModified":"2026-04-04T04:43:39+00:00","description":"Obtenez votre agr\u00e9ment qualit\u00e9 facilement gr\u00e2ce \u00e0 notre outil \"J'obtiens mon agr\u00e9ment qualit\u00e9\". Constituez votre dossier en un clin d'oeil !","breadcrumb":{"@id":"https:\/\/agrement-qualite.fr\/boutique\/produit\/agrement-qualite\/j-obtiens-mon-agrement-qualite-2020\/#breadcrumb"},"inLanguage":"fr-FR","potentialAction":[{"@type":"ReadAction","target":["https:\/\/agrement-qualite.fr\/boutique\/produit\/agrement-qualite\/j-obtiens-mon-agrement-qualite-2020\/"]}]},{"@type":"ImageObject","inLanguage":"fr-FR","@id":"https:\/\/agrement-qualite.fr\/boutique\/produit\/agrement-qualite\/j-obtiens-mon-agrement-qualite-2020\/#primaryimage","url":"https:\/\/agrement-qualite.fr\/boutique\/wp-content\/uploads\/2019\/12\/logsap03.png","contentUrl":"https:\/\/agrement-qualite.fr\/boutique\/wp-content\/uploads\/2019\/12\/logsap03.png","width":500,"height":500,"caption":"Logiciel \"J'obtiens mon agr\u00e9ment qualit\u00e9\""},{"@type":"BreadcrumbList","@id":"https:\/\/agrement-qualite.fr\/boutique\/produit\/agrement-qualite\/j-obtiens-mon-agrement-qualite-2020\/#breadcrumb","itemListElement":[{"@type":"ListItem","position":1,"name":"Accueil","item":"https:\/\/agrement-qualite.fr\/boutique\/"},{"@type":"ListItem","position":2,"name":"Boutique","item":"https:\/\/agrement-qualite.fr\/boutique\/boutique\/"},{"@type":"ListItem","position":3,"name":"\u00ab\u00a0J&rsquo;OBTIENS MON AGR\u00c9MENT QUALIT\u00c9\u00a0\u00bb Edition 2022"}]},{"@type":"WebSite","@id":"https:\/\/agrement-qualite.fr\/boutique\/#website","url":"https:\/\/agrement-qualite.fr\/boutique\/","name":"Agrement-Qualite.fr","description":"Toute l&#039;aide pour votre agr\u00e9ment de services \u00e0 la personne","publisher":{"@id":"https:\/\/agrement-qualite.fr\/boutique\/#organization"},"alternateName":"Agrement-Qualite.fr","potentialAction":[{"@type":"SearchAction","target":{"@type":"EntryPoint","urlTemplate":"https:\/\/agrement-qualite.fr\/boutique\/?s={search_term_string}"},"query-input":{"@type":"PropertyValueSpecification","valueRequired":true,"valueName":"search_term_string"}}],"inLanguage":"fr-FR"},{"@type":"Organization","@id":"https:\/\/agrement-qualite.fr\/boutique\/#organization","name":"Agrement-Qualite.fr","alternateName":"Agrement-Qualite.fr","url":"https:\/\/agrement-qualite.fr\/boutique\/","logo":{"@type":"ImageObject","inLanguage":"fr-FR","@id":"https:\/\/agrement-qualite.fr\/boutique\/#\/schema\/logo\/image\/","url":"https:\/\/agrement-qualite.fr\/boutique\/wp-content\/uploads\/2020\/07\/AGREMENT-QUALITE-1.png","contentUrl":"https:\/\/agrement-qualite.fr\/boutique\/wp-content\/uploads\/2020\/07\/AGREMENT-QUALITE-1.png","width":201,"height":37,"caption":"Agrement-Qualite.fr"},"image":{"@id":"https:\/\/agrement-qualite.fr\/boutique\/#\/schema\/logo\/image\/"}}]}},"_links":{"self":[{"href":"https:\/\/agrement-qualite.fr\/boutique\/wp-json\/wp\/v2\/product\/228","targetHints":{"allow":["GET"]}}],"collection":[{"href":"https:\/\/agrement-qualite.fr\/boutique\/wp-json\/wp\/v2\/product"}],"about":[{"href":"https:\/\/agrement-qualite.fr\/boutique\/wp-json\/wp\/v2\/types\/product"}],"replies":[{"embeddable":true,"href":"https:\/\/agrement-qualite.fr\/boutique\/wp-json\/wp\/v2\/comments?post=228"}],"wp:featuredmedia":[{"embeddable":true,"href":"https:\/\/agrement-qualite.fr\/boutique\/wp-json\/wp\/v2\/media\/3399"}],"wp:attachment":[{"href":"https:\/\/agrement-qualite.fr\/boutique\/wp-json\/wp\/v2\/media?parent=228"}],"wp:term":[{"taxonomy":"product_brand","embeddable":true,"href":"https:\/\/agrement-qualite.fr\/boutique\/wp-json\/wp\/v2\/product_brand?post=228"},{"taxonomy":"product_cat","embeddable":true,"href":"https:\/\/agrement-qualite.fr\/boutique\/wp-json\/wp\/v2\/product_cat?post=228"},{"taxonomy":"product_tag","embeddable":true,"href":"https:\/\/agrement-qualite.fr\/boutique\/wp-json\/wp\/v2\/product_tag?post=228"}],"curies":[{"name":"wp","href":"https:\/\/api.w.org\/{rel}","templated":true}]}}