{"id":346,"date":"2012-09-06T23:00:13","date_gmt":"2012-09-06T21:00:13","guid":{"rendered":"http:\/\/agrement-qualite.fr\/boutique\/?post_type=product&#038;p=346"},"modified":"2023-04-30T16:24:38","modified_gmt":"2023-04-30T14:24:38","slug":"dossier-aide-soignant-a-domicile","status":"publish","type":"product","link":"https:\/\/agrement-qualite.fr\/boutique\/produit\/agrement-qualite\/dossier-aide-soignant-a-domicile\/","title":{"rendered":"Dossier: AIDE-SOIGNANT A DOMICILE"},"content":{"rendered":"<p style=\"text-align: center;\"><span style=\"color: #ff0000;\"><strong>***Ce produit est remplac\u00e9 par \u00ab\u00a0<a style=\"color: #ff0000;\" href=\"https:\/\/agrement-qualite.fr\/boutique\/produit\/agrement-qualite\/dossier-jobtiens-mon-agrement-qualite-2015\/\" target=\"_blank\" rel=\"noopener noreferrer\">J&rsquo;obtiens mon agr\u00e9ment SAP<\/a>\u00ab\u00a0***<\/strong><\/span><\/p>\n<p style=\"text-align: justify;\">Ce dossier est con\u00e7u pour tous <strong>les aides-soignants qui r\u00eavent de travailler en libert\u00e9<\/strong>, ou plut\u00f4t de mani\u00e8re <strong>ind\u00e9pendante et \u00e0 domicile<\/strong>. Il vous apportera toutes les informations n\u00e9cessaires pour ouvrir votre agence d&rsquo;aides-soignantes \u00e0 domicile, obtenir votre agr\u00e9ment et constituer vos premi\u00e8res d\u00e9marches de cr\u00e9ation.<\/p>\n<p style=\"text-align: justify;\">A l&rsquo;heure actuelle, les aides-soignants ne sont pas autoris\u00e9s \u00e0 travailler de mani\u00e8re ind\u00e9pendante. <a href=\"https:\/\/creer-dans-les-services-a-la-personne.com\/comment-devenir-aide-soignant-liberal\/\">En savoir plus<\/a>. Aujourd&rsquo;hui, pour travailler de cette mani\u00e8re, il est autoris\u00e9 aux aides-soignants de travailler \u00e0 leur compte sous le champ de Services A la Personne (SAP), \u00e0 la condition de cr\u00e9er et g\u00e9rer une structure organis\u00e9e et qualifi\u00e9e. <a href=\"https:\/\/creer-dans-les-services-a-la-personne.com\/quelle-autorisation-pour-travailler-dans-les-services-a-la-personne\/\" target=\"_blank\" rel=\"noopener noreferrer\">En savoir plus<\/a>.<\/p>\n<p style=\"text-align: justify;\">Gr\u00e2ce \u00e0 ce dossier, vous obtiendrez toutes les informations pour connaitre ce secteur d&rsquo;activit\u00e9 r\u00e9glement\u00e9, connaitre son \u00e9volution et son march\u00e9, son fonctionnement et son organisation.<\/p>\n<p style=\"text-align: justify;\">Gr\u00e2ce \u00e0 ce dossier, vous construirez vous-m\u00eame votre projet de cr\u00e9ation d&rsquo;entreprise et vous aurez tous les mod\u00e8les pour obtenir votre agr\u00e9ment !<\/p>\n<p style=\"text-align: justify;\">En r\u00e9sum\u00e9, ce dossier vous permettra de connaitre le secteur des service \u00e0 la personne, comprendre son march\u00e9 et ses besoins, r\u00e9fl\u00e9chir et\u00a0 travailler sur votre projet de cr\u00e9ation et entamer vos premi\u00e8res d\u00e9marches de cr\u00e9ation. Ils comprend \u00e9galement de nombreux tutoriels et des mod\u00e8les de documents \u00e0 personnaliser.<\/p>\n<p style=\"text-align: justify;\"><strong>Ce dossier est particuli\u00e8rement adapt\u00e9 aux Aides-Soignants qui souhaitent travailler sous le champ des Services \u00e0 la Personne.<\/strong><\/p>\n<p style=\"text-align: center;\"><span style=\"color: #ff0000;\"><strong>***Ce produit est remplac\u00e9 par \u00ab\u00a0<a style=\"color: #ff0000;\" href=\"https:\/\/agrement-qualite.fr\/boutique\/produit\/agrement-qualite\/dossier-jobtiens-mon-agrement-qualite-2015\/\" target=\"_blank\" rel=\"noopener noreferrer\">J&rsquo;obtiens mon agr\u00e9ment SAP<\/a>\u00ab\u00a0***<\/strong><\/span><\/p>\n","protected":false},"excerpt":{"rendered":"<p style=\"text-align: justify;\">Ce dossier est con\u00e7u pour <strong>tous les aides-soignants et soignantes qui r\u00eavent de travailler en libert\u00e9<\/strong>, ou plut\u00f4t de mani\u00e8re ind\u00e9pendante et \u00e0 domicile. Il vous apportera toutes les informations n\u00e9cessaires pour ouvrir votre agence d&rsquo;aides-soignantes \u00e0 domicile, obtenir votre agr\u00e9ment et constituer vos premi\u00e8res d\u00e9marches de cr\u00e9ation.<\/p>\n<p style=\"text-align: center;\"><strong><span style=\"color: #ff0000;\">***Ce produit est remplac\u00e9 par le <\/span><\/strong><\/p>\n<p style=\"text-align: center;\"><strong><span style=\"color: #ff0000;\">Dossier \u00ab\u00a0<a style=\"color: #ff0000;\" href=\"https:\/\/agrement-qualite.fr\/boutique\/produit\/agrement-qualite\/dossier-jobtiens-mon-agrement-qualite-2015\/\" target=\"_blank\" rel=\"noopener noreferrer\">J&rsquo;obtiens mon agr\u00e9ment SAP<\/a>\u00ab\u00a0***<\/span><\/strong><\/p>\n","protected":false},"featured_media":3403,"comment_status":"open","ping_status":"closed","template":"","meta":[],"product_brand":[],"product_cat":[14,42,76],"product_tag":[20,44,43,45,47,28,29,24,135,48,46],"class_list":{"0":"post-346","1":"product","2":"type-product","3":"status-publish","4":"has-post-thumbnail","6":"product_cat-agrement-qualite","7":"product_cat-aide-soignant-liberal","8":"product_cat-dossiers-complets","9":"product_tag-agrement-qualite-2","10":"product_tag-aide-soignant-liberal-2","11":"product_tag-aide-soignante","12":"product_tag-as-a-domicile","13":"product_tag-assad","14":"product_tag-dossier-agrement","15":"product_tag-dossier-complet-sap","16":"product_tag-personnes-agees","17":"product_tag-services-a-la-personne","18":"product_tag-ssad","19":"product_tag-ssiad","22":"first","23":"instock","24":"product-type-external"},"yoast_head":"<!-- This site is optimized with the Yoast SEO plugin v27.3 - https:\/\/yoast.com\/product\/yoast-seo-wordpress\/ -->\n<title>Dossier: AIDE-SOIGNANT A DOMICILE - Agrement-Qualite.fr<\/title>\n<meta name=\"description\" content=\"Aide-soignant(e) : T\u00e9l\u00e9chargez notre dossier &quot;Je deviens aide-soignant \u00e0 domicile&quot;. Cet outil vous permettra de tout connaitre sur la r\u00e9glementation.\" \/>\n<meta name=\"robots\" content=\"index, follow, max-snippet:-1, max-image-preview:large, max-video-preview:-1\" \/>\n<link rel=\"canonical\" href=\"https:\/\/agrement-qualite.fr\/boutique\/produit\/agrement-qualite\/dossier-aide-soignant-a-domicile\/\" \/>\n<meta property=\"og:locale\" content=\"fr_FR\" \/>\n<meta property=\"og:type\" content=\"article\" \/>\n<meta property=\"og:title\" content=\"Dossier: AIDE-SOIGNANT A DOMICILE - Agrement-Qualite.fr\" \/>\n<meta property=\"og:description\" content=\"Aide-soignant(e) : T\u00e9l\u00e9chargez notre dossier &quot;Je deviens aide-soignant \u00e0 domicile&quot;. Cet outil vous permettra de tout connaitre sur la r\u00e9glementation.\" \/>\n<meta property=\"og:url\" content=\"https:\/\/agrement-qualite.fr\/boutique\/produit\/agrement-qualite\/dossier-aide-soignant-a-domicile\/\" \/>\n<meta property=\"og:site_name\" content=\"Agrement-Qualite.fr\" \/>\n<meta property=\"article:modified_time\" content=\"2023-04-30T14:24:38+00:00\" \/>\n<meta property=\"og:image\" content=\"https:\/\/agrement-qualite.fr\/boutique\/wp-content\/uploads\/2019\/12\/AS.png\" \/>\n\t<meta property=\"og:image:width\" content=\"500\" \/>\n\t<meta property=\"og:image:height\" content=\"500\" \/>\n\t<meta property=\"og:image:type\" content=\"image\/png\" \/>\n<meta name=\"twitter:card\" content=\"summary_large_image\" \/>\n<meta name=\"twitter:label1\" content=\"Dur\u00e9e de lecture estim\u00e9e\" \/>\n\t<meta name=\"twitter:data1\" content=\"1 minute\" \/>\n<script type=\"application\/ld+json\" class=\"yoast-schema-graph\">{\"@context\":\"https:\\\/\\\/schema.org\",\"@graph\":[{\"@type\":\"WebPage\",\"@id\":\"https:\\\/\\\/agrement-qualite.fr\\\/boutique\\\/produit\\\/agrement-qualite\\\/dossier-aide-soignant-a-domicile\\\/\",\"url\":\"https:\\\/\\\/agrement-qualite.fr\\\/boutique\\\/produit\\\/agrement-qualite\\\/dossier-aide-soignant-a-domicile\\\/\",\"name\":\"Dossier: AIDE-SOIGNANT A DOMICILE - Agrement-Qualite.fr\",\"isPartOf\":{\"@id\":\"https:\\\/\\\/agrement-qualite.fr\\\/boutique\\\/#website\"},\"primaryImageOfPage\":{\"@id\":\"https:\\\/\\\/agrement-qualite.fr\\\/boutique\\\/produit\\\/agrement-qualite\\\/dossier-aide-soignant-a-domicile\\\/#primaryimage\"},\"image\":{\"@id\":\"https:\\\/\\\/agrement-qualite.fr\\\/boutique\\\/produit\\\/agrement-qualite\\\/dossier-aide-soignant-a-domicile\\\/#primaryimage\"},\"thumbnailUrl\":\"https:\\\/\\\/agrement-qualite.fr\\\/boutique\\\/wp-content\\\/uploads\\\/2019\\\/12\\\/AS.png\",\"datePublished\":\"2012-09-06T21:00:13+00:00\",\"dateModified\":\"2023-04-30T14:24:38+00:00\",\"description\":\"Aide-soignant(e) : T\u00e9l\u00e9chargez notre dossier \\\"Je deviens aide-soignant \u00e0 domicile\\\". Cet outil vous permettra de tout connaitre sur la r\u00e9glementation.\",\"breadcrumb\":{\"@id\":\"https:\\\/\\\/agrement-qualite.fr\\\/boutique\\\/produit\\\/agrement-qualite\\\/dossier-aide-soignant-a-domicile\\\/#breadcrumb\"},\"inLanguage\":\"fr-FR\",\"potentialAction\":[{\"@type\":\"ReadAction\",\"target\":[\"https:\\\/\\\/agrement-qualite.fr\\\/boutique\\\/produit\\\/agrement-qualite\\\/dossier-aide-soignant-a-domicile\\\/\"]}]},{\"@type\":\"ImageObject\",\"inLanguage\":\"fr-FR\",\"@id\":\"https:\\\/\\\/agrement-qualite.fr\\\/boutique\\\/produit\\\/agrement-qualite\\\/dossier-aide-soignant-a-domicile\\\/#primaryimage\",\"url\":\"https:\\\/\\\/agrement-qualite.fr\\\/boutique\\\/wp-content\\\/uploads\\\/2019\\\/12\\\/AS.png\",\"contentUrl\":\"https:\\\/\\\/agrement-qualite.fr\\\/boutique\\\/wp-content\\\/uploads\\\/2019\\\/12\\\/AS.png\",\"width\":500,\"height\":500,\"caption\":\"Photo repr\u00e9sentant le logiciel \\\"Je deviens aide-soignant \u00e0 domicile\\\".\"},{\"@type\":\"BreadcrumbList\",\"@id\":\"https:\\\/\\\/agrement-qualite.fr\\\/boutique\\\/produit\\\/agrement-qualite\\\/dossier-aide-soignant-a-domicile\\\/#breadcrumb\",\"itemListElement\":[{\"@type\":\"ListItem\",\"position\":1,\"name\":\"Accueil\",\"item\":\"https:\\\/\\\/agrement-qualite.fr\\\/boutique\\\/\"},{\"@type\":\"ListItem\",\"position\":2,\"name\":\"Boutique\",\"item\":\"https:\\\/\\\/agrement-qualite.fr\\\/boutique\\\/boutique\\\/\"},{\"@type\":\"ListItem\",\"position\":3,\"name\":\"Dossier: AIDE-SOIGNANT A DOMICILE\"}]},{\"@type\":\"WebSite\",\"@id\":\"https:\\\/\\\/agrement-qualite.fr\\\/boutique\\\/#website\",\"url\":\"https:\\\/\\\/agrement-qualite.fr\\\/boutique\\\/\",\"name\":\"Agrement-Qualite.fr\",\"description\":\"Toute l&#039;aide pour votre agr\u00e9ment de services \u00e0 la personne\",\"publisher\":{\"@id\":\"https:\\\/\\\/agrement-qualite.fr\\\/boutique\\\/#organization\"},\"alternateName\":\"Agrement-Qualite.fr\",\"potentialAction\":[{\"@type\":\"SearchAction\",\"target\":{\"@type\":\"EntryPoint\",\"urlTemplate\":\"https:\\\/\\\/agrement-qualite.fr\\\/boutique\\\/?s={search_term_string}\"},\"query-input\":{\"@type\":\"PropertyValueSpecification\",\"valueRequired\":true,\"valueName\":\"search_term_string\"}}],\"inLanguage\":\"fr-FR\"},{\"@type\":\"Organization\",\"@id\":\"https:\\\/\\\/agrement-qualite.fr\\\/boutique\\\/#organization\",\"name\":\"Agrement-Qualite.fr\",\"alternateName\":\"Agrement-Qualite.fr\",\"url\":\"https:\\\/\\\/agrement-qualite.fr\\\/boutique\\\/\",\"logo\":{\"@type\":\"ImageObject\",\"inLanguage\":\"fr-FR\",\"@id\":\"https:\\\/\\\/agrement-qualite.fr\\\/boutique\\\/#\\\/schema\\\/logo\\\/image\\\/\",\"url\":\"https:\\\/\\\/agrement-qualite.fr\\\/boutique\\\/wp-content\\\/uploads\\\/2020\\\/07\\\/AGREMENT-QUALITE-1.png\",\"contentUrl\":\"https:\\\/\\\/agrement-qualite.fr\\\/boutique\\\/wp-content\\\/uploads\\\/2020\\\/07\\\/AGREMENT-QUALITE-1.png\",\"width\":201,\"height\":37,\"caption\":\"Agrement-Qualite.fr\"},\"image\":{\"@id\":\"https:\\\/\\\/agrement-qualite.fr\\\/boutique\\\/#\\\/schema\\\/logo\\\/image\\\/\"}}]}<\/script>\n<!-- \/ Yoast SEO plugin. -->","yoast_head_json":{"title":"Dossier: AIDE-SOIGNANT A DOMICILE - Agrement-Qualite.fr","description":"Aide-soignant(e) : T\u00e9l\u00e9chargez notre dossier \"Je deviens aide-soignant \u00e0 domicile\". Cet outil vous permettra de tout connaitre sur la r\u00e9glementation.","robots":{"index":"index","follow":"follow","max-snippet":"max-snippet:-1","max-image-preview":"max-image-preview:large","max-video-preview":"max-video-preview:-1"},"canonical":"https:\/\/agrement-qualite.fr\/boutique\/produit\/agrement-qualite\/dossier-aide-soignant-a-domicile\/","og_locale":"fr_FR","og_type":"article","og_title":"Dossier: AIDE-SOIGNANT A DOMICILE - Agrement-Qualite.fr","og_description":"Aide-soignant(e) : T\u00e9l\u00e9chargez notre dossier \"Je deviens aide-soignant \u00e0 domicile\". Cet outil vous permettra de tout connaitre sur la r\u00e9glementation.","og_url":"https:\/\/agrement-qualite.fr\/boutique\/produit\/agrement-qualite\/dossier-aide-soignant-a-domicile\/","og_site_name":"Agrement-Qualite.fr","article_modified_time":"2023-04-30T14:24:38+00:00","og_image":[{"width":500,"height":500,"url":"https:\/\/agrement-qualite.fr\/boutique\/wp-content\/uploads\/2019\/12\/AS.png","type":"image\/png"}],"twitter_card":"summary_large_image","twitter_misc":{"Dur\u00e9e de lecture estim\u00e9e":"1 minute"},"schema":{"@context":"https:\/\/schema.org","@graph":[{"@type":"WebPage","@id":"https:\/\/agrement-qualite.fr\/boutique\/produit\/agrement-qualite\/dossier-aide-soignant-a-domicile\/","url":"https:\/\/agrement-qualite.fr\/boutique\/produit\/agrement-qualite\/dossier-aide-soignant-a-domicile\/","name":"Dossier: AIDE-SOIGNANT A DOMICILE - Agrement-Qualite.fr","isPartOf":{"@id":"https:\/\/agrement-qualite.fr\/boutique\/#website"},"primaryImageOfPage":{"@id":"https:\/\/agrement-qualite.fr\/boutique\/produit\/agrement-qualite\/dossier-aide-soignant-a-domicile\/#primaryimage"},"image":{"@id":"https:\/\/agrement-qualite.fr\/boutique\/produit\/agrement-qualite\/dossier-aide-soignant-a-domicile\/#primaryimage"},"thumbnailUrl":"https:\/\/agrement-qualite.fr\/boutique\/wp-content\/uploads\/2019\/12\/AS.png","datePublished":"2012-09-06T21:00:13+00:00","dateModified":"2023-04-30T14:24:38+00:00","description":"Aide-soignant(e) : T\u00e9l\u00e9chargez notre dossier \"Je deviens aide-soignant \u00e0 domicile\". Cet outil vous permettra de tout connaitre sur la r\u00e9glementation.","breadcrumb":{"@id":"https:\/\/agrement-qualite.fr\/boutique\/produit\/agrement-qualite\/dossier-aide-soignant-a-domicile\/#breadcrumb"},"inLanguage":"fr-FR","potentialAction":[{"@type":"ReadAction","target":["https:\/\/agrement-qualite.fr\/boutique\/produit\/agrement-qualite\/dossier-aide-soignant-a-domicile\/"]}]},{"@type":"ImageObject","inLanguage":"fr-FR","@id":"https:\/\/agrement-qualite.fr\/boutique\/produit\/agrement-qualite\/dossier-aide-soignant-a-domicile\/#primaryimage","url":"https:\/\/agrement-qualite.fr\/boutique\/wp-content\/uploads\/2019\/12\/AS.png","contentUrl":"https:\/\/agrement-qualite.fr\/boutique\/wp-content\/uploads\/2019\/12\/AS.png","width":500,"height":500,"caption":"Photo repr\u00e9sentant le logiciel \"Je deviens aide-soignant \u00e0 domicile\"."},{"@type":"BreadcrumbList","@id":"https:\/\/agrement-qualite.fr\/boutique\/produit\/agrement-qualite\/dossier-aide-soignant-a-domicile\/#breadcrumb","itemListElement":[{"@type":"ListItem","position":1,"name":"Accueil","item":"https:\/\/agrement-qualite.fr\/boutique\/"},{"@type":"ListItem","position":2,"name":"Boutique","item":"https:\/\/agrement-qualite.fr\/boutique\/boutique\/"},{"@type":"ListItem","position":3,"name":"Dossier: AIDE-SOIGNANT A DOMICILE"}]},{"@type":"WebSite","@id":"https:\/\/agrement-qualite.fr\/boutique\/#website","url":"https:\/\/agrement-qualite.fr\/boutique\/","name":"Agrement-Qualite.fr","description":"Toute l&#039;aide pour votre agr\u00e9ment de services \u00e0 la personne","publisher":{"@id":"https:\/\/agrement-qualite.fr\/boutique\/#organization"},"alternateName":"Agrement-Qualite.fr","potentialAction":[{"@type":"SearchAction","target":{"@type":"EntryPoint","urlTemplate":"https:\/\/agrement-qualite.fr\/boutique\/?s={search_term_string}"},"query-input":{"@type":"PropertyValueSpecification","valueRequired":true,"valueName":"search_term_string"}}],"inLanguage":"fr-FR"},{"@type":"Organization","@id":"https:\/\/agrement-qualite.fr\/boutique\/#organization","name":"Agrement-Qualite.fr","alternateName":"Agrement-Qualite.fr","url":"https:\/\/agrement-qualite.fr\/boutique\/","logo":{"@type":"ImageObject","inLanguage":"fr-FR","@id":"https:\/\/agrement-qualite.fr\/boutique\/#\/schema\/logo\/image\/","url":"https:\/\/agrement-qualite.fr\/boutique\/wp-content\/uploads\/2020\/07\/AGREMENT-QUALITE-1.png","contentUrl":"https:\/\/agrement-qualite.fr\/boutique\/wp-content\/uploads\/2020\/07\/AGREMENT-QUALITE-1.png","width":201,"height":37,"caption":"Agrement-Qualite.fr"},"image":{"@id":"https:\/\/agrement-qualite.fr\/boutique\/#\/schema\/logo\/image\/"}}]}},"_links":{"self":[{"href":"https:\/\/agrement-qualite.fr\/boutique\/wp-json\/wp\/v2\/product\/346","targetHints":{"allow":["GET"]}}],"collection":[{"href":"https:\/\/agrement-qualite.fr\/boutique\/wp-json\/wp\/v2\/product"}],"about":[{"href":"https:\/\/agrement-qualite.fr\/boutique\/wp-json\/wp\/v2\/types\/product"}],"replies":[{"embeddable":true,"href":"https:\/\/agrement-qualite.fr\/boutique\/wp-json\/wp\/v2\/comments?post=346"}],"wp:featuredmedia":[{"embeddable":true,"href":"https:\/\/agrement-qualite.fr\/boutique\/wp-json\/wp\/v2\/media\/3403"}],"wp:attachment":[{"href":"https:\/\/agrement-qualite.fr\/boutique\/wp-json\/wp\/v2\/media?parent=346"}],"wp:term":[{"taxonomy":"product_brand","embeddable":true,"href":"https:\/\/agrement-qualite.fr\/boutique\/wp-json\/wp\/v2\/product_brand?post=346"},{"taxonomy":"product_cat","embeddable":true,"href":"https:\/\/agrement-qualite.fr\/boutique\/wp-json\/wp\/v2\/product_cat?post=346"},{"taxonomy":"product_tag","embeddable":true,"href":"https:\/\/agrement-qualite.fr\/boutique\/wp-json\/wp\/v2\/product_tag?post=346"}],"curies":[{"name":"wp","href":"https:\/\/api.w.org\/{rel}","templated":true}]}}