{"id":75,"date":"2012-08-05T09:36:11","date_gmt":"2012-08-05T07:36:11","guid":{"rendered":"http:\/\/agrement-qualite.fr\/boutique\/?post_type=product&#038;p=75"},"modified":"2025-07-24T16:36:15","modified_gmt":"2025-07-24T14:36:15","slug":"attestation-fiscale-services-a-la-personne","status":"publish","type":"product","link":"https:\/\/agrement-qualite.fr\/boutique\/produit\/document-a-lunite\/modele-payant-document-a-lunite\/attestation-fiscale-services-a-la-personne\/","title":{"rendered":"Attestation fiscale annuelle SAP"},"content":{"rendered":"<p style=\"text-align: center;\"><span style=\"color: #ff0000;\"><strong>&gt;&gt; T\u00e9l\u00e9chargement imm\u00e9diat ! &lt;&lt;<\/strong><\/span><\/p>\n<p style=\"text-align: justify;\">Ce mod\u00e8le d&rsquo;<strong>attestation fiscale annuelle<\/strong>\u00a0<strong>Services \u00e0 la personne<\/strong>\u00a0<strong>SAP<\/strong> est adapt\u00e9 au service \u00e0 la personne et convient parfaitement pour votre dossier de demande d&rsquo;agr\u00e9ment qualit\u00e9 (il vous sera demand\u00e9 au d\u00e9p\u00f4t de votre demande d&rsquo;agr\u00e9ment, un mod\u00e8le d&rsquo;attestation fiscale annuelle).<\/p>\n<p style=\"text-align: justify;\">Il permet d&rsquo;\u00e9tablir l&rsquo;attestation fiscale annuelle SAP \u00e0 remettre \u00e0 votre client, pour qu&rsquo;il puisse b\u00e9n\u00e9ficier des avantages fiscaux dans le cadre de l&rsquo;utilisation des services \u00e0 la personne.<\/p>\n<p style=\"text-align: justify;\">R\u00e9pond aux exigences des agr\u00e9ments qualit\u00e9 et \u00e0 la l&rsquo;autorisation des Services d&rsquo;Aide et d&rsquo;Accompagnement \u00e0 Domicile (SAAD), adapt\u00e9 au CESU.<\/p>\n<p style=\"text-align: justify;\"><strong><a>Mod\u00e8le personnalisable &#8211; Word \/ Writer\u00a0<em>(.doc\/.docx).<\/em>\u00a0<\/a><\/strong><\/p>\n<p style=\"text-align: justify;\"><strong><a>Document de 1 page.\u00a0<\/a><\/strong><\/p>\n<p style=\"text-align: justify;\"><strong>Livr\u00e9 avec notice d&rsquo;utilisation <em>(.pdf).<\/em><\/strong><\/p>\n<p style=\"text-align: center;\"><strong><span style=\"color: #ff0000;\">&gt;&gt; T\u00e9l\u00e9chargement imm\u00e9diat ! &lt;&lt;<br \/>\n<\/span><\/strong><\/p>\n<hr \/>\n<pre><strong>Mise \u00e0 jour : 13 Juillet 2022.<\/strong><\/pre>\n","protected":false},"excerpt":{"rendered":"<p>Ce mod\u00e8le d&rsquo;attestation fiscale annuelle SAP est adapt\u00e9 au service \u00e0 la personne et convient parfaitement pour votre dossier de demande d&rsquo;agr\u00e9ment qualit\u00e9 (il vous sera demand\u00e9 au d\u00e9p\u00f4t de votre demande d&rsquo;agr\u00e9ment).<\/p>\n<p style=\"text-align: center;\"><span style=\"color: #ff0000;\"><strong>&gt;&gt; T\u00e9l\u00e9chargement imm\u00e9diat ! &lt;&lt;<\/strong><\/span><\/p>\n<hr \/>\n<pre><strong>Mise \u00e0 jour : 13 Juillet 2022.<\/strong><\/pre>\n<p style=\"text-align: justify;\">\n","protected":false},"featured_media":3402,"comment_status":"open","ping_status":"closed","template":"","meta":[],"product_brand":[],"product_cat":[14,71,74],"product_tag":[21,20,75,26,153,22,27,19,18,154,135],"class_list":{"0":"post-75","1":"product","2":"type-product","3":"status-publish","4":"has-post-thumbnail","6":"product_cat-agrement-qualite","7":"product_cat-document-a-lunite","8":"product_cat-modele-payant-document-a-lunite","9":"product_tag-agrement","10":"product_tag-agrement-qualite-2","11":"product_tag-allopass","12":"product_tag-attestation-fiscale","13":"product_tag-autorisation-saad","14":"product_tag-autorisation-sap","15":"product_tag-credit-dimpot","16":"product_tag-mandataire","17":"product_tag-prestataire","18":"product_tag-saad","19":"product_tag-services-a-la-personne","22":"first","23":"instock","24":"downloadable","25":"virtual","26":"purchasable","27":"product-type-simple"},"yoast_head":"<!-- This site is optimized with the Yoast SEO plugin v27.5 - https:\/\/yoast.com\/product\/yoast-seo-wordpress\/ -->\n<title>Attestation fiscale annuelle SAP - Agrement-Qualite.fr<\/title>\n<meta name=\"description\" content=\"Attestation fiscale annuelle Services \u00e0 la personne SAP \u00e0 t\u00e9l\u00e9charger, destin\u00e9e \u00e0 vos clients, dans le cadre de vos prestations \u00e0 domicile.\" \/>\n<meta name=\"robots\" content=\"index, follow, max-snippet:-1, max-image-preview:large, max-video-preview:-1\" \/>\n<link rel=\"canonical\" href=\"https:\/\/agrement-qualite.fr\/boutique\/produit\/document-a-lunite\/modele-payant-document-a-lunite\/attestation-fiscale-services-a-la-personne\/\" \/>\n<meta property=\"og:locale\" content=\"fr_FR\" \/>\n<meta property=\"og:type\" content=\"article\" \/>\n<meta property=\"og:title\" content=\"Attestation fiscale annuelle SAP - Agrement-Qualite.fr\" \/>\n<meta property=\"og:description\" content=\"Attestation fiscale annuelle Services \u00e0 la personne SAP \u00e0 t\u00e9l\u00e9charger, destin\u00e9e \u00e0 vos clients, dans le cadre de vos prestations \u00e0 domicile.\" \/>\n<meta property=\"og:url\" content=\"https:\/\/agrement-qualite.fr\/boutique\/produit\/document-a-lunite\/modele-payant-document-a-lunite\/attestation-fiscale-services-a-la-personne\/\" \/>\n<meta property=\"og:site_name\" content=\"Agrement-Qualite.fr\" \/>\n<meta property=\"article:modified_time\" content=\"2025-07-24T14:36:15+00:00\" \/>\n<meta property=\"og:image\" content=\"https:\/\/agrement-qualite.fr\/boutique\/wp-content\/uploads\/2019\/12\/Attestation-fiscale-annuelle-services-a-la-personne-sap-modele.png\" \/>\n\t<meta property=\"og:image:width\" content=\"500\" \/>\n\t<meta property=\"og:image:height\" content=\"500\" \/>\n\t<meta property=\"og:image:type\" content=\"image\/png\" \/>\n<meta name=\"twitter:card\" content=\"summary_large_image\" \/>\n<meta name=\"twitter:label1\" content=\"Dur\u00e9e de lecture estim\u00e9e\" \/>\n\t<meta name=\"twitter:data1\" content=\"1 minute\" \/>\n<script type=\"application\/ld+json\" class=\"yoast-schema-graph\">{\"@context\":\"https:\\\/\\\/schema.org\",\"@graph\":[{\"@type\":\"WebPage\",\"@id\":\"https:\\\/\\\/agrement-qualite.fr\\\/boutique\\\/produit\\\/document-a-lunite\\\/modele-payant-document-a-lunite\\\/attestation-fiscale-services-a-la-personne\\\/\",\"url\":\"https:\\\/\\\/agrement-qualite.fr\\\/boutique\\\/produit\\\/document-a-lunite\\\/modele-payant-document-a-lunite\\\/attestation-fiscale-services-a-la-personne\\\/\",\"name\":\"Attestation fiscale annuelle SAP - Agrement-Qualite.fr\",\"isPartOf\":{\"@id\":\"https:\\\/\\\/agrement-qualite.fr\\\/boutique\\\/#website\"},\"primaryImageOfPage\":{\"@id\":\"https:\\\/\\\/agrement-qualite.fr\\\/boutique\\\/produit\\\/document-a-lunite\\\/modele-payant-document-a-lunite\\\/attestation-fiscale-services-a-la-personne\\\/#primaryimage\"},\"image\":{\"@id\":\"https:\\\/\\\/agrement-qualite.fr\\\/boutique\\\/produit\\\/document-a-lunite\\\/modele-payant-document-a-lunite\\\/attestation-fiscale-services-a-la-personne\\\/#primaryimage\"},\"thumbnailUrl\":\"https:\\\/\\\/agrement-qualite.fr\\\/boutique\\\/wp-content\\\/uploads\\\/2019\\\/12\\\/Attestation-fiscale-annuelle-services-a-la-personne-sap-modele.png\",\"datePublished\":\"2012-08-05T07:36:11+00:00\",\"dateModified\":\"2025-07-24T14:36:15+00:00\",\"description\":\"Attestation fiscale annuelle Services \u00e0 la personne SAP \u00e0 t\u00e9l\u00e9charger, destin\u00e9e \u00e0 vos clients, dans le cadre de vos prestations \u00e0 domicile.\",\"breadcrumb\":{\"@id\":\"https:\\\/\\\/agrement-qualite.fr\\\/boutique\\\/produit\\\/document-a-lunite\\\/modele-payant-document-a-lunite\\\/attestation-fiscale-services-a-la-personne\\\/#breadcrumb\"},\"inLanguage\":\"fr-FR\",\"potentialAction\":[{\"@type\":\"ReadAction\",\"target\":[\"https:\\\/\\\/agrement-qualite.fr\\\/boutique\\\/produit\\\/document-a-lunite\\\/modele-payant-document-a-lunite\\\/attestation-fiscale-services-a-la-personne\\\/\"]}]},{\"@type\":\"ImageObject\",\"inLanguage\":\"fr-FR\",\"@id\":\"https:\\\/\\\/agrement-qualite.fr\\\/boutique\\\/produit\\\/document-a-lunite\\\/modele-payant-document-a-lunite\\\/attestation-fiscale-services-a-la-personne\\\/#primaryimage\",\"url\":\"https:\\\/\\\/agrement-qualite.fr\\\/boutique\\\/wp-content\\\/uploads\\\/2019\\\/12\\\/Attestation-fiscale-annuelle-services-a-la-personne-sap-modele.png\",\"contentUrl\":\"https:\\\/\\\/agrement-qualite.fr\\\/boutique\\\/wp-content\\\/uploads\\\/2019\\\/12\\\/Attestation-fiscale-annuelle-services-a-la-personne-sap-modele.png\",\"width\":500,\"height\":500,\"caption\":\"Trois feuilles imprim\u00e9es avec bandeau\"},{\"@type\":\"BreadcrumbList\",\"@id\":\"https:\\\/\\\/agrement-qualite.fr\\\/boutique\\\/produit\\\/document-a-lunite\\\/modele-payant-document-a-lunite\\\/attestation-fiscale-services-a-la-personne\\\/#breadcrumb\",\"itemListElement\":[{\"@type\":\"ListItem\",\"position\":1,\"name\":\"Accueil\",\"item\":\"https:\\\/\\\/agrement-qualite.fr\\\/boutique\\\/\"},{\"@type\":\"ListItem\",\"position\":2,\"name\":\"Boutique\",\"item\":\"https:\\\/\\\/agrement-qualite.fr\\\/boutique\\\/boutique\\\/\"},{\"@type\":\"ListItem\",\"position\":3,\"name\":\"Attestation fiscale annuelle SAP\"}]},{\"@type\":\"WebSite\",\"@id\":\"https:\\\/\\\/agrement-qualite.fr\\\/boutique\\\/#website\",\"url\":\"https:\\\/\\\/agrement-qualite.fr\\\/boutique\\\/\",\"name\":\"Agrement-Qualite.fr\",\"description\":\"Toute l&#039;aide pour votre agr\u00e9ment de services \u00e0 la personne\",\"publisher\":{\"@id\":\"https:\\\/\\\/agrement-qualite.fr\\\/boutique\\\/#organization\"},\"alternateName\":\"Agrement-Qualite.fr\",\"potentialAction\":[{\"@type\":\"SearchAction\",\"target\":{\"@type\":\"EntryPoint\",\"urlTemplate\":\"https:\\\/\\\/agrement-qualite.fr\\\/boutique\\\/?s={search_term_string}\"},\"query-input\":{\"@type\":\"PropertyValueSpecification\",\"valueRequired\":true,\"valueName\":\"search_term_string\"}}],\"inLanguage\":\"fr-FR\"},{\"@type\":\"Organization\",\"@id\":\"https:\\\/\\\/agrement-qualite.fr\\\/boutique\\\/#organization\",\"name\":\"Agrement-Qualite.fr\",\"alternateName\":\"Agrement-Qualite.fr\",\"url\":\"https:\\\/\\\/agrement-qualite.fr\\\/boutique\\\/\",\"logo\":{\"@type\":\"ImageObject\",\"inLanguage\":\"fr-FR\",\"@id\":\"https:\\\/\\\/agrement-qualite.fr\\\/boutique\\\/#\\\/schema\\\/logo\\\/image\\\/\",\"url\":\"https:\\\/\\\/agrement-qualite.fr\\\/boutique\\\/wp-content\\\/uploads\\\/2020\\\/07\\\/AGREMENT-QUALITE-1.png\",\"contentUrl\":\"https:\\\/\\\/agrement-qualite.fr\\\/boutique\\\/wp-content\\\/uploads\\\/2020\\\/07\\\/AGREMENT-QUALITE-1.png\",\"width\":201,\"height\":37,\"caption\":\"Agrement-Qualite.fr\"},\"image\":{\"@id\":\"https:\\\/\\\/agrement-qualite.fr\\\/boutique\\\/#\\\/schema\\\/logo\\\/image\\\/\"}}]}<\/script>\n<!-- \/ Yoast SEO plugin. -->","yoast_head_json":{"title":"Attestation fiscale annuelle SAP - Agrement-Qualite.fr","description":"Attestation fiscale annuelle Services \u00e0 la personne SAP \u00e0 t\u00e9l\u00e9charger, destin\u00e9e \u00e0 vos clients, dans le cadre de vos prestations \u00e0 domicile.","robots":{"index":"index","follow":"follow","max-snippet":"max-snippet:-1","max-image-preview":"max-image-preview:large","max-video-preview":"max-video-preview:-1"},"canonical":"https:\/\/agrement-qualite.fr\/boutique\/produit\/document-a-lunite\/modele-payant-document-a-lunite\/attestation-fiscale-services-a-la-personne\/","og_locale":"fr_FR","og_type":"article","og_title":"Attestation fiscale annuelle SAP - Agrement-Qualite.fr","og_description":"Attestation fiscale annuelle Services \u00e0 la personne SAP \u00e0 t\u00e9l\u00e9charger, destin\u00e9e \u00e0 vos clients, dans le cadre de vos prestations \u00e0 domicile.","og_url":"https:\/\/agrement-qualite.fr\/boutique\/produit\/document-a-lunite\/modele-payant-document-a-lunite\/attestation-fiscale-services-a-la-personne\/","og_site_name":"Agrement-Qualite.fr","article_modified_time":"2025-07-24T14:36:15+00:00","og_image":[{"width":500,"height":500,"url":"https:\/\/agrement-qualite.fr\/boutique\/wp-content\/uploads\/2019\/12\/Attestation-fiscale-annuelle-services-a-la-personne-sap-modele.png","type":"image\/png"}],"twitter_card":"summary_large_image","twitter_misc":{"Dur\u00e9e de lecture estim\u00e9e":"1 minute"},"schema":{"@context":"https:\/\/schema.org","@graph":[{"@type":"WebPage","@id":"https:\/\/agrement-qualite.fr\/boutique\/produit\/document-a-lunite\/modele-payant-document-a-lunite\/attestation-fiscale-services-a-la-personne\/","url":"https:\/\/agrement-qualite.fr\/boutique\/produit\/document-a-lunite\/modele-payant-document-a-lunite\/attestation-fiscale-services-a-la-personne\/","name":"Attestation fiscale annuelle SAP - Agrement-Qualite.fr","isPartOf":{"@id":"https:\/\/agrement-qualite.fr\/boutique\/#website"},"primaryImageOfPage":{"@id":"https:\/\/agrement-qualite.fr\/boutique\/produit\/document-a-lunite\/modele-payant-document-a-lunite\/attestation-fiscale-services-a-la-personne\/#primaryimage"},"image":{"@id":"https:\/\/agrement-qualite.fr\/boutique\/produit\/document-a-lunite\/modele-payant-document-a-lunite\/attestation-fiscale-services-a-la-personne\/#primaryimage"},"thumbnailUrl":"https:\/\/agrement-qualite.fr\/boutique\/wp-content\/uploads\/2019\/12\/Attestation-fiscale-annuelle-services-a-la-personne-sap-modele.png","datePublished":"2012-08-05T07:36:11+00:00","dateModified":"2025-07-24T14:36:15+00:00","description":"Attestation fiscale annuelle Services \u00e0 la personne SAP \u00e0 t\u00e9l\u00e9charger, destin\u00e9e \u00e0 vos clients, dans le cadre de vos prestations \u00e0 domicile.","breadcrumb":{"@id":"https:\/\/agrement-qualite.fr\/boutique\/produit\/document-a-lunite\/modele-payant-document-a-lunite\/attestation-fiscale-services-a-la-personne\/#breadcrumb"},"inLanguage":"fr-FR","potentialAction":[{"@type":"ReadAction","target":["https:\/\/agrement-qualite.fr\/boutique\/produit\/document-a-lunite\/modele-payant-document-a-lunite\/attestation-fiscale-services-a-la-personne\/"]}]},{"@type":"ImageObject","inLanguage":"fr-FR","@id":"https:\/\/agrement-qualite.fr\/boutique\/produit\/document-a-lunite\/modele-payant-document-a-lunite\/attestation-fiscale-services-a-la-personne\/#primaryimage","url":"https:\/\/agrement-qualite.fr\/boutique\/wp-content\/uploads\/2019\/12\/Attestation-fiscale-annuelle-services-a-la-personne-sap-modele.png","contentUrl":"https:\/\/agrement-qualite.fr\/boutique\/wp-content\/uploads\/2019\/12\/Attestation-fiscale-annuelle-services-a-la-personne-sap-modele.png","width":500,"height":500,"caption":"Trois feuilles imprim\u00e9es avec bandeau"},{"@type":"BreadcrumbList","@id":"https:\/\/agrement-qualite.fr\/boutique\/produit\/document-a-lunite\/modele-payant-document-a-lunite\/attestation-fiscale-services-a-la-personne\/#breadcrumb","itemListElement":[{"@type":"ListItem","position":1,"name":"Accueil","item":"https:\/\/agrement-qualite.fr\/boutique\/"},{"@type":"ListItem","position":2,"name":"Boutique","item":"https:\/\/agrement-qualite.fr\/boutique\/boutique\/"},{"@type":"ListItem","position":3,"name":"Attestation fiscale annuelle SAP"}]},{"@type":"WebSite","@id":"https:\/\/agrement-qualite.fr\/boutique\/#website","url":"https:\/\/agrement-qualite.fr\/boutique\/","name":"Agrement-Qualite.fr","description":"Toute l&#039;aide pour votre agr\u00e9ment de services \u00e0 la personne","publisher":{"@id":"https:\/\/agrement-qualite.fr\/boutique\/#organization"},"alternateName":"Agrement-Qualite.fr","potentialAction":[{"@type":"SearchAction","target":{"@type":"EntryPoint","urlTemplate":"https:\/\/agrement-qualite.fr\/boutique\/?s={search_term_string}"},"query-input":{"@type":"PropertyValueSpecification","valueRequired":true,"valueName":"search_term_string"}}],"inLanguage":"fr-FR"},{"@type":"Organization","@id":"https:\/\/agrement-qualite.fr\/boutique\/#organization","name":"Agrement-Qualite.fr","alternateName":"Agrement-Qualite.fr","url":"https:\/\/agrement-qualite.fr\/boutique\/","logo":{"@type":"ImageObject","inLanguage":"fr-FR","@id":"https:\/\/agrement-qualite.fr\/boutique\/#\/schema\/logo\/image\/","url":"https:\/\/agrement-qualite.fr\/boutique\/wp-content\/uploads\/2020\/07\/AGREMENT-QUALITE-1.png","contentUrl":"https:\/\/agrement-qualite.fr\/boutique\/wp-content\/uploads\/2020\/07\/AGREMENT-QUALITE-1.png","width":201,"height":37,"caption":"Agrement-Qualite.fr"},"image":{"@id":"https:\/\/agrement-qualite.fr\/boutique\/#\/schema\/logo\/image\/"}}]}},"_links":{"self":[{"href":"https:\/\/agrement-qualite.fr\/boutique\/wp-json\/wp\/v2\/product\/75","targetHints":{"allow":["GET"]}}],"collection":[{"href":"https:\/\/agrement-qualite.fr\/boutique\/wp-json\/wp\/v2\/product"}],"about":[{"href":"https:\/\/agrement-qualite.fr\/boutique\/wp-json\/wp\/v2\/types\/product"}],"replies":[{"embeddable":true,"href":"https:\/\/agrement-qualite.fr\/boutique\/wp-json\/wp\/v2\/comments?post=75"}],"wp:featuredmedia":[{"embeddable":true,"href":"https:\/\/agrement-qualite.fr\/boutique\/wp-json\/wp\/v2\/media\/3402"}],"wp:attachment":[{"href":"https:\/\/agrement-qualite.fr\/boutique\/wp-json\/wp\/v2\/media?parent=75"}],"wp:term":[{"taxonomy":"product_brand","embeddable":true,"href":"https:\/\/agrement-qualite.fr\/boutique\/wp-json\/wp\/v2\/product_brand?post=75"},{"taxonomy":"product_cat","embeddable":true,"href":"https:\/\/agrement-qualite.fr\/boutique\/wp-json\/wp\/v2\/product_cat?post=75"},{"taxonomy":"product_tag","embeddable":true,"href":"https:\/\/agrement-qualite.fr\/boutique\/wp-json\/wp\/v2\/product_tag?post=75"}],"curies":[{"name":"wp","href":"https:\/\/api.w.org\/{rel}","templated":true}]}}