{"id":79,"date":"2012-08-05T09:54:23","date_gmt":"2012-08-05T07:54:23","guid":{"rendered":"http:\/\/agrement-qualite.fr\/boutique\/?post_type=product&#038;p=79"},"modified":"2026-01-23T05:26:49","modified_gmt":"2026-01-23T04:26:49","slug":"contrat-de-prestation-de-services-sap","status":"publish","type":"product","link":"https:\/\/agrement-qualite.fr\/boutique\/produit\/document-a-lunite\/modele-payant-document-a-lunite\/contrat-de-prestation-de-services-sap\/","title":{"rendered":"Contrat de prestation de services \u00e0 la personne SAP &#8211; Mode prestataire"},"content":{"rendered":"<p style=\"text-align: center;\"><strong><span style=\"color: #ff0000;\">&gt;&gt; T\u00e9l\u00e9chargement imm\u00e9diat ! &lt;&lt;<\/span><\/strong><\/p>\n<p style=\"text-align: justify;\"><strong>Gagnez du temps en t\u00e9l\u00e9chargeant notre mod\u00e8le de contrat de prestation de services \u00e0 la personne (SAP) &#8211; mode prestataire !<\/strong><\/p>\n<p style=\"text-align: justify;\">Ce mod\u00e8le de contrat de prestation de services \u00e0 la personne en mode prestataire est adapt\u00e9 au service \u00e0 la personne (SAP) et convient parfaitement pour contractualiser vos prestations avec votre client. Il contient un <strong>bordereau de r\u00e9tractation<\/strong> conform\u00e9ment \u00e0 la r\u00e9glementation en vigueur.<\/p>\n<p style=\"text-align: justify;\">Il permet d&rsquo;\u00e9tablir un cadre et les modalit\u00e9s des interventions chez votre client.<\/p>\n<p style=\"text-align: justify;\">Convient aux exigences des agr\u00e9ments qualit\u00e9 et \u00e0 l&rsquo;autorisation des Services d&rsquo;Aide et d&rsquo;Accompagnement \u00e0 Domicile (SAAD).<\/p>\n<hr \/>\n<p style=\"text-align: justify;\"><strong><a>Mod\u00e8le personnalisable &#8211; Word \/ Writer &#8211;\u00a0<em>(.doc\/.docx)<\/em><\/a><\/strong><\/p>\n<p style=\"text-align: justify;\"><strong><a>Document de 4 pages. Contient le bordereau de r\u00e9tractation client des Services \u00e0 la Personne (SAP). Mode prestataire.<\/a><\/strong><\/p>\n<p style=\"text-align: justify;\"><strong><a>Livr\u00e9 avec une notice d&rsquo;utilisation <em>(.pdf).<\/em><\/a><\/strong><\/p>\n<p style=\"text-align: center;\"><strong><span style=\"color: #ff0000;\">&gt;&gt; T\u00e9l\u00e9chargement imm\u00e9diat ! &lt;&lt;<br \/>\n<\/span><\/strong><\/p>\n<hr \/>\n<pre><strong>Mise \u00e0 jour : 13 Juillet 2022.<\/strong><\/pre>\n","protected":false},"excerpt":{"rendered":"<p>Ce mod\u00e8le de <strong>Contrat de prestation de services \u00e0 la personne SAP &#8211; mode prestataire<\/strong>, est adapt\u00e9 au service \u00e0 la personne et convient parfaitement pour contractualiser vos prestations avec votre client.<\/p>\n<p style=\"text-align: justify;\">Il contient le bordereau de r\u00e9tractation client conform\u00e9ment \u00e0 la r\u00e9glementation en vigueur.<\/p>\n<p style=\"text-align: center;\"><span style=\"color: #ff0000;\"><strong>&gt;&gt; T\u00e9l\u00e9chargement imm\u00e9diat ! &lt;&lt;<\/strong><\/span><\/p>\n<hr \/>\n<pre><strong>Mise \u00e0 jour : 13 Juillet 2022.<\/strong><\/pre>\n<p style=\"text-align: justify;\">\n","protected":false},"featured_media":1226,"comment_status":"open","ping_status":"closed","template":"","meta":[],"product_brand":[],"product_cat":[14,71,74],"product_tag":[21,20,75,153,133,25,164,18,154,135],"class_list":{"0":"post-79","1":"product","2":"type-product","3":"status-publish","4":"has-post-thumbnail","6":"product_cat-agrement-qualite","7":"product_cat-document-a-lunite","8":"product_cat-modele-payant-document-a-lunite","9":"product_tag-agrement","10":"product_tag-agrement-qualite-2","11":"product_tag-allopass","12":"product_tag-autorisation-saad","13":"product_tag-bordereau-de-retractation-client","14":"product_tag-contrat-de-prestation","15":"product_tag-mode-prestataire","16":"product_tag-prestataire","17":"product_tag-saad","18":"product_tag-services-a-la-personne","21":"first","22":"instock","23":"downloadable","24":"virtual","25":"purchasable","26":"product-type-simple"},"yoast_head":"<!-- This site is optimized with the Yoast SEO plugin v27.3 - https:\/\/yoast.com\/product\/yoast-seo-wordpress\/ -->\n<title>Contrat de prestation de services \u00e0 la personne SAP - Mode prestataire<\/title>\n<meta name=\"description\" content=\"T\u00e9l\u00e9chargez notre mod\u00e8le de contrat de prestation de services \u00e0 la personne avec son bordereau de r\u00e9tractation conforme \u00e0 la r\u00e8glementation.\" \/>\n<meta name=\"robots\" content=\"index, follow, max-snippet:-1, max-image-preview:large, max-video-preview:-1\" \/>\n<link rel=\"canonical\" href=\"https:\/\/agrement-qualite.fr\/boutique\/produit\/document-a-lunite\/modele-payant-document-a-lunite\/contrat-de-prestation-de-services-sap\/\" \/>\n<meta property=\"og:locale\" content=\"fr_FR\" \/>\n<meta property=\"og:type\" content=\"article\" \/>\n<meta property=\"og:title\" content=\"Contrat de prestation de services \u00e0 la personne SAP - Mode prestataire\" \/>\n<meta property=\"og:description\" content=\"T\u00e9l\u00e9chargez notre mod\u00e8le de contrat de prestation de services \u00e0 la personne avec son bordereau de r\u00e9tractation conforme \u00e0 la r\u00e8glementation.\" \/>\n<meta property=\"og:url\" content=\"https:\/\/agrement-qualite.fr\/boutique\/produit\/document-a-lunite\/modele-payant-document-a-lunite\/contrat-de-prestation-de-services-sap\/\" \/>\n<meta property=\"og:site_name\" content=\"Agrement-Qualite.fr\" \/>\n<meta property=\"article:modified_time\" content=\"2026-01-23T04:26:49+00:00\" \/>\n<meta property=\"og:image\" content=\"https:\/\/agrement-qualite.fr\/boutique\/wp-content\/uploads\/2012\/08\/Contrat-de-prestations-de-services.png\" \/>\n\t<meta property=\"og:image:width\" content=\"511\" \/>\n\t<meta property=\"og:image:height\" content=\"457\" \/>\n\t<meta property=\"og:image:type\" content=\"image\/png\" \/>\n<meta name=\"twitter:card\" content=\"summary_large_image\" \/>\n<meta name=\"twitter:label1\" content=\"Dur\u00e9e de lecture estim\u00e9e\" \/>\n\t<meta name=\"twitter:data1\" content=\"1 minute\" \/>\n<script type=\"application\/ld+json\" class=\"yoast-schema-graph\">{\"@context\":\"https:\\\/\\\/schema.org\",\"@graph\":[{\"@type\":\"WebPage\",\"@id\":\"https:\\\/\\\/agrement-qualite.fr\\\/boutique\\\/produit\\\/document-a-lunite\\\/modele-payant-document-a-lunite\\\/contrat-de-prestation-de-services-sap\\\/\",\"url\":\"https:\\\/\\\/agrement-qualite.fr\\\/boutique\\\/produit\\\/document-a-lunite\\\/modele-payant-document-a-lunite\\\/contrat-de-prestation-de-services-sap\\\/\",\"name\":\"Contrat de prestation de services \u00e0 la personne SAP - Mode prestataire\",\"isPartOf\":{\"@id\":\"https:\\\/\\\/agrement-qualite.fr\\\/boutique\\\/#website\"},\"primaryImageOfPage\":{\"@id\":\"https:\\\/\\\/agrement-qualite.fr\\\/boutique\\\/produit\\\/document-a-lunite\\\/modele-payant-document-a-lunite\\\/contrat-de-prestation-de-services-sap\\\/#primaryimage\"},\"image\":{\"@id\":\"https:\\\/\\\/agrement-qualite.fr\\\/boutique\\\/produit\\\/document-a-lunite\\\/modele-payant-document-a-lunite\\\/contrat-de-prestation-de-services-sap\\\/#primaryimage\"},\"thumbnailUrl\":\"https:\\\/\\\/agrement-qualite.fr\\\/boutique\\\/wp-content\\\/uploads\\\/2012\\\/08\\\/Contrat-de-prestations-de-services.png\",\"datePublished\":\"2012-08-05T07:54:23+00:00\",\"dateModified\":\"2026-01-23T04:26:49+00:00\",\"description\":\"T\u00e9l\u00e9chargez notre mod\u00e8le de contrat de prestation de services \u00e0 la personne avec son bordereau de r\u00e9tractation conforme \u00e0 la r\u00e8glementation.\",\"breadcrumb\":{\"@id\":\"https:\\\/\\\/agrement-qualite.fr\\\/boutique\\\/produit\\\/document-a-lunite\\\/modele-payant-document-a-lunite\\\/contrat-de-prestation-de-services-sap\\\/#breadcrumb\"},\"inLanguage\":\"fr-FR\",\"potentialAction\":[{\"@type\":\"ReadAction\",\"target\":[\"https:\\\/\\\/agrement-qualite.fr\\\/boutique\\\/produit\\\/document-a-lunite\\\/modele-payant-document-a-lunite\\\/contrat-de-prestation-de-services-sap\\\/\"]}]},{\"@type\":\"ImageObject\",\"inLanguage\":\"fr-FR\",\"@id\":\"https:\\\/\\\/agrement-qualite.fr\\\/boutique\\\/produit\\\/document-a-lunite\\\/modele-payant-document-a-lunite\\\/contrat-de-prestation-de-services-sap\\\/#primaryimage\",\"url\":\"https:\\\/\\\/agrement-qualite.fr\\\/boutique\\\/wp-content\\\/uploads\\\/2012\\\/08\\\/Contrat-de-prestations-de-services.png\",\"contentUrl\":\"https:\\\/\\\/agrement-qualite.fr\\\/boutique\\\/wp-content\\\/uploads\\\/2012\\\/08\\\/Contrat-de-prestations-de-services.png\",\"width\":511,\"height\":457,\"caption\":\"Feuillets repr\u00e9sentant un contrat de prestation de services\"},{\"@type\":\"BreadcrumbList\",\"@id\":\"https:\\\/\\\/agrement-qualite.fr\\\/boutique\\\/produit\\\/document-a-lunite\\\/modele-payant-document-a-lunite\\\/contrat-de-prestation-de-services-sap\\\/#breadcrumb\",\"itemListElement\":[{\"@type\":\"ListItem\",\"position\":1,\"name\":\"Accueil\",\"item\":\"https:\\\/\\\/agrement-qualite.fr\\\/boutique\\\/\"},{\"@type\":\"ListItem\",\"position\":2,\"name\":\"Boutique\",\"item\":\"https:\\\/\\\/agrement-qualite.fr\\\/boutique\\\/boutique\\\/\"},{\"@type\":\"ListItem\",\"position\":3,\"name\":\"Contrat de prestation de services \u00e0 la personne SAP &#8211; Mode prestataire\"}]},{\"@type\":\"WebSite\",\"@id\":\"https:\\\/\\\/agrement-qualite.fr\\\/boutique\\\/#website\",\"url\":\"https:\\\/\\\/agrement-qualite.fr\\\/boutique\\\/\",\"name\":\"Agrement-Qualite.fr\",\"description\":\"Toute l&#039;aide pour votre agr\u00e9ment de services \u00e0 la personne\",\"publisher\":{\"@id\":\"https:\\\/\\\/agrement-qualite.fr\\\/boutique\\\/#organization\"},\"alternateName\":\"Agrement-Qualite.fr\",\"potentialAction\":[{\"@type\":\"SearchAction\",\"target\":{\"@type\":\"EntryPoint\",\"urlTemplate\":\"https:\\\/\\\/agrement-qualite.fr\\\/boutique\\\/?s={search_term_string}\"},\"query-input\":{\"@type\":\"PropertyValueSpecification\",\"valueRequired\":true,\"valueName\":\"search_term_string\"}}],\"inLanguage\":\"fr-FR\"},{\"@type\":\"Organization\",\"@id\":\"https:\\\/\\\/agrement-qualite.fr\\\/boutique\\\/#organization\",\"name\":\"Agrement-Qualite.fr\",\"alternateName\":\"Agrement-Qualite.fr\",\"url\":\"https:\\\/\\\/agrement-qualite.fr\\\/boutique\\\/\",\"logo\":{\"@type\":\"ImageObject\",\"inLanguage\":\"fr-FR\",\"@id\":\"https:\\\/\\\/agrement-qualite.fr\\\/boutique\\\/#\\\/schema\\\/logo\\\/image\\\/\",\"url\":\"https:\\\/\\\/agrement-qualite.fr\\\/boutique\\\/wp-content\\\/uploads\\\/2020\\\/07\\\/AGREMENT-QUALITE-1.png\",\"contentUrl\":\"https:\\\/\\\/agrement-qualite.fr\\\/boutique\\\/wp-content\\\/uploads\\\/2020\\\/07\\\/AGREMENT-QUALITE-1.png\",\"width\":201,\"height\":37,\"caption\":\"Agrement-Qualite.fr\"},\"image\":{\"@id\":\"https:\\\/\\\/agrement-qualite.fr\\\/boutique\\\/#\\\/schema\\\/logo\\\/image\\\/\"}}]}<\/script>\n<!-- \/ Yoast SEO plugin. -->","yoast_head_json":{"title":"Contrat de prestation de services \u00e0 la personne SAP - Mode prestataire","description":"T\u00e9l\u00e9chargez notre mod\u00e8le de contrat de prestation de services \u00e0 la personne avec son bordereau de r\u00e9tractation conforme \u00e0 la r\u00e8glementation.","robots":{"index":"index","follow":"follow","max-snippet":"max-snippet:-1","max-image-preview":"max-image-preview:large","max-video-preview":"max-video-preview:-1"},"canonical":"https:\/\/agrement-qualite.fr\/boutique\/produit\/document-a-lunite\/modele-payant-document-a-lunite\/contrat-de-prestation-de-services-sap\/","og_locale":"fr_FR","og_type":"article","og_title":"Contrat de prestation de services \u00e0 la personne SAP - Mode prestataire","og_description":"T\u00e9l\u00e9chargez notre mod\u00e8le de contrat de prestation de services \u00e0 la personne avec son bordereau de r\u00e9tractation conforme \u00e0 la r\u00e8glementation.","og_url":"https:\/\/agrement-qualite.fr\/boutique\/produit\/document-a-lunite\/modele-payant-document-a-lunite\/contrat-de-prestation-de-services-sap\/","og_site_name":"Agrement-Qualite.fr","article_modified_time":"2026-01-23T04:26:49+00:00","og_image":[{"width":511,"height":457,"url":"https:\/\/agrement-qualite.fr\/boutique\/wp-content\/uploads\/2012\/08\/Contrat-de-prestations-de-services.png","type":"image\/png"}],"twitter_card":"summary_large_image","twitter_misc":{"Dur\u00e9e de lecture estim\u00e9e":"1 minute"},"schema":{"@context":"https:\/\/schema.org","@graph":[{"@type":"WebPage","@id":"https:\/\/agrement-qualite.fr\/boutique\/produit\/document-a-lunite\/modele-payant-document-a-lunite\/contrat-de-prestation-de-services-sap\/","url":"https:\/\/agrement-qualite.fr\/boutique\/produit\/document-a-lunite\/modele-payant-document-a-lunite\/contrat-de-prestation-de-services-sap\/","name":"Contrat de prestation de services \u00e0 la personne SAP - Mode prestataire","isPartOf":{"@id":"https:\/\/agrement-qualite.fr\/boutique\/#website"},"primaryImageOfPage":{"@id":"https:\/\/agrement-qualite.fr\/boutique\/produit\/document-a-lunite\/modele-payant-document-a-lunite\/contrat-de-prestation-de-services-sap\/#primaryimage"},"image":{"@id":"https:\/\/agrement-qualite.fr\/boutique\/produit\/document-a-lunite\/modele-payant-document-a-lunite\/contrat-de-prestation-de-services-sap\/#primaryimage"},"thumbnailUrl":"https:\/\/agrement-qualite.fr\/boutique\/wp-content\/uploads\/2012\/08\/Contrat-de-prestations-de-services.png","datePublished":"2012-08-05T07:54:23+00:00","dateModified":"2026-01-23T04:26:49+00:00","description":"T\u00e9l\u00e9chargez notre mod\u00e8le de contrat de prestation de services \u00e0 la personne avec son bordereau de r\u00e9tractation conforme \u00e0 la r\u00e8glementation.","breadcrumb":{"@id":"https:\/\/agrement-qualite.fr\/boutique\/produit\/document-a-lunite\/modele-payant-document-a-lunite\/contrat-de-prestation-de-services-sap\/#breadcrumb"},"inLanguage":"fr-FR","potentialAction":[{"@type":"ReadAction","target":["https:\/\/agrement-qualite.fr\/boutique\/produit\/document-a-lunite\/modele-payant-document-a-lunite\/contrat-de-prestation-de-services-sap\/"]}]},{"@type":"ImageObject","inLanguage":"fr-FR","@id":"https:\/\/agrement-qualite.fr\/boutique\/produit\/document-a-lunite\/modele-payant-document-a-lunite\/contrat-de-prestation-de-services-sap\/#primaryimage","url":"https:\/\/agrement-qualite.fr\/boutique\/wp-content\/uploads\/2012\/08\/Contrat-de-prestations-de-services.png","contentUrl":"https:\/\/agrement-qualite.fr\/boutique\/wp-content\/uploads\/2012\/08\/Contrat-de-prestations-de-services.png","width":511,"height":457,"caption":"Feuillets repr\u00e9sentant un contrat de prestation de services"},{"@type":"BreadcrumbList","@id":"https:\/\/agrement-qualite.fr\/boutique\/produit\/document-a-lunite\/modele-payant-document-a-lunite\/contrat-de-prestation-de-services-sap\/#breadcrumb","itemListElement":[{"@type":"ListItem","position":1,"name":"Accueil","item":"https:\/\/agrement-qualite.fr\/boutique\/"},{"@type":"ListItem","position":2,"name":"Boutique","item":"https:\/\/agrement-qualite.fr\/boutique\/boutique\/"},{"@type":"ListItem","position":3,"name":"Contrat de prestation de services \u00e0 la personne SAP &#8211; Mode prestataire"}]},{"@type":"WebSite","@id":"https:\/\/agrement-qualite.fr\/boutique\/#website","url":"https:\/\/agrement-qualite.fr\/boutique\/","name":"Agrement-Qualite.fr","description":"Toute l&#039;aide pour votre agr\u00e9ment de services \u00e0 la personne","publisher":{"@id":"https:\/\/agrement-qualite.fr\/boutique\/#organization"},"alternateName":"Agrement-Qualite.fr","potentialAction":[{"@type":"SearchAction","target":{"@type":"EntryPoint","urlTemplate":"https:\/\/agrement-qualite.fr\/boutique\/?s={search_term_string}"},"query-input":{"@type":"PropertyValueSpecification","valueRequired":true,"valueName":"search_term_string"}}],"inLanguage":"fr-FR"},{"@type":"Organization","@id":"https:\/\/agrement-qualite.fr\/boutique\/#organization","name":"Agrement-Qualite.fr","alternateName":"Agrement-Qualite.fr","url":"https:\/\/agrement-qualite.fr\/boutique\/","logo":{"@type":"ImageObject","inLanguage":"fr-FR","@id":"https:\/\/agrement-qualite.fr\/boutique\/#\/schema\/logo\/image\/","url":"https:\/\/agrement-qualite.fr\/boutique\/wp-content\/uploads\/2020\/07\/AGREMENT-QUALITE-1.png","contentUrl":"https:\/\/agrement-qualite.fr\/boutique\/wp-content\/uploads\/2020\/07\/AGREMENT-QUALITE-1.png","width":201,"height":37,"caption":"Agrement-Qualite.fr"},"image":{"@id":"https:\/\/agrement-qualite.fr\/boutique\/#\/schema\/logo\/image\/"}}]}},"_links":{"self":[{"href":"https:\/\/agrement-qualite.fr\/boutique\/wp-json\/wp\/v2\/product\/79","targetHints":{"allow":["GET"]}}],"collection":[{"href":"https:\/\/agrement-qualite.fr\/boutique\/wp-json\/wp\/v2\/product"}],"about":[{"href":"https:\/\/agrement-qualite.fr\/boutique\/wp-json\/wp\/v2\/types\/product"}],"replies":[{"embeddable":true,"href":"https:\/\/agrement-qualite.fr\/boutique\/wp-json\/wp\/v2\/comments?post=79"}],"wp:featuredmedia":[{"embeddable":true,"href":"https:\/\/agrement-qualite.fr\/boutique\/wp-json\/wp\/v2\/media\/1226"}],"wp:attachment":[{"href":"https:\/\/agrement-qualite.fr\/boutique\/wp-json\/wp\/v2\/media?parent=79"}],"wp:term":[{"taxonomy":"product_brand","embeddable":true,"href":"https:\/\/agrement-qualite.fr\/boutique\/wp-json\/wp\/v2\/product_brand?post=79"},{"taxonomy":"product_cat","embeddable":true,"href":"https:\/\/agrement-qualite.fr\/boutique\/wp-json\/wp\/v2\/product_cat?post=79"},{"taxonomy":"product_tag","embeddable":true,"href":"https:\/\/agrement-qualite.fr\/boutique\/wp-json\/wp\/v2\/product_tag?post=79"}],"curies":[{"name":"wp","href":"https:\/\/api.w.org\/{rel}","templated":true}]}}