{"id":844,"date":"2013-04-19T21:02:57","date_gmt":"2013-04-19T19:02:57","guid":{"rendered":"http:\/\/agrement-qualite.fr\/boutique\/?post_type=product&#038;p=844"},"modified":"2023-04-30T16:24:39","modified_gmt":"2023-04-30T14:24:39","slug":"telechargez-gratuitement-le-guide-de-lagrement-qualite","status":"publish","type":"product","link":"https:\/\/agrement-qualite.fr\/boutique\/produit\/document-a-lunite\/modele-gratuit\/telechargez-gratuitement-le-guide-de-lagrement-qualite\/","title":{"rendered":"Guide de l&rsquo;agr\u00e9ment qualit\u00e9 &#8211; Edition 2020"},"content":{"rendered":"<p style=\"text-align: justify;\"><strong>T\u00e9l\u00e9chargez <span style=\"color: #ff6600;\">Gratuitement<\/span> le \u00ab\u00a0Guide de l&rsquo;agr\u00e9ment qualit\u00e9\u00a0\u00bb \u00e9dition 2020.<\/strong><\/p>\n<p style=\"text-align: justify;\">Le <a href=\"https:\/\/agrement-qualite.fr\/boutique\/produit\/document-a-lunite\/modele-gratuit\/telechargez-gratuitement-le-guide-de-lagrement-qualite\/\"><strong>\u00ab\u00a0Guide de l&rsquo;Agr\u00e9ment Qualit\u00e9\u00a0\u00bb <\/strong><\/a><strong>\u00e9dition 2020<\/strong> vous permettra de tout conna\u00eetre sur la r\u00e9glementation de l&rsquo;agr\u00e9ment des services \u00e0 la personne (SAP).<\/p>\n<p style=\"text-align: justify;\"><span style=\"text-decoration: underline;\"><strong>Au sommaire :<\/strong><\/span><\/p>\n<ul>\n<li style=\"text-align: justify;\"><strong>Introduction :<\/strong> En bref, chiffres cl\u00e9s des Services A la Personne (SAP).<\/li>\n<li><strong>D\u00e9finition de la profession :<\/strong> Classifications, historique, les 26 activit\u00e9s des services \u00e0 la personne (SAP), la d\u00e9claration SAP, l&rsquo;Agr\u00e9ment Qualit\u00e9 et l&rsquo;Autorisation des Services d&rsquo;Aide et d&rsquo;Accompagnement \u00e0 domicile (SAAD), les aptitudes requises.<\/li>\n<li><strong>R\u00e8gles de la profession :<\/strong> Contexte g\u00e9n\u00e9ral, le recours aux services \u00e0 la personne (SAP), les accr\u00e9ditations, le Cesu (Ch\u00e8que Emploi Service Universel), les conditions d&rsquo;installation, la qualification des personnels, les acteurs de la politique publique, les donn\u00e9es priv\u00e9es, statut, les organismes sociaux, la structure juridique, la fiscalit\u00e9 &#8211; TVA, La Qualit\u00e9 des Services A la Personne (SAP), r\u00e9f\u00e9rences juridiques.<\/li>\n<li><strong>La D\u00e9claration de Services \u00e0 la Personne (SAP) :<\/strong> Quelles sont les activit\u00e9s concern\u00e9es par la d\u00e9claration SAP ? Quelles sont les conditions ? Quels sont les avantages d&rsquo;\u00eatre d\u00e9clar\u00e9 SAP ? Quelle est la proc\u00e9dure de d\u00e9claration SAP ? Contr\u00f4le et retrait de la d\u00e9claration SAP.<\/li>\n<li><strong>L&rsquo;Agr\u00e9ment Qualit\u00e9 :<\/strong> Quelles sont les activit\u00e9s concern\u00e9es par l&rsquo;agr\u00e9ment qualit\u00e9 ? Quelles sont les conditions de d\u00e9livrance de l&rsquo;agr\u00e9ment qualit\u00e9 ? Le cahier des charges de l&rsquo;agr\u00e9ment qualit\u00e9. Proc\u00e9dure de demande de l&rsquo;agr\u00e9ment qualit\u00e9. Quels sont les documents \u00e0 joindre \u00e0 la demande d&rsquo;agr\u00e9ment qualit\u00e9 ? Le renouvellement de l&rsquo;agr\u00e9ment qualit\u00e9. Le retrait de l&rsquo;agr\u00e9ment qualit\u00e9.<\/li>\n<li><strong>L&rsquo;Autorisation des Services d&rsquo;Aide et d&rsquo;Accompagnement \u00e0 Domicile (SAAD) :<\/strong> Quelles sont les activit\u00e9s concern\u00e9es par l&rsquo;autorisation SAAD ? Quelles sont les conditions de d\u00e9livrance de l&rsquo;autorisation des Services d&rsquo;Aide et d&rsquo;Accompagnement \u00e0 Domicile (SAAD) ? Quelle est la proc\u00e9dure pour demander l&rsquo;autorisation SAAD ?<\/li>\n<li><strong>Conclusion.<\/strong><\/li>\n<\/ul>\n<p style=\"text-align: justify;\"><strong>Document t\u00e9l\u00e9chargeable au format Acrobat Reader (.pdf).<\/strong><\/p>\n<p style=\"text-align: justify;\"><strong>Guide de 29 pages.<\/strong><\/p>\n<p style=\"text-align: center;\"><span style=\"color: #ff0000;\"><strong>&gt;&gt; T\u00e9l\u00e9chargement imm\u00e9diat ! &lt;&lt;<\/strong><\/span><\/p>\n<hr \/>\n<pre><strong>Mise \u00e0 jour : Juillet 2020.<\/strong><\/pre>\n","protected":false},"excerpt":{"rendered":"<p style=\"text-align: justify;\">T\u00e9l\u00e9chargez <span style=\"text-decoration: underline;\">gratuitement<\/span> le <strong>Guide de l&rsquo;agr\u00e9ment qualit\u00e9<\/strong> pour tout conna\u00eetre sur l&rsquo;agr\u00e9ment de services \u00e0 la personne (SAP).<\/p>\n<p style=\"text-align: justify;\">Ce guide vous permettra de conna\u00eetre les exigences r\u00e9glementaires pour obtenir votre agr\u00e9ment qualit\u00e9.<\/p>\n<p style=\"text-align: justify;\"><strong><span style=\"color: #ff6600;\">Guide t\u00e9l\u00e9chargeable au format .pdf (Acrobat Reader).<\/span><\/strong><\/p>\n<p style=\"text-align: justify;\"><strong><span style=\"color: #ff6600;\">29 Pages.<\/span><\/strong><\/p>\n<p style=\"text-align: center;\"><span style=\"color: #ff0000;\"><strong>&gt;&gt; T\u00e9l\u00e9chargement imm\u00e9diat ! &lt;&lt;<\/strong><\/span><\/p>\n<hr \/>\n<pre><strong>Mise \u00e0 jour : Juillet 2020.<\/strong><\/pre>\n","protected":false},"featured_media":11463,"comment_status":"open","ping_status":"closed","template":"","meta":[],"product_brand":[],"product_cat":[14,72,78],"product_tag":[21,20,126,151,50,152,155,153,81,80,156,157,28,79,154,135,136],"class_list":{"0":"post-844","1":"product","2":"type-product","3":"status-publish","4":"has-post-thumbnail","6":"product_cat-agrement-qualite","7":"product_cat-modele-gratuit","8":"product_cat-publications","9":"product_tag-agrement","10":"product_tag-agrement-qualite-2","11":"product_tag-agrement-sap","12":"product_tag-agrement-services-a-la-personne","13":"product_tag-aide-demande-dagrement","14":"product_tag-autorisation","15":"product_tag-autorisation-conseil-departemental","16":"product_tag-autorisation-saad","17":"product_tag-ca-sap-editions","18":"product_tag-cahier-des-charges-agrement-services-a-la-personne","19":"product_tag-declaration-sap","20":"product_tag-declaration-services-a-la-personne","21":"product_tag-dossier-agrement","22":"product_tag-guide-de-lagrement-qualite","23":"product_tag-saad","24":"product_tag-services-a-la-personne","25":"product_tag-telechargement","28":"first","29":"instock","30":"featured","31":"downloadable","32":"virtual","33":"purchasable","34":"product-type-simple"},"yoast_head":"<!-- This site is optimized with the Yoast SEO plugin v27.3 - https:\/\/yoast.com\/product\/yoast-seo-wordpress\/ -->\n<title>Guide de l&#039;agr\u00e9ment qualit\u00e9 - Edition 2020 - Agrement-Qualite.fr<\/title>\n<meta name=\"description\" content=\"T\u00e9l\u00e9chargez gratuitement le Guide de l&#039;agr\u00e9ment qualit\u00e9 - \u00e9dition 2020. Il vous donnera toutes les informations et outils utiles pour obtenir votre agr\u00e9ment\" \/>\n<meta name=\"robots\" content=\"index, follow, max-snippet:-1, max-image-preview:large, max-video-preview:-1\" \/>\n<link rel=\"canonical\" href=\"https:\/\/agrement-qualite.fr\/boutique\/produit\/document-a-lunite\/modele-gratuit\/telechargez-gratuitement-le-guide-de-lagrement-qualite\/\" \/>\n<meta property=\"og:locale\" content=\"fr_FR\" \/>\n<meta property=\"og:type\" content=\"article\" \/>\n<meta property=\"og:title\" content=\"Guide de l&#039;agr\u00e9ment qualit\u00e9 - Edition 2020 - Agrement-Qualite.fr\" \/>\n<meta property=\"og:description\" content=\"T\u00e9l\u00e9chargez gratuitement le Guide de l&#039;agr\u00e9ment qualit\u00e9 - \u00e9dition 2020. Il vous donnera toutes les informations et outils utiles pour obtenir votre agr\u00e9ment\" \/>\n<meta property=\"og:url\" content=\"https:\/\/agrement-qualite.fr\/boutique\/produit\/document-a-lunite\/modele-gratuit\/telechargez-gratuitement-le-guide-de-lagrement-qualite\/\" \/>\n<meta property=\"og:site_name\" content=\"Agrement-Qualite.fr\" \/>\n<meta property=\"article:modified_time\" content=\"2023-04-30T14:24:39+00:00\" \/>\n<meta property=\"og:image\" content=\"https:\/\/agrement-qualite.fr\/boutique\/wp-content\/uploads\/2020\/07\/guide-de-l-agrement-qualite-2019.png\" \/>\n\t<meta property=\"og:image:width\" content=\"511\" \/>\n\t<meta property=\"og:image:height\" content=\"457\" \/>\n\t<meta property=\"og:image:type\" content=\"image\/png\" \/>\n<meta name=\"twitter:card\" content=\"summary_large_image\" \/>\n<meta name=\"twitter:label1\" content=\"Dur\u00e9e de lecture estim\u00e9e\" \/>\n\t<meta name=\"twitter:data1\" content=\"2 minutes\" \/>\n<script type=\"application\/ld+json\" class=\"yoast-schema-graph\">{\"@context\":\"https:\\\/\\\/schema.org\",\"@graph\":[{\"@type\":\"WebPage\",\"@id\":\"https:\\\/\\\/agrement-qualite.fr\\\/boutique\\\/produit\\\/document-a-lunite\\\/modele-gratuit\\\/telechargez-gratuitement-le-guide-de-lagrement-qualite\\\/\",\"url\":\"https:\\\/\\\/agrement-qualite.fr\\\/boutique\\\/produit\\\/document-a-lunite\\\/modele-gratuit\\\/telechargez-gratuitement-le-guide-de-lagrement-qualite\\\/\",\"name\":\"Guide de l'agr\u00e9ment qualit\u00e9 - Edition 2020 - Agrement-Qualite.fr\",\"isPartOf\":{\"@id\":\"https:\\\/\\\/agrement-qualite.fr\\\/boutique\\\/#website\"},\"primaryImageOfPage\":{\"@id\":\"https:\\\/\\\/agrement-qualite.fr\\\/boutique\\\/produit\\\/document-a-lunite\\\/modele-gratuit\\\/telechargez-gratuitement-le-guide-de-lagrement-qualite\\\/#primaryimage\"},\"image\":{\"@id\":\"https:\\\/\\\/agrement-qualite.fr\\\/boutique\\\/produit\\\/document-a-lunite\\\/modele-gratuit\\\/telechargez-gratuitement-le-guide-de-lagrement-qualite\\\/#primaryimage\"},\"thumbnailUrl\":\"https:\\\/\\\/agrement-qualite.fr\\\/boutique\\\/wp-content\\\/uploads\\\/2020\\\/07\\\/guide-de-l-agrement-qualite-2019.png\",\"datePublished\":\"2013-04-19T19:02:57+00:00\",\"dateModified\":\"2023-04-30T14:24:39+00:00\",\"description\":\"T\u00e9l\u00e9chargez gratuitement le Guide de l'agr\u00e9ment qualit\u00e9 - \u00e9dition 2020. Il vous donnera toutes les informations et outils utiles pour obtenir votre agr\u00e9ment\",\"breadcrumb\":{\"@id\":\"https:\\\/\\\/agrement-qualite.fr\\\/boutique\\\/produit\\\/document-a-lunite\\\/modele-gratuit\\\/telechargez-gratuitement-le-guide-de-lagrement-qualite\\\/#breadcrumb\"},\"inLanguage\":\"fr-FR\",\"potentialAction\":[{\"@type\":\"ReadAction\",\"target\":[\"https:\\\/\\\/agrement-qualite.fr\\\/boutique\\\/produit\\\/document-a-lunite\\\/modele-gratuit\\\/telechargez-gratuitement-le-guide-de-lagrement-qualite\\\/\"]}]},{\"@type\":\"ImageObject\",\"inLanguage\":\"fr-FR\",\"@id\":\"https:\\\/\\\/agrement-qualite.fr\\\/boutique\\\/produit\\\/document-a-lunite\\\/modele-gratuit\\\/telechargez-gratuitement-le-guide-de-lagrement-qualite\\\/#primaryimage\",\"url\":\"https:\\\/\\\/agrement-qualite.fr\\\/boutique\\\/wp-content\\\/uploads\\\/2020\\\/07\\\/guide-de-l-agrement-qualite-2019.png\",\"contentUrl\":\"https:\\\/\\\/agrement-qualite.fr\\\/boutique\\\/wp-content\\\/uploads\\\/2020\\\/07\\\/guide-de-l-agrement-qualite-2019.png\",\"width\":511,\"height\":457},{\"@type\":\"BreadcrumbList\",\"@id\":\"https:\\\/\\\/agrement-qualite.fr\\\/boutique\\\/produit\\\/document-a-lunite\\\/modele-gratuit\\\/telechargez-gratuitement-le-guide-de-lagrement-qualite\\\/#breadcrumb\",\"itemListElement\":[{\"@type\":\"ListItem\",\"position\":1,\"name\":\"Accueil\",\"item\":\"https:\\\/\\\/agrement-qualite.fr\\\/boutique\\\/\"},{\"@type\":\"ListItem\",\"position\":2,\"name\":\"Boutique\",\"item\":\"https:\\\/\\\/agrement-qualite.fr\\\/boutique\\\/boutique\\\/\"},{\"@type\":\"ListItem\",\"position\":3,\"name\":\"Guide de l&rsquo;agr\u00e9ment qualit\u00e9 &#8211; Edition 2020\"}]},{\"@type\":\"WebSite\",\"@id\":\"https:\\\/\\\/agrement-qualite.fr\\\/boutique\\\/#website\",\"url\":\"https:\\\/\\\/agrement-qualite.fr\\\/boutique\\\/\",\"name\":\"Agrement-Qualite.fr\",\"description\":\"Toute l&#039;aide pour votre agr\u00e9ment de services \u00e0 la personne\",\"publisher\":{\"@id\":\"https:\\\/\\\/agrement-qualite.fr\\\/boutique\\\/#organization\"},\"alternateName\":\"Agrement-Qualite.fr\",\"potentialAction\":[{\"@type\":\"SearchAction\",\"target\":{\"@type\":\"EntryPoint\",\"urlTemplate\":\"https:\\\/\\\/agrement-qualite.fr\\\/boutique\\\/?s={search_term_string}\"},\"query-input\":{\"@type\":\"PropertyValueSpecification\",\"valueRequired\":true,\"valueName\":\"search_term_string\"}}],\"inLanguage\":\"fr-FR\"},{\"@type\":\"Organization\",\"@id\":\"https:\\\/\\\/agrement-qualite.fr\\\/boutique\\\/#organization\",\"name\":\"Agrement-Qualite.fr\",\"alternateName\":\"Agrement-Qualite.fr\",\"url\":\"https:\\\/\\\/agrement-qualite.fr\\\/boutique\\\/\",\"logo\":{\"@type\":\"ImageObject\",\"inLanguage\":\"fr-FR\",\"@id\":\"https:\\\/\\\/agrement-qualite.fr\\\/boutique\\\/#\\\/schema\\\/logo\\\/image\\\/\",\"url\":\"https:\\\/\\\/agrement-qualite.fr\\\/boutique\\\/wp-content\\\/uploads\\\/2020\\\/07\\\/AGREMENT-QUALITE-1.png\",\"contentUrl\":\"https:\\\/\\\/agrement-qualite.fr\\\/boutique\\\/wp-content\\\/uploads\\\/2020\\\/07\\\/AGREMENT-QUALITE-1.png\",\"width\":201,\"height\":37,\"caption\":\"Agrement-Qualite.fr\"},\"image\":{\"@id\":\"https:\\\/\\\/agrement-qualite.fr\\\/boutique\\\/#\\\/schema\\\/logo\\\/image\\\/\"}}]}<\/script>\n<!-- \/ Yoast SEO plugin. -->","yoast_head_json":{"title":"Guide de l'agr\u00e9ment qualit\u00e9 - Edition 2020 - Agrement-Qualite.fr","description":"T\u00e9l\u00e9chargez gratuitement le Guide de l'agr\u00e9ment qualit\u00e9 - \u00e9dition 2020. Il vous donnera toutes les informations et outils utiles pour obtenir votre agr\u00e9ment","robots":{"index":"index","follow":"follow","max-snippet":"max-snippet:-1","max-image-preview":"max-image-preview:large","max-video-preview":"max-video-preview:-1"},"canonical":"https:\/\/agrement-qualite.fr\/boutique\/produit\/document-a-lunite\/modele-gratuit\/telechargez-gratuitement-le-guide-de-lagrement-qualite\/","og_locale":"fr_FR","og_type":"article","og_title":"Guide de l'agr\u00e9ment qualit\u00e9 - Edition 2020 - Agrement-Qualite.fr","og_description":"T\u00e9l\u00e9chargez gratuitement le Guide de l'agr\u00e9ment qualit\u00e9 - \u00e9dition 2020. Il vous donnera toutes les informations et outils utiles pour obtenir votre agr\u00e9ment","og_url":"https:\/\/agrement-qualite.fr\/boutique\/produit\/document-a-lunite\/modele-gratuit\/telechargez-gratuitement-le-guide-de-lagrement-qualite\/","og_site_name":"Agrement-Qualite.fr","article_modified_time":"2023-04-30T14:24:39+00:00","og_image":[{"width":511,"height":457,"url":"https:\/\/agrement-qualite.fr\/boutique\/wp-content\/uploads\/2020\/07\/guide-de-l-agrement-qualite-2019.png","type":"image\/png"}],"twitter_card":"summary_large_image","twitter_misc":{"Dur\u00e9e de lecture estim\u00e9e":"2 minutes"},"schema":{"@context":"https:\/\/schema.org","@graph":[{"@type":"WebPage","@id":"https:\/\/agrement-qualite.fr\/boutique\/produit\/document-a-lunite\/modele-gratuit\/telechargez-gratuitement-le-guide-de-lagrement-qualite\/","url":"https:\/\/agrement-qualite.fr\/boutique\/produit\/document-a-lunite\/modele-gratuit\/telechargez-gratuitement-le-guide-de-lagrement-qualite\/","name":"Guide de l'agr\u00e9ment qualit\u00e9 - Edition 2020 - Agrement-Qualite.fr","isPartOf":{"@id":"https:\/\/agrement-qualite.fr\/boutique\/#website"},"primaryImageOfPage":{"@id":"https:\/\/agrement-qualite.fr\/boutique\/produit\/document-a-lunite\/modele-gratuit\/telechargez-gratuitement-le-guide-de-lagrement-qualite\/#primaryimage"},"image":{"@id":"https:\/\/agrement-qualite.fr\/boutique\/produit\/document-a-lunite\/modele-gratuit\/telechargez-gratuitement-le-guide-de-lagrement-qualite\/#primaryimage"},"thumbnailUrl":"https:\/\/agrement-qualite.fr\/boutique\/wp-content\/uploads\/2020\/07\/guide-de-l-agrement-qualite-2019.png","datePublished":"2013-04-19T19:02:57+00:00","dateModified":"2023-04-30T14:24:39+00:00","description":"T\u00e9l\u00e9chargez gratuitement le Guide de l'agr\u00e9ment qualit\u00e9 - \u00e9dition 2020. Il vous donnera toutes les informations et outils utiles pour obtenir votre agr\u00e9ment","breadcrumb":{"@id":"https:\/\/agrement-qualite.fr\/boutique\/produit\/document-a-lunite\/modele-gratuit\/telechargez-gratuitement-le-guide-de-lagrement-qualite\/#breadcrumb"},"inLanguage":"fr-FR","potentialAction":[{"@type":"ReadAction","target":["https:\/\/agrement-qualite.fr\/boutique\/produit\/document-a-lunite\/modele-gratuit\/telechargez-gratuitement-le-guide-de-lagrement-qualite\/"]}]},{"@type":"ImageObject","inLanguage":"fr-FR","@id":"https:\/\/agrement-qualite.fr\/boutique\/produit\/document-a-lunite\/modele-gratuit\/telechargez-gratuitement-le-guide-de-lagrement-qualite\/#primaryimage","url":"https:\/\/agrement-qualite.fr\/boutique\/wp-content\/uploads\/2020\/07\/guide-de-l-agrement-qualite-2019.png","contentUrl":"https:\/\/agrement-qualite.fr\/boutique\/wp-content\/uploads\/2020\/07\/guide-de-l-agrement-qualite-2019.png","width":511,"height":457},{"@type":"BreadcrumbList","@id":"https:\/\/agrement-qualite.fr\/boutique\/produit\/document-a-lunite\/modele-gratuit\/telechargez-gratuitement-le-guide-de-lagrement-qualite\/#breadcrumb","itemListElement":[{"@type":"ListItem","position":1,"name":"Accueil","item":"https:\/\/agrement-qualite.fr\/boutique\/"},{"@type":"ListItem","position":2,"name":"Boutique","item":"https:\/\/agrement-qualite.fr\/boutique\/boutique\/"},{"@type":"ListItem","position":3,"name":"Guide de l&rsquo;agr\u00e9ment qualit\u00e9 &#8211; Edition 2020"}]},{"@type":"WebSite","@id":"https:\/\/agrement-qualite.fr\/boutique\/#website","url":"https:\/\/agrement-qualite.fr\/boutique\/","name":"Agrement-Qualite.fr","description":"Toute l&#039;aide pour votre agr\u00e9ment de services \u00e0 la personne","publisher":{"@id":"https:\/\/agrement-qualite.fr\/boutique\/#organization"},"alternateName":"Agrement-Qualite.fr","potentialAction":[{"@type":"SearchAction","target":{"@type":"EntryPoint","urlTemplate":"https:\/\/agrement-qualite.fr\/boutique\/?s={search_term_string}"},"query-input":{"@type":"PropertyValueSpecification","valueRequired":true,"valueName":"search_term_string"}}],"inLanguage":"fr-FR"},{"@type":"Organization","@id":"https:\/\/agrement-qualite.fr\/boutique\/#organization","name":"Agrement-Qualite.fr","alternateName":"Agrement-Qualite.fr","url":"https:\/\/agrement-qualite.fr\/boutique\/","logo":{"@type":"ImageObject","inLanguage":"fr-FR","@id":"https:\/\/agrement-qualite.fr\/boutique\/#\/schema\/logo\/image\/","url":"https:\/\/agrement-qualite.fr\/boutique\/wp-content\/uploads\/2020\/07\/AGREMENT-QUALITE-1.png","contentUrl":"https:\/\/agrement-qualite.fr\/boutique\/wp-content\/uploads\/2020\/07\/AGREMENT-QUALITE-1.png","width":201,"height":37,"caption":"Agrement-Qualite.fr"},"image":{"@id":"https:\/\/agrement-qualite.fr\/boutique\/#\/schema\/logo\/image\/"}}]}},"_links":{"self":[{"href":"https:\/\/agrement-qualite.fr\/boutique\/wp-json\/wp\/v2\/product\/844","targetHints":{"allow":["GET"]}}],"collection":[{"href":"https:\/\/agrement-qualite.fr\/boutique\/wp-json\/wp\/v2\/product"}],"about":[{"href":"https:\/\/agrement-qualite.fr\/boutique\/wp-json\/wp\/v2\/types\/product"}],"replies":[{"embeddable":true,"href":"https:\/\/agrement-qualite.fr\/boutique\/wp-json\/wp\/v2\/comments?post=844"}],"wp:featuredmedia":[{"embeddable":true,"href":"https:\/\/agrement-qualite.fr\/boutique\/wp-json\/wp\/v2\/media\/11463"}],"wp:attachment":[{"href":"https:\/\/agrement-qualite.fr\/boutique\/wp-json\/wp\/v2\/media?parent=844"}],"wp:term":[{"taxonomy":"product_brand","embeddable":true,"href":"https:\/\/agrement-qualite.fr\/boutique\/wp-json\/wp\/v2\/product_brand?post=844"},{"taxonomy":"product_cat","embeddable":true,"href":"https:\/\/agrement-qualite.fr\/boutique\/wp-json\/wp\/v2\/product_cat?post=844"},{"taxonomy":"product_tag","embeddable":true,"href":"https:\/\/agrement-qualite.fr\/boutique\/wp-json\/wp\/v2\/product_tag?post=844"}],"curies":[{"name":"wp","href":"https:\/\/api.w.org\/{rel}","templated":true}]}}