{"id":86,"date":"2012-08-05T10:09:14","date_gmt":"2012-08-05T08:09:14","guid":{"rendered":"http:\/\/agrement-qualite.fr\/boutique\/?post_type=product&#038;p=86"},"modified":"2022-07-13T17:44:18","modified_gmt":"2022-07-13T15:44:18","slug":"grille-devaluation-des-besoins","status":"publish","type":"product","link":"https:\/\/agrement-qualite.fr\/boutique\/produit\/document-a-lunite\/modele-payant-document-a-lunite\/grille-devaluation-des-besoins\/","title":{"rendered":"Grille d&rsquo;\u00e9valuation des besoins de la personne d\u00e9pendante"},"content":{"rendered":"<p style=\"text-align: center;\"><span style=\"color: #ff0000;\"><strong>&gt;&gt; T\u00e9l\u00e9chargement imm\u00e9diat ! &lt;&lt;<\/strong><\/span><\/p>\n<p style=\"text-align: justify;\"><strong>Gagnez du temps en t\u00e9l\u00e9chargeant notre mod\u00e8le de grille d&rsquo;\u00e9valuation des besoins de la personne \u00e2g\u00e9e \/ d\u00e9pendante !<\/strong><\/p>\n<p style=\"text-align: justify;\">Ce mod\u00e8le est adapt\u00e9 au service \u00e0 la personne et convient parfaitement pour votre dossier de demande d&rsquo;agr\u00e9ment qualit\u00e9 (pour les interventions aupr\u00e8s de personnes \u00e2g\u00e9es.).<\/p>\n<p style=\"text-align: justify;\">Il permet d&rsquo;\u00e9valuer les besoins de la personne \u00e2g\u00e9e \u00e0 domicile. Permet de d\u00e9finir les modalit\u00e9s d&rsquo;intervention.<\/p>\n<p style=\"text-align: justify;\">R\u00e9pond aux exigences de l&rsquo;agr\u00e9ment qualit\u00e9.<\/p>\n<hr \/>\n<p style=\"text-align: justify;\"><strong><a>Mod\u00e8le personnalisable &#8211; Word \/ Writer &#8211;\u00a0\u00a0<em>(.doc\/.docx)<\/em>\u00a0<\/a><\/strong><\/p>\n<p style=\"text-align: justify;\"><strong><a>Document de 3 pages. <\/a><\/strong><\/p>\n<p style=\"text-align: justify;\"><strong><a>Livr\u00e9 avec une notice d&rsquo;utilisation <em>(.pdf).<\/em><\/a><\/strong><\/p>\n<p style=\"text-align: center;\"><strong><span style=\"color: #ff0000;\">&gt;&gt; T\u00e9l\u00e9chargement imm\u00e9diat apr\u00e8s paiement ! &lt;&lt;<br \/>\n<\/span><\/strong><\/p>\n","protected":false},"excerpt":{"rendered":"<p>Ce mod\u00e8le de <strong>grille d&rsquo;\u00e9valuation des besoins de la personne d\u00e9pendante \u00e0 domicile<\/strong>, est adapt\u00e9 au service \u00e0 la personne et convient parfaitement pour votre dossier de demande d&rsquo;agr\u00e9ment qualit\u00e9 (pour les interventions aupr\u00e8s de personnes \u00e2g\u00e9es.).<\/p>\n<p style=\"text-align: center;\"><span style=\"color: #ff0000;\"><strong>&gt;&gt; T\u00e9l\u00e9chargement imm\u00e9diat ! &lt;&lt;<\/strong><\/span><\/p>\n<hr \/>\n<pre><strong>Mise \u00e0 jour : Juillet 2022.<\/strong><\/pre>\n","protected":false},"featured_media":1232,"comment_status":"open","ping_status":"closed","template":"","meta":[],"product_brand":[],"product_cat":[14,71,74],"product_tag":[21,20,75,23,134,100,24,18,135],"class_list":{"0":"post-86","1":"product","2":"type-product","3":"status-publish","4":"has-post-thumbnail","6":"product_cat-agrement-qualite","7":"product_cat-document-a-lunite","8":"product_cat-modele-payant-document-a-lunite","9":"product_tag-agrement","10":"product_tag-agrement-qualite-2","11":"product_tag-allopass","12":"product_tag-grille-devaluation-des-besoins","13":"product_tag-grille-devaluation-des-besoins-aide-a-domicile","14":"product_tag-grille-devaluation-des-soins-de-la-personne-dependante-a-domicile","15":"product_tag-personnes-agees","16":"product_tag-prestataire","17":"product_tag-services-a-la-personne","20":"first","21":"instock","22":"downloadable","23":"virtual","24":"purchasable","25":"product-type-simple"},"yoast_head":"<!-- This site is optimized with the Yoast SEO plugin v27.3 - https:\/\/yoast.com\/product\/yoast-seo-wordpress\/ -->\n<title>Grille d&#039;\u00e9valuation des besoins de la personne d\u00e9pendante<\/title>\n<meta name=\"description\" content=\"T\u00e9l\u00e9chargez notre mod\u00e8le de grille d&#039;\u00e9valuation des besoins de la personne d\u00e9pendante. Adapt\u00e9e pour les services \u00e0 domicile.\" \/>\n<meta name=\"robots\" content=\"index, follow, max-snippet:-1, max-image-preview:large, max-video-preview:-1\" \/>\n<link rel=\"canonical\" href=\"https:\/\/agrement-qualite.fr\/boutique\/produit\/document-a-lunite\/modele-payant-document-a-lunite\/grille-devaluation-des-besoins\/\" \/>\n<meta property=\"og:locale\" content=\"fr_FR\" \/>\n<meta property=\"og:type\" content=\"article\" \/>\n<meta property=\"og:title\" content=\"Grille d&#039;\u00e9valuation des besoins de la personne d\u00e9pendante\" \/>\n<meta property=\"og:description\" content=\"T\u00e9l\u00e9chargez notre mod\u00e8le de grille d&#039;\u00e9valuation des besoins de la personne d\u00e9pendante. Adapt\u00e9e pour les services \u00e0 domicile.\" \/>\n<meta property=\"og:url\" content=\"https:\/\/agrement-qualite.fr\/boutique\/produit\/document-a-lunite\/modele-payant-document-a-lunite\/grille-devaluation-des-besoins\/\" \/>\n<meta property=\"og:site_name\" content=\"Agrement-Qualite.fr\" \/>\n<meta property=\"article:modified_time\" content=\"2022-07-13T15:44:18+00:00\" \/>\n<meta property=\"og:image\" content=\"https:\/\/agrement-qualite.fr\/boutique\/wp-content\/uploads\/2012\/08\/Grille-Evaluation-des-besoins-de-la-personne-d\u00e9pendante.png\" \/>\n\t<meta property=\"og:image:width\" content=\"511\" \/>\n\t<meta property=\"og:image:height\" content=\"457\" \/>\n\t<meta property=\"og:image:type\" content=\"image\/png\" \/>\n<meta name=\"twitter:card\" content=\"summary_large_image\" \/>\n<meta name=\"twitter:label1\" content=\"Dur\u00e9e de lecture estim\u00e9e\" \/>\n\t<meta name=\"twitter:data1\" content=\"1 minute\" \/>\n<script type=\"application\/ld+json\" class=\"yoast-schema-graph\">{\"@context\":\"https:\\\/\\\/schema.org\",\"@graph\":[{\"@type\":\"WebPage\",\"@id\":\"https:\\\/\\\/agrement-qualite.fr\\\/boutique\\\/produit\\\/document-a-lunite\\\/modele-payant-document-a-lunite\\\/grille-devaluation-des-besoins\\\/\",\"url\":\"https:\\\/\\\/agrement-qualite.fr\\\/boutique\\\/produit\\\/document-a-lunite\\\/modele-payant-document-a-lunite\\\/grille-devaluation-des-besoins\\\/\",\"name\":\"Grille d'\u00e9valuation des besoins de la personne d\u00e9pendante\",\"isPartOf\":{\"@id\":\"https:\\\/\\\/agrement-qualite.fr\\\/boutique\\\/#website\"},\"primaryImageOfPage\":{\"@id\":\"https:\\\/\\\/agrement-qualite.fr\\\/boutique\\\/produit\\\/document-a-lunite\\\/modele-payant-document-a-lunite\\\/grille-devaluation-des-besoins\\\/#primaryimage\"},\"image\":{\"@id\":\"https:\\\/\\\/agrement-qualite.fr\\\/boutique\\\/produit\\\/document-a-lunite\\\/modele-payant-document-a-lunite\\\/grille-devaluation-des-besoins\\\/#primaryimage\"},\"thumbnailUrl\":\"https:\\\/\\\/agrement-qualite.fr\\\/boutique\\\/wp-content\\\/uploads\\\/2012\\\/08\\\/Grille-Evaluation-des-besoins-de-la-personne-d\u00e9pendante.png\",\"datePublished\":\"2012-08-05T08:09:14+00:00\",\"dateModified\":\"2022-07-13T15:44:18+00:00\",\"description\":\"T\u00e9l\u00e9chargez notre mod\u00e8le de grille d'\u00e9valuation des besoins de la personne d\u00e9pendante. Adapt\u00e9e pour les services \u00e0 domicile.\",\"breadcrumb\":{\"@id\":\"https:\\\/\\\/agrement-qualite.fr\\\/boutique\\\/produit\\\/document-a-lunite\\\/modele-payant-document-a-lunite\\\/grille-devaluation-des-besoins\\\/#breadcrumb\"},\"inLanguage\":\"fr-FR\",\"potentialAction\":[{\"@type\":\"ReadAction\",\"target\":[\"https:\\\/\\\/agrement-qualite.fr\\\/boutique\\\/produit\\\/document-a-lunite\\\/modele-payant-document-a-lunite\\\/grille-devaluation-des-besoins\\\/\"]}]},{\"@type\":\"ImageObject\",\"inLanguage\":\"fr-FR\",\"@id\":\"https:\\\/\\\/agrement-qualite.fr\\\/boutique\\\/produit\\\/document-a-lunite\\\/modele-payant-document-a-lunite\\\/grille-devaluation-des-besoins\\\/#primaryimage\",\"url\":\"https:\\\/\\\/agrement-qualite.fr\\\/boutique\\\/wp-content\\\/uploads\\\/2012\\\/08\\\/Grille-Evaluation-des-besoins-de-la-personne-d\u00e9pendante.png\",\"contentUrl\":\"https:\\\/\\\/agrement-qualite.fr\\\/boutique\\\/wp-content\\\/uploads\\\/2012\\\/08\\\/Grille-Evaluation-des-besoins-de-la-personne-d\u00e9pendante.png\",\"width\":511,\"height\":457,\"caption\":\"Feuilles repr\u00e9sentant la grille d'\u00e9valuation des besoins de la personne d\u00e9pendante.\"},{\"@type\":\"BreadcrumbList\",\"@id\":\"https:\\\/\\\/agrement-qualite.fr\\\/boutique\\\/produit\\\/document-a-lunite\\\/modele-payant-document-a-lunite\\\/grille-devaluation-des-besoins\\\/#breadcrumb\",\"itemListElement\":[{\"@type\":\"ListItem\",\"position\":1,\"name\":\"Accueil\",\"item\":\"https:\\\/\\\/agrement-qualite.fr\\\/boutique\\\/\"},{\"@type\":\"ListItem\",\"position\":2,\"name\":\"Boutique\",\"item\":\"https:\\\/\\\/agrement-qualite.fr\\\/boutique\\\/boutique\\\/\"},{\"@type\":\"ListItem\",\"position\":3,\"name\":\"Grille d&rsquo;\u00e9valuation des besoins de la personne d\u00e9pendante\"}]},{\"@type\":\"WebSite\",\"@id\":\"https:\\\/\\\/agrement-qualite.fr\\\/boutique\\\/#website\",\"url\":\"https:\\\/\\\/agrement-qualite.fr\\\/boutique\\\/\",\"name\":\"Agrement-Qualite.fr\",\"description\":\"Toute l&#039;aide pour votre agr\u00e9ment de services \u00e0 la personne\",\"publisher\":{\"@id\":\"https:\\\/\\\/agrement-qualite.fr\\\/boutique\\\/#organization\"},\"alternateName\":\"Agrement-Qualite.fr\",\"potentialAction\":[{\"@type\":\"SearchAction\",\"target\":{\"@type\":\"EntryPoint\",\"urlTemplate\":\"https:\\\/\\\/agrement-qualite.fr\\\/boutique\\\/?s={search_term_string}\"},\"query-input\":{\"@type\":\"PropertyValueSpecification\",\"valueRequired\":true,\"valueName\":\"search_term_string\"}}],\"inLanguage\":\"fr-FR\"},{\"@type\":\"Organization\",\"@id\":\"https:\\\/\\\/agrement-qualite.fr\\\/boutique\\\/#organization\",\"name\":\"Agrement-Qualite.fr\",\"alternateName\":\"Agrement-Qualite.fr\",\"url\":\"https:\\\/\\\/agrement-qualite.fr\\\/boutique\\\/\",\"logo\":{\"@type\":\"ImageObject\",\"inLanguage\":\"fr-FR\",\"@id\":\"https:\\\/\\\/agrement-qualite.fr\\\/boutique\\\/#\\\/schema\\\/logo\\\/image\\\/\",\"url\":\"https:\\\/\\\/agrement-qualite.fr\\\/boutique\\\/wp-content\\\/uploads\\\/2020\\\/07\\\/AGREMENT-QUALITE-1.png\",\"contentUrl\":\"https:\\\/\\\/agrement-qualite.fr\\\/boutique\\\/wp-content\\\/uploads\\\/2020\\\/07\\\/AGREMENT-QUALITE-1.png\",\"width\":201,\"height\":37,\"caption\":\"Agrement-Qualite.fr\"},\"image\":{\"@id\":\"https:\\\/\\\/agrement-qualite.fr\\\/boutique\\\/#\\\/schema\\\/logo\\\/image\\\/\"}}]}<\/script>\n<!-- \/ Yoast SEO plugin. -->","yoast_head_json":{"title":"Grille d'\u00e9valuation des besoins de la personne d\u00e9pendante","description":"T\u00e9l\u00e9chargez notre mod\u00e8le de grille d'\u00e9valuation des besoins de la personne d\u00e9pendante. Adapt\u00e9e pour les services \u00e0 domicile.","robots":{"index":"index","follow":"follow","max-snippet":"max-snippet:-1","max-image-preview":"max-image-preview:large","max-video-preview":"max-video-preview:-1"},"canonical":"https:\/\/agrement-qualite.fr\/boutique\/produit\/document-a-lunite\/modele-payant-document-a-lunite\/grille-devaluation-des-besoins\/","og_locale":"fr_FR","og_type":"article","og_title":"Grille d'\u00e9valuation des besoins de la personne d\u00e9pendante","og_description":"T\u00e9l\u00e9chargez notre mod\u00e8le de grille d'\u00e9valuation des besoins de la personne d\u00e9pendante. Adapt\u00e9e pour les services \u00e0 domicile.","og_url":"https:\/\/agrement-qualite.fr\/boutique\/produit\/document-a-lunite\/modele-payant-document-a-lunite\/grille-devaluation-des-besoins\/","og_site_name":"Agrement-Qualite.fr","article_modified_time":"2022-07-13T15:44:18+00:00","og_image":[{"width":511,"height":457,"url":"https:\/\/agrement-qualite.fr\/boutique\/wp-content\/uploads\/2012\/08\/Grille-Evaluation-des-besoins-de-la-personne-d\u00e9pendante.png","type":"image\/png"}],"twitter_card":"summary_large_image","twitter_misc":{"Dur\u00e9e de lecture estim\u00e9e":"1 minute"},"schema":{"@context":"https:\/\/schema.org","@graph":[{"@type":"WebPage","@id":"https:\/\/agrement-qualite.fr\/boutique\/produit\/document-a-lunite\/modele-payant-document-a-lunite\/grille-devaluation-des-besoins\/","url":"https:\/\/agrement-qualite.fr\/boutique\/produit\/document-a-lunite\/modele-payant-document-a-lunite\/grille-devaluation-des-besoins\/","name":"Grille d'\u00e9valuation des besoins de la personne d\u00e9pendante","isPartOf":{"@id":"https:\/\/agrement-qualite.fr\/boutique\/#website"},"primaryImageOfPage":{"@id":"https:\/\/agrement-qualite.fr\/boutique\/produit\/document-a-lunite\/modele-payant-document-a-lunite\/grille-devaluation-des-besoins\/#primaryimage"},"image":{"@id":"https:\/\/agrement-qualite.fr\/boutique\/produit\/document-a-lunite\/modele-payant-document-a-lunite\/grille-devaluation-des-besoins\/#primaryimage"},"thumbnailUrl":"https:\/\/agrement-qualite.fr\/boutique\/wp-content\/uploads\/2012\/08\/Grille-Evaluation-des-besoins-de-la-personne-d\u00e9pendante.png","datePublished":"2012-08-05T08:09:14+00:00","dateModified":"2022-07-13T15:44:18+00:00","description":"T\u00e9l\u00e9chargez notre mod\u00e8le de grille d'\u00e9valuation des besoins de la personne d\u00e9pendante. Adapt\u00e9e pour les services \u00e0 domicile.","breadcrumb":{"@id":"https:\/\/agrement-qualite.fr\/boutique\/produit\/document-a-lunite\/modele-payant-document-a-lunite\/grille-devaluation-des-besoins\/#breadcrumb"},"inLanguage":"fr-FR","potentialAction":[{"@type":"ReadAction","target":["https:\/\/agrement-qualite.fr\/boutique\/produit\/document-a-lunite\/modele-payant-document-a-lunite\/grille-devaluation-des-besoins\/"]}]},{"@type":"ImageObject","inLanguage":"fr-FR","@id":"https:\/\/agrement-qualite.fr\/boutique\/produit\/document-a-lunite\/modele-payant-document-a-lunite\/grille-devaluation-des-besoins\/#primaryimage","url":"https:\/\/agrement-qualite.fr\/boutique\/wp-content\/uploads\/2012\/08\/Grille-Evaluation-des-besoins-de-la-personne-d\u00e9pendante.png","contentUrl":"https:\/\/agrement-qualite.fr\/boutique\/wp-content\/uploads\/2012\/08\/Grille-Evaluation-des-besoins-de-la-personne-d\u00e9pendante.png","width":511,"height":457,"caption":"Feuilles repr\u00e9sentant la grille d'\u00e9valuation des besoins de la personne d\u00e9pendante."},{"@type":"BreadcrumbList","@id":"https:\/\/agrement-qualite.fr\/boutique\/produit\/document-a-lunite\/modele-payant-document-a-lunite\/grille-devaluation-des-besoins\/#breadcrumb","itemListElement":[{"@type":"ListItem","position":1,"name":"Accueil","item":"https:\/\/agrement-qualite.fr\/boutique\/"},{"@type":"ListItem","position":2,"name":"Boutique","item":"https:\/\/agrement-qualite.fr\/boutique\/boutique\/"},{"@type":"ListItem","position":3,"name":"Grille d&rsquo;\u00e9valuation des besoins de la personne d\u00e9pendante"}]},{"@type":"WebSite","@id":"https:\/\/agrement-qualite.fr\/boutique\/#website","url":"https:\/\/agrement-qualite.fr\/boutique\/","name":"Agrement-Qualite.fr","description":"Toute l&#039;aide pour votre agr\u00e9ment de services \u00e0 la personne","publisher":{"@id":"https:\/\/agrement-qualite.fr\/boutique\/#organization"},"alternateName":"Agrement-Qualite.fr","potentialAction":[{"@type":"SearchAction","target":{"@type":"EntryPoint","urlTemplate":"https:\/\/agrement-qualite.fr\/boutique\/?s={search_term_string}"},"query-input":{"@type":"PropertyValueSpecification","valueRequired":true,"valueName":"search_term_string"}}],"inLanguage":"fr-FR"},{"@type":"Organization","@id":"https:\/\/agrement-qualite.fr\/boutique\/#organization","name":"Agrement-Qualite.fr","alternateName":"Agrement-Qualite.fr","url":"https:\/\/agrement-qualite.fr\/boutique\/","logo":{"@type":"ImageObject","inLanguage":"fr-FR","@id":"https:\/\/agrement-qualite.fr\/boutique\/#\/schema\/logo\/image\/","url":"https:\/\/agrement-qualite.fr\/boutique\/wp-content\/uploads\/2020\/07\/AGREMENT-QUALITE-1.png","contentUrl":"https:\/\/agrement-qualite.fr\/boutique\/wp-content\/uploads\/2020\/07\/AGREMENT-QUALITE-1.png","width":201,"height":37,"caption":"Agrement-Qualite.fr"},"image":{"@id":"https:\/\/agrement-qualite.fr\/boutique\/#\/schema\/logo\/image\/"}}]}},"_links":{"self":[{"href":"https:\/\/agrement-qualite.fr\/boutique\/wp-json\/wp\/v2\/product\/86","targetHints":{"allow":["GET"]}}],"collection":[{"href":"https:\/\/agrement-qualite.fr\/boutique\/wp-json\/wp\/v2\/product"}],"about":[{"href":"https:\/\/agrement-qualite.fr\/boutique\/wp-json\/wp\/v2\/types\/product"}],"replies":[{"embeddable":true,"href":"https:\/\/agrement-qualite.fr\/boutique\/wp-json\/wp\/v2\/comments?post=86"}],"wp:featuredmedia":[{"embeddable":true,"href":"https:\/\/agrement-qualite.fr\/boutique\/wp-json\/wp\/v2\/media\/1232"}],"wp:attachment":[{"href":"https:\/\/agrement-qualite.fr\/boutique\/wp-json\/wp\/v2\/media?parent=86"}],"wp:term":[{"taxonomy":"product_brand","embeddable":true,"href":"https:\/\/agrement-qualite.fr\/boutique\/wp-json\/wp\/v2\/product_brand?post=86"},{"taxonomy":"product_cat","embeddable":true,"href":"https:\/\/agrement-qualite.fr\/boutique\/wp-json\/wp\/v2\/product_cat?post=86"},{"taxonomy":"product_tag","embeddable":true,"href":"https:\/\/agrement-qualite.fr\/boutique\/wp-json\/wp\/v2\/product_tag?post=86"}],"curies":[{"name":"wp","href":"https:\/\/api.w.org\/{rel}","templated":true}]}}